{"id":48796,"date":"2024-02-14T08:15:53","date_gmt":"2024-02-14T07:15:53","guid":{"rendered":"https:\/\/truusk.store\/product\/badrumshylla-badrumshylla-toaletthylla-3-hyllor-vattentat-68-cm-x-20-cm-x-165-cm-natur\/"},"modified":"2026-03-12T09:38:09","modified_gmt":"2026-03-12T08:38:09","slug":"truusk-badrumshylla-3-hyllor-vattentat-68-cm-x-20-cm-x-165-cm-natur-for-badrum-och-toalett","status":"publish","type":"product","link":"https:\/\/truusk.store\/sv\/produkt\/truusk-badrumshylla-3-hyllor-vattentat-68-cm-x-20-cm-x-165-cm-natur-for-badrum-och-toalett\/","title":{"rendered":"TRUUSK Badrumshylla &#8211; 3 Hyllor &#8211; Vattent\u00e4t &#8211; 68 cm x 20 cm x 165 cm &#8211; Natur &#8211; F\u00f6r Badrum och Toalett"},"content":{"rendered":"<p>Utnyttja outnyttjat utrymme i ditt badrum och skapa ytterligare f\u00f6rvaringsutrymme f\u00f6r badrumstillbeh\u00f6r med sk\u00e5pet ovanf\u00f6r toaletten. Med sina 3 \u00f6ppna hyllor i vertikal design sparar badrumshyllan plats och \u00e4r perfekt f\u00f6r sm\u00e5 rum. Det frist\u00e5ende sk\u00e5pet i slitstark bambu har ett naturligt och varmt utseende och passar f\u00f6r vardagsbruk. Ist\u00e4llet f\u00f6r att stapla allt har du med badrumsarrang\u00f6ren alltid allt du beh\u00f6ver inom r\u00e4ckh\u00e5ll.<\/p>\n<h3>Beskrivning:<\/h3>\n<ul>\n<li>Gott om plats f\u00f6r att passa de flesta toaletter<\/li>\n<li>3-v\u00e5nings \u00f6ppen hylla f\u00f6r mer ordning i badrummet<\/li>\n<li>Utrymmesbesparande, vertikal design<\/li>\n<li>Naturligt och varmt utseende passar de flesta badrumsstilar<\/li>\n<li>Lamelldesignen underl\u00e4ttar luftcirkulationen<\/li>\n<li>Bamburam med m\u00e5lad finish f\u00f6r solid konstruktion och enkel reng\u00f6ring<\/li>\n<li>Tippskydd ger s\u00e4kerhet<\/li>\n<li>Halkfria f\u00f6tter skyddar golvet fr\u00e5n repor<\/li>\n<li>Montering kr\u00e4vs<\/li>\n<\/ul>\n<h3>Teknisk data:<\/h3>\n<ul>\n<li>F\u00e4rg: naturligt tr\u00e4<\/li>\n<li>Material: Bambu<\/li>\n<li>\u00d6vergripande m\u00e5tt: 68W x 20D x 165Hcm<\/li>\n<li>\u00d6ppet lagringsutrymme: 64W x 17,8D x 8,5\/26,4\/29,5Hcm<\/li>\n<li>Golvyta f\u00f6r toalett: 64W x 17,8D x 92Hcm<\/li>\n<li>Viktkapacitet: 15 kg (totalt), 5 kg (hylla)<\/li>\n<\/ul>\n<h3>Leveransens omfattning:<\/h3>\n<ul>\n<li>1 x toalettst\u00e4ll<\/li>\n<li>1 x manuell<\/li>\n<\/ul>\n","protected":false},"excerpt":{"rendered":"<p>Utnyttja outnyttjat utrymme i ditt badrum och skapa ytterligare f\u00f6rvaringsutrymme f\u00f6r badrumstillbeh\u00f6r med sk\u00e5pet ovanf\u00f6r toaletten. Med sina 3 \u00f6ppna&#8230;<\/p>\n","protected":false},"featured_media":48797,"template":"","meta":[],"product_brand":[],"product_cat":[549,485,547],"product_tag":[],"class_list":{"0":"post-48796","1":"product","2":"type-product","3":"status-publish","4":"has-post-thumbnail","6":"product_cat-badrumshyllor","7":"product_cat-hus-bo","8":"product_cat-hyllor","10":"first","11":"instock","12":"sale","13":"taxable","14":"shipping-taxable","15":"purchasable","16":"product-type-simple"},"yoast_head":"<!-- This site is optimized with the Yoast SEO plugin v25.4 - https:\/\/yoast.com\/wordpress\/plugins\/seo\/ -->\n<title>TRUUSK Badrumshylla - 3 Hyllor - Vattent\u00e4t - 68 cm x 20 cm x 165 cm - Natur - F\u00f6r Badrum och Toalett - TRUUSK - Hem, Tr\u00e4dg\u00e5rd &amp; Fritid<\/title>\n<meta name=\"robots\" content=\"index, follow, max-snippet:-1, max-image-preview:large, max-video-preview:-1\" \/>\n<link rel=\"canonical\" href=\"https:\/\/truusk.store\/sv\/produkt\/truusk-badrumshylla-3-hyllor-vattentat-68-cm-x-20-cm-x-165-cm-natur-for-badrum-och-toalett\/\" \/>\n<meta property=\"og:locale\" content=\"sv_SE\" \/>\n<meta property=\"og:type\" content=\"article\" \/>\n<meta property=\"og:title\" content=\"TRUUSK Badrumshylla - 3 Hyllor - Vattent\u00e4t - 68 cm x 20 cm x 165 cm - Natur - F\u00f6r Badrum och Toalett - TRUUSK - Hem, Tr\u00e4dg\u00e5rd &amp; Fritid\" \/>\n<meta property=\"og:description\" content=\"Utnyttja outnyttjat utrymme i ditt badrum och skapa ytterligare f\u00f6rvaringsutrymme f\u00f6r badrumstillbeh\u00f6r med sk\u00e5pet ovanf\u00f6r toaletten. Med sina 3 \u00f6ppna...\" \/>\n<meta property=\"og:url\" content=\"https:\/\/truusk.store\/sv\/produkt\/truusk-badrumshylla-3-hyllor-vattentat-68-cm-x-20-cm-x-165-cm-natur-for-badrum-och-toalett\/\" \/>\n<meta property=\"og:site_name\" content=\"TRUUSK - Hem, Tr\u00e4dg\u00e5rd &amp; Fritid\" \/>\n<meta property=\"article:modified_time\" content=\"2026-03-12T08:38:09+00:00\" \/>\n<meta property=\"og:image\" content=\"https:\/\/i0.wp.com\/truusk.se\/wp-content\/uploads\/2024\/02\/badrumshylla-badrumshylla-toaletthylla-3-hyllor-vattentat-68-cm-x-20-cm-x-165-cm-natur.webp?fit=800%2C800&ssl=1\" \/>\n\t<meta property=\"og:image:width\" content=\"800\" \/>\n\t<meta property=\"og:image:height\" content=\"800\" \/>\n\t<meta property=\"og:image:type\" content=\"image\/webp\" \/>\n<meta name=\"twitter:card\" content=\"summary_large_image\" \/>\n<meta name=\"twitter:label1\" content=\"Ber\u00e4knad l\u00e4stid\" \/>\n\t<meta name=\"twitter:data1\" content=\"1 minut\" \/>\n<!-- \/ Yoast SEO plugin. -->","yoast_head_json":{"title":"TRUUSK Badrumshylla - 3 Hyllor - Vattent\u00e4t - 68 cm x 20 cm x 165 cm - Natur - F\u00f6r Badrum och Toalett - TRUUSK - Hem, Tr\u00e4dg\u00e5rd &amp; Fritid","robots":{"index":"index","follow":"follow","max-snippet":"max-snippet:-1","max-image-preview":"max-image-preview:large","max-video-preview":"max-video-preview:-1"},"canonical":"https:\/\/truusk.store\/sv\/produkt\/truusk-badrumshylla-3-hyllor-vattentat-68-cm-x-20-cm-x-165-cm-natur-for-badrum-och-toalett\/","og_locale":"sv_SE","og_type":"article","og_title":"TRUUSK Badrumshylla - 3 Hyllor - Vattent\u00e4t - 68 cm x 20 cm x 165 cm - Natur - F\u00f6r Badrum och Toalett - TRUUSK - Hem, Tr\u00e4dg\u00e5rd &amp; Fritid","og_description":"Utnyttja outnyttjat utrymme i ditt badrum och skapa ytterligare f\u00f6rvaringsutrymme f\u00f6r badrumstillbeh\u00f6r med sk\u00e5pet ovanf\u00f6r toaletten. Med sina 3 \u00f6ppna...","og_url":"https:\/\/truusk.store\/sv\/produkt\/truusk-badrumshylla-3-hyllor-vattentat-68-cm-x-20-cm-x-165-cm-natur-for-badrum-och-toalett\/","og_site_name":"TRUUSK - Hem, Tr\u00e4dg\u00e5rd &amp; Fritid","article_modified_time":"2026-03-12T08:38:09+00:00","og_image":[{"width":800,"height":800,"url":"https:\/\/i0.wp.com\/truusk.se\/wp-content\/uploads\/2024\/02\/badrumshylla-badrumshylla-toaletthylla-3-hyllor-vattentat-68-cm-x-20-cm-x-165-cm-natur.webp?fit=800%2C800&ssl=1","type":"image\/webp"}],"twitter_card":"summary_large_image","twitter_misc":{"Ber\u00e4knad l\u00e4stid":"1 minut"},"schema":{"@context":"https:\/\/schema.org","@graph":[{"@type":"WebPage","@id":"https:\/\/truusk.store\/sv\/produkt\/truusk-badrumshylla-3-hyllor-vattentat-68-cm-x-20-cm-x-165-cm-natur-for-badrum-och-toalett\/","url":"https:\/\/truusk.store\/sv\/produkt\/truusk-badrumshylla-3-hyllor-vattentat-68-cm-x-20-cm-x-165-cm-natur-for-badrum-och-toalett\/","name":"TRUUSK Badrumshylla - 3 Hyllor - Vattent\u00e4t - 68 cm x 20 cm x 165 cm - Natur - F\u00f6r Badrum och Toalett - TRUUSK - Hem, Tr\u00e4dg\u00e5rd &amp; Fritid","isPartOf":{"@id":"https:\/\/truusk.store\/sv\/#website"},"primaryImageOfPage":{"@id":"https:\/\/truusk.store\/sv\/produkt\/truusk-badrumshylla-3-hyllor-vattentat-68-cm-x-20-cm-x-165-cm-natur-for-badrum-och-toalett\/#primaryimage"},"image":{"@id":"https:\/\/truusk.store\/sv\/produkt\/truusk-badrumshylla-3-hyllor-vattentat-68-cm-x-20-cm-x-165-cm-natur-for-badrum-och-toalett\/#primaryimage"},"thumbnailUrl":"https:\/\/i0.wp.com\/truusk.store\/wp-content\/uploads\/2024\/02\/badrumshylla-badrumshylla-toaletthylla-3-hyllor-vattentat-68-cm-x-20-cm-x-165-cm-natur.webp?fit=800%2C800&ssl=1","datePublished":"2024-02-14T07:15:53+00:00","dateModified":"2026-03-12T08:38:09+00:00","breadcrumb":{"@id":"https:\/\/truusk.store\/sv\/produkt\/truusk-badrumshylla-3-hyllor-vattentat-68-cm-x-20-cm-x-165-cm-natur-for-badrum-och-toalett\/#breadcrumb"},"inLanguage":"sv-SE","potentialAction":[{"@type":"ReadAction","target":["https:\/\/truusk.store\/sv\/produkt\/truusk-badrumshylla-3-hyllor-vattentat-68-cm-x-20-cm-x-165-cm-natur-for-badrum-och-toalett\/"]}]},{"@type":"ImageObject","inLanguage":"sv-SE","@id":"https:\/\/truusk.store\/sv\/produkt\/truusk-badrumshylla-3-hyllor-vattentat-68-cm-x-20-cm-x-165-cm-natur-for-badrum-och-toalett\/#primaryimage","url":"https:\/\/i0.wp.com\/truusk.store\/wp-content\/uploads\/2024\/02\/badrumshylla-badrumshylla-toaletthylla-3-hyllor-vattentat-68-cm-x-20-cm-x-165-cm-natur.webp?fit=800%2C800&ssl=1","contentUrl":"https:\/\/i0.wp.com\/truusk.store\/wp-content\/uploads\/2024\/02\/badrumshylla-badrumshylla-toaletthylla-3-hyllor-vattentat-68-cm-x-20-cm-x-165-cm-natur.webp?fit=800%2C800&ssl=1","width":800,"height":800,"caption":"Badrumshylla Badrumshylla Toaletthylla, 3 Hyllor, Vattent\u00e4t, 68 Cm X 20 Cm X 165 Cm, Natur 1"},{"@type":"BreadcrumbList","@id":"https:\/\/truusk.store\/sv\/produkt\/truusk-badrumshylla-3-hyllor-vattentat-68-cm-x-20-cm-x-165-cm-natur-for-badrum-och-toalett\/#breadcrumb","itemListElement":[{"@type":"ListItem","position":1,"name":"Home","item":"https:\/\/truusk.store\/sv\/"},{"@type":"ListItem","position":2,"name":"Shop","item":"https:\/\/truusk.store\/shop\/"},{"@type":"ListItem","position":3,"name":"TRUUSK Badrumshylla &#8211; 3 Hyllor &#8211; Vattent\u00e4t &#8211; 68 cm x 20 cm x 165 cm &#8211; Natur &#8211; F\u00f6r Badrum och Toalett"}]},{"@type":"WebSite","@id":"https:\/\/truusk.store\/sv\/#website","url":"https:\/\/truusk.store\/sv\/","name":"TRUUSK - Hem, Tr\u00e4dg\u00e5rd & Fritid","description":"","publisher":{"@id":"https:\/\/truusk.store\/sv\/#organization"},"potentialAction":[{"@type":"SearchAction","target":{"@type":"EntryPoint","urlTemplate":"https:\/\/truusk.store\/sv\/?s={search_term_string}"},"query-input":{"@type":"PropertyValueSpecification","valueRequired":true,"valueName":"search_term_string"}}],"inLanguage":"sv-SE"},{"@type":"Organization","@id":"https:\/\/truusk.store\/sv\/#organization","name":"TRUUSK - Hem, Tr\u00e4dg\u00e5rd & Fritid","url":"https:\/\/truusk.store\/sv\/","logo":{"@type":"ImageObject","inLanguage":"sv-SE","@id":"https:\/\/truusk.store\/sv\/#\/schema\/logo\/image\/","url":"https:\/\/i0.wp.com\/truusk.store\/wp-content\/uploads\/2026\/03\/cropped-TRUUSK.png?fit=2032%2C917&ssl=1","contentUrl":"https:\/\/i0.wp.com\/truusk.store\/wp-content\/uploads\/2026\/03\/cropped-TRUUSK.png?fit=2032%2C917&ssl=1","width":2032,"height":917,"caption":"TRUUSK - Hem, Tr\u00e4dg\u00e5rd & Fritid"},"image":{"@id":"https:\/\/truusk.store\/sv\/#\/schema\/logo\/image\/"}}]}},"jetpack_sharing_enabled":true,"_links":{"self":[{"href":"https:\/\/truusk.store\/sv\/wp-json\/wp\/v2\/product\/48796","targetHints":{"allow":["GET"]}}],"collection":[{"href":"https:\/\/truusk.store\/sv\/wp-json\/wp\/v2\/product"}],"about":[{"href":"https:\/\/truusk.store\/sv\/wp-json\/wp\/v2\/types\/product"}],"wp:featuredmedia":[{"embeddable":true,"href":"https:\/\/truusk.store\/sv\/wp-json\/wp\/v2\/media\/48797"}],"wp:attachment":[{"href":"https:\/\/truusk.store\/sv\/wp-json\/wp\/v2\/media?parent=48796"}],"wp:term":[{"taxonomy":"product_brand","embeddable":true,"href":"https:\/\/truusk.store\/sv\/wp-json\/wp\/v2\/product_brand?post=48796"},{"taxonomy":"product_cat","embeddable":true,"href":"https:\/\/truusk.store\/sv\/wp-json\/wp\/v2\/product_cat?post=48796"},{"taxonomy":"product_tag","embeddable":true,"href":"https:\/\/truusk.store\/sv\/wp-json\/wp\/v2\/product_tag?post=48796"}],"curies":[{"name":"wp","href":"https:\/\/api.w.org\/{rel}","templated":true}]}}