{"id":48803,"date":"2024-02-14T08:16:16","date_gmt":"2024-02-14T07:16:16","guid":{"rendered":"https:\/\/truusk.store\/product\/pet-buggy-folding-dog-buggy-med-regnskydd-2-dryckeshallare-bla-svart\/"},"modified":"2026-03-12T09:38:10","modified_gmt":"2026-03-12T08:38:10","slug":"truusk-hundvagn-hopfallbar-med-regnskydd-nettofonster-kudde-for-hundar-och-katter-upp-till-10-kg-bla-svart","status":"publish","type":"product","link":"https:\/\/truusk.store\/sv\/produkt\/truusk-hundvagn-hopfallbar-med-regnskydd-nettofonster-kudde-for-hundar-och-katter-upp-till-10-kg-bla-svart\/","title":{"rendered":"TRUUSK Hundvagn &#8211; Hopf\u00e4llbar med Regnskydd &#8211; Nettof\u00f6nster &#8211; Kudde &#8211; F\u00f6r Hundar och Katter upp till 10 kg &#8211; Bl\u00e5 + Svart"},"content":{"rendered":"<p>Ta din hund ut p\u00e5 ett s\u00e4kert s\u00e4tt &#8211; med hundvagnen. Den har sl\u00e4ta hjul och ett handtag s\u00e5 den \u00e4r l\u00e4tt att ta med sig. Kattvagnens \u00f6vre korg \u00e4r rymlig f\u00f6r att ge ditt husdjur tillr\u00e4ckligt med utrymme, skyddad av ett n\u00e4tf\u00f6nster f\u00f6r luftcirkulation och ett trestegs justerbart tak f\u00f6r att skydda det fr\u00e5n ovan. Den kommer med en bottenkorg och ficka med dragkedja f\u00f6r enkel f\u00f6rvaring n\u00e4r du \u00e4r p\u00e5 spr\u00e5ng.<\/p>\n<h3>Beskrivning:<\/h3>\n<ul>\n<li>Korgen \u00e4r kl\u00e4dd med Oxford-tyg och har ett ventilationsgaller. Justerbart tak f\u00f6r skydd<\/li>\n<li>Tv\u00e5 inre remmar f\u00f6r att s\u00e4kert f\u00e4sta djuret<\/li>\n<li>Fyra hjul och handtag p\u00e5 kattvagnen f\u00f6r enkel skjutning<\/li>\n<li>Tv\u00e5 hjul p\u00e5 hundvagnen med bromsar och st\u00f6td\u00e4mpare<\/li>\n<li>Bottenkorg och ficka med dragkedja f\u00f6r f\u00f6rvaring<\/li>\n<li>Med regnskydd, perfekt f\u00f6r resor i d\u00e5ligt v\u00e4der<\/li>\n<li>L\u00e4mplig f\u00f6r sm\u00e5 hundar och miniatyrhundar upp till 35 cm l\u00e5nga och 10 kg vikt<\/li>\n<li>L\u00e4tt hopf\u00e4llbar och b\u00e4rbar, montering kr\u00e4vs<\/li>\n<\/ul>\n<h3>Teknisk data:<\/h3>\n<ul>\n<li>F\u00e4rg: m\u00f6rkgr\u00f6n<\/li>\n<li>Material: Oxfordduk, st\u00e5l, plast, EVA<\/li>\n<li>M\u00e5tt: 80,5L x 51,5W x 100H cm.<\/li>\n<li>B\u00e4rare: 55L x 33W x 51\/21H cm (med\/utan huva)<\/li>\n<li>Vikt: 85L x 51,5W x 24H cm<\/li>\n<li>Fr\u00e4mre f\u00f6nster: 26W x 17H cm<\/li>\n<li>Underkorg: 50L x 32W x 20H cm<\/li>\n<li>Kudde: 53,5L x 32W x 2,5D cm<\/li>\n<li>Regnskydd: 55L x 36W x 75\/65H cm (fram\/bak)<\/li>\n<li>Viktkapacitet: 15 kg<\/li>\n<\/ul>\n<h3>Leveransens omfattning:<\/h3>\n<ul>\n<li>1 x husdjursvagn<\/li>\n<li>1 x Regnskydd<\/li>\n<li>1 x manuell<\/li>\n<\/ul>\n","protected":false},"excerpt":{"rendered":"<p>Ta din hund ut p\u00e5 ett s\u00e4kert s\u00e4tt &#8211; med hundvagnen. Den har sl\u00e4ta hjul och ett handtag s\u00e5 den&#8230;<\/p>\n","protected":false},"featured_media":48804,"template":"","meta":[],"product_brand":[],"product_cat":[574,579,573],"product_tag":[],"class_list":{"0":"post-48803","1":"product","2":"type-product","3":"status-publish","4":"has-post-thumbnail","6":"product_cat-hundtillbehor","7":"product_cat-hundvagn","8":"product_cat-husdjursmaterial","10":"first","11":"instock","12":"sale","13":"taxable","14":"shipping-taxable","15":"purchasable","16":"product-type-simple"},"yoast_head":"<!-- This site is optimized with the Yoast SEO plugin v25.4 - https:\/\/yoast.com\/wordpress\/plugins\/seo\/ -->\n<title>TRUUSK Hundvagn - Hopf\u00e4llbar med Regnskydd - Nettof\u00f6nster - Kudde - F\u00f6r Hundar och Katter upp till 10 kg - Bl\u00e5 + Svart - TRUUSK - Hem, Tr\u00e4dg\u00e5rd &amp; Fritid<\/title>\n<meta name=\"robots\" content=\"index, follow, max-snippet:-1, max-image-preview:large, max-video-preview:-1\" \/>\n<link rel=\"canonical\" href=\"https:\/\/truusk.store\/sv\/produkt\/truusk-hundvagn-hopfallbar-med-regnskydd-nettofonster-kudde-for-hundar-och-katter-upp-till-10-kg-bla-svart\/\" \/>\n<meta property=\"og:locale\" content=\"sv_SE\" \/>\n<meta property=\"og:type\" content=\"article\" \/>\n<meta property=\"og:title\" content=\"TRUUSK Hundvagn - Hopf\u00e4llbar med Regnskydd - Nettof\u00f6nster - Kudde - F\u00f6r Hundar och Katter upp till 10 kg - Bl\u00e5 + Svart - TRUUSK - Hem, Tr\u00e4dg\u00e5rd &amp; Fritid\" \/>\n<meta property=\"og:description\" content=\"Ta din hund ut p\u00e5 ett s\u00e4kert s\u00e4tt &#8211; med hundvagnen. Den har sl\u00e4ta hjul och ett handtag s\u00e5 den...\" \/>\n<meta property=\"og:url\" content=\"https:\/\/truusk.store\/sv\/produkt\/truusk-hundvagn-hopfallbar-med-regnskydd-nettofonster-kudde-for-hundar-och-katter-upp-till-10-kg-bla-svart\/\" \/>\n<meta property=\"og:site_name\" content=\"TRUUSK - Hem, Tr\u00e4dg\u00e5rd &amp; Fritid\" \/>\n<meta property=\"article:modified_time\" content=\"2026-03-12T08:38:10+00:00\" \/>\n<meta property=\"og:image\" content=\"https:\/\/i0.wp.com\/truusk.se\/wp-content\/uploads\/2024\/02\/pet-buggy-folding-dog-buggy-med-regnskydd-2-dryckeshallare-bla-svart.webp?fit=800%2C800&ssl=1\" \/>\n\t<meta property=\"og:image:width\" content=\"800\" \/>\n\t<meta property=\"og:image:height\" content=\"800\" \/>\n\t<meta property=\"og:image:type\" content=\"image\/webp\" \/>\n<meta name=\"twitter:card\" content=\"summary_large_image\" \/>\n<meta name=\"twitter:label1\" content=\"Ber\u00e4knad l\u00e4stid\" \/>\n\t<meta name=\"twitter:data1\" content=\"1 minut\" \/>\n<!-- \/ Yoast SEO plugin. -->","yoast_head_json":{"title":"TRUUSK Hundvagn - Hopf\u00e4llbar med Regnskydd - Nettof\u00f6nster - Kudde - F\u00f6r Hundar och Katter upp till 10 kg - Bl\u00e5 + Svart - TRUUSK - Hem, Tr\u00e4dg\u00e5rd &amp; Fritid","robots":{"index":"index","follow":"follow","max-snippet":"max-snippet:-1","max-image-preview":"max-image-preview:large","max-video-preview":"max-video-preview:-1"},"canonical":"https:\/\/truusk.store\/sv\/produkt\/truusk-hundvagn-hopfallbar-med-regnskydd-nettofonster-kudde-for-hundar-och-katter-upp-till-10-kg-bla-svart\/","og_locale":"sv_SE","og_type":"article","og_title":"TRUUSK Hundvagn - Hopf\u00e4llbar med Regnskydd - Nettof\u00f6nster - Kudde - F\u00f6r Hundar och Katter upp till 10 kg - Bl\u00e5 + Svart - TRUUSK - Hem, Tr\u00e4dg\u00e5rd &amp; Fritid","og_description":"Ta din hund ut p\u00e5 ett s\u00e4kert s\u00e4tt &#8211; med hundvagnen. Den har sl\u00e4ta hjul och ett handtag s\u00e5 den...","og_url":"https:\/\/truusk.store\/sv\/produkt\/truusk-hundvagn-hopfallbar-med-regnskydd-nettofonster-kudde-for-hundar-och-katter-upp-till-10-kg-bla-svart\/","og_site_name":"TRUUSK - Hem, Tr\u00e4dg\u00e5rd &amp; Fritid","article_modified_time":"2026-03-12T08:38:10+00:00","og_image":[{"width":800,"height":800,"url":"https:\/\/i0.wp.com\/truusk.se\/wp-content\/uploads\/2024\/02\/pet-buggy-folding-dog-buggy-med-regnskydd-2-dryckeshallare-bla-svart.webp?fit=800%2C800&ssl=1","type":"image\/webp"}],"twitter_card":"summary_large_image","twitter_misc":{"Ber\u00e4knad l\u00e4stid":"1 minut"},"schema":{"@context":"https:\/\/schema.org","@graph":[{"@type":"WebPage","@id":"https:\/\/truusk.store\/sv\/produkt\/truusk-hundvagn-hopfallbar-med-regnskydd-nettofonster-kudde-for-hundar-och-katter-upp-till-10-kg-bla-svart\/","url":"https:\/\/truusk.store\/sv\/produkt\/truusk-hundvagn-hopfallbar-med-regnskydd-nettofonster-kudde-for-hundar-och-katter-upp-till-10-kg-bla-svart\/","name":"TRUUSK Hundvagn - Hopf\u00e4llbar med Regnskydd - Nettof\u00f6nster - Kudde - F\u00f6r Hundar och Katter upp till 10 kg - Bl\u00e5 + Svart - TRUUSK - Hem, Tr\u00e4dg\u00e5rd &amp; Fritid","isPartOf":{"@id":"https:\/\/truusk.store\/sv\/#website"},"primaryImageOfPage":{"@id":"https:\/\/truusk.store\/sv\/produkt\/truusk-hundvagn-hopfallbar-med-regnskydd-nettofonster-kudde-for-hundar-och-katter-upp-till-10-kg-bla-svart\/#primaryimage"},"image":{"@id":"https:\/\/truusk.store\/sv\/produkt\/truusk-hundvagn-hopfallbar-med-regnskydd-nettofonster-kudde-for-hundar-och-katter-upp-till-10-kg-bla-svart\/#primaryimage"},"thumbnailUrl":"https:\/\/i0.wp.com\/truusk.store\/wp-content\/uploads\/2024\/02\/pet-buggy-folding-dog-buggy-med-regnskydd-2-dryckeshallare-bla-svart.webp?fit=800%2C800&ssl=1","datePublished":"2024-02-14T07:16:16+00:00","dateModified":"2026-03-12T08:38:10+00:00","breadcrumb":{"@id":"https:\/\/truusk.store\/sv\/produkt\/truusk-hundvagn-hopfallbar-med-regnskydd-nettofonster-kudde-for-hundar-och-katter-upp-till-10-kg-bla-svart\/#breadcrumb"},"inLanguage":"sv-SE","potentialAction":[{"@type":"ReadAction","target":["https:\/\/truusk.store\/sv\/produkt\/truusk-hundvagn-hopfallbar-med-regnskydd-nettofonster-kudde-for-hundar-och-katter-upp-till-10-kg-bla-svart\/"]}]},{"@type":"ImageObject","inLanguage":"sv-SE","@id":"https:\/\/truusk.store\/sv\/produkt\/truusk-hundvagn-hopfallbar-med-regnskydd-nettofonster-kudde-for-hundar-och-katter-upp-till-10-kg-bla-svart\/#primaryimage","url":"https:\/\/i0.wp.com\/truusk.store\/wp-content\/uploads\/2024\/02\/pet-buggy-folding-dog-buggy-med-regnskydd-2-dryckeshallare-bla-svart.webp?fit=800%2C800&ssl=1","contentUrl":"https:\/\/i0.wp.com\/truusk.store\/wp-content\/uploads\/2024\/02\/pet-buggy-folding-dog-buggy-med-regnskydd-2-dryckeshallare-bla-svart.webp?fit=800%2C800&ssl=1","width":800,"height":800,"caption":"Pet Buggy Folding Dog Buggy Med Regnskydd 2 Dryckesh\u00e5llare Bl\u00e5 + Svart 1"},{"@type":"BreadcrumbList","@id":"https:\/\/truusk.store\/sv\/produkt\/truusk-hundvagn-hopfallbar-med-regnskydd-nettofonster-kudde-for-hundar-och-katter-upp-till-10-kg-bla-svart\/#breadcrumb","itemListElement":[{"@type":"ListItem","position":1,"name":"Home","item":"https:\/\/truusk.store\/sv\/"},{"@type":"ListItem","position":2,"name":"Shop","item":"https:\/\/truusk.store\/shop\/"},{"@type":"ListItem","position":3,"name":"TRUUSK Hundvagn &#8211; Hopf\u00e4llbar med Regnskydd &#8211; Nettof\u00f6nster &#8211; Kudde &#8211; F\u00f6r Hundar och Katter upp till 10 kg &#8211; Bl\u00e5 + Svart"}]},{"@type":"WebSite","@id":"https:\/\/truusk.store\/sv\/#website","url":"https:\/\/truusk.store\/sv\/","name":"TRUUSK - Hem, Tr\u00e4dg\u00e5rd & Fritid","description":"","publisher":{"@id":"https:\/\/truusk.store\/sv\/#organization"},"potentialAction":[{"@type":"SearchAction","target":{"@type":"EntryPoint","urlTemplate":"https:\/\/truusk.store\/sv\/?s={search_term_string}"},"query-input":{"@type":"PropertyValueSpecification","valueRequired":true,"valueName":"search_term_string"}}],"inLanguage":"sv-SE"},{"@type":"Organization","@id":"https:\/\/truusk.store\/sv\/#organization","name":"TRUUSK - Hem, Tr\u00e4dg\u00e5rd & Fritid","url":"https:\/\/truusk.store\/sv\/","logo":{"@type":"ImageObject","inLanguage":"sv-SE","@id":"https:\/\/truusk.store\/sv\/#\/schema\/logo\/image\/","url":"https:\/\/i0.wp.com\/truusk.store\/wp-content\/uploads\/2026\/03\/cropped-TRUUSK.png?fit=2032%2C917&ssl=1","contentUrl":"https:\/\/i0.wp.com\/truusk.store\/wp-content\/uploads\/2026\/03\/cropped-TRUUSK.png?fit=2032%2C917&ssl=1","width":2032,"height":917,"caption":"TRUUSK - Hem, Tr\u00e4dg\u00e5rd & Fritid"},"image":{"@id":"https:\/\/truusk.store\/sv\/#\/schema\/logo\/image\/"}}]}},"jetpack_sharing_enabled":true,"_links":{"self":[{"href":"https:\/\/truusk.store\/sv\/wp-json\/wp\/v2\/product\/48803","targetHints":{"allow":["GET"]}}],"collection":[{"href":"https:\/\/truusk.store\/sv\/wp-json\/wp\/v2\/product"}],"about":[{"href":"https:\/\/truusk.store\/sv\/wp-json\/wp\/v2\/types\/product"}],"wp:featuredmedia":[{"embeddable":true,"href":"https:\/\/truusk.store\/sv\/wp-json\/wp\/v2\/media\/48804"}],"wp:attachment":[{"href":"https:\/\/truusk.store\/sv\/wp-json\/wp\/v2\/media?parent=48803"}],"wp:term":[{"taxonomy":"product_brand","embeddable":true,"href":"https:\/\/truusk.store\/sv\/wp-json\/wp\/v2\/product_brand?post=48803"},{"taxonomy":"product_cat","embeddable":true,"href":"https:\/\/truusk.store\/sv\/wp-json\/wp\/v2\/product_cat?post=48803"},{"taxonomy":"product_tag","embeddable":true,"href":"https:\/\/truusk.store\/sv\/wp-json\/wp\/v2\/product_tag?post=48803"}],"curies":[{"name":"wp","href":"https:\/\/api.w.org\/{rel}","templated":true}]}}