{"id":48850,"date":"2024-02-14T08:18:08","date_gmt":"2024-02-14T07:18:08","guid":{"rendered":"https:\/\/truusk.store\/product\/honshus-smadjurshus-2-st-utomhusinhagnader-1-holk-2-ramper-asfalttak-vaderbestandig-gra\/"},"modified":"2026-03-12T09:38:15","modified_gmt":"2026-03-12T08:38:15","slug":"truusk-honshus-och-smadjurshus-2-st-utomhusinhagnader-1-holk-2-ramper-asfalttak-vaderbestandig-gra","status":"publish","type":"product","link":"https:\/\/truusk.store\/sv\/produkt\/truusk-honshus-och-smadjurshus-2-st-utomhusinhagnader-1-holk-2-ramper-asfalttak-vaderbestandig-gra\/","title":{"rendered":"TRUUSK H\u00f6nshus och Sm\u00e5djurshus &#8211; 2 St Utomhusinh\u00e4gnader &#8211; 1 Holk &#8211; 2 Ramper &#8211; Asfalttak &#8211; V\u00e4derbest\u00e4ndig &#8211; Gr\u00e5"},"content":{"rendered":"<p>Sk\u00e4m bort dina kycklingar med detta! Detta h\u00f6nshus erbjuder en design med dubbel k\u00f6rning som kombinerar stil och funktionalitet. H\u00e4r finns b\u00e5de inomhus- och utomhusomr\u00e5de. Detta ger kycklingarna m\u00f6jlighet att sl\u00e4ppa ut \u00e5nga och samtidigt \u00e4r de s\u00e4kra fr\u00e5n rovdjur. Insidan av kycklingh\u00f6ljet \u00e4r l\u00e4ttillg\u00e4ngligt. Det finns flera d\u00f6rrar, en holk, sittpinnar, en huvudbyggnad och mycket mer. Dina kycklingar kommer att trivas i detta eget hem!<\/p>\n<h3>Beskrivning:<\/h3>\n<ul>\n<li>Dubbel utomhusinh\u00e4gnad som kan anv\u00e4ndas tillsammans eller individuellt f\u00f6r att skapa en skr\u00e4ddarsydd och skyddad g\u00e5rd f\u00f6r kycklingarna<\/li>\n<li>H\u00f6gkvalitativ grantr\u00e4konstruktion med upph\u00f6jt hus, holkar, ramper och d\u00f6rr<\/li>\n<li>Asfalttaket p\u00e5 utomhush\u00f6ljet skyddar mot v\u00e4der och vind och UV-str\u00e5lning och hj\u00e4lper kycklingarna att \u00f6verleva sv\u00e5ra v\u00e4derf\u00f6rh\u00e5llanden<\/li>\n<li>En ventilerad vardagsrumsdel ger luftcirkulation och ljus<\/li>\n<li>En sittpinne inuti f\u00f6r bekv\u00e4mt sittande<\/li>\n<li>H\u00f6nshusets ramp ger kycklingar enkel tillg\u00e5ng till det upph\u00f6jda vardagsrummet<\/li>\n<li>Montering kr\u00e4vs<\/li>\n<\/ul>\n<h3>Teknisk data:<\/h3>\n<ul>\n<li>F\u00e4rg gr\u00e5<\/li>\n<li>Material: gran<\/li>\n<li>\u00d6vergripande m\u00e5tt: 247L x 125W x 113,5H cm<\/li>\n<li>Huvudhusets storlek: 65L x 77,5W x 98,5H cm<\/li>\n<li>Huvudd\u00f6rrens storlek: 27L x 44W cm<\/li>\n<li>K\u00f6rstorlek: 91L x 77,5W x 98H cm<\/li>\n<li>Ytterd\u00f6rrens storlek: 38L x 67,5W cm<\/li>\n<li>Sidoh\u00e5llares storlek: 31,5L x 62W cm<\/li>\n<li>Storlek p\u00e5 bol\u00e5dan: 59L x 33W x 38H cm<\/li>\n<li>Brickstorlek: 60,5L x 75,8W cm<\/li>\n<\/ul>\n<h3>Leveransens omfattning:<\/h3>\n<ul>\n<li>1 x h\u00f6nshus<\/li>\n<li>1 x Instruktioner<\/li>\n<\/ul>\n","protected":false},"excerpt":{"rendered":"<p>Sk\u00e4m bort dina kycklingar med detta! Detta h\u00f6nshus erbjuder en design med dubbel k\u00f6rning som kombinerar stil och funktionalitet. H\u00e4r&#8230;<\/p>\n","protected":false},"featured_media":48851,"template":"","meta":[],"product_brand":[],"product_cat":[601,602,573],"product_tag":[],"class_list":{"0":"post-48850","1":"product","2":"type-product","3":"status-publish","4":"has-post-thumbnail","6":"product_cat-fageltillbehor","7":"product_cat-honshus","8":"product_cat-husdjursmaterial","10":"first","11":"instock","12":"sale","13":"taxable","14":"shipping-taxable","15":"purchasable","16":"product-type-simple"},"yoast_head":"<!-- This site is optimized with the Yoast SEO plugin v25.4 - https:\/\/yoast.com\/wordpress\/plugins\/seo\/ -->\n<title>TRUUSK H\u00f6nshus och Sm\u00e5djurshus - 2 St Utomhusinh\u00e4gnader - 1 Holk - 2 Ramper - Asfalttak - V\u00e4derbest\u00e4ndig - Gr\u00e5 - TRUUSK - Hem, Tr\u00e4dg\u00e5rd &amp; Fritid<\/title>\n<meta name=\"robots\" content=\"index, follow, max-snippet:-1, max-image-preview:large, max-video-preview:-1\" \/>\n<link rel=\"canonical\" href=\"https:\/\/truusk.store\/sv\/produkt\/truusk-honshus-och-smadjurshus-2-st-utomhusinhagnader-1-holk-2-ramper-asfalttak-vaderbestandig-gra\/\" \/>\n<meta property=\"og:locale\" content=\"sv_SE\" \/>\n<meta property=\"og:type\" content=\"article\" \/>\n<meta property=\"og:title\" content=\"TRUUSK H\u00f6nshus och Sm\u00e5djurshus - 2 St Utomhusinh\u00e4gnader - 1 Holk - 2 Ramper - Asfalttak - V\u00e4derbest\u00e4ndig - Gr\u00e5 - TRUUSK - Hem, Tr\u00e4dg\u00e5rd &amp; Fritid\" \/>\n<meta property=\"og:description\" content=\"Sk\u00e4m bort dina kycklingar med detta! Detta h\u00f6nshus erbjuder en design med dubbel k\u00f6rning som kombinerar stil och funktionalitet. H\u00e4r...\" \/>\n<meta property=\"og:url\" content=\"https:\/\/truusk.store\/sv\/produkt\/truusk-honshus-och-smadjurshus-2-st-utomhusinhagnader-1-holk-2-ramper-asfalttak-vaderbestandig-gra\/\" \/>\n<meta property=\"og:site_name\" content=\"TRUUSK - Hem, Tr\u00e4dg\u00e5rd &amp; Fritid\" \/>\n<meta property=\"article:modified_time\" content=\"2026-03-12T08:38:15+00:00\" \/>\n<meta property=\"og:image\" content=\"https:\/\/i0.wp.com\/truusk.se\/wp-content\/uploads\/2024\/02\/honshus-smadjurshus-2-st-utomhusinhagnader-1-holk-2-ramper-asfalttak-vaderbestandig-gra.webp?fit=800%2C800&ssl=1\" \/>\n\t<meta property=\"og:image:width\" content=\"800\" \/>\n\t<meta property=\"og:image:height\" content=\"800\" \/>\n\t<meta property=\"og:image:type\" content=\"image\/webp\" \/>\n<meta name=\"twitter:card\" content=\"summary_large_image\" \/>\n<meta name=\"twitter:label1\" content=\"Ber\u00e4knad l\u00e4stid\" \/>\n\t<meta name=\"twitter:data1\" content=\"1 minut\" \/>\n<!-- \/ Yoast SEO plugin. -->","yoast_head_json":{"title":"TRUUSK H\u00f6nshus och Sm\u00e5djurshus - 2 St Utomhusinh\u00e4gnader - 1 Holk - 2 Ramper - Asfalttak - V\u00e4derbest\u00e4ndig - Gr\u00e5 - TRUUSK - Hem, Tr\u00e4dg\u00e5rd &amp; Fritid","robots":{"index":"index","follow":"follow","max-snippet":"max-snippet:-1","max-image-preview":"max-image-preview:large","max-video-preview":"max-video-preview:-1"},"canonical":"https:\/\/truusk.store\/sv\/produkt\/truusk-honshus-och-smadjurshus-2-st-utomhusinhagnader-1-holk-2-ramper-asfalttak-vaderbestandig-gra\/","og_locale":"sv_SE","og_type":"article","og_title":"TRUUSK H\u00f6nshus och Sm\u00e5djurshus - 2 St Utomhusinh\u00e4gnader - 1 Holk - 2 Ramper - Asfalttak - V\u00e4derbest\u00e4ndig - Gr\u00e5 - TRUUSK - Hem, Tr\u00e4dg\u00e5rd &amp; Fritid","og_description":"Sk\u00e4m bort dina kycklingar med detta! Detta h\u00f6nshus erbjuder en design med dubbel k\u00f6rning som kombinerar stil och funktionalitet. H\u00e4r...","og_url":"https:\/\/truusk.store\/sv\/produkt\/truusk-honshus-och-smadjurshus-2-st-utomhusinhagnader-1-holk-2-ramper-asfalttak-vaderbestandig-gra\/","og_site_name":"TRUUSK - Hem, Tr\u00e4dg\u00e5rd &amp; Fritid","article_modified_time":"2026-03-12T08:38:15+00:00","og_image":[{"width":800,"height":800,"url":"https:\/\/i0.wp.com\/truusk.se\/wp-content\/uploads\/2024\/02\/honshus-smadjurshus-2-st-utomhusinhagnader-1-holk-2-ramper-asfalttak-vaderbestandig-gra.webp?fit=800%2C800&ssl=1","type":"image\/webp"}],"twitter_card":"summary_large_image","twitter_misc":{"Ber\u00e4knad l\u00e4stid":"1 minut"},"schema":{"@context":"https:\/\/schema.org","@graph":[{"@type":"WebPage","@id":"https:\/\/truusk.store\/sv\/produkt\/truusk-honshus-och-smadjurshus-2-st-utomhusinhagnader-1-holk-2-ramper-asfalttak-vaderbestandig-gra\/","url":"https:\/\/truusk.store\/sv\/produkt\/truusk-honshus-och-smadjurshus-2-st-utomhusinhagnader-1-holk-2-ramper-asfalttak-vaderbestandig-gra\/","name":"TRUUSK H\u00f6nshus och Sm\u00e5djurshus - 2 St Utomhusinh\u00e4gnader - 1 Holk - 2 Ramper - Asfalttak - V\u00e4derbest\u00e4ndig - Gr\u00e5 - TRUUSK - Hem, Tr\u00e4dg\u00e5rd &amp; Fritid","isPartOf":{"@id":"https:\/\/truusk.store\/sv\/#website"},"primaryImageOfPage":{"@id":"https:\/\/truusk.store\/sv\/produkt\/truusk-honshus-och-smadjurshus-2-st-utomhusinhagnader-1-holk-2-ramper-asfalttak-vaderbestandig-gra\/#primaryimage"},"image":{"@id":"https:\/\/truusk.store\/sv\/produkt\/truusk-honshus-och-smadjurshus-2-st-utomhusinhagnader-1-holk-2-ramper-asfalttak-vaderbestandig-gra\/#primaryimage"},"thumbnailUrl":"https:\/\/i0.wp.com\/truusk.store\/wp-content\/uploads\/2024\/02\/honshus-smadjurshus-2-st-utomhusinhagnader-1-holk-2-ramper-asfalttak-vaderbestandig-gra.webp?fit=800%2C800&ssl=1","datePublished":"2024-02-14T07:18:08+00:00","dateModified":"2026-03-12T08:38:15+00:00","breadcrumb":{"@id":"https:\/\/truusk.store\/sv\/produkt\/truusk-honshus-och-smadjurshus-2-st-utomhusinhagnader-1-holk-2-ramper-asfalttak-vaderbestandig-gra\/#breadcrumb"},"inLanguage":"sv-SE","potentialAction":[{"@type":"ReadAction","target":["https:\/\/truusk.store\/sv\/produkt\/truusk-honshus-och-smadjurshus-2-st-utomhusinhagnader-1-holk-2-ramper-asfalttak-vaderbestandig-gra\/"]}]},{"@type":"ImageObject","inLanguage":"sv-SE","@id":"https:\/\/truusk.store\/sv\/produkt\/truusk-honshus-och-smadjurshus-2-st-utomhusinhagnader-1-holk-2-ramper-asfalttak-vaderbestandig-gra\/#primaryimage","url":"https:\/\/i0.wp.com\/truusk.store\/wp-content\/uploads\/2024\/02\/honshus-smadjurshus-2-st-utomhusinhagnader-1-holk-2-ramper-asfalttak-vaderbestandig-gra.webp?fit=800%2C800&ssl=1","contentUrl":"https:\/\/i0.wp.com\/truusk.store\/wp-content\/uploads\/2024\/02\/honshus-smadjurshus-2-st-utomhusinhagnader-1-holk-2-ramper-asfalttak-vaderbestandig-gra.webp?fit=800%2C800&ssl=1","width":800,"height":800,"caption":"H\u00f6nshus, Sm\u00e5djurshus, 2 St Utomhusinh\u00e4gnader, 1 Holk, 2 Ramper, Asfalttak, V\u00e4derbest\u00e4ndig, Gr\u00e5 1"},{"@type":"BreadcrumbList","@id":"https:\/\/truusk.store\/sv\/produkt\/truusk-honshus-och-smadjurshus-2-st-utomhusinhagnader-1-holk-2-ramper-asfalttak-vaderbestandig-gra\/#breadcrumb","itemListElement":[{"@type":"ListItem","position":1,"name":"Home","item":"https:\/\/truusk.store\/sv\/"},{"@type":"ListItem","position":2,"name":"Shop","item":"https:\/\/truusk.store\/shop\/"},{"@type":"ListItem","position":3,"name":"TRUUSK H\u00f6nshus och Sm\u00e5djurshus &#8211; 2 St Utomhusinh\u00e4gnader &#8211; 1 Holk &#8211; 2 Ramper &#8211; Asfalttak &#8211; V\u00e4derbest\u00e4ndig &#8211; Gr\u00e5"}]},{"@type":"WebSite","@id":"https:\/\/truusk.store\/sv\/#website","url":"https:\/\/truusk.store\/sv\/","name":"TRUUSK - Hem, Tr\u00e4dg\u00e5rd & Fritid","description":"","publisher":{"@id":"https:\/\/truusk.store\/sv\/#organization"},"potentialAction":[{"@type":"SearchAction","target":{"@type":"EntryPoint","urlTemplate":"https:\/\/truusk.store\/sv\/?s={search_term_string}"},"query-input":{"@type":"PropertyValueSpecification","valueRequired":true,"valueName":"search_term_string"}}],"inLanguage":"sv-SE"},{"@type":"Organization","@id":"https:\/\/truusk.store\/sv\/#organization","name":"TRUUSK - Hem, Tr\u00e4dg\u00e5rd & Fritid","url":"https:\/\/truusk.store\/sv\/","logo":{"@type":"ImageObject","inLanguage":"sv-SE","@id":"https:\/\/truusk.store\/sv\/#\/schema\/logo\/image\/","url":"https:\/\/i0.wp.com\/truusk.store\/wp-content\/uploads\/2026\/03\/cropped-TRUUSK.png?fit=2032%2C917&ssl=1","contentUrl":"https:\/\/i0.wp.com\/truusk.store\/wp-content\/uploads\/2026\/03\/cropped-TRUUSK.png?fit=2032%2C917&ssl=1","width":2032,"height":917,"caption":"TRUUSK - Hem, Tr\u00e4dg\u00e5rd & Fritid"},"image":{"@id":"https:\/\/truusk.store\/sv\/#\/schema\/logo\/image\/"}}]}},"jetpack_sharing_enabled":true,"_links":{"self":[{"href":"https:\/\/truusk.store\/sv\/wp-json\/wp\/v2\/product\/48850","targetHints":{"allow":["GET"]}}],"collection":[{"href":"https:\/\/truusk.store\/sv\/wp-json\/wp\/v2\/product"}],"about":[{"href":"https:\/\/truusk.store\/sv\/wp-json\/wp\/v2\/types\/product"}],"wp:featuredmedia":[{"embeddable":true,"href":"https:\/\/truusk.store\/sv\/wp-json\/wp\/v2\/media\/48851"}],"wp:attachment":[{"href":"https:\/\/truusk.store\/sv\/wp-json\/wp\/v2\/media?parent=48850"}],"wp:term":[{"taxonomy":"product_brand","embeddable":true,"href":"https:\/\/truusk.store\/sv\/wp-json\/wp\/v2\/product_brand?post=48850"},{"taxonomy":"product_cat","embeddable":true,"href":"https:\/\/truusk.store\/sv\/wp-json\/wp\/v2\/product_cat?post=48850"},{"taxonomy":"product_tag","embeddable":true,"href":"https:\/\/truusk.store\/sv\/wp-json\/wp\/v2\/product_tag?post=48850"}],"curies":[{"name":"wp","href":"https:\/\/api.w.org\/{rel}","templated":true}]}}