{"id":48857,"date":"2024-02-14T08:18:25","date_gmt":"2024-02-14T07:18:25","guid":{"rendered":"https:\/\/truusk.store\/product\/2-delat-fatoljset-fatolj-med-fotpall-relaxfatolj-med-fotpall-hoj-och-sankbar-fallbart-ryggstod-svart\/"},"modified":"2026-03-12T09:38:16","modified_gmt":"2026-03-12T08:38:16","slug":"truusk-2-delad-fatoljset-fatolj-med-fotpall-relaxfatolj-med-hoj-och-sankbar-ryggstod-svart","status":"publish","type":"product","link":"https:\/\/truusk.store\/sv\/produkt\/truusk-2-delad-fatoljset-fatolj-med-fotpall-relaxfatolj-med-hoj-och-sankbar-ryggstod-svart\/","title":{"rendered":"TRUUSK 2-delad F\u00e5t\u00f6ljset &#8211; F\u00e5t\u00f6lj Med Fotpall &#8211; Relaxf\u00e5t\u00f6lj Med H\u00f6j- Och S\u00e4nkbar Ryggst\u00f6d &#8211; Svart"},"content":{"rendered":"<p>Efter en l\u00e5ng dag finns det inget b\u00e4ttre \u00e4n att koppla av i en stor, bekv\u00e4m vilstol. Denna upps\u00e4ttning av en manuellt justerbar f\u00e5t\u00f6lj och en pall har allt du beh\u00f6ver. Bekv\u00e4mt vadderad runt om och t\u00e4ckt med sl\u00e4tt konstl\u00e4der, f\u00e5t\u00f6ljen erbjuder ett h\u00f6gt ryggst\u00f6d och b\u00f6jda armst\u00f6d. Du vill aldrig sluta koppla av &#8211; hemma eller p\u00e5 kontoret!<\/p>\n<h3>Beskrivning:<\/h3>\n<ul>\n<li>Metallram f\u00f6r styrka, stabilitet och formbevarande<\/li>\n<li>Stolen lutar 145. 360 vridbar bas f\u00f6r att r\u00f6ra sig i sidled<\/li>\n<li>Plysch vaddering, ett h\u00f6gt ryggst\u00f6d och b\u00f6jda armst\u00f6d f\u00f6r o\u00f6vertr\u00e4ffad komfort<\/li>\n<li>Elegant och stilrent fodral i konstl\u00e4der<\/li>\n<li>Maxvikt: f\u00e5t\u00f6lj 160 kg, pall 20 kg. Montering kr\u00e4vs<\/li>\n<\/ul>\n<h3>Teknisk data:<\/h3>\n<ul>\n<li>Svart f\u00e4rg<\/li>\n<li>Material: konstl\u00e4der, skum, metall<\/li>\n<li>Soffans m\u00e5tt: 76W x 81D x 101H cm<\/li>\n<li>M\u00e5tt p\u00e5 soffsoffan: 76W x 103D x 91H cm<\/li>\n<li>Osmanska m\u00e5tt: 50W x 41D x 41H cm<\/li>\n<li>Sittm\u00e5tt: 50W x 51,5D x 45H cm<\/li>\n<li>Armst\u00f6dsh\u00f6jd: 58 cm<\/li>\n<li>Liggvinkel p\u00e5 vilstolen: 145<\/li>\n<\/ul>\n<h3>Leveransens omfattning:<\/h3>\n<ul>\n<li>1 x Liggande soffa<\/li>\n<li>1 x ottomansk<\/li>\n<\/ul>\n","protected":false},"excerpt":{"rendered":"<p>Efter en l\u00e5ng dag finns det inget b\u00e4ttre \u00e4n att koppla av i en stor, bekv\u00e4m vilstol. Denna upps\u00e4ttning av&#8230;<\/p>\n","protected":false},"featured_media":48858,"template":"","meta":[],"product_brand":[],"product_cat":[521,485,524],"product_tag":[],"class_list":{"0":"post-48857","1":"product","2":"type-product","3":"status-publish","4":"has-post-thumbnail","6":"product_cat-fatolj","7":"product_cat-hus-bo","8":"product_cat-relaxstol-med-pall","10":"first","11":"instock","12":"sale","13":"taxable","14":"shipping-taxable","15":"purchasable","16":"product-type-simple"},"yoast_head":"<!-- This site is optimized with the Yoast SEO plugin v25.4 - https:\/\/yoast.com\/wordpress\/plugins\/seo\/ -->\n<title>TRUUSK 2-delad F\u00e5t\u00f6ljset - F\u00e5t\u00f6lj Med Fotpall - Relaxf\u00e5t\u00f6lj Med H\u00f6j- Och S\u00e4nkbar Ryggst\u00f6d - Svart - TRUUSK - Hem, Tr\u00e4dg\u00e5rd &amp; Fritid<\/title>\n<meta name=\"robots\" content=\"index, follow, max-snippet:-1, max-image-preview:large, max-video-preview:-1\" \/>\n<link rel=\"canonical\" href=\"https:\/\/truusk.store\/sv\/produkt\/truusk-2-delad-fatoljset-fatolj-med-fotpall-relaxfatolj-med-hoj-och-sankbar-ryggstod-svart\/\" \/>\n<meta property=\"og:locale\" content=\"sv_SE\" \/>\n<meta property=\"og:type\" content=\"article\" \/>\n<meta property=\"og:title\" content=\"TRUUSK 2-delad F\u00e5t\u00f6ljset - F\u00e5t\u00f6lj Med Fotpall - Relaxf\u00e5t\u00f6lj Med H\u00f6j- Och S\u00e4nkbar Ryggst\u00f6d - Svart - TRUUSK - Hem, Tr\u00e4dg\u00e5rd &amp; Fritid\" \/>\n<meta property=\"og:description\" content=\"Efter en l\u00e5ng dag finns det inget b\u00e4ttre \u00e4n att koppla av i en stor, bekv\u00e4m vilstol. Denna upps\u00e4ttning av...\" \/>\n<meta property=\"og:url\" content=\"https:\/\/truusk.store\/sv\/produkt\/truusk-2-delad-fatoljset-fatolj-med-fotpall-relaxfatolj-med-hoj-och-sankbar-ryggstod-svart\/\" \/>\n<meta property=\"og:site_name\" content=\"TRUUSK - Hem, Tr\u00e4dg\u00e5rd &amp; Fritid\" \/>\n<meta property=\"article:modified_time\" content=\"2026-03-12T08:38:16+00:00\" \/>\n<meta property=\"og:image\" content=\"https:\/\/i0.wp.com\/truusk.se\/wp-content\/uploads\/2024\/02\/2-delat-fatoljset-fatolj-med-fotpall-relaxfatolj-med-fotpall-hoj-och-sankbar-fallbart-ryggstod-svart.webp?fit=800%2C800&ssl=1\" \/>\n\t<meta property=\"og:image:width\" content=\"800\" \/>\n\t<meta property=\"og:image:height\" content=\"800\" \/>\n\t<meta property=\"og:image:type\" content=\"image\/webp\" \/>\n<meta name=\"twitter:card\" content=\"summary_large_image\" \/>\n<meta name=\"twitter:label1\" content=\"Ber\u00e4knad l\u00e4stid\" \/>\n\t<meta name=\"twitter:data1\" content=\"1 minut\" \/>\n<!-- \/ Yoast SEO plugin. -->","yoast_head_json":{"title":"TRUUSK 2-delad F\u00e5t\u00f6ljset - F\u00e5t\u00f6lj Med Fotpall - Relaxf\u00e5t\u00f6lj Med H\u00f6j- Och S\u00e4nkbar Ryggst\u00f6d - Svart - TRUUSK - Hem, Tr\u00e4dg\u00e5rd &amp; Fritid","robots":{"index":"index","follow":"follow","max-snippet":"max-snippet:-1","max-image-preview":"max-image-preview:large","max-video-preview":"max-video-preview:-1"},"canonical":"https:\/\/truusk.store\/sv\/produkt\/truusk-2-delad-fatoljset-fatolj-med-fotpall-relaxfatolj-med-hoj-och-sankbar-ryggstod-svart\/","og_locale":"sv_SE","og_type":"article","og_title":"TRUUSK 2-delad F\u00e5t\u00f6ljset - F\u00e5t\u00f6lj Med Fotpall - Relaxf\u00e5t\u00f6lj Med H\u00f6j- Och S\u00e4nkbar Ryggst\u00f6d - Svart - TRUUSK - Hem, Tr\u00e4dg\u00e5rd &amp; Fritid","og_description":"Efter en l\u00e5ng dag finns det inget b\u00e4ttre \u00e4n att koppla av i en stor, bekv\u00e4m vilstol. Denna upps\u00e4ttning av...","og_url":"https:\/\/truusk.store\/sv\/produkt\/truusk-2-delad-fatoljset-fatolj-med-fotpall-relaxfatolj-med-hoj-och-sankbar-ryggstod-svart\/","og_site_name":"TRUUSK - Hem, Tr\u00e4dg\u00e5rd &amp; Fritid","article_modified_time":"2026-03-12T08:38:16+00:00","og_image":[{"width":800,"height":800,"url":"https:\/\/i0.wp.com\/truusk.se\/wp-content\/uploads\/2024\/02\/2-delat-fatoljset-fatolj-med-fotpall-relaxfatolj-med-fotpall-hoj-och-sankbar-fallbart-ryggstod-svart.webp?fit=800%2C800&ssl=1","type":"image\/webp"}],"twitter_card":"summary_large_image","twitter_misc":{"Ber\u00e4knad l\u00e4stid":"1 minut"},"schema":{"@context":"https:\/\/schema.org","@graph":[{"@type":"WebPage","@id":"https:\/\/truusk.store\/sv\/produkt\/truusk-2-delad-fatoljset-fatolj-med-fotpall-relaxfatolj-med-hoj-och-sankbar-ryggstod-svart\/","url":"https:\/\/truusk.store\/sv\/produkt\/truusk-2-delad-fatoljset-fatolj-med-fotpall-relaxfatolj-med-hoj-och-sankbar-ryggstod-svart\/","name":"TRUUSK 2-delad F\u00e5t\u00f6ljset - F\u00e5t\u00f6lj Med Fotpall - Relaxf\u00e5t\u00f6lj Med H\u00f6j- Och S\u00e4nkbar Ryggst\u00f6d - Svart - TRUUSK - Hem, Tr\u00e4dg\u00e5rd &amp; Fritid","isPartOf":{"@id":"https:\/\/truusk.store\/sv\/#website"},"primaryImageOfPage":{"@id":"https:\/\/truusk.store\/sv\/produkt\/truusk-2-delad-fatoljset-fatolj-med-fotpall-relaxfatolj-med-hoj-och-sankbar-ryggstod-svart\/#primaryimage"},"image":{"@id":"https:\/\/truusk.store\/sv\/produkt\/truusk-2-delad-fatoljset-fatolj-med-fotpall-relaxfatolj-med-hoj-och-sankbar-ryggstod-svart\/#primaryimage"},"thumbnailUrl":"https:\/\/i0.wp.com\/truusk.store\/wp-content\/uploads\/2024\/02\/2-delat-fatoljset-fatolj-med-fotpall-relaxfatolj-med-fotpall-hoj-och-sankbar-fallbart-ryggstod-svart.webp?fit=800%2C800&ssl=1","datePublished":"2024-02-14T07:18:25+00:00","dateModified":"2026-03-12T08:38:16+00:00","breadcrumb":{"@id":"https:\/\/truusk.store\/sv\/produkt\/truusk-2-delad-fatoljset-fatolj-med-fotpall-relaxfatolj-med-hoj-och-sankbar-ryggstod-svart\/#breadcrumb"},"inLanguage":"sv-SE","potentialAction":[{"@type":"ReadAction","target":["https:\/\/truusk.store\/sv\/produkt\/truusk-2-delad-fatoljset-fatolj-med-fotpall-relaxfatolj-med-hoj-och-sankbar-ryggstod-svart\/"]}]},{"@type":"ImageObject","inLanguage":"sv-SE","@id":"https:\/\/truusk.store\/sv\/produkt\/truusk-2-delad-fatoljset-fatolj-med-fotpall-relaxfatolj-med-hoj-och-sankbar-ryggstod-svart\/#primaryimage","url":"https:\/\/i0.wp.com\/truusk.store\/wp-content\/uploads\/2024\/02\/2-delat-fatoljset-fatolj-med-fotpall-relaxfatolj-med-fotpall-hoj-och-sankbar-fallbart-ryggstod-svart.webp?fit=800%2C800&ssl=1","contentUrl":"https:\/\/i0.wp.com\/truusk.store\/wp-content\/uploads\/2024\/02\/2-delat-fatoljset-fatolj-med-fotpall-relaxfatolj-med-fotpall-hoj-och-sankbar-fallbart-ryggstod-svart.webp?fit=800%2C800&ssl=1","width":800,"height":800,"caption":"2-delat F\u00e5t\u00f6ljset, F\u00e5t\u00f6lj Med Fotpall, Relaxf\u00e5t\u00f6lj Med Fotpall, H\u00f6j- Och S\u00e4nkbar, F\u00e4llbart Ryggst\u00f6d, Svart 1"},{"@type":"BreadcrumbList","@id":"https:\/\/truusk.store\/sv\/produkt\/truusk-2-delad-fatoljset-fatolj-med-fotpall-relaxfatolj-med-hoj-och-sankbar-ryggstod-svart\/#breadcrumb","itemListElement":[{"@type":"ListItem","position":1,"name":"Home","item":"https:\/\/truusk.store\/sv\/"},{"@type":"ListItem","position":2,"name":"Shop","item":"https:\/\/truusk.store\/shop\/"},{"@type":"ListItem","position":3,"name":"TRUUSK 2-delad F\u00e5t\u00f6ljset &#8211; F\u00e5t\u00f6lj Med Fotpall &#8211; Relaxf\u00e5t\u00f6lj Med H\u00f6j- Och S\u00e4nkbar Ryggst\u00f6d &#8211; Svart"}]},{"@type":"WebSite","@id":"https:\/\/truusk.store\/sv\/#website","url":"https:\/\/truusk.store\/sv\/","name":"TRUUSK - Hem, Tr\u00e4dg\u00e5rd & Fritid","description":"","publisher":{"@id":"https:\/\/truusk.store\/sv\/#organization"},"potentialAction":[{"@type":"SearchAction","target":{"@type":"EntryPoint","urlTemplate":"https:\/\/truusk.store\/sv\/?s={search_term_string}"},"query-input":{"@type":"PropertyValueSpecification","valueRequired":true,"valueName":"search_term_string"}}],"inLanguage":"sv-SE"},{"@type":"Organization","@id":"https:\/\/truusk.store\/sv\/#organization","name":"TRUUSK - Hem, Tr\u00e4dg\u00e5rd & Fritid","url":"https:\/\/truusk.store\/sv\/","logo":{"@type":"ImageObject","inLanguage":"sv-SE","@id":"https:\/\/truusk.store\/sv\/#\/schema\/logo\/image\/","url":"https:\/\/i0.wp.com\/truusk.store\/wp-content\/uploads\/2026\/03\/cropped-TRUUSK.png?fit=2032%2C917&ssl=1","contentUrl":"https:\/\/i0.wp.com\/truusk.store\/wp-content\/uploads\/2026\/03\/cropped-TRUUSK.png?fit=2032%2C917&ssl=1","width":2032,"height":917,"caption":"TRUUSK - Hem, Tr\u00e4dg\u00e5rd & Fritid"},"image":{"@id":"https:\/\/truusk.store\/sv\/#\/schema\/logo\/image\/"}}]}},"jetpack_sharing_enabled":true,"_links":{"self":[{"href":"https:\/\/truusk.store\/sv\/wp-json\/wp\/v2\/product\/48857","targetHints":{"allow":["GET"]}}],"collection":[{"href":"https:\/\/truusk.store\/sv\/wp-json\/wp\/v2\/product"}],"about":[{"href":"https:\/\/truusk.store\/sv\/wp-json\/wp\/v2\/types\/product"}],"wp:featuredmedia":[{"embeddable":true,"href":"https:\/\/truusk.store\/sv\/wp-json\/wp\/v2\/media\/48858"}],"wp:attachment":[{"href":"https:\/\/truusk.store\/sv\/wp-json\/wp\/v2\/media?parent=48857"}],"wp:term":[{"taxonomy":"product_brand","embeddable":true,"href":"https:\/\/truusk.store\/sv\/wp-json\/wp\/v2\/product_brand?post=48857"},{"taxonomy":"product_cat","embeddable":true,"href":"https:\/\/truusk.store\/sv\/wp-json\/wp\/v2\/product_cat?post=48857"},{"taxonomy":"product_tag","embeddable":true,"href":"https:\/\/truusk.store\/sv\/wp-json\/wp\/v2\/product_tag?post=48857"}],"curies":[{"name":"wp","href":"https:\/\/api.w.org\/{rel}","templated":true}]}}