{"id":48889,"date":"2024-02-14T08:19:39","date_gmt":"2024-02-14T07:19:39","guid":{"rendered":"https:\/\/truusk.store\/product\/avkopplingsstol-lasstol-vridbar-sammetslook-62-cm-x-70-cm-x-95-cm-bla\/"},"modified":"2026-03-12T09:38:18","modified_gmt":"2026-03-12T08:38:18","slug":"truusk-avkopplingsstol-vridbar-sammetslook-62-cm-x-70-cm-x-95-cm-bla","status":"publish","type":"product","link":"https:\/\/truusk.store\/sv\/produkt\/truusk-avkopplingsstol-vridbar-sammetslook-62-cm-x-70-cm-x-95-cm-bla\/","title":{"rendered":"TRUUSK Avkopplingsstol &#8211; Vridbar &#8211; Sammetslook &#8211; 62 cm x 70 cm x 95 cm &#8211; Bl\u00e5"},"content":{"rendered":"<p>Denna trendiga 360 vridbara golvstol kommer snabbt att bli din nya favoritplats i ditt hem. Denna golvstol \u00e4r den chica och bekv\u00e4ma stolen du beh\u00f6ver f\u00f6r att lysa upp ditt vardagsrum, kontor, m\u00f6tesrum, v\u00e4ntrum, etc. Med sin tjocka och mjuka stoppning och linne-look ger den utm\u00e4rkt sittkomfort.<\/p>\n<h3>Beskrivning:<\/h3>\n<ul>\n<li>Denna golvf\u00e5t\u00f6lj \u00e4r idealisk f\u00f6r att l\u00e4gga till en touch av elegans och sofistikering till din interi\u00f6r<\/li>\n<li>Det justerbara ryggst\u00f6det (3 steg bak\u00e5t, 2 steg fram\u00e5t) g\u00f6r att du kan anpassa stolen efter dina behov<\/li>\n<li>Golvsoffa med 360 roterande st\u00e5lram f\u00f6r optimal stabilitet och s\u00e4kerhet<\/li>\n<li>Tjock, mjuk stoppning och ovandel i linnelook f\u00f6r en utm\u00e4rkt sittupplevelse i alla temperaturer<\/li>\n<li>Den vadderade designen ger din interi\u00f6r en speciell charm<\/li>\n<li>Kan placeras var som helst, fr\u00e5n vardagsrummet till sovrummet. L\u00e4mplig f\u00f6r att titta p\u00e5 TV, meditera och mycket mer<\/li>\n<li>Extra djup stoppning f\u00f6r bekv\u00e4mt sjunkande<\/li>\n<li>Den robusta st\u00e5lramen p\u00e5 golvstolen s\u00e4kerst\u00e4ller s\u00e4ker st\u00e4llning och h\u00f6g stabilitet<\/li>\n<li>Enkel och snabb montering med hj\u00e4lp av den bifogade illustrerade monteringsanvisningen<\/li>\n<\/ul>\n<h3>Teknisk data:<\/h3>\n<ul>\n<li>F\u00e4rg bl\u00e5<\/li>\n<li>Material: st\u00e5l, skum, linneimitation (100% polyester)<\/li>\n<li>\u00d6vergripande m\u00e5tt: 62L x 70W x 95H cm<\/li>\n<li>Sitsm\u00e5tt: 62L x 48W x 37H cm<\/li>\n<li>Sitstjocklek: 15 cm<\/li>\n<li>Maximal lutningsvinkel: 120<\/li>\n<li>Rekommenderad maxlast: 120 kg<\/li>\n<\/ul>\n<h3>Leveransens omfattning:<\/h3>\n<ul>\n<li>1 x Golvsoffa<\/li>\n<li>1 x Monteringsanvisning<\/li>\n<\/ul>\n","protected":false},"excerpt":{"rendered":"<p>Denna trendiga 360 vridbara golvstol kommer snabbt att bli din nya favoritplats i ditt hem. Denna golvstol \u00e4r den chica&#8230;<\/p>\n","protected":false},"featured_media":48890,"template":"","meta":[],"product_brand":[],"product_cat":[485,538,537],"product_tag":[],"class_list":{"0":"post-48889","1":"product","2":"type-product","3":"status-publish","4":"has-post-thumbnail","6":"product_cat-hus-bo","7":"product_cat-sittdyna","8":"product_cat-sittplatser-bankar","10":"first","11":"instock","12":"sale","13":"taxable","14":"shipping-taxable","15":"purchasable","16":"product-type-simple"},"yoast_head":"<!-- This site is optimized with the Yoast SEO plugin v25.4 - https:\/\/yoast.com\/wordpress\/plugins\/seo\/ -->\n<title>TRUUSK Avkopplingsstol - Vridbar - Sammetslook - 62 cm x 70 cm x 95 cm - Bl\u00e5 - TRUUSK - Hem, Tr\u00e4dg\u00e5rd &amp; Fritid<\/title>\n<meta name=\"robots\" content=\"index, follow, max-snippet:-1, max-image-preview:large, max-video-preview:-1\" \/>\n<link rel=\"canonical\" href=\"https:\/\/truusk.store\/sv\/produkt\/truusk-avkopplingsstol-vridbar-sammetslook-62-cm-x-70-cm-x-95-cm-bla\/\" \/>\n<meta property=\"og:locale\" content=\"sv_SE\" \/>\n<meta property=\"og:type\" content=\"article\" \/>\n<meta property=\"og:title\" content=\"TRUUSK Avkopplingsstol - Vridbar - Sammetslook - 62 cm x 70 cm x 95 cm - Bl\u00e5 - TRUUSK - Hem, Tr\u00e4dg\u00e5rd &amp; Fritid\" \/>\n<meta property=\"og:description\" content=\"Denna trendiga 360 vridbara golvstol kommer snabbt att bli din nya favoritplats i ditt hem. Denna golvstol \u00e4r den chica...\" \/>\n<meta property=\"og:url\" content=\"https:\/\/truusk.store\/sv\/produkt\/truusk-avkopplingsstol-vridbar-sammetslook-62-cm-x-70-cm-x-95-cm-bla\/\" \/>\n<meta property=\"og:site_name\" content=\"TRUUSK - Hem, Tr\u00e4dg\u00e5rd &amp; Fritid\" \/>\n<meta property=\"article:modified_time\" content=\"2026-03-12T08:38:18+00:00\" \/>\n<meta property=\"og:image\" content=\"https:\/\/i0.wp.com\/truusk.se\/wp-content\/uploads\/2024\/02\/avkopplingsstol-lasstol-vridbar-sammetslook-62-cm-x-70-cm-x-95-cm-bla.webp?fit=800%2C800&ssl=1\" \/>\n\t<meta property=\"og:image:width\" content=\"800\" \/>\n\t<meta property=\"og:image:height\" content=\"800\" \/>\n\t<meta property=\"og:image:type\" content=\"image\/webp\" \/>\n<meta name=\"twitter:card\" content=\"summary_large_image\" \/>\n<meta name=\"twitter:label1\" content=\"Ber\u00e4knad l\u00e4stid\" \/>\n\t<meta name=\"twitter:data1\" content=\"1 minut\" \/>\n<!-- \/ Yoast SEO plugin. -->","yoast_head_json":{"title":"TRUUSK Avkopplingsstol - Vridbar - Sammetslook - 62 cm x 70 cm x 95 cm - Bl\u00e5 - TRUUSK - Hem, Tr\u00e4dg\u00e5rd &amp; Fritid","robots":{"index":"index","follow":"follow","max-snippet":"max-snippet:-1","max-image-preview":"max-image-preview:large","max-video-preview":"max-video-preview:-1"},"canonical":"https:\/\/truusk.store\/sv\/produkt\/truusk-avkopplingsstol-vridbar-sammetslook-62-cm-x-70-cm-x-95-cm-bla\/","og_locale":"sv_SE","og_type":"article","og_title":"TRUUSK Avkopplingsstol - Vridbar - Sammetslook - 62 cm x 70 cm x 95 cm - Bl\u00e5 - TRUUSK - Hem, Tr\u00e4dg\u00e5rd &amp; Fritid","og_description":"Denna trendiga 360 vridbara golvstol kommer snabbt att bli din nya favoritplats i ditt hem. Denna golvstol \u00e4r den chica...","og_url":"https:\/\/truusk.store\/sv\/produkt\/truusk-avkopplingsstol-vridbar-sammetslook-62-cm-x-70-cm-x-95-cm-bla\/","og_site_name":"TRUUSK - Hem, Tr\u00e4dg\u00e5rd &amp; Fritid","article_modified_time":"2026-03-12T08:38:18+00:00","og_image":[{"width":800,"height":800,"url":"https:\/\/i0.wp.com\/truusk.se\/wp-content\/uploads\/2024\/02\/avkopplingsstol-lasstol-vridbar-sammetslook-62-cm-x-70-cm-x-95-cm-bla.webp?fit=800%2C800&ssl=1","type":"image\/webp"}],"twitter_card":"summary_large_image","twitter_misc":{"Ber\u00e4knad l\u00e4stid":"1 minut"},"schema":{"@context":"https:\/\/schema.org","@graph":[{"@type":"WebPage","@id":"https:\/\/truusk.store\/sv\/produkt\/truusk-avkopplingsstol-vridbar-sammetslook-62-cm-x-70-cm-x-95-cm-bla\/","url":"https:\/\/truusk.store\/sv\/produkt\/truusk-avkopplingsstol-vridbar-sammetslook-62-cm-x-70-cm-x-95-cm-bla\/","name":"TRUUSK Avkopplingsstol - Vridbar - Sammetslook - 62 cm x 70 cm x 95 cm - Bl\u00e5 - TRUUSK - Hem, Tr\u00e4dg\u00e5rd &amp; Fritid","isPartOf":{"@id":"https:\/\/truusk.store\/sv\/#website"},"primaryImageOfPage":{"@id":"https:\/\/truusk.store\/sv\/produkt\/truusk-avkopplingsstol-vridbar-sammetslook-62-cm-x-70-cm-x-95-cm-bla\/#primaryimage"},"image":{"@id":"https:\/\/truusk.store\/sv\/produkt\/truusk-avkopplingsstol-vridbar-sammetslook-62-cm-x-70-cm-x-95-cm-bla\/#primaryimage"},"thumbnailUrl":"https:\/\/i0.wp.com\/truusk.store\/wp-content\/uploads\/2024\/02\/avkopplingsstol-lasstol-vridbar-sammetslook-62-cm-x-70-cm-x-95-cm-bla.webp?fit=800%2C800&ssl=1","datePublished":"2024-02-14T07:19:39+00:00","dateModified":"2026-03-12T08:38:18+00:00","breadcrumb":{"@id":"https:\/\/truusk.store\/sv\/produkt\/truusk-avkopplingsstol-vridbar-sammetslook-62-cm-x-70-cm-x-95-cm-bla\/#breadcrumb"},"inLanguage":"sv-SE","potentialAction":[{"@type":"ReadAction","target":["https:\/\/truusk.store\/sv\/produkt\/truusk-avkopplingsstol-vridbar-sammetslook-62-cm-x-70-cm-x-95-cm-bla\/"]}]},{"@type":"ImageObject","inLanguage":"sv-SE","@id":"https:\/\/truusk.store\/sv\/produkt\/truusk-avkopplingsstol-vridbar-sammetslook-62-cm-x-70-cm-x-95-cm-bla\/#primaryimage","url":"https:\/\/i0.wp.com\/truusk.store\/wp-content\/uploads\/2024\/02\/avkopplingsstol-lasstol-vridbar-sammetslook-62-cm-x-70-cm-x-95-cm-bla.webp?fit=800%2C800&ssl=1","contentUrl":"https:\/\/i0.wp.com\/truusk.store\/wp-content\/uploads\/2024\/02\/avkopplingsstol-lasstol-vridbar-sammetslook-62-cm-x-70-cm-x-95-cm-bla.webp?fit=800%2C800&ssl=1","width":800,"height":800,"caption":"Avkopplingsstol L\u00e4sstol, Vridbar, Sammetslook, 62 Cm X 70 Cm X 95 Cm, Bl\u00e5 1"},{"@type":"BreadcrumbList","@id":"https:\/\/truusk.store\/sv\/produkt\/truusk-avkopplingsstol-vridbar-sammetslook-62-cm-x-70-cm-x-95-cm-bla\/#breadcrumb","itemListElement":[{"@type":"ListItem","position":1,"name":"Home","item":"https:\/\/truusk.store\/sv\/"},{"@type":"ListItem","position":2,"name":"Shop","item":"https:\/\/truusk.store\/shop\/"},{"@type":"ListItem","position":3,"name":"TRUUSK Avkopplingsstol &#8211; Vridbar &#8211; Sammetslook &#8211; 62 cm x 70 cm x 95 cm &#8211; Bl\u00e5"}]},{"@type":"WebSite","@id":"https:\/\/truusk.store\/sv\/#website","url":"https:\/\/truusk.store\/sv\/","name":"TRUUSK - Hem, Tr\u00e4dg\u00e5rd & Fritid","description":"","publisher":{"@id":"https:\/\/truusk.store\/sv\/#organization"},"potentialAction":[{"@type":"SearchAction","target":{"@type":"EntryPoint","urlTemplate":"https:\/\/truusk.store\/sv\/?s={search_term_string}"},"query-input":{"@type":"PropertyValueSpecification","valueRequired":true,"valueName":"search_term_string"}}],"inLanguage":"sv-SE"},{"@type":"Organization","@id":"https:\/\/truusk.store\/sv\/#organization","name":"TRUUSK - Hem, Tr\u00e4dg\u00e5rd & Fritid","url":"https:\/\/truusk.store\/sv\/","logo":{"@type":"ImageObject","inLanguage":"sv-SE","@id":"https:\/\/truusk.store\/sv\/#\/schema\/logo\/image\/","url":"https:\/\/i0.wp.com\/truusk.store\/wp-content\/uploads\/2026\/03\/cropped-TRUUSK.png?fit=2032%2C917&ssl=1","contentUrl":"https:\/\/i0.wp.com\/truusk.store\/wp-content\/uploads\/2026\/03\/cropped-TRUUSK.png?fit=2032%2C917&ssl=1","width":2032,"height":917,"caption":"TRUUSK - Hem, Tr\u00e4dg\u00e5rd & Fritid"},"image":{"@id":"https:\/\/truusk.store\/sv\/#\/schema\/logo\/image\/"}}]}},"jetpack_sharing_enabled":true,"_links":{"self":[{"href":"https:\/\/truusk.store\/sv\/wp-json\/wp\/v2\/product\/48889","targetHints":{"allow":["GET"]}}],"collection":[{"href":"https:\/\/truusk.store\/sv\/wp-json\/wp\/v2\/product"}],"about":[{"href":"https:\/\/truusk.store\/sv\/wp-json\/wp\/v2\/types\/product"}],"wp:featuredmedia":[{"embeddable":true,"href":"https:\/\/truusk.store\/sv\/wp-json\/wp\/v2\/media\/48890"}],"wp:attachment":[{"href":"https:\/\/truusk.store\/sv\/wp-json\/wp\/v2\/media?parent=48889"}],"wp:term":[{"taxonomy":"product_brand","embeddable":true,"href":"https:\/\/truusk.store\/sv\/wp-json\/wp\/v2\/product_brand?post=48889"},{"taxonomy":"product_cat","embeddable":true,"href":"https:\/\/truusk.store\/sv\/wp-json\/wp\/v2\/product_cat?post=48889"},{"taxonomy":"product_tag","embeddable":true,"href":"https:\/\/truusk.store\/sv\/wp-json\/wp\/v2\/product_tag?post=48889"}],"curies":[{"name":"wp","href":"https:\/\/api.w.org\/{rel}","templated":true}]}}