{"id":48963,"date":"2024-02-14T08:22:24","date_gmt":"2024-02-14T07:22:24","guid":{"rendered":"https:\/\/truusk.store\/product\/arbetspall-svangbar-pall-rullstol-justerbar-i-hojdled-vridbar-sits-35cm-x-35-cm-x-83-cm-svart-silver\/"},"modified":"2026-03-12T09:38:24","modified_gmt":"2026-03-12T08:38:24","slug":"truusk-svangbar-arbetspall-rullstol-justerbar-i-hojdled-vridbar-sits-35cm-x-35cm-x-83cm-svart-silver","status":"publish","type":"product","link":"https:\/\/truusk.store\/sv\/produkt\/truusk-svangbar-arbetspall-rullstol-justerbar-i-hojdled-vridbar-sits-35cm-x-35cm-x-83cm-svart-silver\/","title":{"rendered":"TRUUSK Sv\u00e4ngbar Arbetspall Rullstol &#8211; Justerbar i H\u00f6jdled &#8211; Vridbar Sits &#8211; 35cm x 35cm x 83cm &#8211; Svart + Silver"},"content":{"rendered":"<p>Denna stol placerar dig i precis r\u00e4tt h\u00f6jd f\u00f6r att skapa bra arbetsf\u00f6rh\u00e5llanden. Det fasta ryggst\u00f6det och vadderade sitsen ger komfort under l\u00e5ng tid. Fodralet i konstl\u00e4der \u00e4r lyxigt och l\u00e4ttsk\u00f6tt. M\u00f6jligheten att anpassa sitth\u00f6jden till olika behov \u00e4r praktisk. De 5 hjulen och det roterande s\u00e4tet g\u00f6r det l\u00e4ttare att f\u00f6rflytta sig runt arbetsomr\u00e5det. Denna eleganta pall \u00e4r ett bra komplement till sk\u00f6nhetssalonger och mer!<\/p>\n<h3>Beskrivning:<\/h3>\n<ul>\n<li>Justerbar sitth\u00f6jd f\u00f6r olika behov<\/li>\n<li>Det 360-sv\u00e4ngbara s\u00e4tet och de fem hjulen garanterar flexibilitet<\/li>\n<li>Mjukt konstl\u00e4der och en vadderad sits med h\u00f6gdensitetssvamp garanterar komfort<\/li>\n<li>En robust st\u00e5lram och en galvaniserad 3-klass gaslyft bildar en solid bas<\/li>\n<li>Elegant svart konstl\u00e4der och en silverst\u00e5lbas s\u00e4kerst\u00e4ller ett stilrent utseende<\/li>\n<li>L\u00e4mplig f\u00f6r fris\u00f6rsalonger, kosmetikasalonger, tatueringsstudior, kliniker etc<\/li>\n<li>Montering kr\u00e4vs<\/li>\n<\/ul>\n<h3>Teknisk data:<\/h3>\n<ul>\n<li>Svart f\u00e4rg<\/li>\n<li>Material: konstl\u00e4der, skum, flerskiktsbr\u00e4da<\/li>\n<li>\u00d6vergripande m\u00e5tt: 35 x 63-83H cm<\/li>\n<li>Sitsstorlek: 35 x 43-55H cm<\/li>\n<li>Sitstjocklek: 8 cm<\/li>\n<li>M\u00e5tt bak: 35W x 4D x 18H cm<\/li>\n<li>Lastkapacitet: 120 kg<\/li>\n<\/ul>\n<h3>Leveransens omfattning:<\/h3>\n<ul>\n<li>1 x Salongspall<\/li>\n<li>1 x manuell<\/li>\n<\/ul>\n","protected":false},"excerpt":{"rendered":"<p>Denna stol placerar dig i precis r\u00e4tt h\u00f6jd f\u00f6r att skapa bra arbetsf\u00f6rh\u00e5llanden. Det fasta ryggst\u00f6det och vadderade sitsen ger&#8230;<\/p>\n","protected":false},"featured_media":48964,"template":"","meta":[],"product_brand":[],"product_cat":[485,542,546],"product_tag":[],"class_list":{"0":"post-48963","1":"product","2":"type-product","3":"status-publish","4":"has-post-thumbnail","6":"product_cat-hus-bo","7":"product_cat-pall","8":"product_cat-rullande-pall","10":"first","11":"instock","12":"sale","13":"taxable","14":"shipping-taxable","15":"purchasable","16":"product-type-simple"},"yoast_head":"<!-- This site is optimized with the Yoast SEO plugin v25.4 - https:\/\/yoast.com\/wordpress\/plugins\/seo\/ -->\n<title>TRUUSK Sv\u00e4ngbar Arbetspall Rullstol - Justerbar i H\u00f6jdled - Vridbar Sits - 35cm x 35cm x 83cm - Svart + Silver - TRUUSK - Hem, Tr\u00e4dg\u00e5rd &amp; Fritid<\/title>\n<meta name=\"robots\" content=\"index, follow, max-snippet:-1, max-image-preview:large, max-video-preview:-1\" \/>\n<link rel=\"canonical\" href=\"https:\/\/truusk.store\/sv\/produkt\/truusk-svangbar-arbetspall-rullstol-justerbar-i-hojdled-vridbar-sits-35cm-x-35cm-x-83cm-svart-silver\/\" \/>\n<meta property=\"og:locale\" content=\"sv_SE\" \/>\n<meta property=\"og:type\" content=\"article\" \/>\n<meta property=\"og:title\" content=\"TRUUSK Sv\u00e4ngbar Arbetspall Rullstol - Justerbar i H\u00f6jdled - Vridbar Sits - 35cm x 35cm x 83cm - Svart + Silver - TRUUSK - Hem, Tr\u00e4dg\u00e5rd &amp; Fritid\" \/>\n<meta property=\"og:description\" content=\"Denna stol placerar dig i precis r\u00e4tt h\u00f6jd f\u00f6r att skapa bra arbetsf\u00f6rh\u00e5llanden. Det fasta ryggst\u00f6det och vadderade sitsen ger...\" \/>\n<meta property=\"og:url\" content=\"https:\/\/truusk.store\/sv\/produkt\/truusk-svangbar-arbetspall-rullstol-justerbar-i-hojdled-vridbar-sits-35cm-x-35cm-x-83cm-svart-silver\/\" \/>\n<meta property=\"og:site_name\" content=\"TRUUSK - Hem, Tr\u00e4dg\u00e5rd &amp; Fritid\" \/>\n<meta property=\"article:modified_time\" content=\"2026-03-12T08:38:24+00:00\" \/>\n<meta property=\"og:image\" content=\"https:\/\/i0.wp.com\/truusk.se\/wp-content\/uploads\/2024\/02\/arbetspall-svangbar-pall-rullstol-justerbar-i-hojdled-vridbar-sits-35cm-x-35-cm-x-83-cm-svart-silver.webp?fit=800%2C800&ssl=1\" \/>\n\t<meta property=\"og:image:width\" content=\"800\" \/>\n\t<meta property=\"og:image:height\" content=\"800\" \/>\n\t<meta property=\"og:image:type\" content=\"image\/webp\" \/>\n<meta name=\"twitter:card\" content=\"summary_large_image\" \/>\n<meta name=\"twitter:label1\" content=\"Ber\u00e4knad l\u00e4stid\" \/>\n\t<meta name=\"twitter:data1\" content=\"1 minut\" \/>\n<!-- \/ Yoast SEO plugin. -->","yoast_head_json":{"title":"TRUUSK Sv\u00e4ngbar Arbetspall Rullstol - Justerbar i H\u00f6jdled - Vridbar Sits - 35cm x 35cm x 83cm - Svart + Silver - TRUUSK - Hem, Tr\u00e4dg\u00e5rd &amp; Fritid","robots":{"index":"index","follow":"follow","max-snippet":"max-snippet:-1","max-image-preview":"max-image-preview:large","max-video-preview":"max-video-preview:-1"},"canonical":"https:\/\/truusk.store\/sv\/produkt\/truusk-svangbar-arbetspall-rullstol-justerbar-i-hojdled-vridbar-sits-35cm-x-35cm-x-83cm-svart-silver\/","og_locale":"sv_SE","og_type":"article","og_title":"TRUUSK Sv\u00e4ngbar Arbetspall Rullstol - Justerbar i H\u00f6jdled - Vridbar Sits - 35cm x 35cm x 83cm - Svart + Silver - TRUUSK - Hem, Tr\u00e4dg\u00e5rd &amp; Fritid","og_description":"Denna stol placerar dig i precis r\u00e4tt h\u00f6jd f\u00f6r att skapa bra arbetsf\u00f6rh\u00e5llanden. Det fasta ryggst\u00f6det och vadderade sitsen ger...","og_url":"https:\/\/truusk.store\/sv\/produkt\/truusk-svangbar-arbetspall-rullstol-justerbar-i-hojdled-vridbar-sits-35cm-x-35cm-x-83cm-svart-silver\/","og_site_name":"TRUUSK - Hem, Tr\u00e4dg\u00e5rd &amp; Fritid","article_modified_time":"2026-03-12T08:38:24+00:00","og_image":[{"width":800,"height":800,"url":"https:\/\/i0.wp.com\/truusk.se\/wp-content\/uploads\/2024\/02\/arbetspall-svangbar-pall-rullstol-justerbar-i-hojdled-vridbar-sits-35cm-x-35-cm-x-83-cm-svart-silver.webp?fit=800%2C800&ssl=1","type":"image\/webp"}],"twitter_card":"summary_large_image","twitter_misc":{"Ber\u00e4knad l\u00e4stid":"1 minut"},"schema":{"@context":"https:\/\/schema.org","@graph":[{"@type":"WebPage","@id":"https:\/\/truusk.store\/sv\/produkt\/truusk-svangbar-arbetspall-rullstol-justerbar-i-hojdled-vridbar-sits-35cm-x-35cm-x-83cm-svart-silver\/","url":"https:\/\/truusk.store\/sv\/produkt\/truusk-svangbar-arbetspall-rullstol-justerbar-i-hojdled-vridbar-sits-35cm-x-35cm-x-83cm-svart-silver\/","name":"TRUUSK Sv\u00e4ngbar Arbetspall Rullstol - Justerbar i H\u00f6jdled - Vridbar Sits - 35cm x 35cm x 83cm - Svart + Silver - TRUUSK - Hem, Tr\u00e4dg\u00e5rd &amp; Fritid","isPartOf":{"@id":"https:\/\/truusk.store\/sv\/#website"},"primaryImageOfPage":{"@id":"https:\/\/truusk.store\/sv\/produkt\/truusk-svangbar-arbetspall-rullstol-justerbar-i-hojdled-vridbar-sits-35cm-x-35cm-x-83cm-svart-silver\/#primaryimage"},"image":{"@id":"https:\/\/truusk.store\/sv\/produkt\/truusk-svangbar-arbetspall-rullstol-justerbar-i-hojdled-vridbar-sits-35cm-x-35cm-x-83cm-svart-silver\/#primaryimage"},"thumbnailUrl":"https:\/\/i0.wp.com\/truusk.store\/wp-content\/uploads\/2024\/02\/arbetspall-svangbar-pall-rullstol-justerbar-i-hojdled-vridbar-sits-35cm-x-35-cm-x-83-cm-svart-silver.webp?fit=800%2C800&ssl=1","datePublished":"2024-02-14T07:22:24+00:00","dateModified":"2026-03-12T08:38:24+00:00","breadcrumb":{"@id":"https:\/\/truusk.store\/sv\/produkt\/truusk-svangbar-arbetspall-rullstol-justerbar-i-hojdled-vridbar-sits-35cm-x-35cm-x-83cm-svart-silver\/#breadcrumb"},"inLanguage":"sv-SE","potentialAction":[{"@type":"ReadAction","target":["https:\/\/truusk.store\/sv\/produkt\/truusk-svangbar-arbetspall-rullstol-justerbar-i-hojdled-vridbar-sits-35cm-x-35cm-x-83cm-svart-silver\/"]}]},{"@type":"ImageObject","inLanguage":"sv-SE","@id":"https:\/\/truusk.store\/sv\/produkt\/truusk-svangbar-arbetspall-rullstol-justerbar-i-hojdled-vridbar-sits-35cm-x-35cm-x-83cm-svart-silver\/#primaryimage","url":"https:\/\/i0.wp.com\/truusk.store\/wp-content\/uploads\/2024\/02\/arbetspall-svangbar-pall-rullstol-justerbar-i-hojdled-vridbar-sits-35cm-x-35-cm-x-83-cm-svart-silver.webp?fit=800%2C800&ssl=1","contentUrl":"https:\/\/i0.wp.com\/truusk.store\/wp-content\/uploads\/2024\/02\/arbetspall-svangbar-pall-rullstol-justerbar-i-hojdled-vridbar-sits-35cm-x-35-cm-x-83-cm-svart-silver.webp?fit=800%2C800&ssl=1","width":800,"height":800,"caption":"Arbetspall Sv\u00e4ngbar Pall Rullstol, Justerbar I H\u00f6jdled, Vridbar Sits, 35cm X 35 Cm X 83 Cm, Svart + Silver 1"},{"@type":"BreadcrumbList","@id":"https:\/\/truusk.store\/sv\/produkt\/truusk-svangbar-arbetspall-rullstol-justerbar-i-hojdled-vridbar-sits-35cm-x-35cm-x-83cm-svart-silver\/#breadcrumb","itemListElement":[{"@type":"ListItem","position":1,"name":"Home","item":"https:\/\/truusk.store\/sv\/"},{"@type":"ListItem","position":2,"name":"Shop","item":"https:\/\/truusk.store\/shop\/"},{"@type":"ListItem","position":3,"name":"TRUUSK Sv\u00e4ngbar Arbetspall Rullstol &#8211; Justerbar i H\u00f6jdled &#8211; Vridbar Sits &#8211; 35cm x 35cm x 83cm &#8211; Svart + Silver"}]},{"@type":"WebSite","@id":"https:\/\/truusk.store\/sv\/#website","url":"https:\/\/truusk.store\/sv\/","name":"TRUUSK - Hem, Tr\u00e4dg\u00e5rd & Fritid","description":"","publisher":{"@id":"https:\/\/truusk.store\/sv\/#organization"},"potentialAction":[{"@type":"SearchAction","target":{"@type":"EntryPoint","urlTemplate":"https:\/\/truusk.store\/sv\/?s={search_term_string}"},"query-input":{"@type":"PropertyValueSpecification","valueRequired":true,"valueName":"search_term_string"}}],"inLanguage":"sv-SE"},{"@type":"Organization","@id":"https:\/\/truusk.store\/sv\/#organization","name":"TRUUSK - Hem, Tr\u00e4dg\u00e5rd & Fritid","url":"https:\/\/truusk.store\/sv\/","logo":{"@type":"ImageObject","inLanguage":"sv-SE","@id":"https:\/\/truusk.store\/sv\/#\/schema\/logo\/image\/","url":"https:\/\/i0.wp.com\/truusk.store\/wp-content\/uploads\/2026\/03\/cropped-TRUUSK.png?fit=2032%2C917&ssl=1","contentUrl":"https:\/\/i0.wp.com\/truusk.store\/wp-content\/uploads\/2026\/03\/cropped-TRUUSK.png?fit=2032%2C917&ssl=1","width":2032,"height":917,"caption":"TRUUSK - Hem, Tr\u00e4dg\u00e5rd & Fritid"},"image":{"@id":"https:\/\/truusk.store\/sv\/#\/schema\/logo\/image\/"}}]}},"jetpack_sharing_enabled":true,"_links":{"self":[{"href":"https:\/\/truusk.store\/sv\/wp-json\/wp\/v2\/product\/48963","targetHints":{"allow":["GET"]}}],"collection":[{"href":"https:\/\/truusk.store\/sv\/wp-json\/wp\/v2\/product"}],"about":[{"href":"https:\/\/truusk.store\/sv\/wp-json\/wp\/v2\/types\/product"}],"wp:featuredmedia":[{"embeddable":true,"href":"https:\/\/truusk.store\/sv\/wp-json\/wp\/v2\/media\/48964"}],"wp:attachment":[{"href":"https:\/\/truusk.store\/sv\/wp-json\/wp\/v2\/media?parent=48963"}],"wp:term":[{"taxonomy":"product_brand","embeddable":true,"href":"https:\/\/truusk.store\/sv\/wp-json\/wp\/v2\/product_brand?post=48963"},{"taxonomy":"product_cat","embeddable":true,"href":"https:\/\/truusk.store\/sv\/wp-json\/wp\/v2\/product_cat?post=48963"},{"taxonomy":"product_tag","embeddable":true,"href":"https:\/\/truusk.store\/sv\/wp-json\/wp\/v2\/product_tag?post=48963"}],"curies":[{"name":"wp","href":"https:\/\/api.w.org\/{rel}","templated":true}]}}