{"id":48981,"date":"2024-02-14T08:23:02","date_gmt":"2024-02-14T07:23:02","guid":{"rendered":"https:\/\/truusk.store\/product\/kasinotillbehor-och-chips-pokerset-med-marker-pokerchipfodral-inklusive-matta-set-med-300-marker-2-kortlekar-5-tarningar\/"},"modified":"2026-03-12T09:38:25","modified_gmt":"2026-03-12T08:38:25","slug":"truusk-pokerchips-set-med-matta-och-marker-inklusive-fodral-300-marker-2-kortlekar-5-tarningar-for-kasinospel-svart","status":"publish","type":"product","link":"https:\/\/truusk.store\/sv\/produkt\/truusk-pokerchips-set-med-matta-och-marker-inklusive-fodral-300-marker-2-kortlekar-5-tarningar-for-kasinospel-svart\/","title":{"rendered":"TRUUSK Pokerchips Set med Matta och Marker &#8211; Inklusive Fodral &#8211; 300 Marker &#8211; 2 Kortlekar &#8211; 5 T\u00e4rningar &#8211; F\u00f6r Kasinospel &#8211; Svart"},"content":{"rendered":"<p>Upplev sp\u00e4nningen i ett riktigt kasino i bekv\u00e4mligheten av ditt eget hem med pokersetet med matta och marker. Chipsen f\u00f6rmedlar en professionell k\u00e4nsla och finns i olika val\u00f6rer, vilket m\u00f6jligg\u00f6r ett brett anv\u00e4ndningsomr\u00e5de. Samla ditt team och ta med dem till pokerbordet f\u00f6r en sp\u00e4nnande kv\u00e4ll med kasinospel! Det b\u00e4rbara fodralet h\u00e5ller dina marker s\u00e4kra och organiserade och redo f\u00f6r alla spelkv\u00e4llar!<\/p>\n<h3>Beskrivning:<\/h3>\n<ul>\n<li>Komplett set med 300 marker, 2 kortlekar, 5 t\u00e4rningar, en dealerknapp, en liten m\u00f6rk, en stor m\u00f6rk och en bordsduk<\/li>\n<li>Markv\u00e4rden: 1-100 gr\u00e5 marker, 5-50 r\u00f6da marker, 10-50 bl\u00e5 marker, 25-25 gr\u00f6na marker, 100-25 svarta marker, 500-25 lila marker, 1000-25 gula marker<\/li>\n<li>Redo f\u00f6r snabbt spel direkt ur l\u00e5dan med tv\u00e5 standardlekar med spelkort<\/li>\n<li>Robust aluminiumfodral med skuminl\u00e4gg och veloursp\u00e5nh\u00e5llare<\/li>\n<li>Fodralet \u00e4r f\u00f6rsett med skyddande h\u00f6rn och stoppning<\/li>\n<li>L\u00e4mplig f\u00f6r upp till 8 spelare<\/li>\n<\/ul>\n<h3>Teknisk data:<\/h3>\n<ul>\n<li>silver<\/li>\n<li>Material: aluminium, PS-plast, polyester<\/li>\n<li>Husm\u00e5tt: 38,5L x 23W x 6,5H cm<\/li>\n<li>Mattm\u00e5tt: 60L x 90W cm<\/li>\n<li>Chip: 40 x 0,31H cm, 11,5 gram<\/li>\n<li>\u00c5terf\u00f6rs\u00e4ljarknapp: 49 x 0,5H cm, 13 gram<\/li>\n<li>Stor\/liten persienn: 48 x 0,4H cm, 6,5 gram<\/li>\n<li>Kub: 1,8L x 1,8W x 1,8H cm<\/li>\n<\/ul>\n<h3>Leveransens omfattning:<\/h3>\n<ul>\n<li>300 x pokermarker<\/li>\n<li>2 x kortlek<\/li>\n<li>5 x t\u00e4rningar<\/li>\n<li>1 x \u00e5terf\u00f6rs\u00e4ljarknapp<\/li>\n<li>1 x liten persienn<\/li>\n<li>1 x big blind<\/li>\n<li>1 x duk<\/li>\n<li>1 x B\u00e4rv\u00e4ska<\/li>\n<li>2 x nycklar<\/li>\n<\/ul>\n","protected":false},"excerpt":{"rendered":"<p>Upplev sp\u00e4nningen i ett riktigt kasino i bekv\u00e4mligheten av ditt eget hem med pokersetet med matta och marker. Chipsen f\u00f6rmedlar&#8230;<\/p>\n","protected":false},"featured_media":48982,"template":"","meta":[],"product_brand":[],"product_cat":[656,508,647],"product_tag":[],"class_list":{"0":"post-48981","1":"product","2":"type-product","3":"status-publish","4":"has-post-thumbnail","6":"product_cat-spel-hobby","7":"product_cat-spelbord","8":"product_cat-sport-fritid","10":"first","11":"instock","12":"sale","13":"taxable","14":"shipping-taxable","15":"purchasable","16":"product-type-simple"},"yoast_head":"<!-- This site is optimized with the Yoast SEO plugin v25.4 - https:\/\/yoast.com\/wordpress\/plugins\/seo\/ -->\n<title>TRUUSK Pokerchips Set med Matta och Marker - Inklusive Fodral - 300 Marker - 2 Kortlekar - 5 T\u00e4rningar - F\u00f6r Kasinospel - Svart - TRUUSK - Hem, Tr\u00e4dg\u00e5rd &amp; Fritid<\/title>\n<meta name=\"robots\" content=\"index, follow, max-snippet:-1, max-image-preview:large, max-video-preview:-1\" \/>\n<link rel=\"canonical\" href=\"https:\/\/truusk.store\/sv\/produkt\/truusk-pokerchips-set-med-matta-och-marker-inklusive-fodral-300-marker-2-kortlekar-5-tarningar-for-kasinospel-svart\/\" \/>\n<meta property=\"og:locale\" content=\"sv_SE\" \/>\n<meta property=\"og:type\" content=\"article\" \/>\n<meta property=\"og:title\" content=\"TRUUSK Pokerchips Set med Matta och Marker - Inklusive Fodral - 300 Marker - 2 Kortlekar - 5 T\u00e4rningar - F\u00f6r Kasinospel - Svart - TRUUSK - Hem, Tr\u00e4dg\u00e5rd &amp; Fritid\" \/>\n<meta property=\"og:description\" content=\"Upplev sp\u00e4nningen i ett riktigt kasino i bekv\u00e4mligheten av ditt eget hem med pokersetet med matta och marker. Chipsen f\u00f6rmedlar...\" \/>\n<meta property=\"og:url\" content=\"https:\/\/truusk.store\/sv\/produkt\/truusk-pokerchips-set-med-matta-och-marker-inklusive-fodral-300-marker-2-kortlekar-5-tarningar-for-kasinospel-svart\/\" \/>\n<meta property=\"og:site_name\" content=\"TRUUSK - Hem, Tr\u00e4dg\u00e5rd &amp; Fritid\" \/>\n<meta property=\"article:modified_time\" content=\"2026-03-12T08:38:25+00:00\" \/>\n<meta property=\"og:image\" content=\"https:\/\/i0.wp.com\/truusk.se\/wp-content\/uploads\/2024\/02\/kasinotillbehor-och-chips-pokerset-med-marker-pokerchipfodral-inklusive-matta-set-med-300-marker-2-kortlekar-5-tarningar.webp?fit=800%2C800&ssl=1\" \/>\n\t<meta property=\"og:image:width\" content=\"800\" \/>\n\t<meta property=\"og:image:height\" content=\"800\" \/>\n\t<meta property=\"og:image:type\" content=\"image\/webp\" \/>\n<meta name=\"twitter:card\" content=\"summary_large_image\" \/>\n<meta name=\"twitter:label1\" content=\"Ber\u00e4knad l\u00e4stid\" \/>\n\t<meta name=\"twitter:data1\" content=\"1 minut\" \/>\n<!-- \/ Yoast SEO plugin. -->","yoast_head_json":{"title":"TRUUSK Pokerchips Set med Matta och Marker - Inklusive Fodral - 300 Marker - 2 Kortlekar - 5 T\u00e4rningar - F\u00f6r Kasinospel - Svart - TRUUSK - Hem, Tr\u00e4dg\u00e5rd &amp; Fritid","robots":{"index":"index","follow":"follow","max-snippet":"max-snippet:-1","max-image-preview":"max-image-preview:large","max-video-preview":"max-video-preview:-1"},"canonical":"https:\/\/truusk.store\/sv\/produkt\/truusk-pokerchips-set-med-matta-och-marker-inklusive-fodral-300-marker-2-kortlekar-5-tarningar-for-kasinospel-svart\/","og_locale":"sv_SE","og_type":"article","og_title":"TRUUSK Pokerchips Set med Matta och Marker - Inklusive Fodral - 300 Marker - 2 Kortlekar - 5 T\u00e4rningar - F\u00f6r Kasinospel - Svart - TRUUSK - Hem, Tr\u00e4dg\u00e5rd &amp; Fritid","og_description":"Upplev sp\u00e4nningen i ett riktigt kasino i bekv\u00e4mligheten av ditt eget hem med pokersetet med matta och marker. Chipsen f\u00f6rmedlar...","og_url":"https:\/\/truusk.store\/sv\/produkt\/truusk-pokerchips-set-med-matta-och-marker-inklusive-fodral-300-marker-2-kortlekar-5-tarningar-for-kasinospel-svart\/","og_site_name":"TRUUSK - Hem, Tr\u00e4dg\u00e5rd &amp; Fritid","article_modified_time":"2026-03-12T08:38:25+00:00","og_image":[{"width":800,"height":800,"url":"https:\/\/i0.wp.com\/truusk.se\/wp-content\/uploads\/2024\/02\/kasinotillbehor-och-chips-pokerset-med-marker-pokerchipfodral-inklusive-matta-set-med-300-marker-2-kortlekar-5-tarningar.webp?fit=800%2C800&ssl=1","type":"image\/webp"}],"twitter_card":"summary_large_image","twitter_misc":{"Ber\u00e4knad l\u00e4stid":"1 minut"},"schema":{"@context":"https:\/\/schema.org","@graph":[{"@type":"WebPage","@id":"https:\/\/truusk.store\/sv\/produkt\/truusk-pokerchips-set-med-matta-och-marker-inklusive-fodral-300-marker-2-kortlekar-5-tarningar-for-kasinospel-svart\/","url":"https:\/\/truusk.store\/sv\/produkt\/truusk-pokerchips-set-med-matta-och-marker-inklusive-fodral-300-marker-2-kortlekar-5-tarningar-for-kasinospel-svart\/","name":"TRUUSK Pokerchips Set med Matta och Marker - Inklusive Fodral - 300 Marker - 2 Kortlekar - 5 T\u00e4rningar - F\u00f6r Kasinospel - Svart - TRUUSK - Hem, Tr\u00e4dg\u00e5rd &amp; Fritid","isPartOf":{"@id":"https:\/\/truusk.store\/sv\/#website"},"primaryImageOfPage":{"@id":"https:\/\/truusk.store\/sv\/produkt\/truusk-pokerchips-set-med-matta-och-marker-inklusive-fodral-300-marker-2-kortlekar-5-tarningar-for-kasinospel-svart\/#primaryimage"},"image":{"@id":"https:\/\/truusk.store\/sv\/produkt\/truusk-pokerchips-set-med-matta-och-marker-inklusive-fodral-300-marker-2-kortlekar-5-tarningar-for-kasinospel-svart\/#primaryimage"},"thumbnailUrl":"https:\/\/i0.wp.com\/truusk.store\/wp-content\/uploads\/2024\/02\/kasinotillbehor-och-chips-pokerset-med-marker-pokerchipfodral-inklusive-matta-set-med-300-marker-2-kortlekar-5-tarningar.webp?fit=800%2C800&ssl=1","datePublished":"2024-02-14T07:23:02+00:00","dateModified":"2026-03-12T08:38:25+00:00","breadcrumb":{"@id":"https:\/\/truusk.store\/sv\/produkt\/truusk-pokerchips-set-med-matta-och-marker-inklusive-fodral-300-marker-2-kortlekar-5-tarningar-for-kasinospel-svart\/#breadcrumb"},"inLanguage":"sv-SE","potentialAction":[{"@type":"ReadAction","target":["https:\/\/truusk.store\/sv\/produkt\/truusk-pokerchips-set-med-matta-och-marker-inklusive-fodral-300-marker-2-kortlekar-5-tarningar-for-kasinospel-svart\/"]}]},{"@type":"ImageObject","inLanguage":"sv-SE","@id":"https:\/\/truusk.store\/sv\/produkt\/truusk-pokerchips-set-med-matta-och-marker-inklusive-fodral-300-marker-2-kortlekar-5-tarningar-for-kasinospel-svart\/#primaryimage","url":"https:\/\/i0.wp.com\/truusk.store\/wp-content\/uploads\/2024\/02\/kasinotillbehor-och-chips-pokerset-med-marker-pokerchipfodral-inklusive-matta-set-med-300-marker-2-kortlekar-5-tarningar.webp?fit=800%2C800&ssl=1","contentUrl":"https:\/\/i0.wp.com\/truusk.store\/wp-content\/uploads\/2024\/02\/kasinotillbehor-och-chips-pokerset-med-marker-pokerchipfodral-inklusive-matta-set-med-300-marker-2-kortlekar-5-tarningar.webp?fit=800%2C800&ssl=1","width":800,"height":800,"caption":"Kasinotillbeh\u00f6r Och Chips Pokerset Med Marker Pokerchipfodral, Inklusive Matta, Set Med 300 Marker, 2 Kortlekar, 5 T\u00e4rningar 1"},{"@type":"BreadcrumbList","@id":"https:\/\/truusk.store\/sv\/produkt\/truusk-pokerchips-set-med-matta-och-marker-inklusive-fodral-300-marker-2-kortlekar-5-tarningar-for-kasinospel-svart\/#breadcrumb","itemListElement":[{"@type":"ListItem","position":1,"name":"Home","item":"https:\/\/truusk.store\/sv\/"},{"@type":"ListItem","position":2,"name":"Shop","item":"https:\/\/truusk.store\/shop\/"},{"@type":"ListItem","position":3,"name":"TRUUSK Pokerchips Set med Matta och Marker &#8211; Inklusive Fodral &#8211; 300 Marker &#8211; 2 Kortlekar &#8211; 5 T\u00e4rningar &#8211; F\u00f6r Kasinospel &#8211; Svart"}]},{"@type":"WebSite","@id":"https:\/\/truusk.store\/sv\/#website","url":"https:\/\/truusk.store\/sv\/","name":"TRUUSK - Hem, Tr\u00e4dg\u00e5rd & Fritid","description":"","publisher":{"@id":"https:\/\/truusk.store\/sv\/#organization"},"potentialAction":[{"@type":"SearchAction","target":{"@type":"EntryPoint","urlTemplate":"https:\/\/truusk.store\/sv\/?s={search_term_string}"},"query-input":{"@type":"PropertyValueSpecification","valueRequired":true,"valueName":"search_term_string"}}],"inLanguage":"sv-SE"},{"@type":"Organization","@id":"https:\/\/truusk.store\/sv\/#organization","name":"TRUUSK - Hem, Tr\u00e4dg\u00e5rd & Fritid","url":"https:\/\/truusk.store\/sv\/","logo":{"@type":"ImageObject","inLanguage":"sv-SE","@id":"https:\/\/truusk.store\/sv\/#\/schema\/logo\/image\/","url":"https:\/\/i0.wp.com\/truusk.store\/wp-content\/uploads\/2026\/03\/cropped-TRUUSK.png?fit=2032%2C917&ssl=1","contentUrl":"https:\/\/i0.wp.com\/truusk.store\/wp-content\/uploads\/2026\/03\/cropped-TRUUSK.png?fit=2032%2C917&ssl=1","width":2032,"height":917,"caption":"TRUUSK - Hem, Tr\u00e4dg\u00e5rd & Fritid"},"image":{"@id":"https:\/\/truusk.store\/sv\/#\/schema\/logo\/image\/"}}]}},"jetpack_sharing_enabled":true,"_links":{"self":[{"href":"https:\/\/truusk.store\/sv\/wp-json\/wp\/v2\/product\/48981","targetHints":{"allow":["GET"]}}],"collection":[{"href":"https:\/\/truusk.store\/sv\/wp-json\/wp\/v2\/product"}],"about":[{"href":"https:\/\/truusk.store\/sv\/wp-json\/wp\/v2\/types\/product"}],"wp:featuredmedia":[{"embeddable":true,"href":"https:\/\/truusk.store\/sv\/wp-json\/wp\/v2\/media\/48982"}],"wp:attachment":[{"href":"https:\/\/truusk.store\/sv\/wp-json\/wp\/v2\/media?parent=48981"}],"wp:term":[{"taxonomy":"product_brand","embeddable":true,"href":"https:\/\/truusk.store\/sv\/wp-json\/wp\/v2\/product_brand?post=48981"},{"taxonomy":"product_cat","embeddable":true,"href":"https:\/\/truusk.store\/sv\/wp-json\/wp\/v2\/product_cat?post=48981"},{"taxonomy":"product_tag","embeddable":true,"href":"https:\/\/truusk.store\/sv\/wp-json\/wp\/v2\/product_tag?post=48981"}],"curies":[{"name":"wp","href":"https:\/\/api.w.org\/{rel}","templated":true}]}}