{"id":49013,"date":"2024-02-14T08:24:13","date_gmt":"2024-02-14T07:24:13","guid":{"rendered":"https:\/\/truusk.store\/product\/badrumsspegel-badrumsspegel-vaggspegel-leds-beroringsknapp-vit\/"},"modified":"2026-03-12T09:38:36","modified_gmt":"2026-03-12T08:38:36","slug":"truusk-badrumsspegel-med-led-belysning-beroringsknapp-vaggspegel-vit","status":"publish","type":"product","link":"https:\/\/truusk.store\/sv\/produkt\/truusk-badrumsspegel-med-led-belysning-beroringsknapp-vaggspegel-vit\/","title":{"rendered":"TRUUSK Badrumsspegel med LED-belysning &#8211; Ber\u00f6ringsknapp &#8211; V\u00e4ggspegel &#8211; Vit"},"content":{"rendered":"<p>Perfekt formad, upplyst badrumsspegel! Den imponerar med sin funktionella design och h\u00f6gkvalitativa utf\u00f6rande. Perfekt f\u00f6r alla behov och tack vare det flexibla v\u00e4ggf\u00e4stet kan den placeras i n\u00e4stan alla badrum. Ett absolut blickf\u00e5ng! F\u00f6r ditt badrum, cool och romantisk p\u00e5 samma g\u00e5ng.<\/p>\n<h3>Beskrivning:<\/h3>\n<ul>\n<li>Modern och elegant design<\/li>\n<li>L\u00e4mplig f\u00f6r fuktiga rum som badrum eller toaletter<\/li>\n<li>Med LED-ljuslister<\/li>\n<li>Rosts\u00e4ker aluminiumram<\/li>\n<li>Spegel med h\u00f6gpolerade kanter<\/li>\n<li>Med pekknapp p\u00e5 undersidan f\u00f6r bekv\u00e4m p\u00e5- och avkoppling<\/li>\n<li>L\u00e5ng livsl\u00e4ngd<\/li>\n<li>Skyddsklass: IP44 (PVC bakpanel)<\/li>\n<li>Enkel v\u00e4ggmontering<\/li>\n<li>L\u00e4tt att st\u00e4da<\/li>\n<\/ul>\n<h3>Teknisk data:<\/h3>\n<ul>\n<li>Material: glas, aluminium<\/li>\n<li>Totala m\u00e5tt: 50L x 70W x 4D cm<\/li>\n<li>Kabell\u00e4ngd: 0,45 m<\/li>\n<li>F\u00e4rg p\u00e5 lamporna: Vit<\/li>\n<\/ul>\n<h3>Leveransens omfattning:<\/h3>\n<ul>\n<li>1 x LED-spegel;<\/li>\n<\/ul>\n","protected":false},"excerpt":{"rendered":"<p>Perfekt formad, upplyst badrumsspegel! Den imponerar med sin funktionella design och h\u00f6gkvalitativa utf\u00f6rande. Perfekt f\u00f6r alla behov och tack vare&#8230;<\/p>\n","protected":false},"featured_media":49014,"template":"","meta":[],"product_brand":[],"product_cat":[489,491,485],"product_tag":[],"class_list":{"0":"post-49013","1":"product","2":"type-product","3":"status-publish","4":"has-post-thumbnail","6":"product_cat-badrum-sanitar","7":"product_cat-badrumsspeglar-spegelskap","8":"product_cat-hus-bo","10":"first","11":"instock","12":"sale","13":"taxable","14":"shipping-taxable","15":"purchasable","16":"product-type-simple"},"yoast_head":"<!-- This site is optimized with the Yoast SEO plugin v25.4 - https:\/\/yoast.com\/wordpress\/plugins\/seo\/ -->\n<title>TRUUSK Badrumsspegel med LED-belysning - Ber\u00f6ringsknapp - V\u00e4ggspegel - Vit - TRUUSK - Hem, Tr\u00e4dg\u00e5rd &amp; Fritid<\/title>\n<meta name=\"robots\" content=\"index, follow, max-snippet:-1, max-image-preview:large, max-video-preview:-1\" \/>\n<link rel=\"canonical\" href=\"https:\/\/truusk.store\/sv\/produkt\/truusk-badrumsspegel-med-led-belysning-beroringsknapp-vaggspegel-vit\/\" \/>\n<meta property=\"og:locale\" content=\"sv_SE\" \/>\n<meta property=\"og:type\" content=\"article\" \/>\n<meta property=\"og:title\" content=\"TRUUSK Badrumsspegel med LED-belysning - Ber\u00f6ringsknapp - V\u00e4ggspegel - Vit - TRUUSK - Hem, Tr\u00e4dg\u00e5rd &amp; Fritid\" \/>\n<meta property=\"og:description\" content=\"Perfekt formad, upplyst badrumsspegel! Den imponerar med sin funktionella design och h\u00f6gkvalitativa utf\u00f6rande. Perfekt f\u00f6r alla behov och tack vare...\" \/>\n<meta property=\"og:url\" content=\"https:\/\/truusk.store\/sv\/produkt\/truusk-badrumsspegel-med-led-belysning-beroringsknapp-vaggspegel-vit\/\" \/>\n<meta property=\"og:site_name\" content=\"TRUUSK - Hem, Tr\u00e4dg\u00e5rd &amp; Fritid\" \/>\n<meta property=\"article:modified_time\" content=\"2026-03-12T08:38:36+00:00\" \/>\n<meta property=\"og:image\" content=\"https:\/\/i0.wp.com\/truusk.se\/wp-content\/uploads\/2024\/02\/badrumsspegel-badrumsspegel-vaggspegel-leds-beroringsknapp-vit.webp?fit=800%2C800&ssl=1\" \/>\n\t<meta property=\"og:image:width\" content=\"800\" \/>\n\t<meta property=\"og:image:height\" content=\"800\" \/>\n\t<meta property=\"og:image:type\" content=\"image\/webp\" \/>\n<meta name=\"twitter:card\" content=\"summary_large_image\" \/>\n<meta name=\"twitter:label1\" content=\"Ber\u00e4knad l\u00e4stid\" \/>\n\t<meta name=\"twitter:data1\" content=\"1 minut\" \/>\n<!-- \/ Yoast SEO plugin. -->","yoast_head_json":{"title":"TRUUSK Badrumsspegel med LED-belysning - Ber\u00f6ringsknapp - V\u00e4ggspegel - Vit - TRUUSK - Hem, Tr\u00e4dg\u00e5rd &amp; Fritid","robots":{"index":"index","follow":"follow","max-snippet":"max-snippet:-1","max-image-preview":"max-image-preview:large","max-video-preview":"max-video-preview:-1"},"canonical":"https:\/\/truusk.store\/sv\/produkt\/truusk-badrumsspegel-med-led-belysning-beroringsknapp-vaggspegel-vit\/","og_locale":"sv_SE","og_type":"article","og_title":"TRUUSK Badrumsspegel med LED-belysning - Ber\u00f6ringsknapp - V\u00e4ggspegel - Vit - TRUUSK - Hem, Tr\u00e4dg\u00e5rd &amp; Fritid","og_description":"Perfekt formad, upplyst badrumsspegel! Den imponerar med sin funktionella design och h\u00f6gkvalitativa utf\u00f6rande. Perfekt f\u00f6r alla behov och tack vare...","og_url":"https:\/\/truusk.store\/sv\/produkt\/truusk-badrumsspegel-med-led-belysning-beroringsknapp-vaggspegel-vit\/","og_site_name":"TRUUSK - Hem, Tr\u00e4dg\u00e5rd &amp; Fritid","article_modified_time":"2026-03-12T08:38:36+00:00","og_image":[{"width":800,"height":800,"url":"https:\/\/i0.wp.com\/truusk.se\/wp-content\/uploads\/2024\/02\/badrumsspegel-badrumsspegel-vaggspegel-leds-beroringsknapp-vit.webp?fit=800%2C800&ssl=1","type":"image\/webp"}],"twitter_card":"summary_large_image","twitter_misc":{"Ber\u00e4knad l\u00e4stid":"1 minut"},"schema":{"@context":"https:\/\/schema.org","@graph":[{"@type":"WebPage","@id":"https:\/\/truusk.store\/sv\/produkt\/truusk-badrumsspegel-med-led-belysning-beroringsknapp-vaggspegel-vit\/","url":"https:\/\/truusk.store\/sv\/produkt\/truusk-badrumsspegel-med-led-belysning-beroringsknapp-vaggspegel-vit\/","name":"TRUUSK Badrumsspegel med LED-belysning - Ber\u00f6ringsknapp - V\u00e4ggspegel - Vit - TRUUSK - Hem, Tr\u00e4dg\u00e5rd &amp; Fritid","isPartOf":{"@id":"https:\/\/truusk.store\/sv\/#website"},"primaryImageOfPage":{"@id":"https:\/\/truusk.store\/sv\/produkt\/truusk-badrumsspegel-med-led-belysning-beroringsknapp-vaggspegel-vit\/#primaryimage"},"image":{"@id":"https:\/\/truusk.store\/sv\/produkt\/truusk-badrumsspegel-med-led-belysning-beroringsknapp-vaggspegel-vit\/#primaryimage"},"thumbnailUrl":"https:\/\/i0.wp.com\/truusk.store\/wp-content\/uploads\/2024\/02\/badrumsspegel-badrumsspegel-vaggspegel-leds-beroringsknapp-vit.webp?fit=800%2C800&ssl=1","datePublished":"2024-02-14T07:24:13+00:00","dateModified":"2026-03-12T08:38:36+00:00","breadcrumb":{"@id":"https:\/\/truusk.store\/sv\/produkt\/truusk-badrumsspegel-med-led-belysning-beroringsknapp-vaggspegel-vit\/#breadcrumb"},"inLanguage":"sv-SE","potentialAction":[{"@type":"ReadAction","target":["https:\/\/truusk.store\/sv\/produkt\/truusk-badrumsspegel-med-led-belysning-beroringsknapp-vaggspegel-vit\/"]}]},{"@type":"ImageObject","inLanguage":"sv-SE","@id":"https:\/\/truusk.store\/sv\/produkt\/truusk-badrumsspegel-med-led-belysning-beroringsknapp-vaggspegel-vit\/#primaryimage","url":"https:\/\/i0.wp.com\/truusk.store\/wp-content\/uploads\/2024\/02\/badrumsspegel-badrumsspegel-vaggspegel-leds-beroringsknapp-vit.webp?fit=800%2C800&ssl=1","contentUrl":"https:\/\/i0.wp.com\/truusk.store\/wp-content\/uploads\/2024\/02\/badrumsspegel-badrumsspegel-vaggspegel-leds-beroringsknapp-vit.webp?fit=800%2C800&ssl=1","width":800,"height":800,"caption":"Badrumsspegel Badrumsspegel V\u00e4ggspegel LEDs. Ber\u00f6ringsknapp, Vit 1"},{"@type":"BreadcrumbList","@id":"https:\/\/truusk.store\/sv\/produkt\/truusk-badrumsspegel-med-led-belysning-beroringsknapp-vaggspegel-vit\/#breadcrumb","itemListElement":[{"@type":"ListItem","position":1,"name":"Home","item":"https:\/\/truusk.store\/sv\/"},{"@type":"ListItem","position":2,"name":"Shop","item":"https:\/\/truusk.store\/shop\/"},{"@type":"ListItem","position":3,"name":"TRUUSK Badrumsspegel med LED-belysning &#8211; Ber\u00f6ringsknapp &#8211; V\u00e4ggspegel &#8211; Vit"}]},{"@type":"WebSite","@id":"https:\/\/truusk.store\/sv\/#website","url":"https:\/\/truusk.store\/sv\/","name":"TRUUSK - Hem, Tr\u00e4dg\u00e5rd & Fritid","description":"","publisher":{"@id":"https:\/\/truusk.store\/sv\/#organization"},"potentialAction":[{"@type":"SearchAction","target":{"@type":"EntryPoint","urlTemplate":"https:\/\/truusk.store\/sv\/?s={search_term_string}"},"query-input":{"@type":"PropertyValueSpecification","valueRequired":true,"valueName":"search_term_string"}}],"inLanguage":"sv-SE"},{"@type":"Organization","@id":"https:\/\/truusk.store\/sv\/#organization","name":"TRUUSK - Hem, Tr\u00e4dg\u00e5rd & Fritid","url":"https:\/\/truusk.store\/sv\/","logo":{"@type":"ImageObject","inLanguage":"sv-SE","@id":"https:\/\/truusk.store\/sv\/#\/schema\/logo\/image\/","url":"https:\/\/i0.wp.com\/truusk.store\/wp-content\/uploads\/2026\/03\/cropped-TRUUSK.png?fit=2032%2C917&ssl=1","contentUrl":"https:\/\/i0.wp.com\/truusk.store\/wp-content\/uploads\/2026\/03\/cropped-TRUUSK.png?fit=2032%2C917&ssl=1","width":2032,"height":917,"caption":"TRUUSK - Hem, Tr\u00e4dg\u00e5rd & Fritid"},"image":{"@id":"https:\/\/truusk.store\/sv\/#\/schema\/logo\/image\/"}}]}},"jetpack_sharing_enabled":true,"_links":{"self":[{"href":"https:\/\/truusk.store\/sv\/wp-json\/wp\/v2\/product\/49013","targetHints":{"allow":["GET"]}}],"collection":[{"href":"https:\/\/truusk.store\/sv\/wp-json\/wp\/v2\/product"}],"about":[{"href":"https:\/\/truusk.store\/sv\/wp-json\/wp\/v2\/types\/product"}],"wp:featuredmedia":[{"embeddable":true,"href":"https:\/\/truusk.store\/sv\/wp-json\/wp\/v2\/media\/49014"}],"wp:attachment":[{"href":"https:\/\/truusk.store\/sv\/wp-json\/wp\/v2\/media?parent=49013"}],"wp:term":[{"taxonomy":"product_brand","embeddable":true,"href":"https:\/\/truusk.store\/sv\/wp-json\/wp\/v2\/product_brand?post=49013"},{"taxonomy":"product_cat","embeddable":true,"href":"https:\/\/truusk.store\/sv\/wp-json\/wp\/v2\/product_cat?post=49013"},{"taxonomy":"product_tag","embeddable":true,"href":"https:\/\/truusk.store\/sv\/wp-json\/wp\/v2\/product_tag?post=49013"}],"curies":[{"name":"wp","href":"https:\/\/api.w.org\/{rel}","templated":true}]}}