{"id":49024,"date":"2024-02-14T08:24:35","date_gmt":"2024-02-14T07:24:35","guid":{"rendered":"https:\/\/truusk.store\/product\/tradgardspaviljong-sexkantig-natgardiner-metallram-4x4x25m-morkgra\/"},"modified":"2026-03-12T09:38:38","modified_gmt":"2026-03-12T08:38:38","slug":"truusk-tradgardspaviljong-sexkantig-natgardiner-metallram-4x4x25m-morkgra","status":"publish","type":"product","link":"https:\/\/truusk.store\/sv\/produkt\/truusk-tradgardspaviljong-sexkantig-natgardiner-metallram-4x4x25m-morkgra\/","title":{"rendered":"TRUUSK Tr\u00e4dg\u00e5rdspaviljong &#8211; Sexkantig &#8211; N\u00e4tgardiner &#8211; Metallram &#8211; 4x4x2,5m &#8211; M\u00f6rkgr\u00e5"},"content":{"rendered":"<p>Njut av din tr\u00e4dg\u00e5rd i en stilfull atmosf\u00e4r med v\u00e5r sexkantiga tr\u00e4dg\u00e5rdspaviljong. Den robusta metallramen garanterar maximal stabilitet och stabilitet, medan det vattenavvisande taket och n\u00e4tgardinerna s\u00e4kerst\u00e4ller behaglig ventilation och skydd mot sol, duggregn och insekter. Skapa en underbart cool avkopplingsoas i ditt eget gr\u00f6nomr\u00e5de!<\/p>\n<h3>Beskrivning:<\/h3>\n<ul>\n<li>H\u00f6gkvalitativ paviljong i sexkantig form erbjuder ett gener\u00f6st skuggomr\u00e5de med en diameter p\u00e5 3,5 m f\u00f6r avkopplande timmar i tr\u00e4dg\u00e5rden eller p\u00e5 terrassen<\/li>\n<li>Stark ram av pulverlackerad metall (3,8 cm) s\u00e4kerst\u00e4ller en robust och stabil konstruktion som t\u00e5l vind och v\u00e4der<\/li>\n<li>Det avsmalnande taket av vattenavvisande polyester (180 g\/m) skyddar p\u00e5 ett tillf\u00f6rlitligt s\u00e4tt mot regn och intensivt solljus<\/li>\n<li>N\u00e4tgardiner ger skydd mot irriterande insekter och ger samtidigt en obegr\u00e4nsad sikt ut\u00e5t<\/li>\n<li>2 av dem \u00e4r utrustade med dragkedja f\u00f6r att s\u00e4kerst\u00e4lla bekv\u00e4m \u00e5tkomst<\/li>\n<li>12 pinnar och 6 f\u00e4stlinor f\u00f6r f\u00f6rankring i marken ger extra stabilitet, \u00e4ven i bl\u00e5sigt v\u00e4der<\/li>\n<li>L\u00e4tt att montera tack vare den genomt\u00e4nkta designen och medf\u00f6ljande instruktioner<\/li>\n<\/ul>\n<h3>Teknisk data:<\/h3>\n<ul>\n<li>Material: polyester, metall<\/li>\n<li>F\u00e4rg: M\u00f6rkgr\u00e5<\/li>\n<li>\u00d6vergripande m\u00e5tt: 394L x 394W x 250H cm<\/li>\n<li>L\u00e4ngd p\u00e5 varje sida: 197 cm<\/li>\n<li>Frig\u00e5ngsh\u00f6jd: 200 cm<\/li>\n<li>Takh\u00f6jd: 250 cm<\/li>\n<\/ul>\n<h3>Leveransens omfattning:<\/h3>\n<ul>\n<li>1 x Gazebo<\/li>\n<li>1 x Monteringsanvisning<\/li>\n<li>12 x Ground Spikes<\/li>\n<li>6 x F\u00e4strep<\/li>\n<\/ul>\n","protected":false},"excerpt":{"rendered":"<p>Njut av din tr\u00e4dg\u00e5rd i en stilfull atmosf\u00e4r med v\u00e5r sexkantiga tr\u00e4dg\u00e5rdspaviljong. Den robusta metallramen garanterar maximal stabilitet och stabilitet,&#8230;<\/p>\n","protected":false},"featured_media":49025,"template":"","meta":[],"product_brand":[],"product_cat":[477,435,476],"product_tag":[],"class_list":{"0":"post-49024","1":"product","2":"type-product","3":"status-publish","4":"has-post-thumbnail","6":"product_cat-paviljonger-partytalt","7":"product_cat-tradgard-och-terrass","8":"product_cat-tradgardspaviljonger","10":"first","11":"instock","12":"sale","13":"taxable","14":"shipping-taxable","15":"purchasable","16":"product-type-simple"},"yoast_head":"<!-- This site is optimized with the Yoast SEO plugin v25.4 - https:\/\/yoast.com\/wordpress\/plugins\/seo\/ -->\n<title>TRUUSK Tr\u00e4dg\u00e5rdspaviljong - Sexkantig - N\u00e4tgardiner - Metallram - 4x4x2,5m - M\u00f6rkgr\u00e5 - TRUUSK - Hem, Tr\u00e4dg\u00e5rd &amp; Fritid<\/title>\n<meta name=\"robots\" content=\"index, follow, max-snippet:-1, max-image-preview:large, max-video-preview:-1\" \/>\n<link rel=\"canonical\" href=\"https:\/\/truusk.store\/sv\/produkt\/truusk-tradgardspaviljong-sexkantig-natgardiner-metallram-4x4x25m-morkgra\/\" \/>\n<meta property=\"og:locale\" content=\"sv_SE\" \/>\n<meta property=\"og:type\" content=\"article\" \/>\n<meta property=\"og:title\" content=\"TRUUSK Tr\u00e4dg\u00e5rdspaviljong - Sexkantig - N\u00e4tgardiner - Metallram - 4x4x2,5m - M\u00f6rkgr\u00e5 - TRUUSK - Hem, Tr\u00e4dg\u00e5rd &amp; Fritid\" \/>\n<meta property=\"og:description\" content=\"Njut av din tr\u00e4dg\u00e5rd i en stilfull atmosf\u00e4r med v\u00e5r sexkantiga tr\u00e4dg\u00e5rdspaviljong. Den robusta metallramen garanterar maximal stabilitet och stabilitet,...\" \/>\n<meta property=\"og:url\" content=\"https:\/\/truusk.store\/sv\/produkt\/truusk-tradgardspaviljong-sexkantig-natgardiner-metallram-4x4x25m-morkgra\/\" \/>\n<meta property=\"og:site_name\" content=\"TRUUSK - Hem, Tr\u00e4dg\u00e5rd &amp; Fritid\" \/>\n<meta property=\"article:modified_time\" content=\"2026-03-12T08:38:38+00:00\" \/>\n<meta property=\"og:image\" content=\"https:\/\/i0.wp.com\/truusk.se\/wp-content\/uploads\/2024\/02\/tradgardspaviljong-sexkantig-natgardiner-metallram-4x4x25m-morkgra.webp?fit=800%2C800&ssl=1\" \/>\n\t<meta property=\"og:image:width\" content=\"800\" \/>\n\t<meta property=\"og:image:height\" content=\"800\" \/>\n\t<meta property=\"og:image:type\" content=\"image\/webp\" \/>\n<meta name=\"twitter:card\" content=\"summary_large_image\" \/>\n<meta name=\"twitter:label1\" content=\"Ber\u00e4knad l\u00e4stid\" \/>\n\t<meta name=\"twitter:data1\" content=\"1 minut\" \/>\n<!-- \/ Yoast SEO plugin. -->","yoast_head_json":{"title":"TRUUSK Tr\u00e4dg\u00e5rdspaviljong - Sexkantig - N\u00e4tgardiner - Metallram - 4x4x2,5m - M\u00f6rkgr\u00e5 - TRUUSK - Hem, Tr\u00e4dg\u00e5rd &amp; Fritid","robots":{"index":"index","follow":"follow","max-snippet":"max-snippet:-1","max-image-preview":"max-image-preview:large","max-video-preview":"max-video-preview:-1"},"canonical":"https:\/\/truusk.store\/sv\/produkt\/truusk-tradgardspaviljong-sexkantig-natgardiner-metallram-4x4x25m-morkgra\/","og_locale":"sv_SE","og_type":"article","og_title":"TRUUSK Tr\u00e4dg\u00e5rdspaviljong - Sexkantig - N\u00e4tgardiner - Metallram - 4x4x2,5m - M\u00f6rkgr\u00e5 - TRUUSK - Hem, Tr\u00e4dg\u00e5rd &amp; Fritid","og_description":"Njut av din tr\u00e4dg\u00e5rd i en stilfull atmosf\u00e4r med v\u00e5r sexkantiga tr\u00e4dg\u00e5rdspaviljong. Den robusta metallramen garanterar maximal stabilitet och stabilitet,...","og_url":"https:\/\/truusk.store\/sv\/produkt\/truusk-tradgardspaviljong-sexkantig-natgardiner-metallram-4x4x25m-morkgra\/","og_site_name":"TRUUSK - Hem, Tr\u00e4dg\u00e5rd &amp; Fritid","article_modified_time":"2026-03-12T08:38:38+00:00","og_image":[{"width":800,"height":800,"url":"https:\/\/i0.wp.com\/truusk.se\/wp-content\/uploads\/2024\/02\/tradgardspaviljong-sexkantig-natgardiner-metallram-4x4x25m-morkgra.webp?fit=800%2C800&ssl=1","type":"image\/webp"}],"twitter_card":"summary_large_image","twitter_misc":{"Ber\u00e4knad l\u00e4stid":"1 minut"},"schema":{"@context":"https:\/\/schema.org","@graph":[{"@type":"WebPage","@id":"https:\/\/truusk.store\/sv\/produkt\/truusk-tradgardspaviljong-sexkantig-natgardiner-metallram-4x4x25m-morkgra\/","url":"https:\/\/truusk.store\/sv\/produkt\/truusk-tradgardspaviljong-sexkantig-natgardiner-metallram-4x4x25m-morkgra\/","name":"TRUUSK Tr\u00e4dg\u00e5rdspaviljong - Sexkantig - N\u00e4tgardiner - Metallram - 4x4x2,5m - M\u00f6rkgr\u00e5 - TRUUSK - Hem, Tr\u00e4dg\u00e5rd &amp; Fritid","isPartOf":{"@id":"https:\/\/truusk.store\/sv\/#website"},"primaryImageOfPage":{"@id":"https:\/\/truusk.store\/sv\/produkt\/truusk-tradgardspaviljong-sexkantig-natgardiner-metallram-4x4x25m-morkgra\/#primaryimage"},"image":{"@id":"https:\/\/truusk.store\/sv\/produkt\/truusk-tradgardspaviljong-sexkantig-natgardiner-metallram-4x4x25m-morkgra\/#primaryimage"},"thumbnailUrl":"https:\/\/i0.wp.com\/truusk.store\/wp-content\/uploads\/2024\/02\/tradgardspaviljong-sexkantig-natgardiner-metallram-4x4x25m-morkgra.webp?fit=800%2C800&ssl=1","datePublished":"2024-02-14T07:24:35+00:00","dateModified":"2026-03-12T08:38:38+00:00","breadcrumb":{"@id":"https:\/\/truusk.store\/sv\/produkt\/truusk-tradgardspaviljong-sexkantig-natgardiner-metallram-4x4x25m-morkgra\/#breadcrumb"},"inLanguage":"sv-SE","potentialAction":[{"@type":"ReadAction","target":["https:\/\/truusk.store\/sv\/produkt\/truusk-tradgardspaviljong-sexkantig-natgardiner-metallram-4x4x25m-morkgra\/"]}]},{"@type":"ImageObject","inLanguage":"sv-SE","@id":"https:\/\/truusk.store\/sv\/produkt\/truusk-tradgardspaviljong-sexkantig-natgardiner-metallram-4x4x25m-morkgra\/#primaryimage","url":"https:\/\/i0.wp.com\/truusk.store\/wp-content\/uploads\/2024\/02\/tradgardspaviljong-sexkantig-natgardiner-metallram-4x4x25m-morkgra.webp?fit=800%2C800&ssl=1","contentUrl":"https:\/\/i0.wp.com\/truusk.store\/wp-content\/uploads\/2024\/02\/tradgardspaviljong-sexkantig-natgardiner-metallram-4x4x25m-morkgra.webp?fit=800%2C800&ssl=1","width":800,"height":800,"caption":"Tr\u00e4dg\u00e5rdspaviljong, Sexkantig, N\u00e4tgardiner, Metallram, 4x4x2,5m, M\u00f6rkgr\u00e5 1"},{"@type":"BreadcrumbList","@id":"https:\/\/truusk.store\/sv\/produkt\/truusk-tradgardspaviljong-sexkantig-natgardiner-metallram-4x4x25m-morkgra\/#breadcrumb","itemListElement":[{"@type":"ListItem","position":1,"name":"Home","item":"https:\/\/truusk.store\/sv\/"},{"@type":"ListItem","position":2,"name":"Shop","item":"https:\/\/truusk.store\/shop\/"},{"@type":"ListItem","position":3,"name":"TRUUSK Tr\u00e4dg\u00e5rdspaviljong &#8211; Sexkantig &#8211; N\u00e4tgardiner &#8211; Metallram &#8211; 4x4x2,5m &#8211; M\u00f6rkgr\u00e5"}]},{"@type":"WebSite","@id":"https:\/\/truusk.store\/sv\/#website","url":"https:\/\/truusk.store\/sv\/","name":"TRUUSK - Hem, Tr\u00e4dg\u00e5rd & Fritid","description":"","publisher":{"@id":"https:\/\/truusk.store\/sv\/#organization"},"potentialAction":[{"@type":"SearchAction","target":{"@type":"EntryPoint","urlTemplate":"https:\/\/truusk.store\/sv\/?s={search_term_string}"},"query-input":{"@type":"PropertyValueSpecification","valueRequired":true,"valueName":"search_term_string"}}],"inLanguage":"sv-SE"},{"@type":"Organization","@id":"https:\/\/truusk.store\/sv\/#organization","name":"TRUUSK - Hem, Tr\u00e4dg\u00e5rd & Fritid","url":"https:\/\/truusk.store\/sv\/","logo":{"@type":"ImageObject","inLanguage":"sv-SE","@id":"https:\/\/truusk.store\/sv\/#\/schema\/logo\/image\/","url":"https:\/\/i0.wp.com\/truusk.store\/wp-content\/uploads\/2026\/03\/cropped-TRUUSK.png?fit=2032%2C917&ssl=1","contentUrl":"https:\/\/i0.wp.com\/truusk.store\/wp-content\/uploads\/2026\/03\/cropped-TRUUSK.png?fit=2032%2C917&ssl=1","width":2032,"height":917,"caption":"TRUUSK - Hem, Tr\u00e4dg\u00e5rd & Fritid"},"image":{"@id":"https:\/\/truusk.store\/sv\/#\/schema\/logo\/image\/"}}]}},"jetpack_sharing_enabled":true,"_links":{"self":[{"href":"https:\/\/truusk.store\/sv\/wp-json\/wp\/v2\/product\/49024","targetHints":{"allow":["GET"]}}],"collection":[{"href":"https:\/\/truusk.store\/sv\/wp-json\/wp\/v2\/product"}],"about":[{"href":"https:\/\/truusk.store\/sv\/wp-json\/wp\/v2\/types\/product"}],"wp:featuredmedia":[{"embeddable":true,"href":"https:\/\/truusk.store\/sv\/wp-json\/wp\/v2\/media\/49025"}],"wp:attachment":[{"href":"https:\/\/truusk.store\/sv\/wp-json\/wp\/v2\/media?parent=49024"}],"wp:term":[{"taxonomy":"product_brand","embeddable":true,"href":"https:\/\/truusk.store\/sv\/wp-json\/wp\/v2\/product_brand?post=49024"},{"taxonomy":"product_cat","embeddable":true,"href":"https:\/\/truusk.store\/sv\/wp-json\/wp\/v2\/product_cat?post=49024"},{"taxonomy":"product_tag","embeddable":true,"href":"https:\/\/truusk.store\/sv\/wp-json\/wp\/v2\/product_tag?post=49024"}],"curies":[{"name":"wp","href":"https:\/\/api.w.org\/{rel}","templated":true}]}}