{"id":49052,"date":"2024-02-14T08:25:40","date_gmt":"2024-02-14T07:25:40","guid":{"rendered":"https:\/\/truusk.store\/product\/badrumsspegel-badrumsspegel-vaggspegel-leds-ber-gs-switch-anti-dim-funktion-60-x-80-x-4-cm-vit\/"},"modified":"2026-03-12T09:38:41","modified_gmt":"2026-03-12T08:38:41","slug":"truusk-badrumsspegel-med-leds-vaggspegel-med-ber-gs-switch-anti-dim-funktion-60-x-80-x-4-cm-vit","status":"publish","type":"product","link":"https:\/\/truusk.store\/sv\/produkt\/truusk-badrumsspegel-med-leds-vaggspegel-med-ber-gs-switch-anti-dim-funktion-60-x-80-x-4-cm-vit\/","title":{"rendered":"TRUUSK Badrumsspegel med LEDs &#8211; V\u00e4ggspegel med Ber, Gs Switch &#8211; Anti-dim Funktion &#8211; 60 x 80 x 4 cm &#8211; Vit"},"content":{"rendered":"<p>LED badrumsspegeln \u00e4r det perfekta valet om du letar efter en funktionell och elegant spegel f\u00f6r ditt badrum eller omkl\u00e4dningsrum. Tack vare anti-dimfunktionen kan du njuta av ditt badrum till fullo utan att beh\u00f6va oroa dig f\u00f6r imma p\u00e5 glaset. Den anv\u00e4ndarv\u00e4nliga touch-omkopplaren och vattent\u00e4ta funktionen \u00e4r anv\u00e4ndbara i det fuktiga badrummet. Genom att anv\u00e4nda h\u00f6gkvalitativa material, s\u00e5som 5 mm glas och en ram av aluminiumlegering, garanteras produktens livsl\u00e4ngd.<\/p>\n<h3>Beskrivning:<\/h3>\n<ul>\n<li>LED badrumsspegeln \u00e4r enkel och funktionell och passar alla inredningsstilar. Den kan anv\u00e4ndas inte bara i badrummet, utan ocks\u00e5 i omkl\u00e4dningsrummet<\/li>\n<li>Tack vare dess anti-dimfunktion kan du njuta av den utan att beh\u00f6va ta bort den irriterande dimman n\u00e4r du duschar<\/li>\n<li>Du kan sl\u00e5 p\u00e5 och av LED-spegeln genom att helt enkelt trycka p\u00e5 str\u00f6mbrytaren. Detta \u00e4r v\u00e4ldigt praktiskt<\/li>\n<li>Spegeln \u00e4r vattent\u00e4t (IP 44). Den slitstarka aluminiumlegeringen\/tjocka glasramen garanterar en l\u00e5ng livsl\u00e4ngd<\/li>\n<li>Installation i 2 riktningar: Spegeln kan h\u00e4ngas antingen vertikalt eller horisontellt efter behov<\/li>\n<li>Montering kr\u00e4vs<\/li>\n<\/ul>\n<h3>Teknisk data:<\/h3>\n<ul>\n<li>F\u00e4rg: vit, silver<\/li>\n<li>Material: aluminiumlegering, glas, st\u00e5l<\/li>\n<li>Totala m\u00e5tt: 60L x 80W x 4D cm<\/li>\n<li>Total effekt: 43W<\/li>\n<li>OBS: Kabel ansluten, kontakt ing\u00e5r ej<\/li>\n<\/ul>\n<h3>Leveransens omfattning:<\/h3>\n<ul>\n<li>1 x LED badrumsspegel<\/li>\n<li>2 x skruvset<\/li>\n<li>1 x Monteringsanvisning<\/li>\n<\/ul>\n","protected":false},"excerpt":{"rendered":"<p>LED badrumsspegeln \u00e4r det perfekta valet om du letar efter en funktionell och elegant spegel f\u00f6r ditt badrum eller omkl\u00e4dningsrum&#8230;.<\/p>\n","protected":false},"featured_media":49053,"template":"","meta":[],"product_brand":[],"product_cat":[489,491,485],"product_tag":[],"class_list":{"0":"post-49052","1":"product","2":"type-product","3":"status-publish","4":"has-post-thumbnail","6":"product_cat-badrum-sanitar","7":"product_cat-badrumsspeglar-spegelskap","8":"product_cat-hus-bo","10":"first","11":"instock","12":"sale","13":"taxable","14":"shipping-taxable","15":"purchasable","16":"product-type-simple"},"yoast_head":"<!-- This site is optimized with the Yoast SEO plugin v25.4 - https:\/\/yoast.com\/wordpress\/plugins\/seo\/ -->\n<title>TRUUSK Badrumsspegel med LEDs - V\u00e4ggspegel med Ber, Gs Switch - Anti-dim Funktion - 60 x 80 x 4 cm - Vit - TRUUSK - Hem, Tr\u00e4dg\u00e5rd &amp; Fritid<\/title>\n<meta name=\"robots\" content=\"index, follow, max-snippet:-1, max-image-preview:large, max-video-preview:-1\" \/>\n<link rel=\"canonical\" href=\"https:\/\/truusk.store\/sv\/produkt\/truusk-badrumsspegel-med-leds-vaggspegel-med-ber-gs-switch-anti-dim-funktion-60-x-80-x-4-cm-vit\/\" \/>\n<meta property=\"og:locale\" content=\"sv_SE\" \/>\n<meta property=\"og:type\" content=\"article\" \/>\n<meta property=\"og:title\" content=\"TRUUSK Badrumsspegel med LEDs - V\u00e4ggspegel med Ber, Gs Switch - Anti-dim Funktion - 60 x 80 x 4 cm - Vit - TRUUSK - Hem, Tr\u00e4dg\u00e5rd &amp; Fritid\" \/>\n<meta property=\"og:description\" content=\"LED badrumsspegeln \u00e4r det perfekta valet om du letar efter en funktionell och elegant spegel f\u00f6r ditt badrum eller omkl\u00e4dningsrum....\" \/>\n<meta property=\"og:url\" content=\"https:\/\/truusk.store\/sv\/produkt\/truusk-badrumsspegel-med-leds-vaggspegel-med-ber-gs-switch-anti-dim-funktion-60-x-80-x-4-cm-vit\/\" \/>\n<meta property=\"og:site_name\" content=\"TRUUSK - Hem, Tr\u00e4dg\u00e5rd &amp; Fritid\" \/>\n<meta property=\"article:modified_time\" content=\"2026-03-12T08:38:41+00:00\" \/>\n<meta property=\"og:image\" content=\"https:\/\/i0.wp.com\/truusk.se\/wp-content\/uploads\/2024\/02\/badrumsspegel-badrumsspegel-vaggspegel-leds-ber-gs-switch-anti-dim-funktion-60-x-80-x-4-cm-vit.webp?fit=800%2C800&ssl=1\" \/>\n\t<meta property=\"og:image:width\" content=\"800\" \/>\n\t<meta property=\"og:image:height\" content=\"800\" \/>\n\t<meta property=\"og:image:type\" content=\"image\/webp\" \/>\n<meta name=\"twitter:card\" content=\"summary_large_image\" \/>\n<meta name=\"twitter:label1\" content=\"Ber\u00e4knad l\u00e4stid\" \/>\n\t<meta name=\"twitter:data1\" content=\"1 minut\" \/>\n<!-- \/ Yoast SEO plugin. -->","yoast_head_json":{"title":"TRUUSK Badrumsspegel med LEDs - V\u00e4ggspegel med Ber, Gs Switch - Anti-dim Funktion - 60 x 80 x 4 cm - Vit - TRUUSK - Hem, Tr\u00e4dg\u00e5rd &amp; Fritid","robots":{"index":"index","follow":"follow","max-snippet":"max-snippet:-1","max-image-preview":"max-image-preview:large","max-video-preview":"max-video-preview:-1"},"canonical":"https:\/\/truusk.store\/sv\/produkt\/truusk-badrumsspegel-med-leds-vaggspegel-med-ber-gs-switch-anti-dim-funktion-60-x-80-x-4-cm-vit\/","og_locale":"sv_SE","og_type":"article","og_title":"TRUUSK Badrumsspegel med LEDs - V\u00e4ggspegel med Ber, Gs Switch - Anti-dim Funktion - 60 x 80 x 4 cm - Vit - TRUUSK - Hem, Tr\u00e4dg\u00e5rd &amp; Fritid","og_description":"LED badrumsspegeln \u00e4r det perfekta valet om du letar efter en funktionell och elegant spegel f\u00f6r ditt badrum eller omkl\u00e4dningsrum....","og_url":"https:\/\/truusk.store\/sv\/produkt\/truusk-badrumsspegel-med-leds-vaggspegel-med-ber-gs-switch-anti-dim-funktion-60-x-80-x-4-cm-vit\/","og_site_name":"TRUUSK - Hem, Tr\u00e4dg\u00e5rd &amp; Fritid","article_modified_time":"2026-03-12T08:38:41+00:00","og_image":[{"width":800,"height":800,"url":"https:\/\/i0.wp.com\/truusk.se\/wp-content\/uploads\/2024\/02\/badrumsspegel-badrumsspegel-vaggspegel-leds-ber-gs-switch-anti-dim-funktion-60-x-80-x-4-cm-vit.webp?fit=800%2C800&ssl=1","type":"image\/webp"}],"twitter_card":"summary_large_image","twitter_misc":{"Ber\u00e4knad l\u00e4stid":"1 minut"},"schema":{"@context":"https:\/\/schema.org","@graph":[{"@type":"WebPage","@id":"https:\/\/truusk.store\/sv\/produkt\/truusk-badrumsspegel-med-leds-vaggspegel-med-ber-gs-switch-anti-dim-funktion-60-x-80-x-4-cm-vit\/","url":"https:\/\/truusk.store\/sv\/produkt\/truusk-badrumsspegel-med-leds-vaggspegel-med-ber-gs-switch-anti-dim-funktion-60-x-80-x-4-cm-vit\/","name":"TRUUSK Badrumsspegel med LEDs - V\u00e4ggspegel med Ber, Gs Switch - Anti-dim Funktion - 60 x 80 x 4 cm - Vit - TRUUSK - Hem, Tr\u00e4dg\u00e5rd &amp; Fritid","isPartOf":{"@id":"https:\/\/truusk.store\/sv\/#website"},"primaryImageOfPage":{"@id":"https:\/\/truusk.store\/sv\/produkt\/truusk-badrumsspegel-med-leds-vaggspegel-med-ber-gs-switch-anti-dim-funktion-60-x-80-x-4-cm-vit\/#primaryimage"},"image":{"@id":"https:\/\/truusk.store\/sv\/produkt\/truusk-badrumsspegel-med-leds-vaggspegel-med-ber-gs-switch-anti-dim-funktion-60-x-80-x-4-cm-vit\/#primaryimage"},"thumbnailUrl":"https:\/\/i0.wp.com\/truusk.store\/wp-content\/uploads\/2024\/02\/badrumsspegel-badrumsspegel-vaggspegel-leds-ber-gs-switch-anti-dim-funktion-60-x-80-x-4-cm-vit.webp?fit=800%2C800&ssl=1","datePublished":"2024-02-14T07:25:40+00:00","dateModified":"2026-03-12T08:38:41+00:00","breadcrumb":{"@id":"https:\/\/truusk.store\/sv\/produkt\/truusk-badrumsspegel-med-leds-vaggspegel-med-ber-gs-switch-anti-dim-funktion-60-x-80-x-4-cm-vit\/#breadcrumb"},"inLanguage":"sv-SE","potentialAction":[{"@type":"ReadAction","target":["https:\/\/truusk.store\/sv\/produkt\/truusk-badrumsspegel-med-leds-vaggspegel-med-ber-gs-switch-anti-dim-funktion-60-x-80-x-4-cm-vit\/"]}]},{"@type":"ImageObject","inLanguage":"sv-SE","@id":"https:\/\/truusk.store\/sv\/produkt\/truusk-badrumsspegel-med-leds-vaggspegel-med-ber-gs-switch-anti-dim-funktion-60-x-80-x-4-cm-vit\/#primaryimage","url":"https:\/\/i0.wp.com\/truusk.store\/wp-content\/uploads\/2024\/02\/badrumsspegel-badrumsspegel-vaggspegel-leds-ber-gs-switch-anti-dim-funktion-60-x-80-x-4-cm-vit.webp?fit=800%2C800&ssl=1","contentUrl":"https:\/\/i0.wp.com\/truusk.store\/wp-content\/uploads\/2024\/02\/badrumsspegel-badrumsspegel-vaggspegel-leds-ber-gs-switch-anti-dim-funktion-60-x-80-x-4-cm-vit.webp?fit=800%2C800&ssl=1","width":800,"height":800,"caption":"Badrumsspegel Badrumsspegel V\u00e4ggspegel LEDs. Ber, Gs Switch, Anti-dim Funktion, 60 X 80 X 4 Cm, Vit 1"},{"@type":"BreadcrumbList","@id":"https:\/\/truusk.store\/sv\/produkt\/truusk-badrumsspegel-med-leds-vaggspegel-med-ber-gs-switch-anti-dim-funktion-60-x-80-x-4-cm-vit\/#breadcrumb","itemListElement":[{"@type":"ListItem","position":1,"name":"Home","item":"https:\/\/truusk.store\/sv\/"},{"@type":"ListItem","position":2,"name":"Shop","item":"https:\/\/truusk.store\/shop\/"},{"@type":"ListItem","position":3,"name":"TRUUSK Badrumsspegel med LEDs &#8211; V\u00e4ggspegel med Ber, Gs Switch &#8211; Anti-dim Funktion &#8211; 60 x 80 x 4 cm &#8211; Vit"}]},{"@type":"WebSite","@id":"https:\/\/truusk.store\/sv\/#website","url":"https:\/\/truusk.store\/sv\/","name":"TRUUSK - Hem, Tr\u00e4dg\u00e5rd & Fritid","description":"","publisher":{"@id":"https:\/\/truusk.store\/sv\/#organization"},"potentialAction":[{"@type":"SearchAction","target":{"@type":"EntryPoint","urlTemplate":"https:\/\/truusk.store\/sv\/?s={search_term_string}"},"query-input":{"@type":"PropertyValueSpecification","valueRequired":true,"valueName":"search_term_string"}}],"inLanguage":"sv-SE"},{"@type":"Organization","@id":"https:\/\/truusk.store\/sv\/#organization","name":"TRUUSK - Hem, Tr\u00e4dg\u00e5rd & Fritid","url":"https:\/\/truusk.store\/sv\/","logo":{"@type":"ImageObject","inLanguage":"sv-SE","@id":"https:\/\/truusk.store\/sv\/#\/schema\/logo\/image\/","url":"https:\/\/i0.wp.com\/truusk.store\/wp-content\/uploads\/2026\/03\/cropped-TRUUSK.png?fit=2032%2C917&ssl=1","contentUrl":"https:\/\/i0.wp.com\/truusk.store\/wp-content\/uploads\/2026\/03\/cropped-TRUUSK.png?fit=2032%2C917&ssl=1","width":2032,"height":917,"caption":"TRUUSK - Hem, Tr\u00e4dg\u00e5rd & Fritid"},"image":{"@id":"https:\/\/truusk.store\/sv\/#\/schema\/logo\/image\/"}}]}},"jetpack_sharing_enabled":true,"_links":{"self":[{"href":"https:\/\/truusk.store\/sv\/wp-json\/wp\/v2\/product\/49052","targetHints":{"allow":["GET"]}}],"collection":[{"href":"https:\/\/truusk.store\/sv\/wp-json\/wp\/v2\/product"}],"about":[{"href":"https:\/\/truusk.store\/sv\/wp-json\/wp\/v2\/types\/product"}],"wp:featuredmedia":[{"embeddable":true,"href":"https:\/\/truusk.store\/sv\/wp-json\/wp\/v2\/media\/49053"}],"wp:attachment":[{"href":"https:\/\/truusk.store\/sv\/wp-json\/wp\/v2\/media?parent=49052"}],"wp:term":[{"taxonomy":"product_brand","embeddable":true,"href":"https:\/\/truusk.store\/sv\/wp-json\/wp\/v2\/product_brand?post=49052"},{"taxonomy":"product_cat","embeddable":true,"href":"https:\/\/truusk.store\/sv\/wp-json\/wp\/v2\/product_cat?post=49052"},{"taxonomy":"product_tag","embeddable":true,"href":"https:\/\/truusk.store\/sv\/wp-json\/wp\/v2\/product_tag?post=49052"}],"curies":[{"name":"wp","href":"https:\/\/api.w.org\/{rel}","templated":true}]}}