{"id":49063,"date":"2024-02-14T08:26:02","date_gmt":"2024-02-14T07:26:02","guid":{"rendered":"https:\/\/truusk.store\/product\/kontorsstol-skrivbordsstol-justerbar-i-hojdled-teddypals-50-cm-x-56-cm-x-90-cm-vit\/"},"modified":"2026-03-12T09:39:29","modified_gmt":"2026-03-12T08:39:29","slug":"truusk-skrivbordsstol-med-justerbar-hojd-teddypals-50-cm-x-56-cm-x-90-cm-vit","status":"publish","type":"product","link":"https:\/\/truusk.store\/sv\/produkt\/truusk-skrivbordsstol-med-justerbar-hojd-teddypals-50-cm-x-56-cm-x-90-cm-vit\/","title":{"rendered":"TRUUSK Skrivbordsstol med Justerbar H\u00f6jd &#8211; Teddyp\u00e4ls &#8211; 50 cm x 56 cm x 90 cm &#8211; Vit"},"content":{"rendered":"<p>Om du arbetar hemifr\u00e5n eller tillbringar mycket tid p\u00e5 kontoret beh\u00f6ver du en stol som h\u00e5ller n\u00e4r du pluggar inf\u00f6r ett viktigt slutprov eller arbetar med ett stort arbetsprojekt. Denna kontorsstol h\u00e4nger inte bara med utan \u00f6vertr\u00e4ffar f\u00f6rv\u00e4ntningarna med sin avslappnande, tjocka stoppning. Komfort och funktionalitet \u00e4r avg\u00f6rande f\u00f6r en kontorsstol p\u00e5 hemmakontoret, och att veta hur man s\u00e4kerst\u00e4ller detta.<\/p>\n<h3>Beskrivning:<\/h3>\n<ul>\n<li>\u00d6rondesign och fluffigt tyg som skapar en mysig atmosf\u00e4r<\/li>\n<li>Det b\u00f6jda ryggst\u00f6det och tjocka stoppningen ger st\u00f6d och komfort<\/li>\n<li>Tyget \u00e4r mjukt och bekv\u00e4mt<\/li>\n<li>Justerbar sitth\u00f6jd f\u00f6r att passa din sittst\u00e4llning<\/li>\n<li>Sv\u00e4ngbara hjul och s\u00e4te s\u00e4kerst\u00e4ller enkel och snabb r\u00f6rlighet<\/li>\n<li>Montering kr\u00e4vs<\/li>\n<\/ul>\n<h3>Teknisk data:<\/h3>\n<ul>\n<li>F\u00e4rg vit<\/li>\n<li>Material: Teddy fleece (100% polyester), st\u00e5l<\/li>\n<li>\u00d6vergripande m\u00e5tt: 50W x 56D x 80-90H cm<\/li>\n<li>Sitsstorlek: 47W x 45D cm<\/li>\n<li>Sitth\u00f6jd: 44-54 cm<\/li>\n<li>Ryggst\u00f6dsstorlek: 47W x 34H cm<\/li>\n<li>Viktkapacitet: 120 kg<\/li>\n<\/ul>\n<h3>Leveransens omfattning:<\/h3>\n<ul>\n<li>1 x Kontorsstol<\/li>\n<li>1 x manuell<\/li>\n<\/ul>\n","protected":false},"excerpt":{"rendered":"<p>Om du arbetar hemifr\u00e5n eller tillbringar mycket tid p\u00e5 kontoret beh\u00f6ver du en stol som h\u00e5ller n\u00e4r du pluggar inf\u00f6r&#8230;<\/p>\n","protected":false},"featured_media":49064,"template":"","meta":[],"product_brand":[],"product_cat":[485,516,515],"product_tag":[],"class_list":{"0":"post-49063","1":"product","2":"type-product","3":"status-publish","4":"has-post-thumbnail","6":"product_cat-hus-bo","7":"product_cat-kontorsstolar","8":"product_cat-stolar","10":"first","11":"instock","12":"sale","13":"taxable","14":"shipping-taxable","15":"purchasable","16":"product-type-simple"},"yoast_head":"<!-- This site is optimized with the Yoast SEO plugin v25.4 - https:\/\/yoast.com\/wordpress\/plugins\/seo\/ -->\n<title>TRUUSK Skrivbordsstol med Justerbar H\u00f6jd - Teddyp\u00e4ls - 50 cm x 56 cm x 90 cm - Vit - TRUUSK - Hem, Tr\u00e4dg\u00e5rd &amp; Fritid<\/title>\n<meta name=\"robots\" content=\"index, follow, max-snippet:-1, max-image-preview:large, max-video-preview:-1\" \/>\n<link rel=\"canonical\" href=\"https:\/\/truusk.store\/sv\/produkt\/truusk-skrivbordsstol-med-justerbar-hojd-teddypals-50-cm-x-56-cm-x-90-cm-vit\/\" \/>\n<meta property=\"og:locale\" content=\"sv_SE\" \/>\n<meta property=\"og:type\" content=\"article\" \/>\n<meta property=\"og:title\" content=\"TRUUSK Skrivbordsstol med Justerbar H\u00f6jd - Teddyp\u00e4ls - 50 cm x 56 cm x 90 cm - Vit - TRUUSK - Hem, Tr\u00e4dg\u00e5rd &amp; Fritid\" \/>\n<meta property=\"og:description\" content=\"Om du arbetar hemifr\u00e5n eller tillbringar mycket tid p\u00e5 kontoret beh\u00f6ver du en stol som h\u00e5ller n\u00e4r du pluggar inf\u00f6r...\" \/>\n<meta property=\"og:url\" content=\"https:\/\/truusk.store\/sv\/produkt\/truusk-skrivbordsstol-med-justerbar-hojd-teddypals-50-cm-x-56-cm-x-90-cm-vit\/\" \/>\n<meta property=\"og:site_name\" content=\"TRUUSK - Hem, Tr\u00e4dg\u00e5rd &amp; Fritid\" \/>\n<meta property=\"article:modified_time\" content=\"2026-03-12T08:39:29+00:00\" \/>\n<meta property=\"og:image\" content=\"https:\/\/i0.wp.com\/truusk.se\/wp-content\/uploads\/2024\/02\/kontorsstol-skrivbordsstol-justerbar-i-hojdled-teddypals-50-cm-x-56-cm-x-90-cm-vit.webp?fit=800%2C800&ssl=1\" \/>\n\t<meta property=\"og:image:width\" content=\"800\" \/>\n\t<meta property=\"og:image:height\" content=\"800\" \/>\n\t<meta property=\"og:image:type\" content=\"image\/webp\" \/>\n<meta name=\"twitter:card\" content=\"summary_large_image\" \/>\n<meta name=\"twitter:label1\" content=\"Ber\u00e4knad l\u00e4stid\" \/>\n\t<meta name=\"twitter:data1\" content=\"1 minut\" \/>\n<!-- \/ Yoast SEO plugin. -->","yoast_head_json":{"title":"TRUUSK Skrivbordsstol med Justerbar H\u00f6jd - Teddyp\u00e4ls - 50 cm x 56 cm x 90 cm - Vit - TRUUSK - Hem, Tr\u00e4dg\u00e5rd &amp; Fritid","robots":{"index":"index","follow":"follow","max-snippet":"max-snippet:-1","max-image-preview":"max-image-preview:large","max-video-preview":"max-video-preview:-1"},"canonical":"https:\/\/truusk.store\/sv\/produkt\/truusk-skrivbordsstol-med-justerbar-hojd-teddypals-50-cm-x-56-cm-x-90-cm-vit\/","og_locale":"sv_SE","og_type":"article","og_title":"TRUUSK Skrivbordsstol med Justerbar H\u00f6jd - Teddyp\u00e4ls - 50 cm x 56 cm x 90 cm - Vit - TRUUSK - Hem, Tr\u00e4dg\u00e5rd &amp; Fritid","og_description":"Om du arbetar hemifr\u00e5n eller tillbringar mycket tid p\u00e5 kontoret beh\u00f6ver du en stol som h\u00e5ller n\u00e4r du pluggar inf\u00f6r...","og_url":"https:\/\/truusk.store\/sv\/produkt\/truusk-skrivbordsstol-med-justerbar-hojd-teddypals-50-cm-x-56-cm-x-90-cm-vit\/","og_site_name":"TRUUSK - Hem, Tr\u00e4dg\u00e5rd &amp; Fritid","article_modified_time":"2026-03-12T08:39:29+00:00","og_image":[{"width":800,"height":800,"url":"https:\/\/i0.wp.com\/truusk.se\/wp-content\/uploads\/2024\/02\/kontorsstol-skrivbordsstol-justerbar-i-hojdled-teddypals-50-cm-x-56-cm-x-90-cm-vit.webp?fit=800%2C800&ssl=1","type":"image\/webp"}],"twitter_card":"summary_large_image","twitter_misc":{"Ber\u00e4knad l\u00e4stid":"1 minut"},"schema":{"@context":"https:\/\/schema.org","@graph":[{"@type":"WebPage","@id":"https:\/\/truusk.store\/sv\/produkt\/truusk-skrivbordsstol-med-justerbar-hojd-teddypals-50-cm-x-56-cm-x-90-cm-vit\/","url":"https:\/\/truusk.store\/sv\/produkt\/truusk-skrivbordsstol-med-justerbar-hojd-teddypals-50-cm-x-56-cm-x-90-cm-vit\/","name":"TRUUSK Skrivbordsstol med Justerbar H\u00f6jd - Teddyp\u00e4ls - 50 cm x 56 cm x 90 cm - Vit - TRUUSK - Hem, Tr\u00e4dg\u00e5rd &amp; Fritid","isPartOf":{"@id":"https:\/\/truusk.store\/sv\/#website"},"primaryImageOfPage":{"@id":"https:\/\/truusk.store\/sv\/produkt\/truusk-skrivbordsstol-med-justerbar-hojd-teddypals-50-cm-x-56-cm-x-90-cm-vit\/#primaryimage"},"image":{"@id":"https:\/\/truusk.store\/sv\/produkt\/truusk-skrivbordsstol-med-justerbar-hojd-teddypals-50-cm-x-56-cm-x-90-cm-vit\/#primaryimage"},"thumbnailUrl":"https:\/\/i0.wp.com\/truusk.store\/wp-content\/uploads\/2024\/02\/kontorsstol-skrivbordsstol-justerbar-i-hojdled-teddypals-50-cm-x-56-cm-x-90-cm-vit.webp?fit=800%2C800&ssl=1","datePublished":"2024-02-14T07:26:02+00:00","dateModified":"2026-03-12T08:39:29+00:00","breadcrumb":{"@id":"https:\/\/truusk.store\/sv\/produkt\/truusk-skrivbordsstol-med-justerbar-hojd-teddypals-50-cm-x-56-cm-x-90-cm-vit\/#breadcrumb"},"inLanguage":"sv-SE","potentialAction":[{"@type":"ReadAction","target":["https:\/\/truusk.store\/sv\/produkt\/truusk-skrivbordsstol-med-justerbar-hojd-teddypals-50-cm-x-56-cm-x-90-cm-vit\/"]}]},{"@type":"ImageObject","inLanguage":"sv-SE","@id":"https:\/\/truusk.store\/sv\/produkt\/truusk-skrivbordsstol-med-justerbar-hojd-teddypals-50-cm-x-56-cm-x-90-cm-vit\/#primaryimage","url":"https:\/\/i0.wp.com\/truusk.store\/wp-content\/uploads\/2024\/02\/kontorsstol-skrivbordsstol-justerbar-i-hojdled-teddypals-50-cm-x-56-cm-x-90-cm-vit.webp?fit=800%2C800&ssl=1","contentUrl":"https:\/\/i0.wp.com\/truusk.store\/wp-content\/uploads\/2024\/02\/kontorsstol-skrivbordsstol-justerbar-i-hojdled-teddypals-50-cm-x-56-cm-x-90-cm-vit.webp?fit=800%2C800&ssl=1","width":800,"height":800,"caption":"Kontorsstol Skrivbordsstol, Justerbar I H\u00f6jdled, Teddyp\u00e4ls, 50 Cm X 56 Cm X 90 Cm, Vit 1"},{"@type":"BreadcrumbList","@id":"https:\/\/truusk.store\/sv\/produkt\/truusk-skrivbordsstol-med-justerbar-hojd-teddypals-50-cm-x-56-cm-x-90-cm-vit\/#breadcrumb","itemListElement":[{"@type":"ListItem","position":1,"name":"Home","item":"https:\/\/truusk.store\/sv\/"},{"@type":"ListItem","position":2,"name":"Shop","item":"https:\/\/truusk.store\/shop\/"},{"@type":"ListItem","position":3,"name":"TRUUSK Skrivbordsstol med Justerbar H\u00f6jd &#8211; Teddyp\u00e4ls &#8211; 50 cm x 56 cm x 90 cm &#8211; Vit"}]},{"@type":"WebSite","@id":"https:\/\/truusk.store\/sv\/#website","url":"https:\/\/truusk.store\/sv\/","name":"TRUUSK - Hem, Tr\u00e4dg\u00e5rd & Fritid","description":"","publisher":{"@id":"https:\/\/truusk.store\/sv\/#organization"},"potentialAction":[{"@type":"SearchAction","target":{"@type":"EntryPoint","urlTemplate":"https:\/\/truusk.store\/sv\/?s={search_term_string}"},"query-input":{"@type":"PropertyValueSpecification","valueRequired":true,"valueName":"search_term_string"}}],"inLanguage":"sv-SE"},{"@type":"Organization","@id":"https:\/\/truusk.store\/sv\/#organization","name":"TRUUSK - Hem, Tr\u00e4dg\u00e5rd & Fritid","url":"https:\/\/truusk.store\/sv\/","logo":{"@type":"ImageObject","inLanguage":"sv-SE","@id":"https:\/\/truusk.store\/sv\/#\/schema\/logo\/image\/","url":"https:\/\/i0.wp.com\/truusk.store\/wp-content\/uploads\/2026\/03\/cropped-TRUUSK.png?fit=2032%2C917&ssl=1","contentUrl":"https:\/\/i0.wp.com\/truusk.store\/wp-content\/uploads\/2026\/03\/cropped-TRUUSK.png?fit=2032%2C917&ssl=1","width":2032,"height":917,"caption":"TRUUSK - Hem, Tr\u00e4dg\u00e5rd & Fritid"},"image":{"@id":"https:\/\/truusk.store\/sv\/#\/schema\/logo\/image\/"}}]}},"jetpack_sharing_enabled":true,"_links":{"self":[{"href":"https:\/\/truusk.store\/sv\/wp-json\/wp\/v2\/product\/49063","targetHints":{"allow":["GET"]}}],"collection":[{"href":"https:\/\/truusk.store\/sv\/wp-json\/wp\/v2\/product"}],"about":[{"href":"https:\/\/truusk.store\/sv\/wp-json\/wp\/v2\/types\/product"}],"wp:featuredmedia":[{"embeddable":true,"href":"https:\/\/truusk.store\/sv\/wp-json\/wp\/v2\/media\/49064"}],"wp:attachment":[{"href":"https:\/\/truusk.store\/sv\/wp-json\/wp\/v2\/media?parent=49063"}],"wp:term":[{"taxonomy":"product_brand","embeddable":true,"href":"https:\/\/truusk.store\/sv\/wp-json\/wp\/v2\/product_brand?post=49063"},{"taxonomy":"product_cat","embeddable":true,"href":"https:\/\/truusk.store\/sv\/wp-json\/wp\/v2\/product_cat?post=49063"},{"taxonomy":"product_tag","embeddable":true,"href":"https:\/\/truusk.store\/sv\/wp-json\/wp\/v2\/product_tag?post=49063"}],"curies":[{"name":"wp","href":"https:\/\/api.w.org\/{rel}","templated":true}]}}