{"id":49295,"date":"2024-02-28T22:40:15","date_gmt":"2024-02-28T21:40:15","guid":{"rendered":"https:\/\/truusk.store\/product\/dog-buggy-pet-buggy-hundvagn-vikbar-avtagbar-korg-81-x-58-x-975-cm-svart-bla-vit\/"},"modified":"2026-03-12T09:38:11","modified_gmt":"2026-03-12T08:38:11","slug":"truusk-hundvagn-och-kattvagn-vikbar-regnskydd-natventiler-kudde-for-hundar-och-katter-upp-till-10-kg-khaki","status":"publish","type":"product","link":"https:\/\/truusk.store\/sv\/produkt\/truusk-hundvagn-och-kattvagn-vikbar-regnskydd-natventiler-kudde-for-hundar-och-katter-upp-till-10-kg-khaki\/","title":{"rendered":"TRUUSK Hundvagn och Kattvagn &#8211; Vikbar &#8211; Regnskydd &#8211; N\u00e4tventiler &#8211; Kudde &#8211; F\u00f6r Hundar och Katter upp till 10 kg &#8211; Khaki"},"content":{"rendered":"<p>Kattvagnen \u00e4r en praktisk l\u00f6sning f\u00f6r djur\u00e4gare som \u00e4r mycket p\u00e5 spr\u00e5ng. Dess vikbara ram m\u00f6jligg\u00f6r enkel f\u00f6rvaring och transport, perfekt f\u00f6r resor. Den mjuka stoppningen ger en bekv\u00e4m plats f\u00f6r ditt husdjur under promenader. Tv\u00e5 s\u00e4kerhetslinor och tv\u00e5 bakbromsar garanterar ditt djurs s\u00e4kerhet. Hundvagnen \u00e4r ett bra val f\u00f6r djur\u00e4gare som vill resa med sitt husdjur.<\/p>\n<h3>Beskrivning:<\/h3>\n<ul>\n<li>Kan \u00e4ven anv\u00e4ndas som husdjursv\u00e4ska<\/li>\n<li>Mjuk stoppning p\u00e5 hundvagnen f\u00f6r mer komfort<\/li>\n<li>Universal EVA-hjul p\u00e5 hundvagnen fram och sv\u00e4ngbara hjul bak med bromsar<\/li>\n<li>Tren med dragkedja och ett meshf\u00f6nster<\/li>\n<li>En kattvagnsp\u00e5se f\u00f6r leksaker och mat<\/li>\n<li>Tv\u00e5 handtag p\u00e5 kattvagnen och justerbara axelband f\u00f6r mer flexibilitet<\/li>\n<li>. Hundvagnen kan enkelt f\u00e4llas ihop<\/li>\n<li>L\u00e4mplig f\u00f6r sm\u00e5 och mycket sm\u00e5 hundar upp till 10 kg och 40 cm l\u00e5nga<\/li>\n<li>Montering kr\u00e4vs<\/li>\n<\/ul>\n<h3>Teknisk data:<\/h3>\n<ul>\n<li>m\u00f6rkbl\u00e5<\/li>\n<li>Material: Oxfordduk, st\u00e5l, EVA<\/li>\n<li>Totalstorlek: 81L x 58W x 97,5H cm<\/li>\n<li>Huvudkroppsstorlek: 60L x 37W x 39H cm<\/li>\n<li>Vikbar storlek: 78L x 58W x 27H cm (ram), 39L x 37W x 12H cm (st\u00f6d)<\/li>\n<li>Justerbart s\u00e4kerhetskoppel l\u00e4ngd: 26-51 cm<\/li>\n<li>V\u00e4ska: 22W x 20H cm<\/li>\n<li>Vaddering: 59L x 35W x 2,5H cm<\/li>\n<li>Bandets l\u00e4ngd: 60-118 cm<\/li>\n<li>Hjul: 6&#8243; (fram), 8&#8243; (bak)<\/li>\n<li>Max belastning: 15 kg<\/li>\n<\/ul>\n<h3>Leveransens omfattning:<\/h3>\n<ul>\n<li>1 x husdjursvagn<\/li>\n<li>1 x manuell<\/li>\n<\/ul>\n","protected":false},"excerpt":{"rendered":"<p>Kattvagnen \u00e4r en praktisk l\u00f6sning f\u00f6r djur\u00e4gare som \u00e4r mycket p\u00e5 spr\u00e5ng. Dess vikbara ram m\u00f6jligg\u00f6r enkel f\u00f6rvaring och transport,&#8230;<\/p>\n","protected":false},"featured_media":49296,"template":"","meta":[],"product_brand":[],"product_cat":[574,579,573],"product_tag":[],"class_list":{"0":"post-49295","1":"product","2":"type-product","3":"status-publish","4":"has-post-thumbnail","6":"product_cat-hundtillbehor","7":"product_cat-hundvagn","8":"product_cat-husdjursmaterial","10":"first","11":"instock","12":"sale","13":"taxable","14":"shipping-taxable","15":"purchasable","16":"product-type-simple"},"yoast_head":"<!-- This site is optimized with the Yoast SEO plugin v25.4 - https:\/\/yoast.com\/wordpress\/plugins\/seo\/ -->\n<title>TRUUSK Hundvagn och Kattvagn - Vikbar - Regnskydd - N\u00e4tventiler - Kudde - F\u00f6r Hundar och Katter upp till 10 kg - Khaki - TRUUSK - Hem, Tr\u00e4dg\u00e5rd &amp; Fritid<\/title>\n<meta name=\"robots\" content=\"index, follow, max-snippet:-1, max-image-preview:large, max-video-preview:-1\" \/>\n<link rel=\"canonical\" href=\"https:\/\/truusk.store\/sv\/produkt\/truusk-hundvagn-och-kattvagn-vikbar-regnskydd-natventiler-kudde-for-hundar-och-katter-upp-till-10-kg-khaki\/\" \/>\n<meta property=\"og:locale\" content=\"sv_SE\" \/>\n<meta property=\"og:type\" content=\"article\" \/>\n<meta property=\"og:title\" content=\"TRUUSK Hundvagn och Kattvagn - Vikbar - Regnskydd - N\u00e4tventiler - Kudde - F\u00f6r Hundar och Katter upp till 10 kg - Khaki - TRUUSK - Hem, Tr\u00e4dg\u00e5rd &amp; Fritid\" \/>\n<meta property=\"og:description\" content=\"Kattvagnen \u00e4r en praktisk l\u00f6sning f\u00f6r djur\u00e4gare som \u00e4r mycket p\u00e5 spr\u00e5ng. Dess vikbara ram m\u00f6jligg\u00f6r enkel f\u00f6rvaring och transport,...\" \/>\n<meta property=\"og:url\" content=\"https:\/\/truusk.store\/sv\/produkt\/truusk-hundvagn-och-kattvagn-vikbar-regnskydd-natventiler-kudde-for-hundar-och-katter-upp-till-10-kg-khaki\/\" \/>\n<meta property=\"og:site_name\" content=\"TRUUSK - Hem, Tr\u00e4dg\u00e5rd &amp; Fritid\" \/>\n<meta property=\"article:modified_time\" content=\"2026-03-12T08:38:11+00:00\" \/>\n<meta property=\"og:image\" content=\"https:\/\/i0.wp.com\/truusk.se\/wp-content\/uploads\/2024\/02\/dog-buggy-pet-buggy-hundvagn-vikbar-avtagbar-korg-81-x-58-x-975-cm-svart-bla-vit.webp?fit=800%2C800&ssl=1\" \/>\n\t<meta property=\"og:image:width\" content=\"800\" \/>\n\t<meta property=\"og:image:height\" content=\"800\" \/>\n\t<meta property=\"og:image:type\" content=\"image\/webp\" \/>\n<meta name=\"twitter:card\" content=\"summary_large_image\" \/>\n<meta name=\"twitter:label1\" content=\"Ber\u00e4knad l\u00e4stid\" \/>\n\t<meta name=\"twitter:data1\" content=\"1 minut\" \/>\n<!-- \/ Yoast SEO plugin. -->","yoast_head_json":{"title":"TRUUSK Hundvagn och Kattvagn - Vikbar - Regnskydd - N\u00e4tventiler - Kudde - F\u00f6r Hundar och Katter upp till 10 kg - Khaki - TRUUSK - Hem, Tr\u00e4dg\u00e5rd &amp; Fritid","robots":{"index":"index","follow":"follow","max-snippet":"max-snippet:-1","max-image-preview":"max-image-preview:large","max-video-preview":"max-video-preview:-1"},"canonical":"https:\/\/truusk.store\/sv\/produkt\/truusk-hundvagn-och-kattvagn-vikbar-regnskydd-natventiler-kudde-for-hundar-och-katter-upp-till-10-kg-khaki\/","og_locale":"sv_SE","og_type":"article","og_title":"TRUUSK Hundvagn och Kattvagn - Vikbar - Regnskydd - N\u00e4tventiler - Kudde - F\u00f6r Hundar och Katter upp till 10 kg - Khaki - TRUUSK - Hem, Tr\u00e4dg\u00e5rd &amp; Fritid","og_description":"Kattvagnen \u00e4r en praktisk l\u00f6sning f\u00f6r djur\u00e4gare som \u00e4r mycket p\u00e5 spr\u00e5ng. Dess vikbara ram m\u00f6jligg\u00f6r enkel f\u00f6rvaring och transport,...","og_url":"https:\/\/truusk.store\/sv\/produkt\/truusk-hundvagn-och-kattvagn-vikbar-regnskydd-natventiler-kudde-for-hundar-och-katter-upp-till-10-kg-khaki\/","og_site_name":"TRUUSK - Hem, Tr\u00e4dg\u00e5rd &amp; Fritid","article_modified_time":"2026-03-12T08:38:11+00:00","og_image":[{"width":800,"height":800,"url":"https:\/\/i0.wp.com\/truusk.se\/wp-content\/uploads\/2024\/02\/dog-buggy-pet-buggy-hundvagn-vikbar-avtagbar-korg-81-x-58-x-975-cm-svart-bla-vit.webp?fit=800%2C800&ssl=1","type":"image\/webp"}],"twitter_card":"summary_large_image","twitter_misc":{"Ber\u00e4knad l\u00e4stid":"1 minut"},"schema":{"@context":"https:\/\/schema.org","@graph":[{"@type":"WebPage","@id":"https:\/\/truusk.store\/sv\/produkt\/truusk-hundvagn-och-kattvagn-vikbar-regnskydd-natventiler-kudde-for-hundar-och-katter-upp-till-10-kg-khaki\/","url":"https:\/\/truusk.store\/sv\/produkt\/truusk-hundvagn-och-kattvagn-vikbar-regnskydd-natventiler-kudde-for-hundar-och-katter-upp-till-10-kg-khaki\/","name":"TRUUSK Hundvagn och Kattvagn - Vikbar - Regnskydd - N\u00e4tventiler - Kudde - F\u00f6r Hundar och Katter upp till 10 kg - Khaki - TRUUSK - Hem, Tr\u00e4dg\u00e5rd &amp; Fritid","isPartOf":{"@id":"https:\/\/truusk.store\/sv\/#website"},"primaryImageOfPage":{"@id":"https:\/\/truusk.store\/sv\/produkt\/truusk-hundvagn-och-kattvagn-vikbar-regnskydd-natventiler-kudde-for-hundar-och-katter-upp-till-10-kg-khaki\/#primaryimage"},"image":{"@id":"https:\/\/truusk.store\/sv\/produkt\/truusk-hundvagn-och-kattvagn-vikbar-regnskydd-natventiler-kudde-for-hundar-och-katter-upp-till-10-kg-khaki\/#primaryimage"},"thumbnailUrl":"https:\/\/i0.wp.com\/truusk.store\/wp-content\/uploads\/2024\/02\/dog-buggy-pet-buggy-hundvagn-vikbar-avtagbar-korg-81-x-58-x-975-cm-svart-bla-vit.webp?fit=800%2C800&ssl=1","datePublished":"2024-02-28T21:40:15+00:00","dateModified":"2026-03-12T08:38:11+00:00","breadcrumb":{"@id":"https:\/\/truusk.store\/sv\/produkt\/truusk-hundvagn-och-kattvagn-vikbar-regnskydd-natventiler-kudde-for-hundar-och-katter-upp-till-10-kg-khaki\/#breadcrumb"},"inLanguage":"sv-SE","potentialAction":[{"@type":"ReadAction","target":["https:\/\/truusk.store\/sv\/produkt\/truusk-hundvagn-och-kattvagn-vikbar-regnskydd-natventiler-kudde-for-hundar-och-katter-upp-till-10-kg-khaki\/"]}]},{"@type":"ImageObject","inLanguage":"sv-SE","@id":"https:\/\/truusk.store\/sv\/produkt\/truusk-hundvagn-och-kattvagn-vikbar-regnskydd-natventiler-kudde-for-hundar-och-katter-upp-till-10-kg-khaki\/#primaryimage","url":"https:\/\/i0.wp.com\/truusk.store\/wp-content\/uploads\/2024\/02\/dog-buggy-pet-buggy-hundvagn-vikbar-avtagbar-korg-81-x-58-x-975-cm-svart-bla-vit.webp?fit=800%2C800&ssl=1","contentUrl":"https:\/\/i0.wp.com\/truusk.store\/wp-content\/uploads\/2024\/02\/dog-buggy-pet-buggy-hundvagn-vikbar-avtagbar-korg-81-x-58-x-975-cm-svart-bla-vit.webp?fit=800%2C800&ssl=1","width":800,"height":800,"caption":"Dog Buggy Pet Buggy Hundvagn Vikbar Avtagbar Korg 81 X 58 X 97,5 Cm Svart + Bl\u00e5 + Vit 1"},{"@type":"BreadcrumbList","@id":"https:\/\/truusk.store\/sv\/produkt\/truusk-hundvagn-och-kattvagn-vikbar-regnskydd-natventiler-kudde-for-hundar-och-katter-upp-till-10-kg-khaki\/#breadcrumb","itemListElement":[{"@type":"ListItem","position":1,"name":"Home","item":"https:\/\/truusk.store\/sv\/"},{"@type":"ListItem","position":2,"name":"Shop","item":"https:\/\/truusk.store\/shop\/"},{"@type":"ListItem","position":3,"name":"TRUUSK Hundvagn och Kattvagn &#8211; Vikbar &#8211; Regnskydd &#8211; N\u00e4tventiler &#8211; Kudde &#8211; F\u00f6r Hundar och Katter upp till 10 kg &#8211; Khaki"}]},{"@type":"WebSite","@id":"https:\/\/truusk.store\/sv\/#website","url":"https:\/\/truusk.store\/sv\/","name":"TRUUSK - Hem, Tr\u00e4dg\u00e5rd & Fritid","description":"","publisher":{"@id":"https:\/\/truusk.store\/sv\/#organization"},"potentialAction":[{"@type":"SearchAction","target":{"@type":"EntryPoint","urlTemplate":"https:\/\/truusk.store\/sv\/?s={search_term_string}"},"query-input":{"@type":"PropertyValueSpecification","valueRequired":true,"valueName":"search_term_string"}}],"inLanguage":"sv-SE"},{"@type":"Organization","@id":"https:\/\/truusk.store\/sv\/#organization","name":"TRUUSK - Hem, Tr\u00e4dg\u00e5rd & Fritid","url":"https:\/\/truusk.store\/sv\/","logo":{"@type":"ImageObject","inLanguage":"sv-SE","@id":"https:\/\/truusk.store\/sv\/#\/schema\/logo\/image\/","url":"https:\/\/i0.wp.com\/truusk.store\/wp-content\/uploads\/2026\/03\/cropped-TRUUSK.png?fit=2032%2C917&ssl=1","contentUrl":"https:\/\/i0.wp.com\/truusk.store\/wp-content\/uploads\/2026\/03\/cropped-TRUUSK.png?fit=2032%2C917&ssl=1","width":2032,"height":917,"caption":"TRUUSK - Hem, Tr\u00e4dg\u00e5rd & Fritid"},"image":{"@id":"https:\/\/truusk.store\/sv\/#\/schema\/logo\/image\/"}}]}},"jetpack_sharing_enabled":true,"_links":{"self":[{"href":"https:\/\/truusk.store\/sv\/wp-json\/wp\/v2\/product\/49295","targetHints":{"allow":["GET"]}}],"collection":[{"href":"https:\/\/truusk.store\/sv\/wp-json\/wp\/v2\/product"}],"about":[{"href":"https:\/\/truusk.store\/sv\/wp-json\/wp\/v2\/types\/product"}],"wp:featuredmedia":[{"embeddable":true,"href":"https:\/\/truusk.store\/sv\/wp-json\/wp\/v2\/media\/49296"}],"wp:attachment":[{"href":"https:\/\/truusk.store\/sv\/wp-json\/wp\/v2\/media?parent=49295"}],"wp:term":[{"taxonomy":"product_brand","embeddable":true,"href":"https:\/\/truusk.store\/sv\/wp-json\/wp\/v2\/product_brand?post=49295"},{"taxonomy":"product_cat","embeddable":true,"href":"https:\/\/truusk.store\/sv\/wp-json\/wp\/v2\/product_cat?post=49295"},{"taxonomy":"product_tag","embeddable":true,"href":"https:\/\/truusk.store\/sv\/wp-json\/wp\/v2\/product_tag?post=49295"}],"curies":[{"name":"wp","href":"https:\/\/api.w.org\/{rel}","templated":true}]}}