{"id":49306,"date":"2024-02-28T22:50:11","date_gmt":"2024-02-28T21:50:11","guid":{"rendered":"https:\/\/truusk.store\/product\/hundvagn-for-husdjur-hopfallbar-regnskydd-2-sakerhetslinor-83cm-x-55cm-x-101cm-gra-svart\/"},"modified":"2026-03-12T09:38:09","modified_gmt":"2026-03-12T08:38:09","slug":"truusk-hundvagn-for-husdjur-hopfallbar-med-regnskydd-2-sakerhetslinor-83cm-x-55cm-x-101cm-gra-svart","status":"publish","type":"product","link":"https:\/\/truusk.store\/sv\/produkt\/truusk-hundvagn-for-husdjur-hopfallbar-med-regnskydd-2-sakerhetslinor-83cm-x-55cm-x-101cm-gra-svart\/","title":{"rendered":"TRUUSK Hundvagn f\u00f6r Husdjur &#8211; Hopf\u00e4llbar med Regnskydd &#8211; 2 S\u00e4kerhetslinor &#8211; 83cm x 55cm x 101cm &#8211; Gr\u00e5 + Svart"},"content":{"rendered":"<p>De sitter i den rymliga kabinen medan vinden bl\u00e5ser genom kattvagnens n\u00e4tf\u00f6nster och h\u00e5ller dem svala. D\u00f6rrarna har dragkedjor f\u00f6r att underl\u00e4tta intr\u00e4det. Inuti \u00e4r de s\u00e4krade till tv\u00e5 linjer. Efter resan kan kattvagnen enkelt f\u00e4llas ihop och f\u00f6rvaras f\u00f6r att spara utrymme. Den \u00e4r gjord av en robust st\u00e5lram och \u00e4r en fantastisk hundvagn f\u00f6r dina valpar.<\/p>\n<h3>Beskrivning:<\/h3>\n<ul>\n<li>L\u00e4tt hopf\u00e4llbar f\u00f6r enkel f\u00f6rvaring och transport<\/li>\n<li>Mjuk stoppning p\u00e5 kattvagnen f\u00f6r mer komfort<\/li>\n<li>Ett EVA universalhjul fram och tv\u00e5 styrbara hjul bak med bromsar<\/li>\n<li>En justerbar kapell i tre l\u00e4gen, d\u00f6rrar med dragkedja och ett n\u00e4tf\u00f6nster<\/li>\n<li>En p\u00e5se och en bottenkorg p\u00e5 hundvagnen f\u00f6r f\u00f6rvaring av leksaker och mat<\/li>\n<li>Utrustad med regnskydd, praktiskt f\u00f6r resor under regniga dagar<\/li>\n<li>L\u00e4mplig f\u00f6r sm\u00e5 och mycket sm\u00e5 hundar upp till 10 kg och en maximal kroppsl\u00e4ngd p\u00e5 35 cm<\/li>\n<li>Montering kr\u00e4vs<\/li>\n<\/ul>\n<h3>Teknisk data:<\/h3>\n<ul>\n<li>F\u00e4rg gr\u00e5<\/li>\n<li>Material: Oxfordduk, st\u00e5l, EVA<\/li>\n<li>Totalstorlek: 83L x 55W x 101H cm<\/li>\n<li>Huvudkroppsstorlek: 55L x 35W x 51\/21H cm (med\/utan kapell)<\/li>\n<li>Vikbar storlek: 85L x 55W x 25H cm<\/li>\n<li>Justerbar l\u00e4ngd p\u00e5 s\u00e4kerhetskoppel: 30-50 cm<\/li>\n<li>V\u00e4ska: 31,5W x 18H cm<\/li>\n<li>Vaddering: 53,5L x 32W x 2,5H cm<\/li>\n<li>Hjul: 6,5&#8243; (fram), 7,5&#8243; (bak)<\/li>\n<li>Regnskydd: 55L x 36W x 75\/65Hcm (fram\/bak)<\/li>\n<li>Max belastning: 15 kg<\/li>\n<\/ul>\n<h3>Leveransens omfattning:<\/h3>\n<ul>\n<li>1 x husdjursvagn<\/li>\n<li>1 x Regnskydd<\/li>\n<li>1 x manuell<\/li>\n<\/ul>\n","protected":false},"excerpt":{"rendered":"<p>De sitter i den rymliga kabinen medan vinden bl\u00e5ser genom kattvagnens n\u00e4tf\u00f6nster och h\u00e5ller dem svala. D\u00f6rrarna har dragkedjor f\u00f6r&#8230;<\/p>\n","protected":false},"featured_media":49307,"template":"","meta":[],"product_brand":[],"product_cat":[574,579,573],"product_tag":[],"class_list":{"0":"post-49306","1":"product","2":"type-product","3":"status-publish","4":"has-post-thumbnail","6":"product_cat-hundtillbehor","7":"product_cat-hundvagn","8":"product_cat-husdjursmaterial","10":"first","11":"instock","12":"sale","13":"taxable","14":"shipping-taxable","15":"purchasable","16":"product-type-simple"},"yoast_head":"<!-- This site is optimized with the Yoast SEO plugin v25.4 - https:\/\/yoast.com\/wordpress\/plugins\/seo\/ -->\n<title>TRUUSK Hundvagn f\u00f6r Husdjur - Hopf\u00e4llbar med Regnskydd - 2 S\u00e4kerhetslinor - 83cm x 55cm x 101cm - Gr\u00e5 + Svart - TRUUSK - Hem, Tr\u00e4dg\u00e5rd &amp; Fritid<\/title>\n<meta name=\"robots\" content=\"index, follow, max-snippet:-1, max-image-preview:large, max-video-preview:-1\" \/>\n<link rel=\"canonical\" href=\"https:\/\/truusk.store\/sv\/produkt\/truusk-hundvagn-for-husdjur-hopfallbar-med-regnskydd-2-sakerhetslinor-83cm-x-55cm-x-101cm-gra-svart\/\" \/>\n<meta property=\"og:locale\" content=\"sv_SE\" \/>\n<meta property=\"og:type\" content=\"article\" \/>\n<meta property=\"og:title\" content=\"TRUUSK Hundvagn f\u00f6r Husdjur - Hopf\u00e4llbar med Regnskydd - 2 S\u00e4kerhetslinor - 83cm x 55cm x 101cm - Gr\u00e5 + Svart - TRUUSK - Hem, Tr\u00e4dg\u00e5rd &amp; Fritid\" \/>\n<meta property=\"og:description\" content=\"De sitter i den rymliga kabinen medan vinden bl\u00e5ser genom kattvagnens n\u00e4tf\u00f6nster och h\u00e5ller dem svala. D\u00f6rrarna har dragkedjor f\u00f6r...\" \/>\n<meta property=\"og:url\" content=\"https:\/\/truusk.store\/sv\/produkt\/truusk-hundvagn-for-husdjur-hopfallbar-med-regnskydd-2-sakerhetslinor-83cm-x-55cm-x-101cm-gra-svart\/\" \/>\n<meta property=\"og:site_name\" content=\"TRUUSK - Hem, Tr\u00e4dg\u00e5rd &amp; Fritid\" \/>\n<meta property=\"article:modified_time\" content=\"2026-03-12T08:38:09+00:00\" \/>\n<meta property=\"og:image\" content=\"https:\/\/i0.wp.com\/truusk.se\/wp-content\/uploads\/2024\/02\/hundvagn-for-husdjur-hopfallbar-regnskydd-2-sakerhetslinor-83cm-x-55cm-x-101cm-gra-svart.webp?fit=800%2C800&ssl=1\" \/>\n\t<meta property=\"og:image:width\" content=\"800\" \/>\n\t<meta property=\"og:image:height\" content=\"800\" \/>\n\t<meta property=\"og:image:type\" content=\"image\/webp\" \/>\n<meta name=\"twitter:card\" content=\"summary_large_image\" \/>\n<meta name=\"twitter:label1\" content=\"Ber\u00e4knad l\u00e4stid\" \/>\n\t<meta name=\"twitter:data1\" content=\"1 minut\" \/>\n<!-- \/ Yoast SEO plugin. -->","yoast_head_json":{"title":"TRUUSK Hundvagn f\u00f6r Husdjur - Hopf\u00e4llbar med Regnskydd - 2 S\u00e4kerhetslinor - 83cm x 55cm x 101cm - Gr\u00e5 + Svart - TRUUSK - Hem, Tr\u00e4dg\u00e5rd &amp; Fritid","robots":{"index":"index","follow":"follow","max-snippet":"max-snippet:-1","max-image-preview":"max-image-preview:large","max-video-preview":"max-video-preview:-1"},"canonical":"https:\/\/truusk.store\/sv\/produkt\/truusk-hundvagn-for-husdjur-hopfallbar-med-regnskydd-2-sakerhetslinor-83cm-x-55cm-x-101cm-gra-svart\/","og_locale":"sv_SE","og_type":"article","og_title":"TRUUSK Hundvagn f\u00f6r Husdjur - Hopf\u00e4llbar med Regnskydd - 2 S\u00e4kerhetslinor - 83cm x 55cm x 101cm - Gr\u00e5 + Svart - TRUUSK - Hem, Tr\u00e4dg\u00e5rd &amp; Fritid","og_description":"De sitter i den rymliga kabinen medan vinden bl\u00e5ser genom kattvagnens n\u00e4tf\u00f6nster och h\u00e5ller dem svala. D\u00f6rrarna har dragkedjor f\u00f6r...","og_url":"https:\/\/truusk.store\/sv\/produkt\/truusk-hundvagn-for-husdjur-hopfallbar-med-regnskydd-2-sakerhetslinor-83cm-x-55cm-x-101cm-gra-svart\/","og_site_name":"TRUUSK - Hem, Tr\u00e4dg\u00e5rd &amp; Fritid","article_modified_time":"2026-03-12T08:38:09+00:00","og_image":[{"width":800,"height":800,"url":"https:\/\/i0.wp.com\/truusk.se\/wp-content\/uploads\/2024\/02\/hundvagn-for-husdjur-hopfallbar-regnskydd-2-sakerhetslinor-83cm-x-55cm-x-101cm-gra-svart.webp?fit=800%2C800&ssl=1","type":"image\/webp"}],"twitter_card":"summary_large_image","twitter_misc":{"Ber\u00e4knad l\u00e4stid":"1 minut"},"schema":{"@context":"https:\/\/schema.org","@graph":[{"@type":"WebPage","@id":"https:\/\/truusk.store\/sv\/produkt\/truusk-hundvagn-for-husdjur-hopfallbar-med-regnskydd-2-sakerhetslinor-83cm-x-55cm-x-101cm-gra-svart\/","url":"https:\/\/truusk.store\/sv\/produkt\/truusk-hundvagn-for-husdjur-hopfallbar-med-regnskydd-2-sakerhetslinor-83cm-x-55cm-x-101cm-gra-svart\/","name":"TRUUSK Hundvagn f\u00f6r Husdjur - Hopf\u00e4llbar med Regnskydd - 2 S\u00e4kerhetslinor - 83cm x 55cm x 101cm - Gr\u00e5 + Svart - TRUUSK - Hem, Tr\u00e4dg\u00e5rd &amp; Fritid","isPartOf":{"@id":"https:\/\/truusk.store\/sv\/#website"},"primaryImageOfPage":{"@id":"https:\/\/truusk.store\/sv\/produkt\/truusk-hundvagn-for-husdjur-hopfallbar-med-regnskydd-2-sakerhetslinor-83cm-x-55cm-x-101cm-gra-svart\/#primaryimage"},"image":{"@id":"https:\/\/truusk.store\/sv\/produkt\/truusk-hundvagn-for-husdjur-hopfallbar-med-regnskydd-2-sakerhetslinor-83cm-x-55cm-x-101cm-gra-svart\/#primaryimage"},"thumbnailUrl":"https:\/\/i0.wp.com\/truusk.store\/wp-content\/uploads\/2024\/02\/hundvagn-for-husdjur-hopfallbar-regnskydd-2-sakerhetslinor-83cm-x-55cm-x-101cm-gra-svart.webp?fit=800%2C800&ssl=1","datePublished":"2024-02-28T21:50:11+00:00","dateModified":"2026-03-12T08:38:09+00:00","breadcrumb":{"@id":"https:\/\/truusk.store\/sv\/produkt\/truusk-hundvagn-for-husdjur-hopfallbar-med-regnskydd-2-sakerhetslinor-83cm-x-55cm-x-101cm-gra-svart\/#breadcrumb"},"inLanguage":"sv-SE","potentialAction":[{"@type":"ReadAction","target":["https:\/\/truusk.store\/sv\/produkt\/truusk-hundvagn-for-husdjur-hopfallbar-med-regnskydd-2-sakerhetslinor-83cm-x-55cm-x-101cm-gra-svart\/"]}]},{"@type":"ImageObject","inLanguage":"sv-SE","@id":"https:\/\/truusk.store\/sv\/produkt\/truusk-hundvagn-for-husdjur-hopfallbar-med-regnskydd-2-sakerhetslinor-83cm-x-55cm-x-101cm-gra-svart\/#primaryimage","url":"https:\/\/i0.wp.com\/truusk.store\/wp-content\/uploads\/2024\/02\/hundvagn-for-husdjur-hopfallbar-regnskydd-2-sakerhetslinor-83cm-x-55cm-x-101cm-gra-svart.webp?fit=800%2C800&ssl=1","contentUrl":"https:\/\/i0.wp.com\/truusk.store\/wp-content\/uploads\/2024\/02\/hundvagn-for-husdjur-hopfallbar-regnskydd-2-sakerhetslinor-83cm-x-55cm-x-101cm-gra-svart.webp?fit=800%2C800&ssl=1","width":800,"height":800,"caption":"Hundvagn F\u00f6r Husdjur, Hopf\u00e4llbar, Regnskydd, 2 S\u00e4kerhetslinor, 83cm X 55cm X 101cm, Gr\u00e5 + Svart 1"},{"@type":"BreadcrumbList","@id":"https:\/\/truusk.store\/sv\/produkt\/truusk-hundvagn-for-husdjur-hopfallbar-med-regnskydd-2-sakerhetslinor-83cm-x-55cm-x-101cm-gra-svart\/#breadcrumb","itemListElement":[{"@type":"ListItem","position":1,"name":"Home","item":"https:\/\/truusk.store\/sv\/"},{"@type":"ListItem","position":2,"name":"Shop","item":"https:\/\/truusk.store\/shop\/"},{"@type":"ListItem","position":3,"name":"TRUUSK Hundvagn f\u00f6r Husdjur &#8211; Hopf\u00e4llbar med Regnskydd &#8211; 2 S\u00e4kerhetslinor &#8211; 83cm x 55cm x 101cm &#8211; Gr\u00e5 + Svart"}]},{"@type":"WebSite","@id":"https:\/\/truusk.store\/sv\/#website","url":"https:\/\/truusk.store\/sv\/","name":"TRUUSK - Hem, Tr\u00e4dg\u00e5rd & Fritid","description":"","publisher":{"@id":"https:\/\/truusk.store\/sv\/#organization"},"potentialAction":[{"@type":"SearchAction","target":{"@type":"EntryPoint","urlTemplate":"https:\/\/truusk.store\/sv\/?s={search_term_string}"},"query-input":{"@type":"PropertyValueSpecification","valueRequired":true,"valueName":"search_term_string"}}],"inLanguage":"sv-SE"},{"@type":"Organization","@id":"https:\/\/truusk.store\/sv\/#organization","name":"TRUUSK - Hem, Tr\u00e4dg\u00e5rd & Fritid","url":"https:\/\/truusk.store\/sv\/","logo":{"@type":"ImageObject","inLanguage":"sv-SE","@id":"https:\/\/truusk.store\/sv\/#\/schema\/logo\/image\/","url":"https:\/\/i0.wp.com\/truusk.store\/wp-content\/uploads\/2026\/03\/cropped-TRUUSK.png?fit=2032%2C917&ssl=1","contentUrl":"https:\/\/i0.wp.com\/truusk.store\/wp-content\/uploads\/2026\/03\/cropped-TRUUSK.png?fit=2032%2C917&ssl=1","width":2032,"height":917,"caption":"TRUUSK - Hem, Tr\u00e4dg\u00e5rd & Fritid"},"image":{"@id":"https:\/\/truusk.store\/sv\/#\/schema\/logo\/image\/"}}]}},"jetpack_sharing_enabled":true,"_links":{"self":[{"href":"https:\/\/truusk.store\/sv\/wp-json\/wp\/v2\/product\/49306","targetHints":{"allow":["GET"]}}],"collection":[{"href":"https:\/\/truusk.store\/sv\/wp-json\/wp\/v2\/product"}],"about":[{"href":"https:\/\/truusk.store\/sv\/wp-json\/wp\/v2\/types\/product"}],"wp:featuredmedia":[{"embeddable":true,"href":"https:\/\/truusk.store\/sv\/wp-json\/wp\/v2\/media\/49307"}],"wp:attachment":[{"href":"https:\/\/truusk.store\/sv\/wp-json\/wp\/v2\/media?parent=49306"}],"wp:term":[{"taxonomy":"product_brand","embeddable":true,"href":"https:\/\/truusk.store\/sv\/wp-json\/wp\/v2\/product_brand?post=49306"},{"taxonomy":"product_cat","embeddable":true,"href":"https:\/\/truusk.store\/sv\/wp-json\/wp\/v2\/product_cat?post=49306"},{"taxonomy":"product_tag","embeddable":true,"href":"https:\/\/truusk.store\/sv\/wp-json\/wp\/v2\/product_tag?post=49306"}],"curies":[{"name":"wp","href":"https:\/\/api.w.org\/{rel}","templated":true}]}}