{"id":49317,"date":"2024-02-28T23:00:11","date_gmt":"2024-02-28T22:00:11","guid":{"rendered":"https:\/\/truusk.store\/product\/katthus-katthydda-kattgrotta-inklusive-blomlada-96-cm-x-65-cm-x-855-cm-gul-vit-svart\/"},"modified":"2026-03-12T09:38:15","modified_gmt":"2026-03-12T08:38:15","slug":"truusk-kattgrotta-med-blomlada-96x65x855-cm-gul-vit-svart-mysig-plats-for-katten-att-vila-och-leka-stilfull-design","status":"publish","type":"product","link":"https:\/\/truusk.store\/sv\/produkt\/truusk-kattgrotta-med-blomlada-96x65x855-cm-gul-vit-svart-mysig-plats-for-katten-att-vila-och-leka-stilfull-design\/","title":{"rendered":"TRUUSK Kattgrotta med Bloml\u00e5da &#8211; 96x65x85,5 cm &#8211; Gul\/Vit\/Svart &#8211; Mysig Plats f\u00f6r Katten att Vila och Leka &#8211; Stilfull Design"},"content":{"rendered":"<p>Oavsett om du har en katt som tillbringar st\u00f6rre delen av sin tid utomhus eller vill ge ett g\u00f6mst\u00e4lle f\u00f6r utekatter, \u00e4r detta rymliga utekatthus ett utm\u00e4rkt val! Dina \u00e4lskade lurviga f\u00f6ljeslagare kan koppla av d\u00e4r och hitta en mysig plats att dra sig tillbaka p\u00e5. Den har ett asfaltstak som skyddar mot regn och sol, s\u00e5 att katterna trivs lika bra p\u00e5 vintern som p\u00e5 sommaren och alltid \u00e4r torra och s\u00e4kra.<\/p>\n<h3>Beskrivning:<\/h3>\n<ul>\n<li>Flera ing\u00e5ngar f\u00f6r enkel in- och utstigning fr\u00e5n bostaden<\/li>\n<li>Asfalttaket skyddar mot regn och ger skugga<\/li>\n<li>Med vattenfast f\u00e4rg som skyddar tr\u00e4h\u00f6ljet fr\u00e5n alla v\u00e4derf\u00f6rh\u00e5llanden<\/li>\n<li>En s\u00f6t bloml\u00e5da f\u00f6r v\u00e4xter, som: B. Kattmynta<\/li>\n<li>Praktisk markfrig\u00e5ng h\u00e5ller kyla och markfukt ute<\/li>\n<li>Stabilt och h\u00e5llbart h\u00f6lje av naturligt tr\u00e4<\/li>\n<li>L\u00e4mplig f\u00f6r katter upp till 7 kg<\/li>\n<li>Montering kr\u00e4vs<\/li>\n<\/ul>\n<h3>Teknisk data:<\/h3>\n<ul>\n<li>F\u00e4rg gul<\/li>\n<li>Material: gran<\/li>\n<li>\u00d6vergripande m\u00e5tt: 96L x 65W x 85,5H cm<\/li>\n<li>Huvudhusets inv\u00e4ndiga m\u00e5tt: Topp: 47W x 50D x 35H cm. Botten: 80W x 50D x 34H cm. Inre passagestorlek: 16W x 16D cm<\/li>\n<li>D\u00f6rrstorlek: 20W x 25H cm\/ 16W x 16H cm<\/li>\n<li>M\u00e5tt p\u00e5 bloml\u00e5da: 24L x 8,4W x 11,5H cm<\/li>\n<li>H\u00f6jd \u00f6ver marken: 8 cm<\/li>\n<\/ul>\n<h3>Leveransens omfattning:<\/h3>\n<ul>\n<li>1 x Katthus<\/li>\n<li>1 x manuell<\/li>\n<\/ul>\n","protected":false},"excerpt":{"rendered":"<p>Oavsett om du har en katt som tillbringar st\u00f6rre delen av sin tid utomhus eller vill ge ett g\u00f6mst\u00e4lle f\u00f6r&#8230;<\/p>\n","protected":false},"featured_media":49318,"template":"","meta":[],"product_brand":[],"product_cat":[573,591,588],"product_tag":[],"class_list":{"0":"post-49317","1":"product","2":"type-product","3":"status-publish","4":"has-post-thumbnail","6":"product_cat-husdjursmaterial","7":"product_cat-katthus","8":"product_cat-katttillbehor","10":"first","11":"instock","12":"sale","13":"taxable","14":"shipping-taxable","15":"purchasable","16":"product-type-simple"},"yoast_head":"<!-- This site is optimized with the Yoast SEO plugin v25.4 - https:\/\/yoast.com\/wordpress\/plugins\/seo\/ -->\n<title>TRUUSK Kattgrotta med Bloml\u00e5da - 96x65x85,5 cm - Gul\/Vit\/Svart - Mysig Plats f\u00f6r Katten att Vila och Leka - Stilfull Design - TRUUSK - Hem, Tr\u00e4dg\u00e5rd &amp; Fritid<\/title>\n<meta name=\"robots\" content=\"index, follow, max-snippet:-1, max-image-preview:large, max-video-preview:-1\" \/>\n<link rel=\"canonical\" href=\"https:\/\/truusk.store\/sv\/produkt\/truusk-kattgrotta-med-blomlada-96x65x855-cm-gul-vit-svart-mysig-plats-for-katten-att-vila-och-leka-stilfull-design\/\" \/>\n<meta property=\"og:locale\" content=\"sv_SE\" \/>\n<meta property=\"og:type\" content=\"article\" \/>\n<meta property=\"og:title\" content=\"TRUUSK Kattgrotta med Bloml\u00e5da - 96x65x85,5 cm - Gul\/Vit\/Svart - Mysig Plats f\u00f6r Katten att Vila och Leka - Stilfull Design - TRUUSK - Hem, Tr\u00e4dg\u00e5rd &amp; Fritid\" \/>\n<meta property=\"og:description\" content=\"Oavsett om du har en katt som tillbringar st\u00f6rre delen av sin tid utomhus eller vill ge ett g\u00f6mst\u00e4lle f\u00f6r...\" \/>\n<meta property=\"og:url\" content=\"https:\/\/truusk.store\/sv\/produkt\/truusk-kattgrotta-med-blomlada-96x65x855-cm-gul-vit-svart-mysig-plats-for-katten-att-vila-och-leka-stilfull-design\/\" \/>\n<meta property=\"og:site_name\" content=\"TRUUSK - Hem, Tr\u00e4dg\u00e5rd &amp; Fritid\" \/>\n<meta property=\"article:modified_time\" content=\"2026-03-12T08:38:15+00:00\" \/>\n<meta property=\"og:image\" content=\"https:\/\/i0.wp.com\/truusk.se\/wp-content\/uploads\/2024\/02\/katthus-katthydda-kattgrotta-inklusive-blomlada-96-cm-x-65-cm-x-855-cm-gul-vit-svart.webp?fit=800%2C800&ssl=1\" \/>\n\t<meta property=\"og:image:width\" content=\"800\" \/>\n\t<meta property=\"og:image:height\" content=\"800\" \/>\n\t<meta property=\"og:image:type\" content=\"image\/webp\" \/>\n<meta name=\"twitter:card\" content=\"summary_large_image\" \/>\n<meta name=\"twitter:label1\" content=\"Ber\u00e4knad l\u00e4stid\" \/>\n\t<meta name=\"twitter:data1\" content=\"1 minut\" \/>\n<!-- \/ Yoast SEO plugin. -->","yoast_head_json":{"title":"TRUUSK Kattgrotta med Bloml\u00e5da - 96x65x85,5 cm - Gul\/Vit\/Svart - Mysig Plats f\u00f6r Katten att Vila och Leka - Stilfull Design - TRUUSK - Hem, Tr\u00e4dg\u00e5rd &amp; Fritid","robots":{"index":"index","follow":"follow","max-snippet":"max-snippet:-1","max-image-preview":"max-image-preview:large","max-video-preview":"max-video-preview:-1"},"canonical":"https:\/\/truusk.store\/sv\/produkt\/truusk-kattgrotta-med-blomlada-96x65x855-cm-gul-vit-svart-mysig-plats-for-katten-att-vila-och-leka-stilfull-design\/","og_locale":"sv_SE","og_type":"article","og_title":"TRUUSK Kattgrotta med Bloml\u00e5da - 96x65x85,5 cm - Gul\/Vit\/Svart - Mysig Plats f\u00f6r Katten att Vila och Leka - Stilfull Design - TRUUSK - Hem, Tr\u00e4dg\u00e5rd &amp; Fritid","og_description":"Oavsett om du har en katt som tillbringar st\u00f6rre delen av sin tid utomhus eller vill ge ett g\u00f6mst\u00e4lle f\u00f6r...","og_url":"https:\/\/truusk.store\/sv\/produkt\/truusk-kattgrotta-med-blomlada-96x65x855-cm-gul-vit-svart-mysig-plats-for-katten-att-vila-och-leka-stilfull-design\/","og_site_name":"TRUUSK - Hem, Tr\u00e4dg\u00e5rd &amp; Fritid","article_modified_time":"2026-03-12T08:38:15+00:00","og_image":[{"width":800,"height":800,"url":"https:\/\/i0.wp.com\/truusk.se\/wp-content\/uploads\/2024\/02\/katthus-katthydda-kattgrotta-inklusive-blomlada-96-cm-x-65-cm-x-855-cm-gul-vit-svart.webp?fit=800%2C800&ssl=1","type":"image\/webp"}],"twitter_card":"summary_large_image","twitter_misc":{"Ber\u00e4knad l\u00e4stid":"1 minut"},"schema":{"@context":"https:\/\/schema.org","@graph":[{"@type":"WebPage","@id":"https:\/\/truusk.store\/sv\/produkt\/truusk-kattgrotta-med-blomlada-96x65x855-cm-gul-vit-svart-mysig-plats-for-katten-att-vila-och-leka-stilfull-design\/","url":"https:\/\/truusk.store\/sv\/produkt\/truusk-kattgrotta-med-blomlada-96x65x855-cm-gul-vit-svart-mysig-plats-for-katten-att-vila-och-leka-stilfull-design\/","name":"TRUUSK Kattgrotta med Bloml\u00e5da - 96x65x85,5 cm - Gul\/Vit\/Svart - Mysig Plats f\u00f6r Katten att Vila och Leka - Stilfull Design - TRUUSK - Hem, Tr\u00e4dg\u00e5rd &amp; Fritid","isPartOf":{"@id":"https:\/\/truusk.store\/sv\/#website"},"primaryImageOfPage":{"@id":"https:\/\/truusk.store\/sv\/produkt\/truusk-kattgrotta-med-blomlada-96x65x855-cm-gul-vit-svart-mysig-plats-for-katten-att-vila-och-leka-stilfull-design\/#primaryimage"},"image":{"@id":"https:\/\/truusk.store\/sv\/produkt\/truusk-kattgrotta-med-blomlada-96x65x855-cm-gul-vit-svart-mysig-plats-for-katten-att-vila-och-leka-stilfull-design\/#primaryimage"},"thumbnailUrl":"https:\/\/i0.wp.com\/truusk.store\/wp-content\/uploads\/2024\/02\/katthus-katthydda-kattgrotta-inklusive-blomlada-96-cm-x-65-cm-x-855-cm-gul-vit-svart.webp?fit=800%2C800&ssl=1","datePublished":"2024-02-28T22:00:11+00:00","dateModified":"2026-03-12T08:38:15+00:00","breadcrumb":{"@id":"https:\/\/truusk.store\/sv\/produkt\/truusk-kattgrotta-med-blomlada-96x65x855-cm-gul-vit-svart-mysig-plats-for-katten-att-vila-och-leka-stilfull-design\/#breadcrumb"},"inLanguage":"sv-SE","potentialAction":[{"@type":"ReadAction","target":["https:\/\/truusk.store\/sv\/produkt\/truusk-kattgrotta-med-blomlada-96x65x855-cm-gul-vit-svart-mysig-plats-for-katten-att-vila-och-leka-stilfull-design\/"]}]},{"@type":"ImageObject","inLanguage":"sv-SE","@id":"https:\/\/truusk.store\/sv\/produkt\/truusk-kattgrotta-med-blomlada-96x65x855-cm-gul-vit-svart-mysig-plats-for-katten-att-vila-och-leka-stilfull-design\/#primaryimage","url":"https:\/\/i0.wp.com\/truusk.store\/wp-content\/uploads\/2024\/02\/katthus-katthydda-kattgrotta-inklusive-blomlada-96-cm-x-65-cm-x-855-cm-gul-vit-svart.webp?fit=800%2C800&ssl=1","contentUrl":"https:\/\/i0.wp.com\/truusk.store\/wp-content\/uploads\/2024\/02\/katthus-katthydda-kattgrotta-inklusive-blomlada-96-cm-x-65-cm-x-855-cm-gul-vit-svart.webp?fit=800%2C800&ssl=1","width":800,"height":800,"caption":"Katthus, Katthydda, Kattgrotta, Inklusive Bloml\u00e5da, 96 Cm X 65 Cm X 85,5 Cm, Gul + Vit + Svart 1"},{"@type":"BreadcrumbList","@id":"https:\/\/truusk.store\/sv\/produkt\/truusk-kattgrotta-med-blomlada-96x65x855-cm-gul-vit-svart-mysig-plats-for-katten-att-vila-och-leka-stilfull-design\/#breadcrumb","itemListElement":[{"@type":"ListItem","position":1,"name":"Home","item":"https:\/\/truusk.store\/sv\/"},{"@type":"ListItem","position":2,"name":"Shop","item":"https:\/\/truusk.store\/shop\/"},{"@type":"ListItem","position":3,"name":"TRUUSK Kattgrotta med Bloml\u00e5da &#8211; 96x65x85,5 cm &#8211; Gul\/Vit\/Svart &#8211; Mysig Plats f\u00f6r Katten att Vila och Leka &#8211; Stilfull Design"}]},{"@type":"WebSite","@id":"https:\/\/truusk.store\/sv\/#website","url":"https:\/\/truusk.store\/sv\/","name":"TRUUSK - Hem, Tr\u00e4dg\u00e5rd & Fritid","description":"","publisher":{"@id":"https:\/\/truusk.store\/sv\/#organization"},"potentialAction":[{"@type":"SearchAction","target":{"@type":"EntryPoint","urlTemplate":"https:\/\/truusk.store\/sv\/?s={search_term_string}"},"query-input":{"@type":"PropertyValueSpecification","valueRequired":true,"valueName":"search_term_string"}}],"inLanguage":"sv-SE"},{"@type":"Organization","@id":"https:\/\/truusk.store\/sv\/#organization","name":"TRUUSK - Hem, Tr\u00e4dg\u00e5rd & Fritid","url":"https:\/\/truusk.store\/sv\/","logo":{"@type":"ImageObject","inLanguage":"sv-SE","@id":"https:\/\/truusk.store\/sv\/#\/schema\/logo\/image\/","url":"https:\/\/i0.wp.com\/truusk.store\/wp-content\/uploads\/2026\/03\/cropped-TRUUSK.png?fit=2032%2C917&ssl=1","contentUrl":"https:\/\/i0.wp.com\/truusk.store\/wp-content\/uploads\/2026\/03\/cropped-TRUUSK.png?fit=2032%2C917&ssl=1","width":2032,"height":917,"caption":"TRUUSK - Hem, Tr\u00e4dg\u00e5rd & Fritid"},"image":{"@id":"https:\/\/truusk.store\/sv\/#\/schema\/logo\/image\/"}}]}},"jetpack_sharing_enabled":true,"_links":{"self":[{"href":"https:\/\/truusk.store\/sv\/wp-json\/wp\/v2\/product\/49317","targetHints":{"allow":["GET"]}}],"collection":[{"href":"https:\/\/truusk.store\/sv\/wp-json\/wp\/v2\/product"}],"about":[{"href":"https:\/\/truusk.store\/sv\/wp-json\/wp\/v2\/types\/product"}],"wp:featuredmedia":[{"embeddable":true,"href":"https:\/\/truusk.store\/sv\/wp-json\/wp\/v2\/media\/49318"}],"wp:attachment":[{"href":"https:\/\/truusk.store\/sv\/wp-json\/wp\/v2\/media?parent=49317"}],"wp:term":[{"taxonomy":"product_brand","embeddable":true,"href":"https:\/\/truusk.store\/sv\/wp-json\/wp\/v2\/product_brand?post=49317"},{"taxonomy":"product_cat","embeddable":true,"href":"https:\/\/truusk.store\/sv\/wp-json\/wp\/v2\/product_cat?post=49317"},{"taxonomy":"product_tag","embeddable":true,"href":"https:\/\/truusk.store\/sv\/wp-json\/wp\/v2\/product_tag?post=49317"}],"curies":[{"name":"wp","href":"https:\/\/api.w.org\/{rel}","templated":true}]}}