{"id":49339,"date":"2024-02-28T23:20:09","date_gmt":"2024-02-28T22:20:09","guid":{"rendered":"https:\/\/truusk.store\/product\/hallare-for-2-kajaker-surfbrador-stapaddlar-metallram-bredd-justerbar-144-180-cm\/"},"modified":"2026-03-12T09:27:25","modified_gmt":"2026-03-12T08:27:25","slug":"truusk-kajakhallare-metallram-justerbar-bredd-144-180-cm-for-2-kajaker-surfbrador-stapaddlar","status":"publish","type":"product","link":"https:\/\/truusk.store\/sv\/produkt\/truusk-kajakhallare-metallram-justerbar-bredd-144-180-cm-for-2-kajaker-surfbrador-stapaddlar\/","title":{"rendered":"TRUUSK Kajakh\u00e5llare &#8211; Metallram &#8211; Justerbar bredd 144-180 cm &#8211; F\u00f6r 2 kajaker, surfbr\u00e4dor, st\u00e5paddlar"},"content":{"rendered":"<p>V\u00e5rt kanotst\u00e4ll rymmer enkelt tv\u00e5 kajaker eller paddelbr\u00e4dor. Tillverkad av slitstarkt st\u00e5l, \u00e4r denna kajakh\u00e5llare l\u00e4mplig f\u00f6r b\u00e5de inomhus- och utomhusbruk. Med justerbara f\u00f6tter som h\u00e5ller den stabil i oj\u00e4mn terr\u00e4ng och gener\u00f6s stoppning p\u00e5 f\u00e4stena skyddar den p\u00e5 ett tillf\u00f6rlitligt s\u00e4tt din utrustning fr\u00e5n fula repor eller skador. Unna ditt vattenfordon den f\u00f6rvaring den f\u00f6rtj\u00e4nar!<\/p>\n<h3>Beskrivning:<\/h3>\n<ul>\n<li>Plats f\u00f6r tv\u00e5 kajaker, kanoter eller paddleboards<\/li>\n<li>Justerbar l\u00e4ngd f\u00f6r vattensportutrustning av olika storlekar<\/li>\n<li>Nivelleringsh\u00f6jderna kan justeras f\u00f6r ett stadigt stativ<\/li>\n<li>Vadderade remmar f\u00f6r att skydda mot repor och repor<\/li>\n<li>Pulverlackerad st\u00e5lram \u00e4r robust<\/li>\n<\/ul>\n<h3>Teknisk data:<\/h3>\n<ul>\n<li>Svart f\u00e4rg<\/li>\n<li>Material: st\u00e5l<\/li>\n<li>\u00d6vergripande m\u00e5tt: 240L x 72,5W x 157H cm<\/li>\n<li>Avst\u00e5nd mellan f\u00e4stena: 144 cm &#8211; 180 cm<\/li>\n<li>L\u00e4mplig kanotbredd: 90 cm<\/li>\n<li>Viktkapacitet: 80 kg<\/li>\n<\/ul>\n<h3>Leveransens omfattning:<\/h3>\n<ul>\n<li>1 x Kajakst\u00e4ll<\/li>\n<li>1 x Instruktioner<\/li>\n<\/ul>\n","protected":false},"excerpt":{"rendered":"<p>V\u00e5rt kanotst\u00e4ll rymmer enkelt tv\u00e5 kajaker eller paddelbr\u00e4dor. Tillverkad av slitstarkt st\u00e5l, \u00e4r denna kajakh\u00e5llare l\u00e4mplig f\u00f6r b\u00e5de inomhus- och&#8230;<\/p>\n","protected":false},"featured_media":49340,"template":"","meta":[],"product_brand":[],"product_cat":[647,670],"product_tag":[],"class_list":{"0":"post-49339","1":"product","2":"type-product","3":"status-publish","4":"has-post-thumbnail","6":"product_cat-sport-fritid","7":"product_cat-vattensporter","9":"first","10":"instock","11":"sale","12":"taxable","13":"shipping-taxable","14":"purchasable","15":"product-type-simple"},"yoast_head":"<!-- This site is optimized with the Yoast SEO plugin v25.4 - https:\/\/yoast.com\/wordpress\/plugins\/seo\/ -->\n<title>TRUUSK Kajakh\u00e5llare - Metallram - Justerbar bredd 144-180 cm - F\u00f6r 2 kajaker, surfbr\u00e4dor, st\u00e5paddlar - TRUUSK - Hem, Tr\u00e4dg\u00e5rd &amp; Fritid<\/title>\n<meta name=\"robots\" content=\"index, follow, max-snippet:-1, max-image-preview:large, max-video-preview:-1\" \/>\n<link rel=\"canonical\" href=\"https:\/\/truusk.store\/sv\/produkt\/truusk-kajakhallare-metallram-justerbar-bredd-144-180-cm-for-2-kajaker-surfbrador-stapaddlar\/\" \/>\n<meta property=\"og:locale\" content=\"sv_SE\" \/>\n<meta property=\"og:type\" content=\"article\" \/>\n<meta property=\"og:title\" content=\"TRUUSK Kajakh\u00e5llare - Metallram - Justerbar bredd 144-180 cm - F\u00f6r 2 kajaker, surfbr\u00e4dor, st\u00e5paddlar - TRUUSK - Hem, Tr\u00e4dg\u00e5rd &amp; Fritid\" \/>\n<meta property=\"og:description\" content=\"V\u00e5rt kanotst\u00e4ll rymmer enkelt tv\u00e5 kajaker eller paddelbr\u00e4dor. Tillverkad av slitstarkt st\u00e5l, \u00e4r denna kajakh\u00e5llare l\u00e4mplig f\u00f6r b\u00e5de inomhus- och...\" \/>\n<meta property=\"og:url\" content=\"https:\/\/truusk.store\/sv\/produkt\/truusk-kajakhallare-metallram-justerbar-bredd-144-180-cm-for-2-kajaker-surfbrador-stapaddlar\/\" \/>\n<meta property=\"og:site_name\" content=\"TRUUSK - Hem, Tr\u00e4dg\u00e5rd &amp; Fritid\" \/>\n<meta property=\"article:modified_time\" content=\"2026-03-12T08:27:25+00:00\" \/>\n<meta property=\"og:image\" content=\"https:\/\/i0.wp.com\/truusk.se\/wp-content\/uploads\/2024\/02\/hallare-for-2-kajaker-surfbrador-stapaddlar-metallram-bredd-justerbar-144-180-cm.webp?fit=800%2C800&ssl=1\" \/>\n\t<meta property=\"og:image:width\" content=\"800\" \/>\n\t<meta property=\"og:image:height\" content=\"800\" \/>\n\t<meta property=\"og:image:type\" content=\"image\/webp\" \/>\n<meta name=\"twitter:card\" content=\"summary_large_image\" \/>\n<meta name=\"twitter:label1\" content=\"Ber\u00e4knad l\u00e4stid\" \/>\n\t<meta name=\"twitter:data1\" content=\"1 minut\" \/>\n<!-- \/ Yoast SEO plugin. -->","yoast_head_json":{"title":"TRUUSK Kajakh\u00e5llare - Metallram - Justerbar bredd 144-180 cm - F\u00f6r 2 kajaker, surfbr\u00e4dor, st\u00e5paddlar - TRUUSK - Hem, Tr\u00e4dg\u00e5rd &amp; Fritid","robots":{"index":"index","follow":"follow","max-snippet":"max-snippet:-1","max-image-preview":"max-image-preview:large","max-video-preview":"max-video-preview:-1"},"canonical":"https:\/\/truusk.store\/sv\/produkt\/truusk-kajakhallare-metallram-justerbar-bredd-144-180-cm-for-2-kajaker-surfbrador-stapaddlar\/","og_locale":"sv_SE","og_type":"article","og_title":"TRUUSK Kajakh\u00e5llare - Metallram - Justerbar bredd 144-180 cm - F\u00f6r 2 kajaker, surfbr\u00e4dor, st\u00e5paddlar - TRUUSK - Hem, Tr\u00e4dg\u00e5rd &amp; Fritid","og_description":"V\u00e5rt kanotst\u00e4ll rymmer enkelt tv\u00e5 kajaker eller paddelbr\u00e4dor. Tillverkad av slitstarkt st\u00e5l, \u00e4r denna kajakh\u00e5llare l\u00e4mplig f\u00f6r b\u00e5de inomhus- och...","og_url":"https:\/\/truusk.store\/sv\/produkt\/truusk-kajakhallare-metallram-justerbar-bredd-144-180-cm-for-2-kajaker-surfbrador-stapaddlar\/","og_site_name":"TRUUSK - Hem, Tr\u00e4dg\u00e5rd &amp; Fritid","article_modified_time":"2026-03-12T08:27:25+00:00","og_image":[{"width":800,"height":800,"url":"https:\/\/i0.wp.com\/truusk.se\/wp-content\/uploads\/2024\/02\/hallare-for-2-kajaker-surfbrador-stapaddlar-metallram-bredd-justerbar-144-180-cm.webp?fit=800%2C800&ssl=1","type":"image\/webp"}],"twitter_card":"summary_large_image","twitter_misc":{"Ber\u00e4knad l\u00e4stid":"1 minut"},"schema":{"@context":"https:\/\/schema.org","@graph":[{"@type":"WebPage","@id":"https:\/\/truusk.store\/sv\/produkt\/truusk-kajakhallare-metallram-justerbar-bredd-144-180-cm-for-2-kajaker-surfbrador-stapaddlar\/","url":"https:\/\/truusk.store\/sv\/produkt\/truusk-kajakhallare-metallram-justerbar-bredd-144-180-cm-for-2-kajaker-surfbrador-stapaddlar\/","name":"TRUUSK Kajakh\u00e5llare - Metallram - Justerbar bredd 144-180 cm - F\u00f6r 2 kajaker, surfbr\u00e4dor, st\u00e5paddlar - TRUUSK - Hem, Tr\u00e4dg\u00e5rd &amp; Fritid","isPartOf":{"@id":"https:\/\/truusk.store\/sv\/#website"},"primaryImageOfPage":{"@id":"https:\/\/truusk.store\/sv\/produkt\/truusk-kajakhallare-metallram-justerbar-bredd-144-180-cm-for-2-kajaker-surfbrador-stapaddlar\/#primaryimage"},"image":{"@id":"https:\/\/truusk.store\/sv\/produkt\/truusk-kajakhallare-metallram-justerbar-bredd-144-180-cm-for-2-kajaker-surfbrador-stapaddlar\/#primaryimage"},"thumbnailUrl":"https:\/\/i0.wp.com\/truusk.store\/wp-content\/uploads\/2024\/02\/hallare-for-2-kajaker-surfbrador-stapaddlar-metallram-bredd-justerbar-144-180-cm.webp?fit=800%2C800&ssl=1","datePublished":"2024-02-28T22:20:09+00:00","dateModified":"2026-03-12T08:27:25+00:00","breadcrumb":{"@id":"https:\/\/truusk.store\/sv\/produkt\/truusk-kajakhallare-metallram-justerbar-bredd-144-180-cm-for-2-kajaker-surfbrador-stapaddlar\/#breadcrumb"},"inLanguage":"sv-SE","potentialAction":[{"@type":"ReadAction","target":["https:\/\/truusk.store\/sv\/produkt\/truusk-kajakhallare-metallram-justerbar-bredd-144-180-cm-for-2-kajaker-surfbrador-stapaddlar\/"]}]},{"@type":"ImageObject","inLanguage":"sv-SE","@id":"https:\/\/truusk.store\/sv\/produkt\/truusk-kajakhallare-metallram-justerbar-bredd-144-180-cm-for-2-kajaker-surfbrador-stapaddlar\/#primaryimage","url":"https:\/\/i0.wp.com\/truusk.store\/wp-content\/uploads\/2024\/02\/hallare-for-2-kajaker-surfbrador-stapaddlar-metallram-bredd-justerbar-144-180-cm.webp?fit=800%2C800&ssl=1","contentUrl":"https:\/\/i0.wp.com\/truusk.store\/wp-content\/uploads\/2024\/02\/hallare-for-2-kajaker-surfbrador-stapaddlar-metallram-bredd-justerbar-144-180-cm.webp?fit=800%2C800&ssl=1","width":800,"height":800,"caption":"H\u00e5llare F\u00f6r 2 Kajaker, Surfbr\u00e4dor, St\u00e5paddlar, Metallram, Bredd Justerbar 144-180 Cm 1"},{"@type":"BreadcrumbList","@id":"https:\/\/truusk.store\/sv\/produkt\/truusk-kajakhallare-metallram-justerbar-bredd-144-180-cm-for-2-kajaker-surfbrador-stapaddlar\/#breadcrumb","itemListElement":[{"@type":"ListItem","position":1,"name":"Home","item":"https:\/\/truusk.store\/sv\/"},{"@type":"ListItem","position":2,"name":"Shop","item":"https:\/\/truusk.store\/shop\/"},{"@type":"ListItem","position":3,"name":"TRUUSK Kajakh\u00e5llare &#8211; Metallram &#8211; Justerbar bredd 144-180 cm &#8211; F\u00f6r 2 kajaker, surfbr\u00e4dor, st\u00e5paddlar"}]},{"@type":"WebSite","@id":"https:\/\/truusk.store\/sv\/#website","url":"https:\/\/truusk.store\/sv\/","name":"TRUUSK - Hem, Tr\u00e4dg\u00e5rd & Fritid","description":"","publisher":{"@id":"https:\/\/truusk.store\/sv\/#organization"},"potentialAction":[{"@type":"SearchAction","target":{"@type":"EntryPoint","urlTemplate":"https:\/\/truusk.store\/sv\/?s={search_term_string}"},"query-input":{"@type":"PropertyValueSpecification","valueRequired":true,"valueName":"search_term_string"}}],"inLanguage":"sv-SE"},{"@type":"Organization","@id":"https:\/\/truusk.store\/sv\/#organization","name":"TRUUSK - Hem, Tr\u00e4dg\u00e5rd & Fritid","url":"https:\/\/truusk.store\/sv\/","logo":{"@type":"ImageObject","inLanguage":"sv-SE","@id":"https:\/\/truusk.store\/sv\/#\/schema\/logo\/image\/","url":"https:\/\/i0.wp.com\/truusk.store\/wp-content\/uploads\/2026\/03\/cropped-TRUUSK.png?fit=2032%2C917&ssl=1","contentUrl":"https:\/\/i0.wp.com\/truusk.store\/wp-content\/uploads\/2026\/03\/cropped-TRUUSK.png?fit=2032%2C917&ssl=1","width":2032,"height":917,"caption":"TRUUSK - Hem, Tr\u00e4dg\u00e5rd & Fritid"},"image":{"@id":"https:\/\/truusk.store\/sv\/#\/schema\/logo\/image\/"}}]}},"jetpack_sharing_enabled":true,"_links":{"self":[{"href":"https:\/\/truusk.store\/sv\/wp-json\/wp\/v2\/product\/49339","targetHints":{"allow":["GET"]}}],"collection":[{"href":"https:\/\/truusk.store\/sv\/wp-json\/wp\/v2\/product"}],"about":[{"href":"https:\/\/truusk.store\/sv\/wp-json\/wp\/v2\/types\/product"}],"wp:featuredmedia":[{"embeddable":true,"href":"https:\/\/truusk.store\/sv\/wp-json\/wp\/v2\/media\/49340"}],"wp:attachment":[{"href":"https:\/\/truusk.store\/sv\/wp-json\/wp\/v2\/media?parent=49339"}],"wp:term":[{"taxonomy":"product_brand","embeddable":true,"href":"https:\/\/truusk.store\/sv\/wp-json\/wp\/v2\/product_brand?post=49339"},{"taxonomy":"product_cat","embeddable":true,"href":"https:\/\/truusk.store\/sv\/wp-json\/wp\/v2\/product_cat?post=49339"},{"taxonomy":"product_tag","embeddable":true,"href":"https:\/\/truusk.store\/sv\/wp-json\/wp\/v2\/product_tag?post=49339"}],"curies":[{"name":"wp","href":"https:\/\/api.w.org\/{rel}","templated":true}]}}