{"id":49372,"date":"2024-02-28T23:50:09","date_gmt":"2024-02-28T22:50:09","guid":{"rendered":"https:\/\/truusk.store\/product\/utomhusstolar-set-om-2-boho-design-sitt-och-ryggkuddar-bekvamt-sittskal-metallram-morkgra\/"},"modified":"2026-03-12T09:34:31","modified_gmt":"2026-03-12T08:34:31","slug":"truusk-utomhusstolar-set-om-2-boho-design-bekvama-kuddar-metallram-morkgra","status":"publish","type":"product","link":"https:\/\/truusk.store\/sv\/produkt\/truusk-utomhusstolar-set-om-2-boho-design-bekvama-kuddar-metallram-morkgra\/","title":{"rendered":"TRUUSK Utomhusstolar, Set Om 2 &#8211; Boho Design &#8211; Bekv\u00e4ma Kuddar &#8211; Metallram &#8211; M\u00f6rkgr\u00e5"},"content":{"rendered":"<p>Bekv\u00e4ma sittplatser f\u00f6r kompakta utomhusomr\u00e5den: v\u00e5r utomhusstolset om 2! Den dekorativa v\u00e4vda designen och den slimmade ramen ger stolarna en elegant touch som passar perfekt till alla utomhusinredningar. De bekv\u00e4ma sitt- och ryggkuddarna inbjuder dig att koppla av och g\u00f6r att du kan njuta fullt ut av din tid ute i den friska luften. Det ergonomiska sittskalet och den starka metallramen erbjuder en otroligt bekv\u00e4m sittupplevelse.<\/p>\n<h3>Beskrivning:<\/h3>\n<ul>\n<li>Njut av avkopplande timmar utomhus f\u00f6r tv\u00e5 tack vare de tv\u00e5 utomhusstolarna<\/li>\n<li>Den fl\u00e4tade designen ger stolarna en vacker boho-stil<\/li>\n<li>Det ergonomiska sittskalet anpassar sig perfekt till din kroppsform<\/li>\n<li>Andningsbart tyg\u00f6verdrag f\u00f6r maximal sittkomfort<\/li>\n<li>\u00d6rngotten \u00e4r l\u00e4tta att ta bort och reng\u00f6ra tack vare den praktiska dragkedjan<\/li>\n<li>Den pulverlackerade st\u00e5lramen med f\u00f6rst\u00e4rkta tv\u00e4rst\u00e4nger s\u00e4kerst\u00e4ller maximal stabilitet<\/li>\n<li>Skyddande, halkfria f\u00f6tter f\u00f6rhindrar skador p\u00e5 golv<\/li>\n<li>Montering kr\u00e4vs<\/li>\n<\/ul>\n<h3>Teknisk data:<\/h3>\n<ul>\n<li>F\u00e4rg: M\u00f6rkgr\u00e5<\/li>\n<li>Material: st\u00e5l, polyeten, polyester, skum<\/li>\n<li>\u00d6vergripande m\u00e5tt: 57W x 60D x 71H cm<\/li>\n<li>Sitsstorlek: 47W x 48D x 42H cm<\/li>\n<li>Ryggst\u00f6dsstorlek: 43W x 32H cm<\/li>\n<li>Armst\u00f6dsm\u00e5tt (fr\u00e5n golvavst\u00e5nd): 2W x 60D x 63H cm<\/li>\n<li>M\u00e5tt p\u00e5 sittdynan: 48W x 51D x 5H cm<\/li>\n<li>M\u00e5tt p\u00e5 ryggkudde: 43W x 43D x 12H cm<\/li>\n<li>Lastkapacitet: 120 kg<\/li>\n<\/ul>\n<h3>Leveransens omfattning:<\/h3>\n<ul>\n<li>2 x Uteplatsstolar<\/li>\n<li>1 x manuell<\/li>\n<\/ul>\n","protected":false},"excerpt":{"rendered":"<p>Bekv\u00e4ma sittplatser f\u00f6r kompakta utomhusomr\u00e5den: v\u00e5r utomhusstolset om 2! Den dekorativa v\u00e4vda designen och den slimmade ramen ger stolarna en&#8230;<\/p>\n","protected":false},"featured_media":49373,"template":"","meta":[],"product_brand":[],"product_cat":[435,450,452],"product_tag":[],"class_list":{"0":"post-49372","1":"product","2":"type-product","3":"status-publish","4":"has-post-thumbnail","6":"product_cat-tradgard-och-terrass","7":"product_cat-tradgardsmobler","8":"product_cat-tradgardsstolar","10":"first","11":"instock","12":"sale","13":"taxable","14":"shipping-taxable","15":"purchasable","16":"product-type-simple"},"yoast_head":"<!-- This site is optimized with the Yoast SEO plugin v25.4 - https:\/\/yoast.com\/wordpress\/plugins\/seo\/ -->\n<title>TRUUSK Utomhusstolar, Set Om 2 - Boho Design - Bekv\u00e4ma Kuddar - Metallram - M\u00f6rkgr\u00e5 - TRUUSK - Hem, Tr\u00e4dg\u00e5rd &amp; Fritid<\/title>\n<meta name=\"robots\" content=\"index, follow, max-snippet:-1, max-image-preview:large, max-video-preview:-1\" \/>\n<link rel=\"canonical\" href=\"https:\/\/truusk.store\/sv\/produkt\/truusk-utomhusstolar-set-om-2-boho-design-bekvama-kuddar-metallram-morkgra\/\" \/>\n<meta property=\"og:locale\" content=\"sv_SE\" \/>\n<meta property=\"og:type\" content=\"article\" \/>\n<meta property=\"og:title\" content=\"TRUUSK Utomhusstolar, Set Om 2 - Boho Design - Bekv\u00e4ma Kuddar - Metallram - M\u00f6rkgr\u00e5 - TRUUSK - Hem, Tr\u00e4dg\u00e5rd &amp; Fritid\" \/>\n<meta property=\"og:description\" content=\"Bekv\u00e4ma sittplatser f\u00f6r kompakta utomhusomr\u00e5den: v\u00e5r utomhusstolset om 2! Den dekorativa v\u00e4vda designen och den slimmade ramen ger stolarna en...\" \/>\n<meta property=\"og:url\" content=\"https:\/\/truusk.store\/sv\/produkt\/truusk-utomhusstolar-set-om-2-boho-design-bekvama-kuddar-metallram-morkgra\/\" \/>\n<meta property=\"og:site_name\" content=\"TRUUSK - Hem, Tr\u00e4dg\u00e5rd &amp; Fritid\" \/>\n<meta property=\"article:modified_time\" content=\"2026-03-12T08:34:31+00:00\" \/>\n<meta property=\"og:image\" content=\"https:\/\/i0.wp.com\/truusk.se\/wp-content\/uploads\/2024\/02\/utomhusstolar-set-om-2-boho-design-sitt-och-ryggkuddar-bekvamt-sittskal-metallram-morkgra.webp?fit=800%2C800&ssl=1\" \/>\n\t<meta property=\"og:image:width\" content=\"800\" \/>\n\t<meta property=\"og:image:height\" content=\"800\" \/>\n\t<meta property=\"og:image:type\" content=\"image\/webp\" \/>\n<meta name=\"twitter:card\" content=\"summary_large_image\" \/>\n<meta name=\"twitter:label1\" content=\"Ber\u00e4knad l\u00e4stid\" \/>\n\t<meta name=\"twitter:data1\" content=\"1 minut\" \/>\n<!-- \/ Yoast SEO plugin. -->","yoast_head_json":{"title":"TRUUSK Utomhusstolar, Set Om 2 - Boho Design - Bekv\u00e4ma Kuddar - Metallram - M\u00f6rkgr\u00e5 - TRUUSK - Hem, Tr\u00e4dg\u00e5rd &amp; Fritid","robots":{"index":"index","follow":"follow","max-snippet":"max-snippet:-1","max-image-preview":"max-image-preview:large","max-video-preview":"max-video-preview:-1"},"canonical":"https:\/\/truusk.store\/sv\/produkt\/truusk-utomhusstolar-set-om-2-boho-design-bekvama-kuddar-metallram-morkgra\/","og_locale":"sv_SE","og_type":"article","og_title":"TRUUSK Utomhusstolar, Set Om 2 - Boho Design - Bekv\u00e4ma Kuddar - Metallram - M\u00f6rkgr\u00e5 - TRUUSK - Hem, Tr\u00e4dg\u00e5rd &amp; Fritid","og_description":"Bekv\u00e4ma sittplatser f\u00f6r kompakta utomhusomr\u00e5den: v\u00e5r utomhusstolset om 2! Den dekorativa v\u00e4vda designen och den slimmade ramen ger stolarna en...","og_url":"https:\/\/truusk.store\/sv\/produkt\/truusk-utomhusstolar-set-om-2-boho-design-bekvama-kuddar-metallram-morkgra\/","og_site_name":"TRUUSK - Hem, Tr\u00e4dg\u00e5rd &amp; Fritid","article_modified_time":"2026-03-12T08:34:31+00:00","og_image":[{"width":800,"height":800,"url":"https:\/\/i0.wp.com\/truusk.se\/wp-content\/uploads\/2024\/02\/utomhusstolar-set-om-2-boho-design-sitt-och-ryggkuddar-bekvamt-sittskal-metallram-morkgra.webp?fit=800%2C800&ssl=1","type":"image\/webp"}],"twitter_card":"summary_large_image","twitter_misc":{"Ber\u00e4knad l\u00e4stid":"1 minut"},"schema":{"@context":"https:\/\/schema.org","@graph":[{"@type":"WebPage","@id":"https:\/\/truusk.store\/sv\/produkt\/truusk-utomhusstolar-set-om-2-boho-design-bekvama-kuddar-metallram-morkgra\/","url":"https:\/\/truusk.store\/sv\/produkt\/truusk-utomhusstolar-set-om-2-boho-design-bekvama-kuddar-metallram-morkgra\/","name":"TRUUSK Utomhusstolar, Set Om 2 - Boho Design - Bekv\u00e4ma Kuddar - Metallram - M\u00f6rkgr\u00e5 - TRUUSK - Hem, Tr\u00e4dg\u00e5rd &amp; Fritid","isPartOf":{"@id":"https:\/\/truusk.store\/sv\/#website"},"primaryImageOfPage":{"@id":"https:\/\/truusk.store\/sv\/produkt\/truusk-utomhusstolar-set-om-2-boho-design-bekvama-kuddar-metallram-morkgra\/#primaryimage"},"image":{"@id":"https:\/\/truusk.store\/sv\/produkt\/truusk-utomhusstolar-set-om-2-boho-design-bekvama-kuddar-metallram-morkgra\/#primaryimage"},"thumbnailUrl":"https:\/\/i0.wp.com\/truusk.store\/wp-content\/uploads\/2024\/02\/utomhusstolar-set-om-2-boho-design-sitt-och-ryggkuddar-bekvamt-sittskal-metallram-morkgra.webp?fit=800%2C800&ssl=1","datePublished":"2024-02-28T22:50:09+00:00","dateModified":"2026-03-12T08:34:31+00:00","breadcrumb":{"@id":"https:\/\/truusk.store\/sv\/produkt\/truusk-utomhusstolar-set-om-2-boho-design-bekvama-kuddar-metallram-morkgra\/#breadcrumb"},"inLanguage":"sv-SE","potentialAction":[{"@type":"ReadAction","target":["https:\/\/truusk.store\/sv\/produkt\/truusk-utomhusstolar-set-om-2-boho-design-bekvama-kuddar-metallram-morkgra\/"]}]},{"@type":"ImageObject","inLanguage":"sv-SE","@id":"https:\/\/truusk.store\/sv\/produkt\/truusk-utomhusstolar-set-om-2-boho-design-bekvama-kuddar-metallram-morkgra\/#primaryimage","url":"https:\/\/i0.wp.com\/truusk.store\/wp-content\/uploads\/2024\/02\/utomhusstolar-set-om-2-boho-design-sitt-och-ryggkuddar-bekvamt-sittskal-metallram-morkgra.webp?fit=800%2C800&ssl=1","contentUrl":"https:\/\/i0.wp.com\/truusk.store\/wp-content\/uploads\/2024\/02\/utomhusstolar-set-om-2-boho-design-sitt-och-ryggkuddar-bekvamt-sittskal-metallram-morkgra.webp?fit=800%2C800&ssl=1","width":800,"height":800,"caption":"Utomhusstolar, Set Om 2, Boho Design, Sitt- Och Ryggkuddar, Bekv\u00e4mt Sittskal, Metallram, M\u00f6rkgr\u00e5 1"},{"@type":"BreadcrumbList","@id":"https:\/\/truusk.store\/sv\/produkt\/truusk-utomhusstolar-set-om-2-boho-design-bekvama-kuddar-metallram-morkgra\/#breadcrumb","itemListElement":[{"@type":"ListItem","position":1,"name":"Home","item":"https:\/\/truusk.store\/sv\/"},{"@type":"ListItem","position":2,"name":"Shop","item":"https:\/\/truusk.store\/shop\/"},{"@type":"ListItem","position":3,"name":"TRUUSK Utomhusstolar, Set Om 2 &#8211; Boho Design &#8211; Bekv\u00e4ma Kuddar &#8211; Metallram &#8211; M\u00f6rkgr\u00e5"}]},{"@type":"WebSite","@id":"https:\/\/truusk.store\/sv\/#website","url":"https:\/\/truusk.store\/sv\/","name":"TRUUSK - Hem, Tr\u00e4dg\u00e5rd & Fritid","description":"","publisher":{"@id":"https:\/\/truusk.store\/sv\/#organization"},"potentialAction":[{"@type":"SearchAction","target":{"@type":"EntryPoint","urlTemplate":"https:\/\/truusk.store\/sv\/?s={search_term_string}"},"query-input":{"@type":"PropertyValueSpecification","valueRequired":true,"valueName":"search_term_string"}}],"inLanguage":"sv-SE"},{"@type":"Organization","@id":"https:\/\/truusk.store\/sv\/#organization","name":"TRUUSK - Hem, Tr\u00e4dg\u00e5rd & Fritid","url":"https:\/\/truusk.store\/sv\/","logo":{"@type":"ImageObject","inLanguage":"sv-SE","@id":"https:\/\/truusk.store\/sv\/#\/schema\/logo\/image\/","url":"https:\/\/i0.wp.com\/truusk.store\/wp-content\/uploads\/2026\/03\/cropped-TRUUSK.png?fit=2032%2C917&ssl=1","contentUrl":"https:\/\/i0.wp.com\/truusk.store\/wp-content\/uploads\/2026\/03\/cropped-TRUUSK.png?fit=2032%2C917&ssl=1","width":2032,"height":917,"caption":"TRUUSK - Hem, Tr\u00e4dg\u00e5rd & Fritid"},"image":{"@id":"https:\/\/truusk.store\/sv\/#\/schema\/logo\/image\/"}}]}},"jetpack_sharing_enabled":true,"_links":{"self":[{"href":"https:\/\/truusk.store\/sv\/wp-json\/wp\/v2\/product\/49372","targetHints":{"allow":["GET"]}}],"collection":[{"href":"https:\/\/truusk.store\/sv\/wp-json\/wp\/v2\/product"}],"about":[{"href":"https:\/\/truusk.store\/sv\/wp-json\/wp\/v2\/types\/product"}],"wp:featuredmedia":[{"embeddable":true,"href":"https:\/\/truusk.store\/sv\/wp-json\/wp\/v2\/media\/49373"}],"wp:attachment":[{"href":"https:\/\/truusk.store\/sv\/wp-json\/wp\/v2\/media?parent=49372"}],"wp:term":[{"taxonomy":"product_brand","embeddable":true,"href":"https:\/\/truusk.store\/sv\/wp-json\/wp\/v2\/product_brand?post=49372"},{"taxonomy":"product_cat","embeddable":true,"href":"https:\/\/truusk.store\/sv\/wp-json\/wp\/v2\/product_cat?post=49372"},{"taxonomy":"product_tag","embeddable":true,"href":"https:\/\/truusk.store\/sv\/wp-json\/wp\/v2\/product_tag?post=49372"}],"curies":[{"name":"wp","href":"https:\/\/api.w.org\/{rel}","templated":true}]}}