{"id":49430,"date":"2024-02-29T00:50:09","date_gmt":"2024-02-28T23:50:09","guid":{"rendered":"https:\/\/truusk.store\/product\/3-delad-sittgrupp-2-stolar-sidobord-sitt-och-ryggkuddar-bordsskiva-i-hardat-glas-konstrotting-gra\/"},"modified":"2026-03-12T08:58:21","modified_gmt":"2026-03-12T07:58:21","slug":"truusk-3-delat-sittgrupp-2-stolar-sidobord-sitt-och-ryggkuddar-bordsskiva-i-hardat-glas-konstrotting-gra","status":"publish","type":"product","link":"https:\/\/truusk.store\/sv\/produkt\/truusk-3-delat-sittgrupp-2-stolar-sidobord-sitt-och-ryggkuddar-bordsskiva-i-hardat-glas-konstrotting-gra\/","title":{"rendered":"TRUUSK 3-delat Sittgrupp &#8211; 2 Stolar &#8211; Sidobord &#8211; Sitt- och Ryggkuddar &#8211; Bordsskiva i H\u00e4rdat Glas &#8211; Konstrotting &#8211; Gr\u00e5"},"content":{"rendered":"<p>Letar du efter ett elegant tr\u00e4dg\u00e5rdsset f\u00f6r att bekv\u00e4mt chatta med v\u00e4nner eller koppla av? Denna klassiska sittgrupp imponerar med sin tidl\u00f6sa elegans. Varje stol \u00e4r utrustad med mjuka rygg- och sittdynor som s\u00e4kerst\u00e4ller maximal komfort, samtidigt som det runda bordet i samma eleganta design avslutas med en robust glasskiva &#8211; ett riktigt blickf\u00e5ng f\u00f6r varje tr\u00e4dg\u00e5rd och terrass!<\/p>\n<h3>Beskrivning:<\/h3>\n<ul>\n<li>Setet i tre delar best\u00e5r av tv\u00e5 stolar och ett matchande bord<\/li>\n<li>Breda stolar ger gott om plats att sitta p\u00e5<\/li>\n<li>Med sitt- och ryggkuddar f\u00f6r extra komfort<\/li>\n<li>Robust st\u00e5lram med dekorativ konstrottingbekl\u00e4dnad<\/li>\n<li>Justerbara f\u00f6tter f\u00f6r ett stabilt stativ p\u00e5 oj\u00e4mna underlag<\/li>\n<li>Bordsskiva i h\u00e4rdat glas m\u00f6jligg\u00f6r enkel reng\u00f6ring med en fuktig trasa<\/li>\n<li>Perfekt f\u00f6r inomhus- och utomhusbruk, s\u00e5som uteplats, veranda, poolomr\u00e5de och tr\u00e4dg\u00e5rd<\/li>\n<li>Montering kr\u00e4vs<\/li>\n<\/ul>\n<h3>Teknisk data:<\/h3>\n<ul>\n<li>F\u00e4rg: Khaki, Gr\u00e5<\/li>\n<li>Material: st\u00e5l, PE-rotting, polyester<\/li>\n<li>Totala m\u00e5tt: 49 x 47H cm (bord), 60W x 60D x 67H cm (stol)<\/li>\n<li>Sitsstorlek: 42W x 50D cm<\/li>\n<li>Sitth\u00f6jd: 41,5 cm (utan dyna)<\/li>\n<li>Kuddens m\u00e5tt: sittdyna: 50L x 42W x 4D cm, ryggdyna: 42L x 37W x 4D cm<\/li>\n<li>Lastkapacitet: 30 kg (bord), 160 kg (stol)<\/li>\n<\/ul>\n<h3>Leveransens omfattning:<\/h3>\n<ul>\n<li>2 x stol<\/li>\n<li>1 x bord<\/li>\n<li>1 x Instruktioner<\/li>\n<\/ul>\n","protected":false},"excerpt":{"rendered":"<p>Letar du efter ett elegant tr\u00e4dg\u00e5rdsset f\u00f6r att bekv\u00e4mt chatta med v\u00e4nner eller koppla av? Denna klassiska sittgrupp imponerar med&#8230;<\/p>\n","protected":false},"featured_media":49431,"template":"","meta":[],"product_brand":[],"product_cat":[435,450,455],"product_tag":[],"class_list":{"0":"post-49430","1":"product","2":"type-product","3":"status-publish","4":"has-post-thumbnail","6":"product_cat-tradgard-och-terrass","7":"product_cat-tradgardsmobler","8":"product_cat-tradgardsmobler-i-polyrattan","10":"first","11":"instock","12":"sale","13":"taxable","14":"shipping-taxable","15":"purchasable","16":"product-type-simple"},"yoast_head":"<!-- This site is optimized with the Yoast SEO plugin v25.4 - https:\/\/yoast.com\/wordpress\/plugins\/seo\/ -->\n<title>TRUUSK 3-delat Sittgrupp - 2 Stolar - Sidobord - Sitt- och Ryggkuddar - Bordsskiva i H\u00e4rdat Glas - Konstrotting - Gr\u00e5 - TRUUSK - Hem, Tr\u00e4dg\u00e5rd &amp; Fritid<\/title>\n<meta name=\"robots\" content=\"index, follow, max-snippet:-1, max-image-preview:large, max-video-preview:-1\" \/>\n<link rel=\"canonical\" href=\"https:\/\/truusk.store\/sv\/produkt\/truusk-3-delat-sittgrupp-2-stolar-sidobord-sitt-och-ryggkuddar-bordsskiva-i-hardat-glas-konstrotting-gra\/\" \/>\n<meta property=\"og:locale\" content=\"sv_SE\" \/>\n<meta property=\"og:type\" content=\"article\" \/>\n<meta property=\"og:title\" content=\"TRUUSK 3-delat Sittgrupp - 2 Stolar - Sidobord - Sitt- och Ryggkuddar - Bordsskiva i H\u00e4rdat Glas - Konstrotting - Gr\u00e5 - TRUUSK - Hem, Tr\u00e4dg\u00e5rd &amp; Fritid\" \/>\n<meta property=\"og:description\" content=\"Letar du efter ett elegant tr\u00e4dg\u00e5rdsset f\u00f6r att bekv\u00e4mt chatta med v\u00e4nner eller koppla av? Denna klassiska sittgrupp imponerar med...\" \/>\n<meta property=\"og:url\" content=\"https:\/\/truusk.store\/sv\/produkt\/truusk-3-delat-sittgrupp-2-stolar-sidobord-sitt-och-ryggkuddar-bordsskiva-i-hardat-glas-konstrotting-gra\/\" \/>\n<meta property=\"og:site_name\" content=\"TRUUSK - Hem, Tr\u00e4dg\u00e5rd &amp; Fritid\" \/>\n<meta property=\"article:modified_time\" content=\"2026-03-12T07:58:21+00:00\" \/>\n<meta property=\"og:image\" content=\"https:\/\/i0.wp.com\/truusk.se\/wp-content\/uploads\/2024\/02\/3-delad-sittgrupp-2-stolar-sidobord-sitt-och-ryggkuddar-bordsskiva-i-hardat-glas-konstrotting-gra.webp?fit=800%2C800&ssl=1\" \/>\n\t<meta property=\"og:image:width\" content=\"800\" \/>\n\t<meta property=\"og:image:height\" content=\"800\" \/>\n\t<meta property=\"og:image:type\" content=\"image\/webp\" \/>\n<meta name=\"twitter:card\" content=\"summary_large_image\" \/>\n<meta name=\"twitter:label1\" content=\"Ber\u00e4knad l\u00e4stid\" \/>\n\t<meta name=\"twitter:data1\" content=\"1 minut\" \/>\n<!-- \/ Yoast SEO plugin. -->","yoast_head_json":{"title":"TRUUSK 3-delat Sittgrupp - 2 Stolar - Sidobord - Sitt- och Ryggkuddar - Bordsskiva i H\u00e4rdat Glas - Konstrotting - Gr\u00e5 - TRUUSK - Hem, Tr\u00e4dg\u00e5rd &amp; Fritid","robots":{"index":"index","follow":"follow","max-snippet":"max-snippet:-1","max-image-preview":"max-image-preview:large","max-video-preview":"max-video-preview:-1"},"canonical":"https:\/\/truusk.store\/sv\/produkt\/truusk-3-delat-sittgrupp-2-stolar-sidobord-sitt-och-ryggkuddar-bordsskiva-i-hardat-glas-konstrotting-gra\/","og_locale":"sv_SE","og_type":"article","og_title":"TRUUSK 3-delat Sittgrupp - 2 Stolar - Sidobord - Sitt- och Ryggkuddar - Bordsskiva i H\u00e4rdat Glas - Konstrotting - Gr\u00e5 - TRUUSK - Hem, Tr\u00e4dg\u00e5rd &amp; Fritid","og_description":"Letar du efter ett elegant tr\u00e4dg\u00e5rdsset f\u00f6r att bekv\u00e4mt chatta med v\u00e4nner eller koppla av? Denna klassiska sittgrupp imponerar med...","og_url":"https:\/\/truusk.store\/sv\/produkt\/truusk-3-delat-sittgrupp-2-stolar-sidobord-sitt-och-ryggkuddar-bordsskiva-i-hardat-glas-konstrotting-gra\/","og_site_name":"TRUUSK - Hem, Tr\u00e4dg\u00e5rd &amp; Fritid","article_modified_time":"2026-03-12T07:58:21+00:00","og_image":[{"width":800,"height":800,"url":"https:\/\/i0.wp.com\/truusk.se\/wp-content\/uploads\/2024\/02\/3-delad-sittgrupp-2-stolar-sidobord-sitt-och-ryggkuddar-bordsskiva-i-hardat-glas-konstrotting-gra.webp?fit=800%2C800&ssl=1","type":"image\/webp"}],"twitter_card":"summary_large_image","twitter_misc":{"Ber\u00e4knad l\u00e4stid":"1 minut"},"schema":{"@context":"https:\/\/schema.org","@graph":[{"@type":"WebPage","@id":"https:\/\/truusk.store\/sv\/produkt\/truusk-3-delat-sittgrupp-2-stolar-sidobord-sitt-och-ryggkuddar-bordsskiva-i-hardat-glas-konstrotting-gra\/","url":"https:\/\/truusk.store\/sv\/produkt\/truusk-3-delat-sittgrupp-2-stolar-sidobord-sitt-och-ryggkuddar-bordsskiva-i-hardat-glas-konstrotting-gra\/","name":"TRUUSK 3-delat Sittgrupp - 2 Stolar - Sidobord - Sitt- och Ryggkuddar - Bordsskiva i H\u00e4rdat Glas - Konstrotting - Gr\u00e5 - TRUUSK - Hem, Tr\u00e4dg\u00e5rd &amp; Fritid","isPartOf":{"@id":"https:\/\/truusk.store\/sv\/#website"},"primaryImageOfPage":{"@id":"https:\/\/truusk.store\/sv\/produkt\/truusk-3-delat-sittgrupp-2-stolar-sidobord-sitt-och-ryggkuddar-bordsskiva-i-hardat-glas-konstrotting-gra\/#primaryimage"},"image":{"@id":"https:\/\/truusk.store\/sv\/produkt\/truusk-3-delat-sittgrupp-2-stolar-sidobord-sitt-och-ryggkuddar-bordsskiva-i-hardat-glas-konstrotting-gra\/#primaryimage"},"thumbnailUrl":"https:\/\/i0.wp.com\/truusk.store\/wp-content\/uploads\/2024\/02\/3-delad-sittgrupp-2-stolar-sidobord-sitt-och-ryggkuddar-bordsskiva-i-hardat-glas-konstrotting-gra.webp?fit=800%2C800&ssl=1","datePublished":"2024-02-28T23:50:09+00:00","dateModified":"2026-03-12T07:58:21+00:00","breadcrumb":{"@id":"https:\/\/truusk.store\/sv\/produkt\/truusk-3-delat-sittgrupp-2-stolar-sidobord-sitt-och-ryggkuddar-bordsskiva-i-hardat-glas-konstrotting-gra\/#breadcrumb"},"inLanguage":"sv-SE","potentialAction":[{"@type":"ReadAction","target":["https:\/\/truusk.store\/sv\/produkt\/truusk-3-delat-sittgrupp-2-stolar-sidobord-sitt-och-ryggkuddar-bordsskiva-i-hardat-glas-konstrotting-gra\/"]}]},{"@type":"ImageObject","inLanguage":"sv-SE","@id":"https:\/\/truusk.store\/sv\/produkt\/truusk-3-delat-sittgrupp-2-stolar-sidobord-sitt-och-ryggkuddar-bordsskiva-i-hardat-glas-konstrotting-gra\/#primaryimage","url":"https:\/\/i0.wp.com\/truusk.store\/wp-content\/uploads\/2024\/02\/3-delad-sittgrupp-2-stolar-sidobord-sitt-och-ryggkuddar-bordsskiva-i-hardat-glas-konstrotting-gra.webp?fit=800%2C800&ssl=1","contentUrl":"https:\/\/i0.wp.com\/truusk.store\/wp-content\/uploads\/2024\/02\/3-delad-sittgrupp-2-stolar-sidobord-sitt-och-ryggkuddar-bordsskiva-i-hardat-glas-konstrotting-gra.webp?fit=800%2C800&ssl=1","width":800,"height":800,"caption":"3-delad Sittgrupp, 2 Stolar, Sidobord, Sitt- Och Ryggkuddar, Bordsskiva I H\u00e4rdat Glas, Konstrotting, Gr\u00e5 1"},{"@type":"BreadcrumbList","@id":"https:\/\/truusk.store\/sv\/produkt\/truusk-3-delat-sittgrupp-2-stolar-sidobord-sitt-och-ryggkuddar-bordsskiva-i-hardat-glas-konstrotting-gra\/#breadcrumb","itemListElement":[{"@type":"ListItem","position":1,"name":"Home","item":"https:\/\/truusk.store\/sv\/"},{"@type":"ListItem","position":2,"name":"Shop","item":"https:\/\/truusk.store\/shop\/"},{"@type":"ListItem","position":3,"name":"TRUUSK 3-delat Sittgrupp &#8211; 2 Stolar &#8211; Sidobord &#8211; Sitt- och Ryggkuddar &#8211; Bordsskiva i H\u00e4rdat Glas &#8211; Konstrotting &#8211; Gr\u00e5"}]},{"@type":"WebSite","@id":"https:\/\/truusk.store\/sv\/#website","url":"https:\/\/truusk.store\/sv\/","name":"TRUUSK - Hem, Tr\u00e4dg\u00e5rd & Fritid","description":"","publisher":{"@id":"https:\/\/truusk.store\/sv\/#organization"},"potentialAction":[{"@type":"SearchAction","target":{"@type":"EntryPoint","urlTemplate":"https:\/\/truusk.store\/sv\/?s={search_term_string}"},"query-input":{"@type":"PropertyValueSpecification","valueRequired":true,"valueName":"search_term_string"}}],"inLanguage":"sv-SE"},{"@type":"Organization","@id":"https:\/\/truusk.store\/sv\/#organization","name":"TRUUSK - Hem, Tr\u00e4dg\u00e5rd & Fritid","url":"https:\/\/truusk.store\/sv\/","logo":{"@type":"ImageObject","inLanguage":"sv-SE","@id":"https:\/\/truusk.store\/sv\/#\/schema\/logo\/image\/","url":"https:\/\/i0.wp.com\/truusk.store\/wp-content\/uploads\/2026\/03\/cropped-TRUUSK.png?fit=2032%2C917&ssl=1","contentUrl":"https:\/\/i0.wp.com\/truusk.store\/wp-content\/uploads\/2026\/03\/cropped-TRUUSK.png?fit=2032%2C917&ssl=1","width":2032,"height":917,"caption":"TRUUSK - Hem, Tr\u00e4dg\u00e5rd & Fritid"},"image":{"@id":"https:\/\/truusk.store\/sv\/#\/schema\/logo\/image\/"}}]}},"jetpack_sharing_enabled":true,"_links":{"self":[{"href":"https:\/\/truusk.store\/sv\/wp-json\/wp\/v2\/product\/49430","targetHints":{"allow":["GET"]}}],"collection":[{"href":"https:\/\/truusk.store\/sv\/wp-json\/wp\/v2\/product"}],"about":[{"href":"https:\/\/truusk.store\/sv\/wp-json\/wp\/v2\/types\/product"}],"wp:featuredmedia":[{"embeddable":true,"href":"https:\/\/truusk.store\/sv\/wp-json\/wp\/v2\/media\/49431"}],"wp:attachment":[{"href":"https:\/\/truusk.store\/sv\/wp-json\/wp\/v2\/media?parent=49430"}],"wp:term":[{"taxonomy":"product_brand","embeddable":true,"href":"https:\/\/truusk.store\/sv\/wp-json\/wp\/v2\/product_brand?post=49430"},{"taxonomy":"product_cat","embeddable":true,"href":"https:\/\/truusk.store\/sv\/wp-json\/wp\/v2\/product_cat?post=49430"},{"taxonomy":"product_tag","embeddable":true,"href":"https:\/\/truusk.store\/sv\/wp-json\/wp\/v2\/product_tag?post=49430"}],"curies":[{"name":"wp","href":"https:\/\/api.w.org\/{rel}","templated":true}]}}