{"id":49441,"date":"2024-02-29T01:00:11","date_gmt":"2024-02-29T00:00:11","guid":{"rendered":"https:\/\/truusk.store\/product\/campingtalt-for-5-6-personer-familjetalt-lampkrokar-sidofickor-455x23x18m-gron-svart\/"},"modified":"2026-03-12T09:24:36","modified_gmt":"2026-03-12T08:24:36","slug":"truusk-campingtalt-for-5-6-personer-familjetalt-med-lampkrokar-sidofickor-storlek-455x23x18m-gron-svart","status":"publish","type":"product","link":"https:\/\/truusk.store\/sv\/produkt\/truusk-campingtalt-for-5-6-personer-familjetalt-med-lampkrokar-sidofickor-storlek-455x23x18m-gron-svart\/","title":{"rendered":"TRUUSK Campingt\u00e4lt f\u00f6r 5-6 personer &#8211; Familjet\u00e4lt med lampkrokar &#8211; Sidofickor &#8211; Storlek 4,55&#215;2,3&#215;1,8m &#8211; Gr\u00f6n\/svart"},"content":{"rendered":"<p>Detta 5-6 personers t\u00e4lt \u00e4r idealiskt f\u00f6r campingturer, \u00f6vernattningar eller vandringar. Det rymliga t\u00e4ltet erbjuder tillr\u00e4ckligt med utrymme f\u00f6r par eller familjer och det v\u00e4derbest\u00e4ndiga \u00f6verdraget skyddar dig fr\u00e5n v\u00e4der och vind och farlig UV-str\u00e5lning p\u00e5 din resa. De h\u00f6gkvalitativa materialen \u00e4r rostbest\u00e4ndiga och h\u00e5llbara. Inkluderat \u00e4r pinnar och en b\u00e4rv\u00e4ska f\u00f6r enkel transport.Obs: T\u00e4ltet \u00e4r inte avsett f\u00f6r extrema v\u00e4derf\u00f6rh\u00e5llanden. Anv\u00e4nd inte i extrem vind, regn eller sn\u00f6<\/p>\n<h3>Beskrivning:<\/h3>\n<ul>\n<li>\u00d6verdraget \u00e4r vattent\u00e4tt och UV-best\u00e4ndigt<\/li>\n<li>Meshdesign skyddar mot v\u00e4der och vind<\/li>\n<li>Inkluderar b\u00e4rv\u00e4ska f\u00f6r enkel transport<\/li>\n<li>Krokar f\u00f6r campinglampor<\/li>\n<li>Avtagbar ytterk\u00e5pa f\u00f6r att \u00f6ppna takf\u00f6nster<\/li>\n<li>Rymlig nog f\u00f6r 5-6 personer<\/li>\n<li>H\u00f6gkvalitativt material som h\u00e5ller i flera \u00e5r<\/li>\n<li>Inkl pinnar<\/li>\n<li>St\u00e5l och glasfiberram \u00e4r robust och rostbest\u00e4ndig<\/li>\n<li>Extra fickor med f\u00f6rvaringsutrymme f\u00f6r sm\u00e5saker<\/li>\n<li>3-s\u00e4songst\u00e4lt: Perfekt f\u00f6r v\u00e5r, sommar och h\u00f6st<\/li>\n<li>Inte l\u00e4mplig f\u00f6r extremt v\u00e4der<\/li>\n<li>Inte l\u00e4mplig f\u00f6r extremt l\u00e5ga temperaturer<\/li>\n<li>Obs: utan distanser<\/li>\n<\/ul>\n<h3>Teknisk data:<\/h3>\n<ul>\n<li>Material: Polyester, Oxford, Glasfiber, St\u00e5l<\/li>\n<li>Totalm\u00e5tt: L455 x B230 x 180 cm<\/li>\n<li>M\u00e5tt (tr): B136 x H130 cm<\/li>\n<li>L\u00e4ngd (stort rum): 2,15 m<\/li>\n<li>L\u00e4ngd (litet rum): 1,2 m<\/li>\n<li>Nettovikt: 6,4 kg<\/li>\n<li>F\u00e4rg: gr\u00f6n<\/li>\n<\/ul>\n<h3>Leveransens omfattning:<\/h3>\n<ul>\n<li>1 x Campingt\u00e4lt<\/li>\n<li>13 x pinnar<\/li>\n<li>6 x Guy Ropes<\/li>\n<li>1 x B\u00e4rv\u00e4ska<\/li>\n<li>1 x Monteringsanvisning<\/li>\n<\/ul>\n","protected":false},"excerpt":{"rendered":"<p>Detta 5-6 personers t\u00e4lt \u00e4r idealiskt f\u00f6r campingturer, \u00f6vernattningar eller vandringar. Det rymliga t\u00e4ltet erbjuder tillr\u00e4ckligt med utrymme f\u00f6r par&#8230;<\/p>\n","protected":false},"featured_media":49442,"template":"","meta":[],"product_brand":[],"product_cat":[648,647,650],"product_tag":[],"class_list":{"0":"post-49441","1":"product","2":"type-product","3":"status-publish","4":"has-post-thumbnail","6":"product_cat-camping-tillbehor","7":"product_cat-sport-fritid","8":"product_cat-talt","10":"first","11":"instock","12":"sale","13":"taxable","14":"shipping-taxable","15":"purchasable","16":"product-type-simple"},"yoast_head":"<!-- This site is optimized with the Yoast SEO plugin v25.4 - https:\/\/yoast.com\/wordpress\/plugins\/seo\/ -->\n<title>TRUUSK Campingt\u00e4lt f\u00f6r 5-6 personer - Familjet\u00e4lt med lampkrokar - Sidofickor - Storlek 4,55x2,3x1,8m - Gr\u00f6n\/svart - TRUUSK - Hem, Tr\u00e4dg\u00e5rd &amp; Fritid<\/title>\n<meta name=\"robots\" content=\"index, follow, max-snippet:-1, max-image-preview:large, max-video-preview:-1\" \/>\n<link rel=\"canonical\" href=\"https:\/\/truusk.store\/sv\/produkt\/truusk-campingtalt-for-5-6-personer-familjetalt-med-lampkrokar-sidofickor-storlek-455x23x18m-gron-svart\/\" \/>\n<meta property=\"og:locale\" content=\"sv_SE\" \/>\n<meta property=\"og:type\" content=\"article\" \/>\n<meta property=\"og:title\" content=\"TRUUSK Campingt\u00e4lt f\u00f6r 5-6 personer - Familjet\u00e4lt med lampkrokar - Sidofickor - Storlek 4,55x2,3x1,8m - Gr\u00f6n\/svart - TRUUSK - Hem, Tr\u00e4dg\u00e5rd &amp; Fritid\" \/>\n<meta property=\"og:description\" content=\"Detta 5-6 personers t\u00e4lt \u00e4r idealiskt f\u00f6r campingturer, \u00f6vernattningar eller vandringar. Det rymliga t\u00e4ltet erbjuder tillr\u00e4ckligt med utrymme f\u00f6r par...\" \/>\n<meta property=\"og:url\" content=\"https:\/\/truusk.store\/sv\/produkt\/truusk-campingtalt-for-5-6-personer-familjetalt-med-lampkrokar-sidofickor-storlek-455x23x18m-gron-svart\/\" \/>\n<meta property=\"og:site_name\" content=\"TRUUSK - Hem, Tr\u00e4dg\u00e5rd &amp; Fritid\" \/>\n<meta property=\"article:modified_time\" content=\"2026-03-12T08:24:36+00:00\" \/>\n<meta property=\"og:image\" content=\"https:\/\/i0.wp.com\/truusk.se\/wp-content\/uploads\/2024\/02\/campingtalt-for-5-6-personer-familjetalt-lampkrokar-sidofickor-455x23x18m-gron-svart.webp?fit=800%2C800&ssl=1\" \/>\n\t<meta property=\"og:image:width\" content=\"800\" \/>\n\t<meta property=\"og:image:height\" content=\"800\" \/>\n\t<meta property=\"og:image:type\" content=\"image\/webp\" \/>\n<meta name=\"twitter:card\" content=\"summary_large_image\" \/>\n<meta name=\"twitter:label1\" content=\"Ber\u00e4knad l\u00e4stid\" \/>\n\t<meta name=\"twitter:data1\" content=\"1 minut\" \/>\n<!-- \/ Yoast SEO plugin. -->","yoast_head_json":{"title":"TRUUSK Campingt\u00e4lt f\u00f6r 5-6 personer - Familjet\u00e4lt med lampkrokar - Sidofickor - Storlek 4,55x2,3x1,8m - Gr\u00f6n\/svart - TRUUSK - Hem, Tr\u00e4dg\u00e5rd &amp; Fritid","robots":{"index":"index","follow":"follow","max-snippet":"max-snippet:-1","max-image-preview":"max-image-preview:large","max-video-preview":"max-video-preview:-1"},"canonical":"https:\/\/truusk.store\/sv\/produkt\/truusk-campingtalt-for-5-6-personer-familjetalt-med-lampkrokar-sidofickor-storlek-455x23x18m-gron-svart\/","og_locale":"sv_SE","og_type":"article","og_title":"TRUUSK Campingt\u00e4lt f\u00f6r 5-6 personer - Familjet\u00e4lt med lampkrokar - Sidofickor - Storlek 4,55x2,3x1,8m - Gr\u00f6n\/svart - TRUUSK - Hem, Tr\u00e4dg\u00e5rd &amp; Fritid","og_description":"Detta 5-6 personers t\u00e4lt \u00e4r idealiskt f\u00f6r campingturer, \u00f6vernattningar eller vandringar. Det rymliga t\u00e4ltet erbjuder tillr\u00e4ckligt med utrymme f\u00f6r par...","og_url":"https:\/\/truusk.store\/sv\/produkt\/truusk-campingtalt-for-5-6-personer-familjetalt-med-lampkrokar-sidofickor-storlek-455x23x18m-gron-svart\/","og_site_name":"TRUUSK - Hem, Tr\u00e4dg\u00e5rd &amp; Fritid","article_modified_time":"2026-03-12T08:24:36+00:00","og_image":[{"width":800,"height":800,"url":"https:\/\/i0.wp.com\/truusk.se\/wp-content\/uploads\/2024\/02\/campingtalt-for-5-6-personer-familjetalt-lampkrokar-sidofickor-455x23x18m-gron-svart.webp?fit=800%2C800&ssl=1","type":"image\/webp"}],"twitter_card":"summary_large_image","twitter_misc":{"Ber\u00e4knad l\u00e4stid":"1 minut"},"schema":{"@context":"https:\/\/schema.org","@graph":[{"@type":"WebPage","@id":"https:\/\/truusk.store\/sv\/produkt\/truusk-campingtalt-for-5-6-personer-familjetalt-med-lampkrokar-sidofickor-storlek-455x23x18m-gron-svart\/","url":"https:\/\/truusk.store\/sv\/produkt\/truusk-campingtalt-for-5-6-personer-familjetalt-med-lampkrokar-sidofickor-storlek-455x23x18m-gron-svart\/","name":"TRUUSK Campingt\u00e4lt f\u00f6r 5-6 personer - Familjet\u00e4lt med lampkrokar - Sidofickor - Storlek 4,55x2,3x1,8m - Gr\u00f6n\/svart - TRUUSK - Hem, Tr\u00e4dg\u00e5rd &amp; Fritid","isPartOf":{"@id":"https:\/\/truusk.store\/sv\/#website"},"primaryImageOfPage":{"@id":"https:\/\/truusk.store\/sv\/produkt\/truusk-campingtalt-for-5-6-personer-familjetalt-med-lampkrokar-sidofickor-storlek-455x23x18m-gron-svart\/#primaryimage"},"image":{"@id":"https:\/\/truusk.store\/sv\/produkt\/truusk-campingtalt-for-5-6-personer-familjetalt-med-lampkrokar-sidofickor-storlek-455x23x18m-gron-svart\/#primaryimage"},"thumbnailUrl":"https:\/\/i0.wp.com\/truusk.store\/wp-content\/uploads\/2024\/02\/campingtalt-for-5-6-personer-familjetalt-lampkrokar-sidofickor-455x23x18m-gron-svart.webp?fit=800%2C800&ssl=1","datePublished":"2024-02-29T00:00:11+00:00","dateModified":"2026-03-12T08:24:36+00:00","breadcrumb":{"@id":"https:\/\/truusk.store\/sv\/produkt\/truusk-campingtalt-for-5-6-personer-familjetalt-med-lampkrokar-sidofickor-storlek-455x23x18m-gron-svart\/#breadcrumb"},"inLanguage":"sv-SE","potentialAction":[{"@type":"ReadAction","target":["https:\/\/truusk.store\/sv\/produkt\/truusk-campingtalt-for-5-6-personer-familjetalt-med-lampkrokar-sidofickor-storlek-455x23x18m-gron-svart\/"]}]},{"@type":"ImageObject","inLanguage":"sv-SE","@id":"https:\/\/truusk.store\/sv\/produkt\/truusk-campingtalt-for-5-6-personer-familjetalt-med-lampkrokar-sidofickor-storlek-455x23x18m-gron-svart\/#primaryimage","url":"https:\/\/i0.wp.com\/truusk.store\/wp-content\/uploads\/2024\/02\/campingtalt-for-5-6-personer-familjetalt-lampkrokar-sidofickor-455x23x18m-gron-svart.webp?fit=800%2C800&ssl=1","contentUrl":"https:\/\/i0.wp.com\/truusk.store\/wp-content\/uploads\/2024\/02\/campingtalt-for-5-6-personer-familjetalt-lampkrokar-sidofickor-455x23x18m-gron-svart.webp?fit=800%2C800&ssl=1","width":800,"height":800,"caption":"Campingt\u00e4lt F\u00f6r 5-6 Personer, Familjet\u00e4lt, Lampkrokar, Sidofickor, 4,55x2,3x1,8m, Gr\u00f6n\/svart 1"},{"@type":"BreadcrumbList","@id":"https:\/\/truusk.store\/sv\/produkt\/truusk-campingtalt-for-5-6-personer-familjetalt-med-lampkrokar-sidofickor-storlek-455x23x18m-gron-svart\/#breadcrumb","itemListElement":[{"@type":"ListItem","position":1,"name":"Home","item":"https:\/\/truusk.store\/sv\/"},{"@type":"ListItem","position":2,"name":"Shop","item":"https:\/\/truusk.store\/shop\/"},{"@type":"ListItem","position":3,"name":"TRUUSK Campingt\u00e4lt f\u00f6r 5-6 personer &#8211; Familjet\u00e4lt med lampkrokar &#8211; Sidofickor &#8211; Storlek 4,55&#215;2,3&#215;1,8m &#8211; Gr\u00f6n\/svart"}]},{"@type":"WebSite","@id":"https:\/\/truusk.store\/sv\/#website","url":"https:\/\/truusk.store\/sv\/","name":"TRUUSK - Hem, Tr\u00e4dg\u00e5rd & Fritid","description":"","publisher":{"@id":"https:\/\/truusk.store\/sv\/#organization"},"potentialAction":[{"@type":"SearchAction","target":{"@type":"EntryPoint","urlTemplate":"https:\/\/truusk.store\/sv\/?s={search_term_string}"},"query-input":{"@type":"PropertyValueSpecification","valueRequired":true,"valueName":"search_term_string"}}],"inLanguage":"sv-SE"},{"@type":"Organization","@id":"https:\/\/truusk.store\/sv\/#organization","name":"TRUUSK - Hem, Tr\u00e4dg\u00e5rd & Fritid","url":"https:\/\/truusk.store\/sv\/","logo":{"@type":"ImageObject","inLanguage":"sv-SE","@id":"https:\/\/truusk.store\/sv\/#\/schema\/logo\/image\/","url":"https:\/\/i0.wp.com\/truusk.store\/wp-content\/uploads\/2026\/03\/cropped-TRUUSK.png?fit=2032%2C917&ssl=1","contentUrl":"https:\/\/i0.wp.com\/truusk.store\/wp-content\/uploads\/2026\/03\/cropped-TRUUSK.png?fit=2032%2C917&ssl=1","width":2032,"height":917,"caption":"TRUUSK - Hem, Tr\u00e4dg\u00e5rd & Fritid"},"image":{"@id":"https:\/\/truusk.store\/sv\/#\/schema\/logo\/image\/"}}]}},"jetpack_sharing_enabled":true,"_links":{"self":[{"href":"https:\/\/truusk.store\/sv\/wp-json\/wp\/v2\/product\/49441","targetHints":{"allow":["GET"]}}],"collection":[{"href":"https:\/\/truusk.store\/sv\/wp-json\/wp\/v2\/product"}],"about":[{"href":"https:\/\/truusk.store\/sv\/wp-json\/wp\/v2\/types\/product"}],"wp:featuredmedia":[{"embeddable":true,"href":"https:\/\/truusk.store\/sv\/wp-json\/wp\/v2\/media\/49442"}],"wp:attachment":[{"href":"https:\/\/truusk.store\/sv\/wp-json\/wp\/v2\/media?parent=49441"}],"wp:term":[{"taxonomy":"product_brand","embeddable":true,"href":"https:\/\/truusk.store\/sv\/wp-json\/wp\/v2\/product_brand?post=49441"},{"taxonomy":"product_cat","embeddable":true,"href":"https:\/\/truusk.store\/sv\/wp-json\/wp\/v2\/product_cat?post=49441"},{"taxonomy":"product_tag","embeddable":true,"href":"https:\/\/truusk.store\/sv\/wp-json\/wp\/v2\/product_tag?post=49441"}],"curies":[{"name":"wp","href":"https:\/\/api.w.org\/{rel}","templated":true}]}}