{"id":49470,"date":"2024-02-29T01:30:10","date_gmt":"2024-02-29T00:30:10","guid":{"rendered":"https:\/\/truusk.store\/product\/vaxtskottkarra-hogbadd-av-tra-vaderbestandig-120-x-41-x-50-cm-brun\/"},"modified":"2026-03-12T09:38:29","modified_gmt":"2026-03-12T08:38:29","slug":"truusk-vaderbestandig-traodlad-hogbadd-120-x-41-x-50-cm-brun","status":"publish","type":"product","link":"https:\/\/truusk.store\/sv\/produkt\/truusk-vaderbestandig-traodlad-hogbadd-120-x-41-x-50-cm-brun\/","title":{"rendered":"TRUUSK V\u00e4derbest\u00e4ndig Tr\u00e4odlad H\u00f6gb\u00e4dd &#8211; 120 x 41 x 50 cm &#8211; Brun"},"content":{"rendered":"<p>Denna dekorativa planteringsmaskin f\u00f6r vagn ger en lekfull touch till din tr\u00e4dg\u00e5rd och \u00e4r tillr\u00e4ckligt m\u00e5ngsidig f\u00f6r att passa alla utomhusutrymmen. Med sina fyra hjul kan den enkelt flyttas runt i din tr\u00e4dg\u00e5rd eller p\u00e5 din terrass. Att hitta den perfekta vagnskrukan f\u00f6r din tr\u00e4dg\u00e5rd, veranda eller n\u00e5gon annan plats \u00e4r enkelt.<\/p>\n<h3>Beskrivning:<\/h3>\n<ul>\n<li>Gott om plats f\u00f6r att plantera blommor, \u00f6rter och mer<\/li>\n<li>L\u00e4tt att flytta, med 4 hjul och ett l\u00e5ngt handtag<\/li>\n<li>2 dr\u00e4neringsh\u00e5l f\u00f6r bra vattenavrinning<\/li>\n<li>V\u00e4derbest\u00e4ndig och stabil, tillverkad av massivt gran med en br\u00e4nd finish<\/li>\n<li>Vagnplanteraren tillf\u00f6r rustik charm<\/li>\n<li>L\u00e4mplig f\u00f6r tr\u00e4dg\u00e5rden, uteplatsen, poolomr\u00e5det eller din veranda<\/li>\n<li>Montering kr\u00e4vs<\/li>\n<\/ul>\n<h3>Teknisk data:<\/h3>\n<ul>\n<li>F\u00e4rg: F\u00f6rkolad<\/li>\n<li>Material: gran<\/li>\n<li>\u00d6vergripande m\u00e5tt: 120L x 41W x 54H cm<\/li>\n<li>Planteringsyta storlek: 61L x 31W x 17,5H cm<\/li>\n<li>Handtagsstorlek: 65,5L x 3,8W x 1,5H cm<\/li>\n<li>Hjulstorlek: 30 x 2,5W cm<\/li>\n<li>Viktkapacitet: 30 kg<\/li>\n<\/ul>\n<h3>Leveransens omfattning:<\/h3>\n<ul>\n<li>1 x Bloml\u00e5da<\/li>\n<li>1 x Instruktioner<\/li>\n<\/ul>\n","protected":false},"excerpt":{"rendered":"<p>Denna dekorativa planteringsmaskin f\u00f6r vagn ger en lekfull touch till din tr\u00e4dg\u00e5rd och \u00e4r tillr\u00e4ckligt m\u00e5ngsidig f\u00f6r att passa alla&#8230;<\/p>\n","protected":false},"featured_media":49471,"template":"","meta":[],"product_brand":[],"product_cat":[748,447,435,443],"product_tag":[],"class_list":{"0":"post-49470","1":"product","2":"type-product","3":"status-publish","4":"has-post-thumbnail","6":"product_cat-blomsterstall","7":"product_cat-planteringsmaskiner","8":"product_cat-tradgard-och-terrass","9":"product_cat-vaxthus-tradgardsskotsel","11":"first","12":"instock","13":"sale","14":"taxable","15":"shipping-taxable","16":"purchasable","17":"product-type-simple"},"yoast_head":"<!-- This site is optimized with the Yoast SEO plugin v25.4 - https:\/\/yoast.com\/wordpress\/plugins\/seo\/ -->\n<title>TRUUSK V\u00e4derbest\u00e4ndig Tr\u00e4odlad H\u00f6gb\u00e4dd - 120 x 41 x 50 cm - Brun - TRUUSK - Hem, Tr\u00e4dg\u00e5rd &amp; Fritid<\/title>\n<meta name=\"robots\" content=\"index, follow, max-snippet:-1, max-image-preview:large, max-video-preview:-1\" \/>\n<link rel=\"canonical\" href=\"https:\/\/truusk.store\/sv\/produkt\/truusk-vaderbestandig-traodlad-hogbadd-120-x-41-x-50-cm-brun\/\" \/>\n<meta property=\"og:locale\" content=\"sv_SE\" \/>\n<meta property=\"og:type\" content=\"article\" \/>\n<meta property=\"og:title\" content=\"TRUUSK V\u00e4derbest\u00e4ndig Tr\u00e4odlad H\u00f6gb\u00e4dd - 120 x 41 x 50 cm - Brun - TRUUSK - Hem, Tr\u00e4dg\u00e5rd &amp; Fritid\" \/>\n<meta property=\"og:description\" content=\"Denna dekorativa planteringsmaskin f\u00f6r vagn ger en lekfull touch till din tr\u00e4dg\u00e5rd och \u00e4r tillr\u00e4ckligt m\u00e5ngsidig f\u00f6r att passa alla...\" \/>\n<meta property=\"og:url\" content=\"https:\/\/truusk.store\/sv\/produkt\/truusk-vaderbestandig-traodlad-hogbadd-120-x-41-x-50-cm-brun\/\" \/>\n<meta property=\"og:site_name\" content=\"TRUUSK - Hem, Tr\u00e4dg\u00e5rd &amp; Fritid\" \/>\n<meta property=\"article:modified_time\" content=\"2026-03-12T08:38:29+00:00\" \/>\n<meta property=\"og:image\" content=\"https:\/\/i0.wp.com\/truusk.se\/wp-content\/uploads\/2024\/02\/vaxtskottkarra-hogbadd-av-tra-vaderbestandig-120-x-41-x-50-cm-brun.webp?fit=800%2C800&ssl=1\" \/>\n\t<meta property=\"og:image:width\" content=\"800\" \/>\n\t<meta property=\"og:image:height\" content=\"800\" \/>\n\t<meta property=\"og:image:type\" content=\"image\/webp\" \/>\n<meta name=\"twitter:card\" content=\"summary_large_image\" \/>\n<meta name=\"twitter:label1\" content=\"Ber\u00e4knad l\u00e4stid\" \/>\n\t<meta name=\"twitter:data1\" content=\"1 minut\" \/>\n<!-- \/ Yoast SEO plugin. -->","yoast_head_json":{"title":"TRUUSK V\u00e4derbest\u00e4ndig Tr\u00e4odlad H\u00f6gb\u00e4dd - 120 x 41 x 50 cm - Brun - TRUUSK - Hem, Tr\u00e4dg\u00e5rd &amp; Fritid","robots":{"index":"index","follow":"follow","max-snippet":"max-snippet:-1","max-image-preview":"max-image-preview:large","max-video-preview":"max-video-preview:-1"},"canonical":"https:\/\/truusk.store\/sv\/produkt\/truusk-vaderbestandig-traodlad-hogbadd-120-x-41-x-50-cm-brun\/","og_locale":"sv_SE","og_type":"article","og_title":"TRUUSK V\u00e4derbest\u00e4ndig Tr\u00e4odlad H\u00f6gb\u00e4dd - 120 x 41 x 50 cm - Brun - TRUUSK - Hem, Tr\u00e4dg\u00e5rd &amp; Fritid","og_description":"Denna dekorativa planteringsmaskin f\u00f6r vagn ger en lekfull touch till din tr\u00e4dg\u00e5rd och \u00e4r tillr\u00e4ckligt m\u00e5ngsidig f\u00f6r att passa alla...","og_url":"https:\/\/truusk.store\/sv\/produkt\/truusk-vaderbestandig-traodlad-hogbadd-120-x-41-x-50-cm-brun\/","og_site_name":"TRUUSK - Hem, Tr\u00e4dg\u00e5rd &amp; Fritid","article_modified_time":"2026-03-12T08:38:29+00:00","og_image":[{"width":800,"height":800,"url":"https:\/\/i0.wp.com\/truusk.se\/wp-content\/uploads\/2024\/02\/vaxtskottkarra-hogbadd-av-tra-vaderbestandig-120-x-41-x-50-cm-brun.webp?fit=800%2C800&ssl=1","type":"image\/webp"}],"twitter_card":"summary_large_image","twitter_misc":{"Ber\u00e4knad l\u00e4stid":"1 minut"},"schema":{"@context":"https:\/\/schema.org","@graph":[{"@type":"WebPage","@id":"https:\/\/truusk.store\/sv\/produkt\/truusk-vaderbestandig-traodlad-hogbadd-120-x-41-x-50-cm-brun\/","url":"https:\/\/truusk.store\/sv\/produkt\/truusk-vaderbestandig-traodlad-hogbadd-120-x-41-x-50-cm-brun\/","name":"TRUUSK V\u00e4derbest\u00e4ndig Tr\u00e4odlad H\u00f6gb\u00e4dd - 120 x 41 x 50 cm - Brun - TRUUSK - Hem, Tr\u00e4dg\u00e5rd &amp; Fritid","isPartOf":{"@id":"https:\/\/truusk.store\/sv\/#website"},"primaryImageOfPage":{"@id":"https:\/\/truusk.store\/sv\/produkt\/truusk-vaderbestandig-traodlad-hogbadd-120-x-41-x-50-cm-brun\/#primaryimage"},"image":{"@id":"https:\/\/truusk.store\/sv\/produkt\/truusk-vaderbestandig-traodlad-hogbadd-120-x-41-x-50-cm-brun\/#primaryimage"},"thumbnailUrl":"https:\/\/i0.wp.com\/truusk.store\/wp-content\/uploads\/2024\/02\/vaxtskottkarra-hogbadd-av-tra-vaderbestandig-120-x-41-x-50-cm-brun.webp?fit=800%2C800&ssl=1","datePublished":"2024-02-29T00:30:10+00:00","dateModified":"2026-03-12T08:38:29+00:00","breadcrumb":{"@id":"https:\/\/truusk.store\/sv\/produkt\/truusk-vaderbestandig-traodlad-hogbadd-120-x-41-x-50-cm-brun\/#breadcrumb"},"inLanguage":"sv-SE","potentialAction":[{"@type":"ReadAction","target":["https:\/\/truusk.store\/sv\/produkt\/truusk-vaderbestandig-traodlad-hogbadd-120-x-41-x-50-cm-brun\/"]}]},{"@type":"ImageObject","inLanguage":"sv-SE","@id":"https:\/\/truusk.store\/sv\/produkt\/truusk-vaderbestandig-traodlad-hogbadd-120-x-41-x-50-cm-brun\/#primaryimage","url":"https:\/\/i0.wp.com\/truusk.store\/wp-content\/uploads\/2024\/02\/vaxtskottkarra-hogbadd-av-tra-vaderbestandig-120-x-41-x-50-cm-brun.webp?fit=800%2C800&ssl=1","contentUrl":"https:\/\/i0.wp.com\/truusk.store\/wp-content\/uploads\/2024\/02\/vaxtskottkarra-hogbadd-av-tra-vaderbestandig-120-x-41-x-50-cm-brun.webp?fit=800%2C800&ssl=1","width":800,"height":800,"caption":"V\u00e4xtskottk\u00e4rra H\u00f6gb\u00e4dd Av Tr\u00e4, V\u00e4derbest\u00e4ndig, 120 X 41 X 50 Cm, Brun 1"},{"@type":"BreadcrumbList","@id":"https:\/\/truusk.store\/sv\/produkt\/truusk-vaderbestandig-traodlad-hogbadd-120-x-41-x-50-cm-brun\/#breadcrumb","itemListElement":[{"@type":"ListItem","position":1,"name":"Home","item":"https:\/\/truusk.store\/sv\/"},{"@type":"ListItem","position":2,"name":"Shop","item":"https:\/\/truusk.store\/shop\/"},{"@type":"ListItem","position":3,"name":"TRUUSK V\u00e4derbest\u00e4ndig Tr\u00e4odlad H\u00f6gb\u00e4dd &#8211; 120 x 41 x 50 cm &#8211; Brun"}]},{"@type":"WebSite","@id":"https:\/\/truusk.store\/sv\/#website","url":"https:\/\/truusk.store\/sv\/","name":"TRUUSK - Hem, Tr\u00e4dg\u00e5rd & Fritid","description":"","publisher":{"@id":"https:\/\/truusk.store\/sv\/#organization"},"potentialAction":[{"@type":"SearchAction","target":{"@type":"EntryPoint","urlTemplate":"https:\/\/truusk.store\/sv\/?s={search_term_string}"},"query-input":{"@type":"PropertyValueSpecification","valueRequired":true,"valueName":"search_term_string"}}],"inLanguage":"sv-SE"},{"@type":"Organization","@id":"https:\/\/truusk.store\/sv\/#organization","name":"TRUUSK - Hem, Tr\u00e4dg\u00e5rd & Fritid","url":"https:\/\/truusk.store\/sv\/","logo":{"@type":"ImageObject","inLanguage":"sv-SE","@id":"https:\/\/truusk.store\/sv\/#\/schema\/logo\/image\/","url":"https:\/\/i0.wp.com\/truusk.store\/wp-content\/uploads\/2026\/03\/cropped-TRUUSK.png?fit=2032%2C917&ssl=1","contentUrl":"https:\/\/i0.wp.com\/truusk.store\/wp-content\/uploads\/2026\/03\/cropped-TRUUSK.png?fit=2032%2C917&ssl=1","width":2032,"height":917,"caption":"TRUUSK - Hem, Tr\u00e4dg\u00e5rd & Fritid"},"image":{"@id":"https:\/\/truusk.store\/sv\/#\/schema\/logo\/image\/"}}]}},"jetpack_sharing_enabled":true,"_links":{"self":[{"href":"https:\/\/truusk.store\/sv\/wp-json\/wp\/v2\/product\/49470","targetHints":{"allow":["GET"]}}],"collection":[{"href":"https:\/\/truusk.store\/sv\/wp-json\/wp\/v2\/product"}],"about":[{"href":"https:\/\/truusk.store\/sv\/wp-json\/wp\/v2\/types\/product"}],"wp:featuredmedia":[{"embeddable":true,"href":"https:\/\/truusk.store\/sv\/wp-json\/wp\/v2\/media\/49471"}],"wp:attachment":[{"href":"https:\/\/truusk.store\/sv\/wp-json\/wp\/v2\/media?parent=49470"}],"wp:term":[{"taxonomy":"product_brand","embeddable":true,"href":"https:\/\/truusk.store\/sv\/wp-json\/wp\/v2\/product_brand?post=49470"},{"taxonomy":"product_cat","embeddable":true,"href":"https:\/\/truusk.store\/sv\/wp-json\/wp\/v2\/product_cat?post=49470"},{"taxonomy":"product_tag","embeddable":true,"href":"https:\/\/truusk.store\/sv\/wp-json\/wp\/v2\/product_tag?post=49470"}],"curies":[{"name":"wp","href":"https:\/\/api.w.org\/{rel}","templated":true}]}}