{"id":49481,"date":"2024-02-29T01:40:09","date_gmt":"2024-02-29T00:40:09","guid":{"rendered":"https:\/\/truusk.store\/product\/campsang-campingsang-hopfallbar-vaderbestandig-inkl-barvaska-190-x-68-x-52-cm-svart\/"},"modified":"2026-03-12T08:57:44","modified_gmt":"2026-03-12T07:57:44","slug":"truusk-campingssang-hopfallbar-och-vaderbestandig-inkl-barvaska-190-x-68-x-52-cm-svart","status":"publish","type":"product","link":"https:\/\/truusk.store\/sv\/produkt\/truusk-campingssang-hopfallbar-och-vaderbestandig-inkl-barvaska-190-x-68-x-52-cm-svart\/","title":{"rendered":"TRUUSK Campingss\u00e4ng &#8211; Hopf\u00e4llbar och V\u00e4derbest\u00e4ndig &#8211; Inkl. B\u00e4rv\u00e4ska &#8211; 190 x 68 x 52 cm &#8211; Svart"},"content":{"rendered":"<p>Ligg alltid bekv\u00e4mt, \u00e4ven n\u00e4r du \u00e4r p\u00e5 resande fot. Inga problem alls med v\u00e5r l\u00e4tttransporterade t\u00e4lts\u00e4ng. Solstolen \u00e4r hopf\u00e4llbar s\u00e5 den kan st\u00e4llas upp och tas ner snabbt. Det slitstarka Oxford-\u00f6verdraget \u00e4r v\u00e4der- och d\u00e4ckbest\u00e4ndigt och kan h\u00e5lla upp till 150 kg. Den pulverlackerade ramen \u00e4r robust och v\u00e4derbest\u00e4ndig och \u00e4r idealisk f\u00f6r din n\u00e4sta utomhusresa.<\/p>\n<h3>Beskrivning:<\/h3>\n<ul>\n<li>Perfekt f\u00f6r camping eller som g\u00e4sts\u00e4ng och l\u00e4tt att transportera<\/li>\n<li>Den pulverlackerade st\u00e5lramen g\u00f6r solstolen mycket robust<\/li>\n<li>600D Oxford-k\u00e5pan med PVC-bel\u00e4ggning \u00e4r vatten- och mognadsbest\u00e4ndig<\/li>\n<li>En liten sidficka ger plats f\u00f6r en mobiltelefon, nycklar eller andra sm\u00e5saker<\/li>\n<li>Lastkapacitet upp till 150 kg<\/li>\n<li>Upph\u00f6jd position f\u00f6r mer komfort n\u00e4r du sover<\/li>\n<li>Inkluderar b\u00e4rv\u00e4ska f\u00f6r enkel transport och f\u00f6rvaring<\/li>\n<\/ul>\n<h3>Teknisk data:<\/h3>\n<ul>\n<li>Material: st\u00e5l, Oxford<\/li>\n<li>M\u00e5tt: L190 x B68 x H52 cm<\/li>\n<li>M\u00e5tt (vikt): L21 x B16 x H104 cm<\/li>\n<li>M\u00e5tt (b\u00e4rv\u00e4ska): L114 x B34 cm<\/li>\n<li>Nettovikt: 5,5 kg<\/li>\n<li>Lastkapacitet: 150 kg<\/li>\n<li>Svart f\u00e4rg<\/li>\n<\/ul>\n<h3>Leveransens omfattning:<\/h3>\n<ul>\n<li>1 x t\u00e4lts\u00e4ng<\/li>\n<li>1 x B\u00e4rv\u00e4ska<\/li>\n<li>1 x bruksanvisning<\/li>\n<\/ul>\n","protected":false},"excerpt":{"rendered":"<p>Ligg alltid bekv\u00e4mt, \u00e4ven n\u00e4r du \u00e4r p\u00e5 resande fot. Inga problem alls med v\u00e5r l\u00e4tttransporterade t\u00e4lts\u00e4ng. Solstolen \u00e4r hopf\u00e4llbar&#8230;<\/p>\n","protected":false},"featured_media":49482,"template":"","meta":[],"product_brand":[],"product_cat":[651,648,647],"product_tag":[],"class_list":{"0":"post-49481","1":"product","2":"type-product","3":"status-publish","4":"has-post-thumbnail","6":"product_cat-barnsangar","7":"product_cat-camping-tillbehor","8":"product_cat-sport-fritid","10":"first","11":"instock","12":"sale","13":"taxable","14":"shipping-taxable","15":"purchasable","16":"product-type-simple"},"yoast_head":"<!-- This site is optimized with the Yoast SEO plugin v25.4 - https:\/\/yoast.com\/wordpress\/plugins\/seo\/ -->\n<title>TRUUSK Campingss\u00e4ng - Hopf\u00e4llbar och V\u00e4derbest\u00e4ndig - Inkl. B\u00e4rv\u00e4ska - 190 x 68 x 52 cm - Svart - TRUUSK - Hem, Tr\u00e4dg\u00e5rd &amp; Fritid<\/title>\n<meta name=\"robots\" content=\"index, follow, max-snippet:-1, max-image-preview:large, max-video-preview:-1\" \/>\n<link rel=\"canonical\" href=\"https:\/\/truusk.store\/sv\/produkt\/truusk-campingssang-hopfallbar-och-vaderbestandig-inkl-barvaska-190-x-68-x-52-cm-svart\/\" \/>\n<meta property=\"og:locale\" content=\"sv_SE\" \/>\n<meta property=\"og:type\" content=\"article\" \/>\n<meta property=\"og:title\" content=\"TRUUSK Campingss\u00e4ng - Hopf\u00e4llbar och V\u00e4derbest\u00e4ndig - Inkl. B\u00e4rv\u00e4ska - 190 x 68 x 52 cm - Svart - TRUUSK - Hem, Tr\u00e4dg\u00e5rd &amp; Fritid\" \/>\n<meta property=\"og:description\" content=\"Ligg alltid bekv\u00e4mt, \u00e4ven n\u00e4r du \u00e4r p\u00e5 resande fot. Inga problem alls med v\u00e5r l\u00e4tttransporterade t\u00e4lts\u00e4ng. Solstolen \u00e4r hopf\u00e4llbar...\" \/>\n<meta property=\"og:url\" content=\"https:\/\/truusk.store\/sv\/produkt\/truusk-campingssang-hopfallbar-och-vaderbestandig-inkl-barvaska-190-x-68-x-52-cm-svart\/\" \/>\n<meta property=\"og:site_name\" content=\"TRUUSK - Hem, Tr\u00e4dg\u00e5rd &amp; Fritid\" \/>\n<meta property=\"article:modified_time\" content=\"2026-03-12T07:57:44+00:00\" \/>\n<meta property=\"og:image\" content=\"https:\/\/i0.wp.com\/truusk.se\/wp-content\/uploads\/2024\/02\/campsang-campingsang-hopfallbar-vaderbestandig-inkl-barvaska-190-x-68-x-52-cm-svart.webp?fit=800%2C800&ssl=1\" \/>\n\t<meta property=\"og:image:width\" content=\"800\" \/>\n\t<meta property=\"og:image:height\" content=\"800\" \/>\n\t<meta property=\"og:image:type\" content=\"image\/webp\" \/>\n<meta name=\"twitter:card\" content=\"summary_large_image\" \/>\n<meta name=\"twitter:label1\" content=\"Ber\u00e4knad l\u00e4stid\" \/>\n\t<meta name=\"twitter:data1\" content=\"1 minut\" \/>\n<!-- \/ Yoast SEO plugin. -->","yoast_head_json":{"title":"TRUUSK Campingss\u00e4ng - Hopf\u00e4llbar och V\u00e4derbest\u00e4ndig - Inkl. B\u00e4rv\u00e4ska - 190 x 68 x 52 cm - Svart - TRUUSK - Hem, Tr\u00e4dg\u00e5rd &amp; Fritid","robots":{"index":"index","follow":"follow","max-snippet":"max-snippet:-1","max-image-preview":"max-image-preview:large","max-video-preview":"max-video-preview:-1"},"canonical":"https:\/\/truusk.store\/sv\/produkt\/truusk-campingssang-hopfallbar-och-vaderbestandig-inkl-barvaska-190-x-68-x-52-cm-svart\/","og_locale":"sv_SE","og_type":"article","og_title":"TRUUSK Campingss\u00e4ng - Hopf\u00e4llbar och V\u00e4derbest\u00e4ndig - Inkl. B\u00e4rv\u00e4ska - 190 x 68 x 52 cm - Svart - TRUUSK - Hem, Tr\u00e4dg\u00e5rd &amp; Fritid","og_description":"Ligg alltid bekv\u00e4mt, \u00e4ven n\u00e4r du \u00e4r p\u00e5 resande fot. Inga problem alls med v\u00e5r l\u00e4tttransporterade t\u00e4lts\u00e4ng. Solstolen \u00e4r hopf\u00e4llbar...","og_url":"https:\/\/truusk.store\/sv\/produkt\/truusk-campingssang-hopfallbar-och-vaderbestandig-inkl-barvaska-190-x-68-x-52-cm-svart\/","og_site_name":"TRUUSK - Hem, Tr\u00e4dg\u00e5rd &amp; Fritid","article_modified_time":"2026-03-12T07:57:44+00:00","og_image":[{"width":800,"height":800,"url":"https:\/\/i0.wp.com\/truusk.se\/wp-content\/uploads\/2024\/02\/campsang-campingsang-hopfallbar-vaderbestandig-inkl-barvaska-190-x-68-x-52-cm-svart.webp?fit=800%2C800&ssl=1","type":"image\/webp"}],"twitter_card":"summary_large_image","twitter_misc":{"Ber\u00e4knad l\u00e4stid":"1 minut"},"schema":{"@context":"https:\/\/schema.org","@graph":[{"@type":"WebPage","@id":"https:\/\/truusk.store\/sv\/produkt\/truusk-campingssang-hopfallbar-och-vaderbestandig-inkl-barvaska-190-x-68-x-52-cm-svart\/","url":"https:\/\/truusk.store\/sv\/produkt\/truusk-campingssang-hopfallbar-och-vaderbestandig-inkl-barvaska-190-x-68-x-52-cm-svart\/","name":"TRUUSK Campingss\u00e4ng - Hopf\u00e4llbar och V\u00e4derbest\u00e4ndig - Inkl. B\u00e4rv\u00e4ska - 190 x 68 x 52 cm - Svart - TRUUSK - Hem, Tr\u00e4dg\u00e5rd &amp; Fritid","isPartOf":{"@id":"https:\/\/truusk.store\/sv\/#website"},"primaryImageOfPage":{"@id":"https:\/\/truusk.store\/sv\/produkt\/truusk-campingssang-hopfallbar-och-vaderbestandig-inkl-barvaska-190-x-68-x-52-cm-svart\/#primaryimage"},"image":{"@id":"https:\/\/truusk.store\/sv\/produkt\/truusk-campingssang-hopfallbar-och-vaderbestandig-inkl-barvaska-190-x-68-x-52-cm-svart\/#primaryimage"},"thumbnailUrl":"https:\/\/i0.wp.com\/truusk.store\/wp-content\/uploads\/2024\/02\/campsang-campingsang-hopfallbar-vaderbestandig-inkl-barvaska-190-x-68-x-52-cm-svart.webp?fit=800%2C800&ssl=1","datePublished":"2024-02-29T00:40:09+00:00","dateModified":"2026-03-12T07:57:44+00:00","breadcrumb":{"@id":"https:\/\/truusk.store\/sv\/produkt\/truusk-campingssang-hopfallbar-och-vaderbestandig-inkl-barvaska-190-x-68-x-52-cm-svart\/#breadcrumb"},"inLanguage":"sv-SE","potentialAction":[{"@type":"ReadAction","target":["https:\/\/truusk.store\/sv\/produkt\/truusk-campingssang-hopfallbar-och-vaderbestandig-inkl-barvaska-190-x-68-x-52-cm-svart\/"]}]},{"@type":"ImageObject","inLanguage":"sv-SE","@id":"https:\/\/truusk.store\/sv\/produkt\/truusk-campingssang-hopfallbar-och-vaderbestandig-inkl-barvaska-190-x-68-x-52-cm-svart\/#primaryimage","url":"https:\/\/i0.wp.com\/truusk.store\/wp-content\/uploads\/2024\/02\/campsang-campingsang-hopfallbar-vaderbestandig-inkl-barvaska-190-x-68-x-52-cm-svart.webp?fit=800%2C800&ssl=1","contentUrl":"https:\/\/i0.wp.com\/truusk.store\/wp-content\/uploads\/2024\/02\/campsang-campingsang-hopfallbar-vaderbestandig-inkl-barvaska-190-x-68-x-52-cm-svart.webp?fit=800%2C800&ssl=1","width":800,"height":800,"caption":"Camps\u00e4ng, Campings\u00e4ng, Hopf\u00e4llbar, V\u00e4derbest\u00e4ndig, Inkl. B\u00e4rv\u00e4ska, 190 X 68 X 52 Cm, Svart 1"},{"@type":"BreadcrumbList","@id":"https:\/\/truusk.store\/sv\/produkt\/truusk-campingssang-hopfallbar-och-vaderbestandig-inkl-barvaska-190-x-68-x-52-cm-svart\/#breadcrumb","itemListElement":[{"@type":"ListItem","position":1,"name":"Home","item":"https:\/\/truusk.store\/sv\/"},{"@type":"ListItem","position":2,"name":"Shop","item":"https:\/\/truusk.store\/shop\/"},{"@type":"ListItem","position":3,"name":"TRUUSK Campingss\u00e4ng &#8211; Hopf\u00e4llbar och V\u00e4derbest\u00e4ndig &#8211; Inkl. B\u00e4rv\u00e4ska &#8211; 190 x 68 x 52 cm &#8211; Svart"}]},{"@type":"WebSite","@id":"https:\/\/truusk.store\/sv\/#website","url":"https:\/\/truusk.store\/sv\/","name":"TRUUSK - Hem, Tr\u00e4dg\u00e5rd & Fritid","description":"","publisher":{"@id":"https:\/\/truusk.store\/sv\/#organization"},"potentialAction":[{"@type":"SearchAction","target":{"@type":"EntryPoint","urlTemplate":"https:\/\/truusk.store\/sv\/?s={search_term_string}"},"query-input":{"@type":"PropertyValueSpecification","valueRequired":true,"valueName":"search_term_string"}}],"inLanguage":"sv-SE"},{"@type":"Organization","@id":"https:\/\/truusk.store\/sv\/#organization","name":"TRUUSK - Hem, Tr\u00e4dg\u00e5rd & Fritid","url":"https:\/\/truusk.store\/sv\/","logo":{"@type":"ImageObject","inLanguage":"sv-SE","@id":"https:\/\/truusk.store\/sv\/#\/schema\/logo\/image\/","url":"https:\/\/i0.wp.com\/truusk.store\/wp-content\/uploads\/2026\/03\/cropped-TRUUSK.png?fit=2032%2C917&ssl=1","contentUrl":"https:\/\/i0.wp.com\/truusk.store\/wp-content\/uploads\/2026\/03\/cropped-TRUUSK.png?fit=2032%2C917&ssl=1","width":2032,"height":917,"caption":"TRUUSK - Hem, Tr\u00e4dg\u00e5rd & Fritid"},"image":{"@id":"https:\/\/truusk.store\/sv\/#\/schema\/logo\/image\/"}}]}},"jetpack_sharing_enabled":true,"_links":{"self":[{"href":"https:\/\/truusk.store\/sv\/wp-json\/wp\/v2\/product\/49481","targetHints":{"allow":["GET"]}}],"collection":[{"href":"https:\/\/truusk.store\/sv\/wp-json\/wp\/v2\/product"}],"about":[{"href":"https:\/\/truusk.store\/sv\/wp-json\/wp\/v2\/types\/product"}],"wp:featuredmedia":[{"embeddable":true,"href":"https:\/\/truusk.store\/sv\/wp-json\/wp\/v2\/media\/49482"}],"wp:attachment":[{"href":"https:\/\/truusk.store\/sv\/wp-json\/wp\/v2\/media?parent=49481"}],"wp:term":[{"taxonomy":"product_brand","embeddable":true,"href":"https:\/\/truusk.store\/sv\/wp-json\/wp\/v2\/product_brand?post=49481"},{"taxonomy":"product_cat","embeddable":true,"href":"https:\/\/truusk.store\/sv\/wp-json\/wp\/v2\/product_cat?post=49481"},{"taxonomy":"product_tag","embeddable":true,"href":"https:\/\/truusk.store\/sv\/wp-json\/wp\/v2\/product_tag?post=49481"}],"curies":[{"name":"wp","href":"https:\/\/api.w.org\/{rel}","templated":true}]}}