{"id":49503,"date":"2024-02-29T02:00:09","date_gmt":"2024-02-29T01:00:09","guid":{"rendered":"https:\/\/truusk.store\/product\/tradgardspergola-infallbar-tradgardspergola-vaderbestandig-inklusive-monteringsmaterial-beige\/"},"modified":"2026-03-12T09:33:14","modified_gmt":"2026-03-12T08:33:14","slug":"truusk-hangmatta-for-utomhusbruk-justerbara-kedjor-vaderbestandig-max-belastning-200-kg-beige","status":"publish","type":"product","link":"https:\/\/truusk.store\/sv\/produkt\/truusk-hangmatta-for-utomhusbruk-justerbara-kedjor-vaderbestandig-max-belastning-200-kg-beige\/","title":{"rendered":"TRUUSK H\u00e4ngmatta f\u00f6r utomhusbruk &#8211; Justerbara kedjor &#8211; V\u00e4derbest\u00e4ndig &#8211; Max belastning 200 kg &#8211; Beige"},"content":{"rendered":"<p>Denna utdragbara pergola l\u00e5ter dig justera solskyddet efter din smak &#8211; njut av solen eller koppla av i skuggan. Polykarbonattaket och metallstrukturen \u00e4r robusta, med markankare och expansionsskruvar f\u00f6r att f\u00e4sta det i marken. Tr\u00e4dg\u00e5rdsskyddets tak och sidov\u00e4ggar kan placeras i olika vinklar f\u00f6r att skydda dig fr\u00e5n skuggor. Njut av friluftsliv b\u00e4ttre \u00e4n n\u00e5gonsin tidigare.<\/p>\n<h3>Beskrivning:<\/h3>\n<ul>\n<li>Polyestertaket \u00e4r utdragbart och kan flyttas f\u00f6r att skydda dig mot solen<\/li>\n<li>Polykarbonattaket ger skydd mot regn och sn\u00f6<\/li>\n<li>Gardiner skapar skugga och avskildhet efter behov<\/li>\n<li>Den pulverlackerade aluminium- och st\u00e5lramen \u00e4r robust och rostbest\u00e4ndig<\/li>\n<li>Markankare och expansionsskruvar ing\u00e5r f\u00f6r att f\u00e4sta den i marken<\/li>\n<li>L\u00e4mplig f\u00f6r tr\u00e4dg\u00e5rden och andra utomhusomr\u00e5den<\/li>\n<li>Montering kr\u00e4vs<\/li>\n<\/ul>\n<h3>Teknisk data:<\/h3>\n<ul>\n<li>F\u00e4rg beige<\/li>\n<li>Material: aluminium, st\u00e5l, polykarbonat, polyester<\/li>\n<li>\u00d6vergripande m\u00e5tt: 345L x 300W x 215-255H cm<\/li>\n<li>Avst\u00e5nd mellan kolonner: 380L x 280W cm<\/li>\n<li>Storlek: 8L x 8W cm<\/li>\n<li>Vindt\u00e4t niv\u00e5: 4-5 (anv\u00e4nd markstavar), 5-6 (anv\u00e4nd expansionsskruvar)<\/li>\n<li>Sn\u00f6lastkapacitet: 22,5 kg\/<\/li>\n<li>OBS: Rekommenderas inte f\u00f6r anv\u00e4ndning i extrema v\u00e4derf\u00f6rh\u00e5llanden<\/li>\n<\/ul>\n<h3>Leveransens omfattning:<\/h3>\n<ul>\n<li>1 x pergola<\/li>\n<li>8 x markinsatser<\/li>\n<li>8 x expansionsskruvar<\/li>\n<li>1 x manuell<\/li>\n<\/ul>\n","protected":false},"excerpt":{"rendered":"<p>Denna utdragbara pergola l\u00e5ter dig justera solskyddet efter din smak &#8211; njut av solen eller koppla av i skuggan. Polykarbonattaket&#8230;<\/p>\n","protected":false},"featured_media":49504,"template":"","meta":[],"product_brand":[],"product_cat":[478,435,476],"product_tag":[],"class_list":{"0":"post-49503","1":"product","2":"type-product","3":"status-publish","4":"has-post-thumbnail","6":"product_cat-pergola","7":"product_cat-tradgard-och-terrass","8":"product_cat-tradgardspaviljonger","10":"first","11":"instock","12":"sale","13":"taxable","14":"shipping-taxable","15":"purchasable","16":"product-type-simple"},"yoast_head":"<!-- This site is optimized with the Yoast SEO plugin v25.4 - https:\/\/yoast.com\/wordpress\/plugins\/seo\/ -->\n<title>TRUUSK H\u00e4ngmatta f\u00f6r utomhusbruk - Justerbara kedjor - V\u00e4derbest\u00e4ndig - Max belastning 200 kg - Beige - TRUUSK - Hem, Tr\u00e4dg\u00e5rd &amp; Fritid<\/title>\n<meta name=\"robots\" content=\"index, follow, max-snippet:-1, max-image-preview:large, max-video-preview:-1\" \/>\n<link rel=\"canonical\" href=\"https:\/\/truusk.store\/sv\/produkt\/truusk-hangmatta-for-utomhusbruk-justerbara-kedjor-vaderbestandig-max-belastning-200-kg-beige\/\" \/>\n<meta property=\"og:locale\" content=\"sv_SE\" \/>\n<meta property=\"og:type\" content=\"article\" \/>\n<meta property=\"og:title\" content=\"TRUUSK H\u00e4ngmatta f\u00f6r utomhusbruk - Justerbara kedjor - V\u00e4derbest\u00e4ndig - Max belastning 200 kg - Beige - TRUUSK - Hem, Tr\u00e4dg\u00e5rd &amp; Fritid\" \/>\n<meta property=\"og:description\" content=\"Denna utdragbara pergola l\u00e5ter dig justera solskyddet efter din smak &#8211; njut av solen eller koppla av i skuggan. Polykarbonattaket...\" \/>\n<meta property=\"og:url\" content=\"https:\/\/truusk.store\/sv\/produkt\/truusk-hangmatta-for-utomhusbruk-justerbara-kedjor-vaderbestandig-max-belastning-200-kg-beige\/\" \/>\n<meta property=\"og:site_name\" content=\"TRUUSK - Hem, Tr\u00e4dg\u00e5rd &amp; Fritid\" \/>\n<meta property=\"article:modified_time\" content=\"2026-03-12T08:33:14+00:00\" \/>\n<meta property=\"og:image\" content=\"https:\/\/i0.wp.com\/truusk.se\/wp-content\/uploads\/2024\/02\/tradgardspergola-infallbar-tradgardspergola-vaderbestandig-inklusive-monteringsmaterial-beige.webp?fit=800%2C800&ssl=1\" \/>\n\t<meta property=\"og:image:width\" content=\"800\" \/>\n\t<meta property=\"og:image:height\" content=\"800\" \/>\n\t<meta property=\"og:image:type\" content=\"image\/webp\" \/>\n<meta name=\"twitter:card\" content=\"summary_large_image\" \/>\n<meta name=\"twitter:label1\" content=\"Ber\u00e4knad l\u00e4stid\" \/>\n\t<meta name=\"twitter:data1\" content=\"1 minut\" \/>\n<!-- \/ Yoast SEO plugin. -->","yoast_head_json":{"title":"TRUUSK H\u00e4ngmatta f\u00f6r utomhusbruk - Justerbara kedjor - V\u00e4derbest\u00e4ndig - Max belastning 200 kg - Beige - TRUUSK - Hem, Tr\u00e4dg\u00e5rd &amp; Fritid","robots":{"index":"index","follow":"follow","max-snippet":"max-snippet:-1","max-image-preview":"max-image-preview:large","max-video-preview":"max-video-preview:-1"},"canonical":"https:\/\/truusk.store\/sv\/produkt\/truusk-hangmatta-for-utomhusbruk-justerbara-kedjor-vaderbestandig-max-belastning-200-kg-beige\/","og_locale":"sv_SE","og_type":"article","og_title":"TRUUSK H\u00e4ngmatta f\u00f6r utomhusbruk - Justerbara kedjor - V\u00e4derbest\u00e4ndig - Max belastning 200 kg - Beige - TRUUSK - Hem, Tr\u00e4dg\u00e5rd &amp; Fritid","og_description":"Denna utdragbara pergola l\u00e5ter dig justera solskyddet efter din smak &#8211; njut av solen eller koppla av i skuggan. Polykarbonattaket...","og_url":"https:\/\/truusk.store\/sv\/produkt\/truusk-hangmatta-for-utomhusbruk-justerbara-kedjor-vaderbestandig-max-belastning-200-kg-beige\/","og_site_name":"TRUUSK - Hem, Tr\u00e4dg\u00e5rd &amp; Fritid","article_modified_time":"2026-03-12T08:33:14+00:00","og_image":[{"width":800,"height":800,"url":"https:\/\/i0.wp.com\/truusk.se\/wp-content\/uploads\/2024\/02\/tradgardspergola-infallbar-tradgardspergola-vaderbestandig-inklusive-monteringsmaterial-beige.webp?fit=800%2C800&ssl=1","type":"image\/webp"}],"twitter_card":"summary_large_image","twitter_misc":{"Ber\u00e4knad l\u00e4stid":"1 minut"},"schema":{"@context":"https:\/\/schema.org","@graph":[{"@type":"WebPage","@id":"https:\/\/truusk.store\/sv\/produkt\/truusk-hangmatta-for-utomhusbruk-justerbara-kedjor-vaderbestandig-max-belastning-200-kg-beige\/","url":"https:\/\/truusk.store\/sv\/produkt\/truusk-hangmatta-for-utomhusbruk-justerbara-kedjor-vaderbestandig-max-belastning-200-kg-beige\/","name":"TRUUSK H\u00e4ngmatta f\u00f6r utomhusbruk - Justerbara kedjor - V\u00e4derbest\u00e4ndig - Max belastning 200 kg - Beige - TRUUSK - Hem, Tr\u00e4dg\u00e5rd &amp; Fritid","isPartOf":{"@id":"https:\/\/truusk.store\/sv\/#website"},"primaryImageOfPage":{"@id":"https:\/\/truusk.store\/sv\/produkt\/truusk-hangmatta-for-utomhusbruk-justerbara-kedjor-vaderbestandig-max-belastning-200-kg-beige\/#primaryimage"},"image":{"@id":"https:\/\/truusk.store\/sv\/produkt\/truusk-hangmatta-for-utomhusbruk-justerbara-kedjor-vaderbestandig-max-belastning-200-kg-beige\/#primaryimage"},"thumbnailUrl":"https:\/\/i0.wp.com\/truusk.store\/wp-content\/uploads\/2024\/02\/tradgardspergola-infallbar-tradgardspergola-vaderbestandig-inklusive-monteringsmaterial-beige.webp?fit=800%2C800&ssl=1","datePublished":"2024-02-29T01:00:09+00:00","dateModified":"2026-03-12T08:33:14+00:00","breadcrumb":{"@id":"https:\/\/truusk.store\/sv\/produkt\/truusk-hangmatta-for-utomhusbruk-justerbara-kedjor-vaderbestandig-max-belastning-200-kg-beige\/#breadcrumb"},"inLanguage":"sv-SE","potentialAction":[{"@type":"ReadAction","target":["https:\/\/truusk.store\/sv\/produkt\/truusk-hangmatta-for-utomhusbruk-justerbara-kedjor-vaderbestandig-max-belastning-200-kg-beige\/"]}]},{"@type":"ImageObject","inLanguage":"sv-SE","@id":"https:\/\/truusk.store\/sv\/produkt\/truusk-hangmatta-for-utomhusbruk-justerbara-kedjor-vaderbestandig-max-belastning-200-kg-beige\/#primaryimage","url":"https:\/\/i0.wp.com\/truusk.store\/wp-content\/uploads\/2024\/02\/tradgardspergola-infallbar-tradgardspergola-vaderbestandig-inklusive-monteringsmaterial-beige.webp?fit=800%2C800&ssl=1","contentUrl":"https:\/\/i0.wp.com\/truusk.store\/wp-content\/uploads\/2024\/02\/tradgardspergola-infallbar-tradgardspergola-vaderbestandig-inklusive-monteringsmaterial-beige.webp?fit=800%2C800&ssl=1","width":800,"height":800,"caption":"Tr\u00e4dg\u00e5rdspergola Inf\u00e4llbar Tr\u00e4dg\u00e5rdspergola, V\u00e4derbest\u00e4ndig, Inklusive Monteringsmaterial, Beige 1"},{"@type":"BreadcrumbList","@id":"https:\/\/truusk.store\/sv\/produkt\/truusk-hangmatta-for-utomhusbruk-justerbara-kedjor-vaderbestandig-max-belastning-200-kg-beige\/#breadcrumb","itemListElement":[{"@type":"ListItem","position":1,"name":"Home","item":"https:\/\/truusk.store\/sv\/"},{"@type":"ListItem","position":2,"name":"Shop","item":"https:\/\/truusk.store\/shop\/"},{"@type":"ListItem","position":3,"name":"TRUUSK H\u00e4ngmatta f\u00f6r utomhusbruk &#8211; Justerbara kedjor &#8211; V\u00e4derbest\u00e4ndig &#8211; Max belastning 200 kg &#8211; Beige"}]},{"@type":"WebSite","@id":"https:\/\/truusk.store\/sv\/#website","url":"https:\/\/truusk.store\/sv\/","name":"TRUUSK - Hem, Tr\u00e4dg\u00e5rd & Fritid","description":"","publisher":{"@id":"https:\/\/truusk.store\/sv\/#organization"},"potentialAction":[{"@type":"SearchAction","target":{"@type":"EntryPoint","urlTemplate":"https:\/\/truusk.store\/sv\/?s={search_term_string}"},"query-input":{"@type":"PropertyValueSpecification","valueRequired":true,"valueName":"search_term_string"}}],"inLanguage":"sv-SE"},{"@type":"Organization","@id":"https:\/\/truusk.store\/sv\/#organization","name":"TRUUSK - Hem, Tr\u00e4dg\u00e5rd & Fritid","url":"https:\/\/truusk.store\/sv\/","logo":{"@type":"ImageObject","inLanguage":"sv-SE","@id":"https:\/\/truusk.store\/sv\/#\/schema\/logo\/image\/","url":"https:\/\/i0.wp.com\/truusk.store\/wp-content\/uploads\/2026\/03\/cropped-TRUUSK.png?fit=2032%2C917&ssl=1","contentUrl":"https:\/\/i0.wp.com\/truusk.store\/wp-content\/uploads\/2026\/03\/cropped-TRUUSK.png?fit=2032%2C917&ssl=1","width":2032,"height":917,"caption":"TRUUSK - Hem, Tr\u00e4dg\u00e5rd & Fritid"},"image":{"@id":"https:\/\/truusk.store\/sv\/#\/schema\/logo\/image\/"}}]}},"jetpack_sharing_enabled":true,"_links":{"self":[{"href":"https:\/\/truusk.store\/sv\/wp-json\/wp\/v2\/product\/49503","targetHints":{"allow":["GET"]}}],"collection":[{"href":"https:\/\/truusk.store\/sv\/wp-json\/wp\/v2\/product"}],"about":[{"href":"https:\/\/truusk.store\/sv\/wp-json\/wp\/v2\/types\/product"}],"wp:featuredmedia":[{"embeddable":true,"href":"https:\/\/truusk.store\/sv\/wp-json\/wp\/v2\/media\/49504"}],"wp:attachment":[{"href":"https:\/\/truusk.store\/sv\/wp-json\/wp\/v2\/media?parent=49503"}],"wp:term":[{"taxonomy":"product_brand","embeddable":true,"href":"https:\/\/truusk.store\/sv\/wp-json\/wp\/v2\/product_brand?post=49503"},{"taxonomy":"product_cat","embeddable":true,"href":"https:\/\/truusk.store\/sv\/wp-json\/wp\/v2\/product_cat?post=49503"},{"taxonomy":"product_tag","embeddable":true,"href":"https:\/\/truusk.store\/sv\/wp-json\/wp\/v2\/product_tag?post=49503"}],"curies":[{"name":"wp","href":"https:\/\/api.w.org\/{rel}","templated":true}]}}