{"id":49514,"date":"2024-02-29T02:10:09","date_gmt":"2024-02-29T01:10:09","guid":{"rendered":"https:\/\/truusk.store\/product\/3-st-tradgardsstolset-2-solstolar-1-sidobord-metallstomme-gra-svart\/"},"modified":"2026-03-12T09:06:21","modified_gmt":"2026-03-12T08:06:21","slug":"truusk-3-delars-tradgardsstolsset-2-solstolar-1-sidobord-metallram-gra-svart","status":"publish","type":"product","link":"https:\/\/truusk.store\/sv\/produkt\/truusk-3-delars-tradgardsstolsset-2-solstolar-1-sidobord-metallram-gra-svart\/","title":{"rendered":"TRUUSK 3-delars Tr\u00e4dg\u00e5rdsstolsset &#8211; 2 Solstolar &amp; 1 Sidobord &#8211; Metallram &#8211; Gr\u00e5 + Svart"},"content":{"rendered":"<p>F\u00f6rdjupa dig i ren utomhuskomfort med detta set f\u00f6r tr\u00e4dg\u00e5rdsstolar! Njut av solen och frisk luft med dina n\u00e4ra och k\u00e4ra p\u00e5 ett helt nytt, mysigt s\u00e4tt.Detta solstolsset imponerar inte bara med sin stil, utan ocks\u00e5 med sin enast\u00e5ende funktionalitet.<\/p>\n<h3>Beskrivning:<\/h3>\n<ul>\n<li>3-delat solstolsset inneh\u00e5ller 2 solstolar och 1 sidobord<\/li>\n<li>Den robusta metallramen \u00e4r rosts\u00e4ker och korrosionsbest\u00e4ndig<\/li>\n<li>Andningsbart tyg\u00f6verdrag ger ultimat komfort n\u00e4r du vilar<\/li>\n<li>Vatten- och UV-best\u00e4ndig f\u00f6r \u00e5r av p\u00e5litlig utomhusanv\u00e4ndning<\/li>\n<li>Ett bra komplement till din uteplats, tr\u00e4dg\u00e5rd, poolomr\u00e5de och andra utomhusomr\u00e5den<\/li>\n<li>L\u00e5gt underh\u00e5ll och l\u00e4tt att reng\u00f6ra<\/li>\n<li>Montering kr\u00e4vs<\/li>\n<\/ul>\n<h3>Teknisk data:<\/h3>\n<ul>\n<li>F\u00e4rg: Gr\u00e5+svart<\/li>\n<li>Material: metall, polyester<\/li>\n<li>M\u00e5tt p\u00e5 solstolen: 59W x 169D x 66H cm<\/li>\n<li>Bordsm\u00e5tt: 41L x 41W x 45H cm<\/li>\n<li>Max lastkapacitet: 120 kg<\/li>\n<\/ul>\n<h3>Leveransens omfattning:<\/h3>\n<ul>\n<li>2 x solstolar<\/li>\n<li>1 x Sidobord<\/li>\n<\/ul>\n","protected":false},"excerpt":{"rendered":"<p>F\u00f6rdjupa dig i ren utomhuskomfort med detta set f\u00f6r tr\u00e4dg\u00e5rdsstolar! Njut av solen och frisk luft med dina n\u00e4ra och&#8230;<\/p>\n","protected":false},"featured_media":49515,"template":"","meta":[],"product_brand":[],"product_cat":[451,435,450],"product_tag":[],"class_list":{"0":"post-49514","1":"product","2":"type-product","3":"status-publish","4":"has-post-thumbnail","6":"product_cat-solstolar","7":"product_cat-tradgard-och-terrass","8":"product_cat-tradgardsmobler","10":"first","11":"instock","12":"sale","13":"taxable","14":"shipping-taxable","15":"purchasable","16":"product-type-simple"},"yoast_head":"<!-- This site is optimized with the Yoast SEO plugin v25.4 - https:\/\/yoast.com\/wordpress\/plugins\/seo\/ -->\n<title>TRUUSK 3-delars Tr\u00e4dg\u00e5rdsstolsset - 2 Solstolar &amp; 1 Sidobord - Metallram - Gr\u00e5 + Svart - TRUUSK - Hem, Tr\u00e4dg\u00e5rd &amp; Fritid<\/title>\n<meta name=\"robots\" content=\"index, follow, max-snippet:-1, max-image-preview:large, max-video-preview:-1\" \/>\n<link rel=\"canonical\" href=\"https:\/\/truusk.store\/sv\/produkt\/truusk-3-delars-tradgardsstolsset-2-solstolar-1-sidobord-metallram-gra-svart\/\" \/>\n<meta property=\"og:locale\" content=\"sv_SE\" \/>\n<meta property=\"og:type\" content=\"article\" \/>\n<meta property=\"og:title\" content=\"TRUUSK 3-delars Tr\u00e4dg\u00e5rdsstolsset - 2 Solstolar &amp; 1 Sidobord - Metallram - Gr\u00e5 + Svart - TRUUSK - Hem, Tr\u00e4dg\u00e5rd &amp; Fritid\" \/>\n<meta property=\"og:description\" content=\"F\u00f6rdjupa dig i ren utomhuskomfort med detta set f\u00f6r tr\u00e4dg\u00e5rdsstolar! Njut av solen och frisk luft med dina n\u00e4ra och...\" \/>\n<meta property=\"og:url\" content=\"https:\/\/truusk.store\/sv\/produkt\/truusk-3-delars-tradgardsstolsset-2-solstolar-1-sidobord-metallram-gra-svart\/\" \/>\n<meta property=\"og:site_name\" content=\"TRUUSK - Hem, Tr\u00e4dg\u00e5rd &amp; Fritid\" \/>\n<meta property=\"article:modified_time\" content=\"2026-03-12T08:06:21+00:00\" \/>\n<meta property=\"og:image\" content=\"https:\/\/i0.wp.com\/truusk.se\/wp-content\/uploads\/2024\/02\/3-st-tradgardsstolset-2-solstolar-1-sidobord-metallstomme-gra-svart.webp?fit=800%2C800&ssl=1\" \/>\n\t<meta property=\"og:image:width\" content=\"800\" \/>\n\t<meta property=\"og:image:height\" content=\"800\" \/>\n\t<meta property=\"og:image:type\" content=\"image\/webp\" \/>\n<meta name=\"twitter:card\" content=\"summary_large_image\" \/>\n<meta name=\"twitter:label1\" content=\"Ber\u00e4knad l\u00e4stid\" \/>\n\t<meta name=\"twitter:data1\" content=\"1 minut\" \/>\n<!-- \/ Yoast SEO plugin. -->","yoast_head_json":{"title":"TRUUSK 3-delars Tr\u00e4dg\u00e5rdsstolsset - 2 Solstolar &amp; 1 Sidobord - Metallram - Gr\u00e5 + Svart - TRUUSK - Hem, Tr\u00e4dg\u00e5rd &amp; Fritid","robots":{"index":"index","follow":"follow","max-snippet":"max-snippet:-1","max-image-preview":"max-image-preview:large","max-video-preview":"max-video-preview:-1"},"canonical":"https:\/\/truusk.store\/sv\/produkt\/truusk-3-delars-tradgardsstolsset-2-solstolar-1-sidobord-metallram-gra-svart\/","og_locale":"sv_SE","og_type":"article","og_title":"TRUUSK 3-delars Tr\u00e4dg\u00e5rdsstolsset - 2 Solstolar &amp; 1 Sidobord - Metallram - Gr\u00e5 + Svart - TRUUSK - Hem, Tr\u00e4dg\u00e5rd &amp; Fritid","og_description":"F\u00f6rdjupa dig i ren utomhuskomfort med detta set f\u00f6r tr\u00e4dg\u00e5rdsstolar! Njut av solen och frisk luft med dina n\u00e4ra och...","og_url":"https:\/\/truusk.store\/sv\/produkt\/truusk-3-delars-tradgardsstolsset-2-solstolar-1-sidobord-metallram-gra-svart\/","og_site_name":"TRUUSK - Hem, Tr\u00e4dg\u00e5rd &amp; Fritid","article_modified_time":"2026-03-12T08:06:21+00:00","og_image":[{"width":800,"height":800,"url":"https:\/\/i0.wp.com\/truusk.se\/wp-content\/uploads\/2024\/02\/3-st-tradgardsstolset-2-solstolar-1-sidobord-metallstomme-gra-svart.webp?fit=800%2C800&ssl=1","type":"image\/webp"}],"twitter_card":"summary_large_image","twitter_misc":{"Ber\u00e4knad l\u00e4stid":"1 minut"},"schema":{"@context":"https:\/\/schema.org","@graph":[{"@type":"WebPage","@id":"https:\/\/truusk.store\/sv\/produkt\/truusk-3-delars-tradgardsstolsset-2-solstolar-1-sidobord-metallram-gra-svart\/","url":"https:\/\/truusk.store\/sv\/produkt\/truusk-3-delars-tradgardsstolsset-2-solstolar-1-sidobord-metallram-gra-svart\/","name":"TRUUSK 3-delars Tr\u00e4dg\u00e5rdsstolsset - 2 Solstolar &amp; 1 Sidobord - Metallram - Gr\u00e5 + Svart - TRUUSK - Hem, Tr\u00e4dg\u00e5rd &amp; Fritid","isPartOf":{"@id":"https:\/\/truusk.store\/sv\/#website"},"primaryImageOfPage":{"@id":"https:\/\/truusk.store\/sv\/produkt\/truusk-3-delars-tradgardsstolsset-2-solstolar-1-sidobord-metallram-gra-svart\/#primaryimage"},"image":{"@id":"https:\/\/truusk.store\/sv\/produkt\/truusk-3-delars-tradgardsstolsset-2-solstolar-1-sidobord-metallram-gra-svart\/#primaryimage"},"thumbnailUrl":"https:\/\/i0.wp.com\/truusk.store\/wp-content\/uploads\/2024\/02\/3-st-tradgardsstolset-2-solstolar-1-sidobord-metallstomme-gra-svart.webp?fit=800%2C800&ssl=1","datePublished":"2024-02-29T01:10:09+00:00","dateModified":"2026-03-12T08:06:21+00:00","breadcrumb":{"@id":"https:\/\/truusk.store\/sv\/produkt\/truusk-3-delars-tradgardsstolsset-2-solstolar-1-sidobord-metallram-gra-svart\/#breadcrumb"},"inLanguage":"sv-SE","potentialAction":[{"@type":"ReadAction","target":["https:\/\/truusk.store\/sv\/produkt\/truusk-3-delars-tradgardsstolsset-2-solstolar-1-sidobord-metallram-gra-svart\/"]}]},{"@type":"ImageObject","inLanguage":"sv-SE","@id":"https:\/\/truusk.store\/sv\/produkt\/truusk-3-delars-tradgardsstolsset-2-solstolar-1-sidobord-metallram-gra-svart\/#primaryimage","url":"https:\/\/i0.wp.com\/truusk.store\/wp-content\/uploads\/2024\/02\/3-st-tradgardsstolset-2-solstolar-1-sidobord-metallstomme-gra-svart.webp?fit=800%2C800&ssl=1","contentUrl":"https:\/\/i0.wp.com\/truusk.store\/wp-content\/uploads\/2024\/02\/3-st-tradgardsstolset-2-solstolar-1-sidobord-metallstomme-gra-svart.webp?fit=800%2C800&ssl=1","width":800,"height":800,"caption":"3 St. Tr\u00e4dg\u00e5rdsstolset, 2 Solstolar &amp; 1 Sidobord, Metallstomme, Gr\u00e5 + Svart 1"},{"@type":"BreadcrumbList","@id":"https:\/\/truusk.store\/sv\/produkt\/truusk-3-delars-tradgardsstolsset-2-solstolar-1-sidobord-metallram-gra-svart\/#breadcrumb","itemListElement":[{"@type":"ListItem","position":1,"name":"Home","item":"https:\/\/truusk.store\/sv\/"},{"@type":"ListItem","position":2,"name":"Shop","item":"https:\/\/truusk.store\/shop\/"},{"@type":"ListItem","position":3,"name":"TRUUSK 3-delars Tr\u00e4dg\u00e5rdsstolsset &#8211; 2 Solstolar &amp; 1 Sidobord &#8211; Metallram &#8211; Gr\u00e5 + Svart"}]},{"@type":"WebSite","@id":"https:\/\/truusk.store\/sv\/#website","url":"https:\/\/truusk.store\/sv\/","name":"TRUUSK - Hem, Tr\u00e4dg\u00e5rd & Fritid","description":"","publisher":{"@id":"https:\/\/truusk.store\/sv\/#organization"},"potentialAction":[{"@type":"SearchAction","target":{"@type":"EntryPoint","urlTemplate":"https:\/\/truusk.store\/sv\/?s={search_term_string}"},"query-input":{"@type":"PropertyValueSpecification","valueRequired":true,"valueName":"search_term_string"}}],"inLanguage":"sv-SE"},{"@type":"Organization","@id":"https:\/\/truusk.store\/sv\/#organization","name":"TRUUSK - Hem, Tr\u00e4dg\u00e5rd & Fritid","url":"https:\/\/truusk.store\/sv\/","logo":{"@type":"ImageObject","inLanguage":"sv-SE","@id":"https:\/\/truusk.store\/sv\/#\/schema\/logo\/image\/","url":"https:\/\/i0.wp.com\/truusk.store\/wp-content\/uploads\/2026\/03\/cropped-TRUUSK.png?fit=2032%2C917&ssl=1","contentUrl":"https:\/\/i0.wp.com\/truusk.store\/wp-content\/uploads\/2026\/03\/cropped-TRUUSK.png?fit=2032%2C917&ssl=1","width":2032,"height":917,"caption":"TRUUSK - Hem, Tr\u00e4dg\u00e5rd & Fritid"},"image":{"@id":"https:\/\/truusk.store\/sv\/#\/schema\/logo\/image\/"}}]}},"jetpack_sharing_enabled":true,"_links":{"self":[{"href":"https:\/\/truusk.store\/sv\/wp-json\/wp\/v2\/product\/49514","targetHints":{"allow":["GET"]}}],"collection":[{"href":"https:\/\/truusk.store\/sv\/wp-json\/wp\/v2\/product"}],"about":[{"href":"https:\/\/truusk.store\/sv\/wp-json\/wp\/v2\/types\/product"}],"wp:featuredmedia":[{"embeddable":true,"href":"https:\/\/truusk.store\/sv\/wp-json\/wp\/v2\/media\/49515"}],"wp:attachment":[{"href":"https:\/\/truusk.store\/sv\/wp-json\/wp\/v2\/media?parent=49514"}],"wp:term":[{"taxonomy":"product_brand","embeddable":true,"href":"https:\/\/truusk.store\/sv\/wp-json\/wp\/v2\/product_brand?post=49514"},{"taxonomy":"product_cat","embeddable":true,"href":"https:\/\/truusk.store\/sv\/wp-json\/wp\/v2\/product_cat?post=49514"},{"taxonomy":"product_tag","embeddable":true,"href":"https:\/\/truusk.store\/sv\/wp-json\/wp\/v2\/product_tag?post=49514"}],"curies":[{"name":"wp","href":"https:\/\/api.w.org\/{rel}","templated":true}]}}