{"id":49536,"date":"2024-02-29T02:30:07","date_gmt":"2024-02-29T01:30:07","guid":{"rendered":"https:\/\/truusk.store\/product\/cykelstall-for-4-cyklar-vaderbestandig-extra-hallare-102-x-92-x-130-cm-svart\/"},"modified":"2026-03-12T09:38:29","modified_gmt":"2026-03-12T08:38:29","slug":"truusk-cykelstall-for-4-cyklar-vaderbestandig-extra-hallare-102-x-92-x-130-cm-svart","status":"publish","type":"product","link":"https:\/\/truusk.store\/sv\/produkt\/truusk-cykelstall-for-4-cyklar-vaderbestandig-extra-hallare-102-x-92-x-130-cm-svart\/","title":{"rendered":"TRUUSK Cykelst\u00e4ll F\u00f6r 4 Cyklar &#8211; V\u00e4derbest\u00e4ndig &#8211; Extra H\u00e5llare &#8211; 102 X 92 X 130 Cm &#8211; Svart"},"content":{"rendered":"<p>Cykelst\u00e4llet har plats f\u00f6r upp till fyra cyklar. L\u00e4mplig f\u00f6r skjul, garage och tr\u00e4dg\u00e5rdar, den h\u00e5ller din cykel uppr\u00e4tt och f\u00f6rhindrar skador och repor p\u00e5 ramen. Cykelst\u00e4llet av robust st\u00e5l \u00e4r pulverlackerat och d\u00e4rf\u00f6r l\u00e4mpligt f\u00f6r utomhusbruk. De nedre tv\u00e4rst\u00e4ngerna ger b\u00e4ttre balans och de vertikala st\u00e4ngerna separerar cyklarna f\u00f6r att f\u00f6rhindra \u00f6verbel\u00e4ggning.<\/p>\n<h3>Beskrivning:<\/h3>\n<ul>\n<li>L\u00e4mplig f\u00f6r s\u00e4ker f\u00f6rvaring av 4 cyklar<\/li>\n<li>Dubbelsidig f\u00f6rvaring f\u00f6r enkel \u00e5tkomst<\/li>\n<li>.- Ett f\u00e4ste p\u00e5 toppen av ramen f\u00f6r upph\u00e4ngning av handskar, paraplyer m.m<\/li>\n<li>Tillverkad av pulverlackerat st\u00e5l. Nedre tv\u00e4rbalkar s\u00e4kerst\u00e4ller balans<\/li>\n<li>Utrymme f\u00f6r n\u00e4stan alla cykelstorlekar<\/li>\n<li>Enkel montering kr\u00e4vs<\/li>\n<\/ul>\n<h3>Teknisk data:<\/h3>\n<ul>\n<li>Svart f\u00e4rg<\/li>\n<li>Material: st\u00e5l<\/li>\n<li>\u00d6vergripande m\u00e5tt: 102L x 92W x 130H cm<\/li>\n<li>H\u00f6jd p\u00e5 mittersta parkeringsst\u00e5ng: 82H cm<\/li>\n<li>F\u00f6rvaringsutrymme: 6 cm, 9 cm, 15 cm<\/li>\n<\/ul>\n<h3>Leveransens omfattning:<\/h3>\n<ul>\n<li>1 x Cykelh\u00e5llare<\/li>\n<li>1 x manuell<\/li>\n<\/ul>\n","protected":false},"excerpt":{"rendered":"<p>Cykelst\u00e4llet har plats f\u00f6r upp till fyra cyklar. L\u00e4mplig f\u00f6r skjul, garage och tr\u00e4dg\u00e5rdar, den h\u00e5ller din cykel uppr\u00e4tt och&#8230;<\/p>\n","protected":false},"featured_media":49537,"template":"","meta":[],"product_brand":[],"product_cat":[652,655,647],"product_tag":[],"class_list":{"0":"post-49536","1":"product","2":"type-product","3":"status-publish","4":"has-post-thumbnail","6":"product_cat-cykel","7":"product_cat-cykelstall","8":"product_cat-sport-fritid","10":"first","11":"instock","12":"sale","13":"taxable","14":"shipping-taxable","15":"purchasable","16":"product-type-simple"},"yoast_head":"<!-- This site is optimized with the Yoast SEO plugin v25.4 - https:\/\/yoast.com\/wordpress\/plugins\/seo\/ -->\n<title>TRUUSK Cykelst\u00e4ll F\u00f6r 4 Cyklar - V\u00e4derbest\u00e4ndig - Extra H\u00e5llare - 102 X 92 X 130 Cm - Svart - TRUUSK - Hem, Tr\u00e4dg\u00e5rd &amp; Fritid<\/title>\n<meta name=\"robots\" content=\"index, follow, max-snippet:-1, max-image-preview:large, max-video-preview:-1\" \/>\n<link rel=\"canonical\" href=\"https:\/\/truusk.store\/sv\/produkt\/truusk-cykelstall-for-4-cyklar-vaderbestandig-extra-hallare-102-x-92-x-130-cm-svart\/\" \/>\n<meta property=\"og:locale\" content=\"sv_SE\" \/>\n<meta property=\"og:type\" content=\"article\" \/>\n<meta property=\"og:title\" content=\"TRUUSK Cykelst\u00e4ll F\u00f6r 4 Cyklar - V\u00e4derbest\u00e4ndig - Extra H\u00e5llare - 102 X 92 X 130 Cm - Svart - TRUUSK - Hem, Tr\u00e4dg\u00e5rd &amp; Fritid\" \/>\n<meta property=\"og:description\" content=\"Cykelst\u00e4llet har plats f\u00f6r upp till fyra cyklar. L\u00e4mplig f\u00f6r skjul, garage och tr\u00e4dg\u00e5rdar, den h\u00e5ller din cykel uppr\u00e4tt och...\" \/>\n<meta property=\"og:url\" content=\"https:\/\/truusk.store\/sv\/produkt\/truusk-cykelstall-for-4-cyklar-vaderbestandig-extra-hallare-102-x-92-x-130-cm-svart\/\" \/>\n<meta property=\"og:site_name\" content=\"TRUUSK - Hem, Tr\u00e4dg\u00e5rd &amp; Fritid\" \/>\n<meta property=\"article:modified_time\" content=\"2026-03-12T08:38:29+00:00\" \/>\n<meta property=\"og:image\" content=\"https:\/\/i0.wp.com\/truusk.se\/wp-content\/uploads\/2024\/02\/cykelstall-for-4-cyklar-vaderbestandig-extra-hallare-102-x-92-x-130-cm-svart.webp?fit=800%2C800&ssl=1\" \/>\n\t<meta property=\"og:image:width\" content=\"800\" \/>\n\t<meta property=\"og:image:height\" content=\"800\" \/>\n\t<meta property=\"og:image:type\" content=\"image\/webp\" \/>\n<meta name=\"twitter:card\" content=\"summary_large_image\" \/>\n<meta name=\"twitter:label1\" content=\"Ber\u00e4knad l\u00e4stid\" \/>\n\t<meta name=\"twitter:data1\" content=\"1 minut\" \/>\n<!-- \/ Yoast SEO plugin. -->","yoast_head_json":{"title":"TRUUSK Cykelst\u00e4ll F\u00f6r 4 Cyklar - V\u00e4derbest\u00e4ndig - Extra H\u00e5llare - 102 X 92 X 130 Cm - Svart - TRUUSK - Hem, Tr\u00e4dg\u00e5rd &amp; Fritid","robots":{"index":"index","follow":"follow","max-snippet":"max-snippet:-1","max-image-preview":"max-image-preview:large","max-video-preview":"max-video-preview:-1"},"canonical":"https:\/\/truusk.store\/sv\/produkt\/truusk-cykelstall-for-4-cyklar-vaderbestandig-extra-hallare-102-x-92-x-130-cm-svart\/","og_locale":"sv_SE","og_type":"article","og_title":"TRUUSK Cykelst\u00e4ll F\u00f6r 4 Cyklar - V\u00e4derbest\u00e4ndig - Extra H\u00e5llare - 102 X 92 X 130 Cm - Svart - TRUUSK - Hem, Tr\u00e4dg\u00e5rd &amp; Fritid","og_description":"Cykelst\u00e4llet har plats f\u00f6r upp till fyra cyklar. L\u00e4mplig f\u00f6r skjul, garage och tr\u00e4dg\u00e5rdar, den h\u00e5ller din cykel uppr\u00e4tt och...","og_url":"https:\/\/truusk.store\/sv\/produkt\/truusk-cykelstall-for-4-cyklar-vaderbestandig-extra-hallare-102-x-92-x-130-cm-svart\/","og_site_name":"TRUUSK - Hem, Tr\u00e4dg\u00e5rd &amp; Fritid","article_modified_time":"2026-03-12T08:38:29+00:00","og_image":[{"width":800,"height":800,"url":"https:\/\/i0.wp.com\/truusk.se\/wp-content\/uploads\/2024\/02\/cykelstall-for-4-cyklar-vaderbestandig-extra-hallare-102-x-92-x-130-cm-svart.webp?fit=800%2C800&ssl=1","type":"image\/webp"}],"twitter_card":"summary_large_image","twitter_misc":{"Ber\u00e4knad l\u00e4stid":"1 minut"},"schema":{"@context":"https:\/\/schema.org","@graph":[{"@type":"WebPage","@id":"https:\/\/truusk.store\/sv\/produkt\/truusk-cykelstall-for-4-cyklar-vaderbestandig-extra-hallare-102-x-92-x-130-cm-svart\/","url":"https:\/\/truusk.store\/sv\/produkt\/truusk-cykelstall-for-4-cyklar-vaderbestandig-extra-hallare-102-x-92-x-130-cm-svart\/","name":"TRUUSK Cykelst\u00e4ll F\u00f6r 4 Cyklar - V\u00e4derbest\u00e4ndig - Extra H\u00e5llare - 102 X 92 X 130 Cm - Svart - TRUUSK - Hem, Tr\u00e4dg\u00e5rd &amp; Fritid","isPartOf":{"@id":"https:\/\/truusk.store\/sv\/#website"},"primaryImageOfPage":{"@id":"https:\/\/truusk.store\/sv\/produkt\/truusk-cykelstall-for-4-cyklar-vaderbestandig-extra-hallare-102-x-92-x-130-cm-svart\/#primaryimage"},"image":{"@id":"https:\/\/truusk.store\/sv\/produkt\/truusk-cykelstall-for-4-cyklar-vaderbestandig-extra-hallare-102-x-92-x-130-cm-svart\/#primaryimage"},"thumbnailUrl":"https:\/\/i0.wp.com\/truusk.store\/wp-content\/uploads\/2024\/02\/cykelstall-for-4-cyklar-vaderbestandig-extra-hallare-102-x-92-x-130-cm-svart.webp?fit=800%2C800&ssl=1","datePublished":"2024-02-29T01:30:07+00:00","dateModified":"2026-03-12T08:38:29+00:00","breadcrumb":{"@id":"https:\/\/truusk.store\/sv\/produkt\/truusk-cykelstall-for-4-cyklar-vaderbestandig-extra-hallare-102-x-92-x-130-cm-svart\/#breadcrumb"},"inLanguage":"sv-SE","potentialAction":[{"@type":"ReadAction","target":["https:\/\/truusk.store\/sv\/produkt\/truusk-cykelstall-for-4-cyklar-vaderbestandig-extra-hallare-102-x-92-x-130-cm-svart\/"]}]},{"@type":"ImageObject","inLanguage":"sv-SE","@id":"https:\/\/truusk.store\/sv\/produkt\/truusk-cykelstall-for-4-cyklar-vaderbestandig-extra-hallare-102-x-92-x-130-cm-svart\/#primaryimage","url":"https:\/\/i0.wp.com\/truusk.store\/wp-content\/uploads\/2024\/02\/cykelstall-for-4-cyklar-vaderbestandig-extra-hallare-102-x-92-x-130-cm-svart.webp?fit=800%2C800&ssl=1","contentUrl":"https:\/\/i0.wp.com\/truusk.store\/wp-content\/uploads\/2024\/02\/cykelstall-for-4-cyklar-vaderbestandig-extra-hallare-102-x-92-x-130-cm-svart.webp?fit=800%2C800&ssl=1","width":800,"height":800,"caption":"Cykelst\u00e4ll F\u00f6r 4 Cyklar, V\u00e4derbest\u00e4ndig, Extra H\u00e5llare, 102 X 92 X 130 Cm, Svart 1"},{"@type":"BreadcrumbList","@id":"https:\/\/truusk.store\/sv\/produkt\/truusk-cykelstall-for-4-cyklar-vaderbestandig-extra-hallare-102-x-92-x-130-cm-svart\/#breadcrumb","itemListElement":[{"@type":"ListItem","position":1,"name":"Home","item":"https:\/\/truusk.store\/sv\/"},{"@type":"ListItem","position":2,"name":"Shop","item":"https:\/\/truusk.store\/shop\/"},{"@type":"ListItem","position":3,"name":"TRUUSK Cykelst\u00e4ll F\u00f6r 4 Cyklar &#8211; V\u00e4derbest\u00e4ndig &#8211; Extra H\u00e5llare &#8211; 102 X 92 X 130 Cm &#8211; Svart"}]},{"@type":"WebSite","@id":"https:\/\/truusk.store\/sv\/#website","url":"https:\/\/truusk.store\/sv\/","name":"TRUUSK - Hem, Tr\u00e4dg\u00e5rd & Fritid","description":"","publisher":{"@id":"https:\/\/truusk.store\/sv\/#organization"},"potentialAction":[{"@type":"SearchAction","target":{"@type":"EntryPoint","urlTemplate":"https:\/\/truusk.store\/sv\/?s={search_term_string}"},"query-input":{"@type":"PropertyValueSpecification","valueRequired":true,"valueName":"search_term_string"}}],"inLanguage":"sv-SE"},{"@type":"Organization","@id":"https:\/\/truusk.store\/sv\/#organization","name":"TRUUSK - Hem, Tr\u00e4dg\u00e5rd & Fritid","url":"https:\/\/truusk.store\/sv\/","logo":{"@type":"ImageObject","inLanguage":"sv-SE","@id":"https:\/\/truusk.store\/sv\/#\/schema\/logo\/image\/","url":"https:\/\/i0.wp.com\/truusk.store\/wp-content\/uploads\/2026\/03\/cropped-TRUUSK.png?fit=2032%2C917&ssl=1","contentUrl":"https:\/\/i0.wp.com\/truusk.store\/wp-content\/uploads\/2026\/03\/cropped-TRUUSK.png?fit=2032%2C917&ssl=1","width":2032,"height":917,"caption":"TRUUSK - Hem, Tr\u00e4dg\u00e5rd & Fritid"},"image":{"@id":"https:\/\/truusk.store\/sv\/#\/schema\/logo\/image\/"}}]}},"jetpack_sharing_enabled":true,"_links":{"self":[{"href":"https:\/\/truusk.store\/sv\/wp-json\/wp\/v2\/product\/49536","targetHints":{"allow":["GET"]}}],"collection":[{"href":"https:\/\/truusk.store\/sv\/wp-json\/wp\/v2\/product"}],"about":[{"href":"https:\/\/truusk.store\/sv\/wp-json\/wp\/v2\/types\/product"}],"wp:featuredmedia":[{"embeddable":true,"href":"https:\/\/truusk.store\/sv\/wp-json\/wp\/v2\/media\/49537"}],"wp:attachment":[{"href":"https:\/\/truusk.store\/sv\/wp-json\/wp\/v2\/media?parent=49536"}],"wp:term":[{"taxonomy":"product_brand","embeddable":true,"href":"https:\/\/truusk.store\/sv\/wp-json\/wp\/v2\/product_brand?post=49536"},{"taxonomy":"product_cat","embeddable":true,"href":"https:\/\/truusk.store\/sv\/wp-json\/wp\/v2\/product_cat?post=49536"},{"taxonomy":"product_tag","embeddable":true,"href":"https:\/\/truusk.store\/sv\/wp-json\/wp\/v2\/product_tag?post=49536"}],"curies":[{"name":"wp","href":"https:\/\/api.w.org\/{rel}","templated":true}]}}