{"id":49580,"date":"2024-02-29T03:10:08","date_gmt":"2024-02-29T02:10:08","guid":{"rendered":"https:\/\/truusk.store\/product\/strandsang-solstol-tradgardssang-hopfallbar-justerbar-rygg-sidoficka-48-cm-x-134-cm-x-33-43-cm-beige\/"},"modified":"2026-03-12T08:57:25","modified_gmt":"2026-03-12T07:57:25","slug":"truusk-hopfallbar-strandsang-och-solstol-justerbar-rygg-sidoficka-beige-48-cm-x-134-cm-x-33-43-cm","status":"publish","type":"product","link":"https:\/\/truusk.store\/sv\/produkt\/truusk-hopfallbar-strandsang-och-solstol-justerbar-rygg-sidoficka-beige-48-cm-x-134-cm-x-33-43-cm\/","title":{"rendered":"TRUUSK Hopf\u00e4llbar Strands\u00e4ng och Solstol &#8211; Justerbar Rygg &#8211; Sidoficka &#8211; Beige &#8211; 48 cm x 134 cm x 33-43 cm"},"content":{"rendered":"<p>Om det \u00e4r n\u00e5got du beh\u00f6ver p\u00e5 stranden i sommar s\u00e5 \u00e4r det strandstolarna. Med sin robusta st\u00e5lram och bekv\u00e4ma tyg\u00f6verdrag \u00e4r de en riktig f\u00f6rb\u00e4ttring j\u00e4mf\u00f6rt med de vanliga strandstolarna. Strands\u00e4ngen kan snabbt f\u00e4llas upp och kommer med en b\u00e4rv\u00e4ska. Den mjuka stoppningen ger kroppen optimalt st\u00f6d s\u00e5 att du kan njuta av din strandsemester bekv\u00e4mt.<\/p>\n<h3>Beskrivning:<\/h3>\n<ul>\n<li>F\u00e4lls ihop till ett kompakt format f\u00f6r transport och f\u00f6rvaring<\/li>\n<li>F\u00e5t\u00f6ljer erbjuder absolut avkoppling<\/li>\n<li>Justerbart ryggst\u00f6d<\/li>\n<li>Slitstarkt Oxford-polyester\u00f6verdrag<\/li>\n<li>Kudde f\u00f6r extra komfort (ej avtagbar)<\/li>\n<li>Inkluderar b\u00e4rv\u00e4ska<\/li>\n<li>Perfekt f\u00f6r solbad, pooler, str\u00e4nder etc.<\/li>\n<li>Vikbar design med b\u00e4rv\u00e4ska f\u00f6r enkel transport<\/li>\n<\/ul>\n<h3>Teknisk data:<\/h3>\n<ul>\n<li>F\u00e4rg beige<\/li>\n<li>Material: st\u00e5l, PE-tyg, EPE-ull<\/li>\n<li>M\u00e5tt: 134L x 48W x 33-43H cm<\/li>\n<li>Sitsm\u00e5tt: 48L x 89W cm<\/li>\n<li>M\u00e5tt (vikt): 49,5L x 48W x 3,5H cm<\/li>\n<\/ul>\n<h3>Leveransens omfattning:<\/h3>\n<ul>\n<li>2 x Strandmatta<\/li>\n<li>1 x B\u00e4rv\u00e4ska<\/li>\n<\/ul>\n","protected":false},"excerpt":{"rendered":"<p>Om det \u00e4r n\u00e5got du beh\u00f6ver p\u00e5 stranden i sommar s\u00e5 \u00e4r det strandstolarna. Med sin robusta st\u00e5lram och bekv\u00e4ma&#8230;<\/p>\n","protected":false},"featured_media":49581,"template":"","meta":[],"product_brand":[],"product_cat":[451,435,450],"product_tag":[],"class_list":{"0":"post-49580","1":"product","2":"type-product","3":"status-publish","4":"has-post-thumbnail","6":"product_cat-solstolar","7":"product_cat-tradgard-och-terrass","8":"product_cat-tradgardsmobler","10":"first","11":"instock","12":"sale","13":"taxable","14":"shipping-taxable","15":"purchasable","16":"product-type-simple"},"yoast_head":"<!-- This site is optimized with the Yoast SEO plugin v25.4 - https:\/\/yoast.com\/wordpress\/plugins\/seo\/ -->\n<title>TRUUSK Hopf\u00e4llbar Strands\u00e4ng och Solstol - Justerbar Rygg - Sidoficka - Beige - 48 cm x 134 cm x 33-43 cm - TRUUSK - Hem, Tr\u00e4dg\u00e5rd &amp; Fritid<\/title>\n<meta name=\"robots\" content=\"index, follow, max-snippet:-1, max-image-preview:large, max-video-preview:-1\" \/>\n<link rel=\"canonical\" href=\"https:\/\/truusk.store\/sv\/produkt\/truusk-hopfallbar-strandsang-och-solstol-justerbar-rygg-sidoficka-beige-48-cm-x-134-cm-x-33-43-cm\/\" \/>\n<meta property=\"og:locale\" content=\"sv_SE\" \/>\n<meta property=\"og:type\" content=\"article\" \/>\n<meta property=\"og:title\" content=\"TRUUSK Hopf\u00e4llbar Strands\u00e4ng och Solstol - Justerbar Rygg - Sidoficka - Beige - 48 cm x 134 cm x 33-43 cm - TRUUSK - Hem, Tr\u00e4dg\u00e5rd &amp; Fritid\" \/>\n<meta property=\"og:description\" content=\"Om det \u00e4r n\u00e5got du beh\u00f6ver p\u00e5 stranden i sommar s\u00e5 \u00e4r det strandstolarna. Med sin robusta st\u00e5lram och bekv\u00e4ma...\" \/>\n<meta property=\"og:url\" content=\"https:\/\/truusk.store\/sv\/produkt\/truusk-hopfallbar-strandsang-och-solstol-justerbar-rygg-sidoficka-beige-48-cm-x-134-cm-x-33-43-cm\/\" \/>\n<meta property=\"og:site_name\" content=\"TRUUSK - Hem, Tr\u00e4dg\u00e5rd &amp; Fritid\" \/>\n<meta property=\"article:modified_time\" content=\"2026-03-12T07:57:25+00:00\" \/>\n<meta property=\"og:image\" content=\"https:\/\/i0.wp.com\/truusk.se\/wp-content\/uploads\/2024\/02\/strandsang-solstol-tradgardssang-hopfallbar-justerbar-rygg-sidoficka-48-cm-x-134-cm-x-33-43-cm-beige.webp?fit=800%2C800&ssl=1\" \/>\n\t<meta property=\"og:image:width\" content=\"800\" \/>\n\t<meta property=\"og:image:height\" content=\"800\" \/>\n\t<meta property=\"og:image:type\" content=\"image\/webp\" \/>\n<meta name=\"twitter:card\" content=\"summary_large_image\" \/>\n<meta name=\"twitter:label1\" content=\"Ber\u00e4knad l\u00e4stid\" \/>\n\t<meta name=\"twitter:data1\" content=\"1 minut\" \/>\n<!-- \/ Yoast SEO plugin. -->","yoast_head_json":{"title":"TRUUSK Hopf\u00e4llbar Strands\u00e4ng och Solstol - Justerbar Rygg - Sidoficka - Beige - 48 cm x 134 cm x 33-43 cm - TRUUSK - Hem, Tr\u00e4dg\u00e5rd &amp; Fritid","robots":{"index":"index","follow":"follow","max-snippet":"max-snippet:-1","max-image-preview":"max-image-preview:large","max-video-preview":"max-video-preview:-1"},"canonical":"https:\/\/truusk.store\/sv\/produkt\/truusk-hopfallbar-strandsang-och-solstol-justerbar-rygg-sidoficka-beige-48-cm-x-134-cm-x-33-43-cm\/","og_locale":"sv_SE","og_type":"article","og_title":"TRUUSK Hopf\u00e4llbar Strands\u00e4ng och Solstol - Justerbar Rygg - Sidoficka - Beige - 48 cm x 134 cm x 33-43 cm - TRUUSK - Hem, Tr\u00e4dg\u00e5rd &amp; Fritid","og_description":"Om det \u00e4r n\u00e5got du beh\u00f6ver p\u00e5 stranden i sommar s\u00e5 \u00e4r det strandstolarna. Med sin robusta st\u00e5lram och bekv\u00e4ma...","og_url":"https:\/\/truusk.store\/sv\/produkt\/truusk-hopfallbar-strandsang-och-solstol-justerbar-rygg-sidoficka-beige-48-cm-x-134-cm-x-33-43-cm\/","og_site_name":"TRUUSK - Hem, Tr\u00e4dg\u00e5rd &amp; Fritid","article_modified_time":"2026-03-12T07:57:25+00:00","og_image":[{"width":800,"height":800,"url":"https:\/\/i0.wp.com\/truusk.se\/wp-content\/uploads\/2024\/02\/strandsang-solstol-tradgardssang-hopfallbar-justerbar-rygg-sidoficka-48-cm-x-134-cm-x-33-43-cm-beige.webp?fit=800%2C800&ssl=1","type":"image\/webp"}],"twitter_card":"summary_large_image","twitter_misc":{"Ber\u00e4knad l\u00e4stid":"1 minut"},"schema":{"@context":"https:\/\/schema.org","@graph":[{"@type":"WebPage","@id":"https:\/\/truusk.store\/sv\/produkt\/truusk-hopfallbar-strandsang-och-solstol-justerbar-rygg-sidoficka-beige-48-cm-x-134-cm-x-33-43-cm\/","url":"https:\/\/truusk.store\/sv\/produkt\/truusk-hopfallbar-strandsang-och-solstol-justerbar-rygg-sidoficka-beige-48-cm-x-134-cm-x-33-43-cm\/","name":"TRUUSK Hopf\u00e4llbar Strands\u00e4ng och Solstol - Justerbar Rygg - Sidoficka - Beige - 48 cm x 134 cm x 33-43 cm - TRUUSK - Hem, Tr\u00e4dg\u00e5rd &amp; Fritid","isPartOf":{"@id":"https:\/\/truusk.store\/sv\/#website"},"primaryImageOfPage":{"@id":"https:\/\/truusk.store\/sv\/produkt\/truusk-hopfallbar-strandsang-och-solstol-justerbar-rygg-sidoficka-beige-48-cm-x-134-cm-x-33-43-cm\/#primaryimage"},"image":{"@id":"https:\/\/truusk.store\/sv\/produkt\/truusk-hopfallbar-strandsang-och-solstol-justerbar-rygg-sidoficka-beige-48-cm-x-134-cm-x-33-43-cm\/#primaryimage"},"thumbnailUrl":"https:\/\/i0.wp.com\/truusk.store\/wp-content\/uploads\/2024\/02\/strandsang-solstol-tradgardssang-hopfallbar-justerbar-rygg-sidoficka-48-cm-x-134-cm-x-33-43-cm-beige.webp?fit=800%2C800&ssl=1","datePublished":"2024-02-29T02:10:08+00:00","dateModified":"2026-03-12T07:57:25+00:00","breadcrumb":{"@id":"https:\/\/truusk.store\/sv\/produkt\/truusk-hopfallbar-strandsang-och-solstol-justerbar-rygg-sidoficka-beige-48-cm-x-134-cm-x-33-43-cm\/#breadcrumb"},"inLanguage":"sv-SE","potentialAction":[{"@type":"ReadAction","target":["https:\/\/truusk.store\/sv\/produkt\/truusk-hopfallbar-strandsang-och-solstol-justerbar-rygg-sidoficka-beige-48-cm-x-134-cm-x-33-43-cm\/"]}]},{"@type":"ImageObject","inLanguage":"sv-SE","@id":"https:\/\/truusk.store\/sv\/produkt\/truusk-hopfallbar-strandsang-och-solstol-justerbar-rygg-sidoficka-beige-48-cm-x-134-cm-x-33-43-cm\/#primaryimage","url":"https:\/\/i0.wp.com\/truusk.store\/wp-content\/uploads\/2024\/02\/strandsang-solstol-tradgardssang-hopfallbar-justerbar-rygg-sidoficka-48-cm-x-134-cm-x-33-43-cm-beige.webp?fit=800%2C800&ssl=1","contentUrl":"https:\/\/i0.wp.com\/truusk.store\/wp-content\/uploads\/2024\/02\/strandsang-solstol-tradgardssang-hopfallbar-justerbar-rygg-sidoficka-48-cm-x-134-cm-x-33-43-cm-beige.webp?fit=800%2C800&ssl=1","width":800,"height":800,"caption":"Strands\u00e4ng, Solstol, Tr\u00e4dg\u00e5rdss\u00e4ng, Hopf\u00e4llbar, Justerbar Rygg, Sidoficka, 48 Cm X 134 Cm X 33-43 Cm, Beige 1"},{"@type":"BreadcrumbList","@id":"https:\/\/truusk.store\/sv\/produkt\/truusk-hopfallbar-strandsang-och-solstol-justerbar-rygg-sidoficka-beige-48-cm-x-134-cm-x-33-43-cm\/#breadcrumb","itemListElement":[{"@type":"ListItem","position":1,"name":"Home","item":"https:\/\/truusk.store\/sv\/"},{"@type":"ListItem","position":2,"name":"Shop","item":"https:\/\/truusk.store\/shop\/"},{"@type":"ListItem","position":3,"name":"TRUUSK Hopf\u00e4llbar Strands\u00e4ng och Solstol &#8211; Justerbar Rygg &#8211; Sidoficka &#8211; Beige &#8211; 48 cm x 134 cm x 33-43 cm"}]},{"@type":"WebSite","@id":"https:\/\/truusk.store\/sv\/#website","url":"https:\/\/truusk.store\/sv\/","name":"TRUUSK - Hem, Tr\u00e4dg\u00e5rd & Fritid","description":"","publisher":{"@id":"https:\/\/truusk.store\/sv\/#organization"},"potentialAction":[{"@type":"SearchAction","target":{"@type":"EntryPoint","urlTemplate":"https:\/\/truusk.store\/sv\/?s={search_term_string}"},"query-input":{"@type":"PropertyValueSpecification","valueRequired":true,"valueName":"search_term_string"}}],"inLanguage":"sv-SE"},{"@type":"Organization","@id":"https:\/\/truusk.store\/sv\/#organization","name":"TRUUSK - Hem, Tr\u00e4dg\u00e5rd & Fritid","url":"https:\/\/truusk.store\/sv\/","logo":{"@type":"ImageObject","inLanguage":"sv-SE","@id":"https:\/\/truusk.store\/sv\/#\/schema\/logo\/image\/","url":"https:\/\/i0.wp.com\/truusk.store\/wp-content\/uploads\/2026\/03\/cropped-TRUUSK.png?fit=2032%2C917&ssl=1","contentUrl":"https:\/\/i0.wp.com\/truusk.store\/wp-content\/uploads\/2026\/03\/cropped-TRUUSK.png?fit=2032%2C917&ssl=1","width":2032,"height":917,"caption":"TRUUSK - Hem, Tr\u00e4dg\u00e5rd & Fritid"},"image":{"@id":"https:\/\/truusk.store\/sv\/#\/schema\/logo\/image\/"}}]}},"jetpack_sharing_enabled":true,"_links":{"self":[{"href":"https:\/\/truusk.store\/sv\/wp-json\/wp\/v2\/product\/49580","targetHints":{"allow":["GET"]}}],"collection":[{"href":"https:\/\/truusk.store\/sv\/wp-json\/wp\/v2\/product"}],"about":[{"href":"https:\/\/truusk.store\/sv\/wp-json\/wp\/v2\/types\/product"}],"wp:featuredmedia":[{"embeddable":true,"href":"https:\/\/truusk.store\/sv\/wp-json\/wp\/v2\/media\/49581"}],"wp:attachment":[{"href":"https:\/\/truusk.store\/sv\/wp-json\/wp\/v2\/media?parent=49580"}],"wp:term":[{"taxonomy":"product_brand","embeddable":true,"href":"https:\/\/truusk.store\/sv\/wp-json\/wp\/v2\/product_brand?post=49580"},{"taxonomy":"product_cat","embeddable":true,"href":"https:\/\/truusk.store\/sv\/wp-json\/wp\/v2\/product_cat?post=49580"},{"taxonomy":"product_tag","embeddable":true,"href":"https:\/\/truusk.store\/sv\/wp-json\/wp\/v2\/product_tag?post=49580"}],"curies":[{"name":"wp","href":"https:\/\/api.w.org\/{rel}","templated":true}]}}