{"id":49591,"date":"2024-02-29T03:20:10","date_gmt":"2024-02-29T02:20:10","guid":{"rendered":"https:\/\/truusk.store\/product\/parasollstall-parasollhallare-vaderbestandig-53-x-33h-cm-svart\/"},"modified":"2026-03-12T09:19:07","modified_gmt":"2026-03-12T08:19:07","slug":"truusk-parasollhallare-vaderbestandig-53-x-33h-cm-svart","status":"publish","type":"product","link":"https:\/\/truusk.store\/sv\/produkt\/truusk-parasollhallare-vaderbestandig-53-x-33h-cm-svart\/","title":{"rendered":"TRUUSK Parasollh\u00e5llare &#8211; V\u00e4derbest\u00e4ndig &#8211; 53 x 33H cm &#8211; Svart"},"content":{"rendered":"<p>Njut av att leva utomhus med detta attraktiva parasollst\u00e4ll. Kombinera helt enkelt ditt paraply med ett bord och stolar f\u00f6r att skapa en avkopplande oas. V\u00e5rt viktade paraplyst\u00e4ll h\u00e5ller ditt paraply s\u00e4kert och j\u00e4mnt p\u00e5 plats s\u00e5 att paraplyet kan ge v\u00e4lbeh\u00f6vlig skugga. Bronsutseendet ger en touch av mode till din tr\u00e4dg\u00e5rd.<\/p>\n<h3>Beskrivning:<\/h3>\n<ul>\n<li>Parasollbasvikt f\u00f6r tr\u00e4dg\u00e5rdsparaplyer med 38mm\/48mm stolpar<\/li>\n<li>Sidol\u00e5sknapp f\u00f6r att s\u00e4kra paraplyst\u00e4ngerna f\u00f6r mer stabilitet<\/li>\n<li>Tillverkad av v\u00e4derbest\u00e4ndigt harts och pulverlackerat st\u00e5l f\u00f6r utomhusbruk<\/li>\n<li>L\u00e4mplig f\u00f6r anv\u00e4ndning i din tr\u00e4dg\u00e5rd, uteplats, pool eller andra utomhusomr\u00e5den<\/li>\n<li>Enkel montering kr\u00e4vs<\/li>\n<\/ul>\n<h3>Teknisk data:<\/h3>\n<ul>\n<li>F\u00e4rg: Brons<\/li>\n<li>Material: harts, st\u00e5l<\/li>\n<li>Nettovikt: 18kg<\/li>\n<li>\u00d6vergripande m\u00e5tt: 53,5 x 33H cm<\/li>\n<li>Basstorlek: 53,5 x 7H cm<\/li>\n<li>St\u00e5ngstorlek: 5,7 x 25H cm<\/li>\n<li>L\u00e4mplig f\u00f6r paraplyst\u00e4nger: 38 mm\/48 mm<\/li>\n<li>Matchande parasoll SKU: 840-025CW, fr\u00e5ga oss om produktl\u00e4nkarna.<\/li>\n<li>Obs: M\u00e4t din paraplyst\u00e5ngs diameter i f\u00f6rv\u00e4g f\u00f6r att s\u00e4kerst\u00e4lla att v\u00e5r bas passar bra<\/li>\n<\/ul>\n<h3>Leveransens omfattning:<\/h3>\n<ul>\n<li>1 x Parasollst\u00e4ll<\/li>\n<li>1 x manuell<\/li>\n<\/ul>\n","protected":false},"excerpt":{"rendered":"<p>Njut av att leva utomhus med detta attraktiva parasollst\u00e4ll. Kombinera helt enkelt ditt paraply med ett bord och stolar f\u00f6r&#8230;<\/p>\n","protected":false},"featured_media":49592,"template":"","meta":[],"product_brand":[],"product_cat":[723,472,471,435],"product_tag":[],"class_list":{"0":"post-49591","1":"product","2":"type-product","3":"status-publish","4":"has-post-thumbnail","6":"product_cat-paraplystall","7":"product_cat-parasoller","8":"product_cat-solskydd-integritetsskydd","9":"product_cat-tradgard-och-terrass","11":"first","12":"instock","13":"sale","14":"taxable","15":"shipping-taxable","16":"purchasable","17":"product-type-simple"},"yoast_head":"<!-- This site is optimized with the Yoast SEO plugin v25.4 - https:\/\/yoast.com\/wordpress\/plugins\/seo\/ -->\n<title>TRUUSK Parasollh\u00e5llare - V\u00e4derbest\u00e4ndig - 53 x 33H cm - Svart - TRUUSK - Hem, Tr\u00e4dg\u00e5rd &amp; Fritid<\/title>\n<meta name=\"robots\" content=\"index, follow, max-snippet:-1, max-image-preview:large, max-video-preview:-1\" \/>\n<link rel=\"canonical\" href=\"https:\/\/truusk.store\/sv\/produkt\/truusk-parasollhallare-vaderbestandig-53-x-33h-cm-svart\/\" \/>\n<meta property=\"og:locale\" content=\"sv_SE\" \/>\n<meta property=\"og:type\" content=\"article\" \/>\n<meta property=\"og:title\" content=\"TRUUSK Parasollh\u00e5llare - V\u00e4derbest\u00e4ndig - 53 x 33H cm - Svart - TRUUSK - Hem, Tr\u00e4dg\u00e5rd &amp; Fritid\" \/>\n<meta property=\"og:description\" content=\"Njut av att leva utomhus med detta attraktiva parasollst\u00e4ll. Kombinera helt enkelt ditt paraply med ett bord och stolar f\u00f6r...\" \/>\n<meta property=\"og:url\" content=\"https:\/\/truusk.store\/sv\/produkt\/truusk-parasollhallare-vaderbestandig-53-x-33h-cm-svart\/\" \/>\n<meta property=\"og:site_name\" content=\"TRUUSK - Hem, Tr\u00e4dg\u00e5rd &amp; Fritid\" \/>\n<meta property=\"article:modified_time\" content=\"2026-03-12T08:19:07+00:00\" \/>\n<meta property=\"og:image\" content=\"https:\/\/i0.wp.com\/truusk.se\/wp-content\/uploads\/2024\/02\/parasollstall-parasollhallare-vaderbestandig-53-x-33h-cm-svart.webp?fit=800%2C800&ssl=1\" \/>\n\t<meta property=\"og:image:width\" content=\"800\" \/>\n\t<meta property=\"og:image:height\" content=\"800\" \/>\n\t<meta property=\"og:image:type\" content=\"image\/webp\" \/>\n<meta name=\"twitter:card\" content=\"summary_large_image\" \/>\n<meta name=\"twitter:label1\" content=\"Ber\u00e4knad l\u00e4stid\" \/>\n\t<meta name=\"twitter:data1\" content=\"1 minut\" \/>\n<!-- \/ Yoast SEO plugin. -->","yoast_head_json":{"title":"TRUUSK Parasollh\u00e5llare - V\u00e4derbest\u00e4ndig - 53 x 33H cm - Svart - TRUUSK - Hem, Tr\u00e4dg\u00e5rd &amp; Fritid","robots":{"index":"index","follow":"follow","max-snippet":"max-snippet:-1","max-image-preview":"max-image-preview:large","max-video-preview":"max-video-preview:-1"},"canonical":"https:\/\/truusk.store\/sv\/produkt\/truusk-parasollhallare-vaderbestandig-53-x-33h-cm-svart\/","og_locale":"sv_SE","og_type":"article","og_title":"TRUUSK Parasollh\u00e5llare - V\u00e4derbest\u00e4ndig - 53 x 33H cm - Svart - TRUUSK - Hem, Tr\u00e4dg\u00e5rd &amp; Fritid","og_description":"Njut av att leva utomhus med detta attraktiva parasollst\u00e4ll. Kombinera helt enkelt ditt paraply med ett bord och stolar f\u00f6r...","og_url":"https:\/\/truusk.store\/sv\/produkt\/truusk-parasollhallare-vaderbestandig-53-x-33h-cm-svart\/","og_site_name":"TRUUSK - Hem, Tr\u00e4dg\u00e5rd &amp; Fritid","article_modified_time":"2026-03-12T08:19:07+00:00","og_image":[{"width":800,"height":800,"url":"https:\/\/i0.wp.com\/truusk.se\/wp-content\/uploads\/2024\/02\/parasollstall-parasollhallare-vaderbestandig-53-x-33h-cm-svart.webp?fit=800%2C800&ssl=1","type":"image\/webp"}],"twitter_card":"summary_large_image","twitter_misc":{"Ber\u00e4knad l\u00e4stid":"1 minut"},"schema":{"@context":"https:\/\/schema.org","@graph":[{"@type":"WebPage","@id":"https:\/\/truusk.store\/sv\/produkt\/truusk-parasollhallare-vaderbestandig-53-x-33h-cm-svart\/","url":"https:\/\/truusk.store\/sv\/produkt\/truusk-parasollhallare-vaderbestandig-53-x-33h-cm-svart\/","name":"TRUUSK Parasollh\u00e5llare - V\u00e4derbest\u00e4ndig - 53 x 33H cm - Svart - TRUUSK - Hem, Tr\u00e4dg\u00e5rd &amp; Fritid","isPartOf":{"@id":"https:\/\/truusk.store\/sv\/#website"},"primaryImageOfPage":{"@id":"https:\/\/truusk.store\/sv\/produkt\/truusk-parasollhallare-vaderbestandig-53-x-33h-cm-svart\/#primaryimage"},"image":{"@id":"https:\/\/truusk.store\/sv\/produkt\/truusk-parasollhallare-vaderbestandig-53-x-33h-cm-svart\/#primaryimage"},"thumbnailUrl":"https:\/\/i0.wp.com\/truusk.store\/wp-content\/uploads\/2024\/02\/parasollstall-parasollhallare-vaderbestandig-53-x-33h-cm-svart.webp?fit=800%2C800&ssl=1","datePublished":"2024-02-29T02:20:10+00:00","dateModified":"2026-03-12T08:19:07+00:00","breadcrumb":{"@id":"https:\/\/truusk.store\/sv\/produkt\/truusk-parasollhallare-vaderbestandig-53-x-33h-cm-svart\/#breadcrumb"},"inLanguage":"sv-SE","potentialAction":[{"@type":"ReadAction","target":["https:\/\/truusk.store\/sv\/produkt\/truusk-parasollhallare-vaderbestandig-53-x-33h-cm-svart\/"]}]},{"@type":"ImageObject","inLanguage":"sv-SE","@id":"https:\/\/truusk.store\/sv\/produkt\/truusk-parasollhallare-vaderbestandig-53-x-33h-cm-svart\/#primaryimage","url":"https:\/\/i0.wp.com\/truusk.store\/wp-content\/uploads\/2024\/02\/parasollstall-parasollhallare-vaderbestandig-53-x-33h-cm-svart.webp?fit=800%2C800&ssl=1","contentUrl":"https:\/\/i0.wp.com\/truusk.store\/wp-content\/uploads\/2024\/02\/parasollstall-parasollhallare-vaderbestandig-53-x-33h-cm-svart.webp?fit=800%2C800&ssl=1","width":800,"height":800,"caption":"Parasollst\u00e4ll Parasollh\u00e5llare, V\u00e4derbest\u00e4ndig, 53 X 33H Cm, Svart 1"},{"@type":"BreadcrumbList","@id":"https:\/\/truusk.store\/sv\/produkt\/truusk-parasollhallare-vaderbestandig-53-x-33h-cm-svart\/#breadcrumb","itemListElement":[{"@type":"ListItem","position":1,"name":"Home","item":"https:\/\/truusk.store\/sv\/"},{"@type":"ListItem","position":2,"name":"Shop","item":"https:\/\/truusk.store\/shop\/"},{"@type":"ListItem","position":3,"name":"TRUUSK Parasollh\u00e5llare &#8211; V\u00e4derbest\u00e4ndig &#8211; 53 x 33H cm &#8211; Svart"}]},{"@type":"WebSite","@id":"https:\/\/truusk.store\/sv\/#website","url":"https:\/\/truusk.store\/sv\/","name":"TRUUSK - Hem, Tr\u00e4dg\u00e5rd & Fritid","description":"","publisher":{"@id":"https:\/\/truusk.store\/sv\/#organization"},"potentialAction":[{"@type":"SearchAction","target":{"@type":"EntryPoint","urlTemplate":"https:\/\/truusk.store\/sv\/?s={search_term_string}"},"query-input":{"@type":"PropertyValueSpecification","valueRequired":true,"valueName":"search_term_string"}}],"inLanguage":"sv-SE"},{"@type":"Organization","@id":"https:\/\/truusk.store\/sv\/#organization","name":"TRUUSK - Hem, Tr\u00e4dg\u00e5rd & Fritid","url":"https:\/\/truusk.store\/sv\/","logo":{"@type":"ImageObject","inLanguage":"sv-SE","@id":"https:\/\/truusk.store\/sv\/#\/schema\/logo\/image\/","url":"https:\/\/i0.wp.com\/truusk.store\/wp-content\/uploads\/2026\/03\/cropped-TRUUSK.png?fit=2032%2C917&ssl=1","contentUrl":"https:\/\/i0.wp.com\/truusk.store\/wp-content\/uploads\/2026\/03\/cropped-TRUUSK.png?fit=2032%2C917&ssl=1","width":2032,"height":917,"caption":"TRUUSK - Hem, Tr\u00e4dg\u00e5rd & Fritid"},"image":{"@id":"https:\/\/truusk.store\/sv\/#\/schema\/logo\/image\/"}}]}},"jetpack_sharing_enabled":true,"_links":{"self":[{"href":"https:\/\/truusk.store\/sv\/wp-json\/wp\/v2\/product\/49591","targetHints":{"allow":["GET"]}}],"collection":[{"href":"https:\/\/truusk.store\/sv\/wp-json\/wp\/v2\/product"}],"about":[{"href":"https:\/\/truusk.store\/sv\/wp-json\/wp\/v2\/types\/product"}],"wp:featuredmedia":[{"embeddable":true,"href":"https:\/\/truusk.store\/sv\/wp-json\/wp\/v2\/media\/49592"}],"wp:attachment":[{"href":"https:\/\/truusk.store\/sv\/wp-json\/wp\/v2\/media?parent=49591"}],"wp:term":[{"taxonomy":"product_brand","embeddable":true,"href":"https:\/\/truusk.store\/sv\/wp-json\/wp\/v2\/product_brand?post=49591"},{"taxonomy":"product_cat","embeddable":true,"href":"https:\/\/truusk.store\/sv\/wp-json\/wp\/v2\/product_cat?post=49591"},{"taxonomy":"product_tag","embeddable":true,"href":"https:\/\/truusk.store\/sv\/wp-json\/wp\/v2\/product_tag?post=49591"}],"curies":[{"name":"wp","href":"https:\/\/api.w.org\/{rel}","templated":true}]}}