{"id":49642,"date":"2024-02-29T04:10:09","date_gmt":"2024-02-29T03:10:09","guid":{"rendered":"https:\/\/truusk.store\/product\/tradgardstalt-kraftig-stalram-stora-dorrar-3x3m-gra\/"},"modified":"2026-03-12T09:34:30","modified_gmt":"2026-03-12T08:34:30","slug":"truusk-tradgardstalt-kraftig-stalram-stora-dorrar-3x3m-gra","status":"publish","type":"product","link":"https:\/\/truusk.store\/sv\/produkt\/truusk-tradgardstalt-kraftig-stalram-stora-dorrar-3x3m-gra\/","title":{"rendered":"TRUUSK Tr\u00e4dg\u00e5rdst\u00e4lt &#8211; Kraftig St\u00e5lram &#8211; Stora D\u00f6rrar &#8211; 3x3m &#8211; Gr\u00e5"},"content":{"rendered":"<p>F\u00f6rvaringst\u00e4ltet erbjuder gener\u00f6st f\u00f6rvaringsutrymme och fungerar som ett b\u00e4rbart skydd f\u00f6r att skydda din motorcykel, tr\u00e4dg\u00e5rdsredskap eller andra utomhusartiklar. Den tjocka presenningen s\u00e4kerst\u00e4ller en p\u00e5litlig t\u00e4tning genom att gr\u00e4va ner de f\u00f6rl\u00e4ngda kanterna i marken. Presenningen f\u00e4sts p\u00e5 ramen med ett sp\u00e4rrsystem. V\u00e5rt b\u00e4rbara f\u00f6rvaringst\u00e4lt \u00e4r tillverkat av robust galvaniserat st\u00e5l och \u00e4r s\u00e4kert f\u00f6rankrat i marken med hj\u00e4lp av pinnar.<\/p>\n<h3>Beskrivning:<\/h3>\n<ul>\n<li>Stort f\u00f6rvaringst\u00e4lt f\u00f6r cyklar, motorcyklar eller tr\u00e4dg\u00e5rdsutrustning<\/li>\n<li>Stabil st\u00e5lram f\u00f6r vind och v\u00e4der<\/li>\n<li>Tv\u00e5 stora dragkedjor med l\u00e5s<\/li>\n<li>K\u00e5pans sp\u00e4nningssystem f\u00f6rhindrar halka i bl\u00e5siga f\u00f6rh\u00e5llanden<\/li>\n<li>Topplock och sidopaneler f\u00f6r t\u00e4t passform och stabilitet<\/li>\n<li>F\u00f6rl\u00e4ngda kanter och pinnar f\u00f6r markinf\u00e4stning<\/li>\n<\/ul>\n<h3>Teknisk data:<\/h3>\n<ul>\n<li>F\u00e4rg gr\u00e5<\/li>\n<li>Material: Galvaniserat st\u00e5l, PE<\/li>\n<li>\u00d6vergripande m\u00e5tt: 300W x 300D x 235H cm<\/li>\n<li>D\u00f6rrm\u00e5tt: 188W x 168H cm<\/li>\n<li>Takfotsh\u00f6jd: 183 cm<\/li>\n<li>Utdragbar kant: 10L cm<\/li>\n<\/ul>\n<h3>Leveransens omfattning:<\/h3>\n<ul>\n<li>1 x folieodlingshus<\/li>\n<li>12 x spiralinsats<\/li>\n<li>2 x Lock Sp\u00e4nnsystem<\/li>\n<li>1 x manuell<\/li>\n<\/ul>\n","protected":false},"excerpt":{"rendered":"<p>F\u00f6rvaringst\u00e4ltet erbjuder gener\u00f6st f\u00f6rvaringsutrymme och fungerar som ett b\u00e4rbart skydd f\u00f6r att skydda din motorcykel, tr\u00e4dg\u00e5rdsredskap eller andra utomhusartiklar. Den&#8230;<\/p>\n","protected":false},"featured_media":49643,"template":"","meta":[],"product_brand":[],"product_cat":[477,435,476],"product_tag":[],"class_list":{"0":"post-49642","1":"product","2":"type-product","3":"status-publish","4":"has-post-thumbnail","6":"product_cat-paviljonger-partytalt","7":"product_cat-tradgard-och-terrass","8":"product_cat-tradgardspaviljonger","10":"first","11":"instock","12":"sale","13":"taxable","14":"shipping-taxable","15":"purchasable","16":"product-type-simple"},"yoast_head":"<!-- This site is optimized with the Yoast SEO plugin v25.4 - https:\/\/yoast.com\/wordpress\/plugins\/seo\/ -->\n<title>TRUUSK Tr\u00e4dg\u00e5rdst\u00e4lt - Kraftig St\u00e5lram - Stora D\u00f6rrar - 3x3m - Gr\u00e5 - TRUUSK - Hem, Tr\u00e4dg\u00e5rd &amp; Fritid<\/title>\n<meta name=\"robots\" content=\"index, follow, max-snippet:-1, max-image-preview:large, max-video-preview:-1\" \/>\n<link rel=\"canonical\" href=\"https:\/\/truusk.store\/sv\/produkt\/truusk-tradgardstalt-kraftig-stalram-stora-dorrar-3x3m-gra\/\" \/>\n<meta property=\"og:locale\" content=\"sv_SE\" \/>\n<meta property=\"og:type\" content=\"article\" \/>\n<meta property=\"og:title\" content=\"TRUUSK Tr\u00e4dg\u00e5rdst\u00e4lt - Kraftig St\u00e5lram - Stora D\u00f6rrar - 3x3m - Gr\u00e5 - TRUUSK - Hem, Tr\u00e4dg\u00e5rd &amp; Fritid\" \/>\n<meta property=\"og:description\" content=\"F\u00f6rvaringst\u00e4ltet erbjuder gener\u00f6st f\u00f6rvaringsutrymme och fungerar som ett b\u00e4rbart skydd f\u00f6r att skydda din motorcykel, tr\u00e4dg\u00e5rdsredskap eller andra utomhusartiklar. Den...\" \/>\n<meta property=\"og:url\" content=\"https:\/\/truusk.store\/sv\/produkt\/truusk-tradgardstalt-kraftig-stalram-stora-dorrar-3x3m-gra\/\" \/>\n<meta property=\"og:site_name\" content=\"TRUUSK - Hem, Tr\u00e4dg\u00e5rd &amp; Fritid\" \/>\n<meta property=\"article:modified_time\" content=\"2026-03-12T08:34:30+00:00\" \/>\n<meta property=\"og:image\" content=\"https:\/\/i0.wp.com\/truusk.se\/wp-content\/uploads\/2024\/02\/tradgardstalt-kraftig-stalram-stora-dorrar-3x3m-gra.webp?fit=800%2C800&ssl=1\" \/>\n\t<meta property=\"og:image:width\" content=\"800\" \/>\n\t<meta property=\"og:image:height\" content=\"800\" \/>\n\t<meta property=\"og:image:type\" content=\"image\/webp\" \/>\n<meta name=\"twitter:card\" content=\"summary_large_image\" \/>\n<meta name=\"twitter:label1\" content=\"Ber\u00e4knad l\u00e4stid\" \/>\n\t<meta name=\"twitter:data1\" content=\"1 minut\" \/>\n<!-- \/ Yoast SEO plugin. -->","yoast_head_json":{"title":"TRUUSK Tr\u00e4dg\u00e5rdst\u00e4lt - Kraftig St\u00e5lram - Stora D\u00f6rrar - 3x3m - Gr\u00e5 - TRUUSK - Hem, Tr\u00e4dg\u00e5rd &amp; Fritid","robots":{"index":"index","follow":"follow","max-snippet":"max-snippet:-1","max-image-preview":"max-image-preview:large","max-video-preview":"max-video-preview:-1"},"canonical":"https:\/\/truusk.store\/sv\/produkt\/truusk-tradgardstalt-kraftig-stalram-stora-dorrar-3x3m-gra\/","og_locale":"sv_SE","og_type":"article","og_title":"TRUUSK Tr\u00e4dg\u00e5rdst\u00e4lt - Kraftig St\u00e5lram - Stora D\u00f6rrar - 3x3m - Gr\u00e5 - TRUUSK - Hem, Tr\u00e4dg\u00e5rd &amp; Fritid","og_description":"F\u00f6rvaringst\u00e4ltet erbjuder gener\u00f6st f\u00f6rvaringsutrymme och fungerar som ett b\u00e4rbart skydd f\u00f6r att skydda din motorcykel, tr\u00e4dg\u00e5rdsredskap eller andra utomhusartiklar. Den...","og_url":"https:\/\/truusk.store\/sv\/produkt\/truusk-tradgardstalt-kraftig-stalram-stora-dorrar-3x3m-gra\/","og_site_name":"TRUUSK - Hem, Tr\u00e4dg\u00e5rd &amp; Fritid","article_modified_time":"2026-03-12T08:34:30+00:00","og_image":[{"width":800,"height":800,"url":"https:\/\/i0.wp.com\/truusk.se\/wp-content\/uploads\/2024\/02\/tradgardstalt-kraftig-stalram-stora-dorrar-3x3m-gra.webp?fit=800%2C800&ssl=1","type":"image\/webp"}],"twitter_card":"summary_large_image","twitter_misc":{"Ber\u00e4knad l\u00e4stid":"1 minut"},"schema":{"@context":"https:\/\/schema.org","@graph":[{"@type":"WebPage","@id":"https:\/\/truusk.store\/sv\/produkt\/truusk-tradgardstalt-kraftig-stalram-stora-dorrar-3x3m-gra\/","url":"https:\/\/truusk.store\/sv\/produkt\/truusk-tradgardstalt-kraftig-stalram-stora-dorrar-3x3m-gra\/","name":"TRUUSK Tr\u00e4dg\u00e5rdst\u00e4lt - Kraftig St\u00e5lram - Stora D\u00f6rrar - 3x3m - Gr\u00e5 - TRUUSK - Hem, Tr\u00e4dg\u00e5rd &amp; Fritid","isPartOf":{"@id":"https:\/\/truusk.store\/sv\/#website"},"primaryImageOfPage":{"@id":"https:\/\/truusk.store\/sv\/produkt\/truusk-tradgardstalt-kraftig-stalram-stora-dorrar-3x3m-gra\/#primaryimage"},"image":{"@id":"https:\/\/truusk.store\/sv\/produkt\/truusk-tradgardstalt-kraftig-stalram-stora-dorrar-3x3m-gra\/#primaryimage"},"thumbnailUrl":"https:\/\/i0.wp.com\/truusk.store\/wp-content\/uploads\/2024\/02\/tradgardstalt-kraftig-stalram-stora-dorrar-3x3m-gra.webp?fit=800%2C800&ssl=1","datePublished":"2024-02-29T03:10:09+00:00","dateModified":"2026-03-12T08:34:30+00:00","breadcrumb":{"@id":"https:\/\/truusk.store\/sv\/produkt\/truusk-tradgardstalt-kraftig-stalram-stora-dorrar-3x3m-gra\/#breadcrumb"},"inLanguage":"sv-SE","potentialAction":[{"@type":"ReadAction","target":["https:\/\/truusk.store\/sv\/produkt\/truusk-tradgardstalt-kraftig-stalram-stora-dorrar-3x3m-gra\/"]}]},{"@type":"ImageObject","inLanguage":"sv-SE","@id":"https:\/\/truusk.store\/sv\/produkt\/truusk-tradgardstalt-kraftig-stalram-stora-dorrar-3x3m-gra\/#primaryimage","url":"https:\/\/i0.wp.com\/truusk.store\/wp-content\/uploads\/2024\/02\/tradgardstalt-kraftig-stalram-stora-dorrar-3x3m-gra.webp?fit=800%2C800&ssl=1","contentUrl":"https:\/\/i0.wp.com\/truusk.store\/wp-content\/uploads\/2024\/02\/tradgardstalt-kraftig-stalram-stora-dorrar-3x3m-gra.webp?fit=800%2C800&ssl=1","width":800,"height":800,"caption":"Tr\u00e4dg\u00e5rdst\u00e4lt, Kraftig St\u00e5lram, Stora D\u00f6rrar, 3x3m, Gr\u00e5 1"},{"@type":"BreadcrumbList","@id":"https:\/\/truusk.store\/sv\/produkt\/truusk-tradgardstalt-kraftig-stalram-stora-dorrar-3x3m-gra\/#breadcrumb","itemListElement":[{"@type":"ListItem","position":1,"name":"Home","item":"https:\/\/truusk.store\/sv\/"},{"@type":"ListItem","position":2,"name":"Shop","item":"https:\/\/truusk.store\/shop\/"},{"@type":"ListItem","position":3,"name":"TRUUSK Tr\u00e4dg\u00e5rdst\u00e4lt &#8211; Kraftig St\u00e5lram &#8211; Stora D\u00f6rrar &#8211; 3x3m &#8211; Gr\u00e5"}]},{"@type":"WebSite","@id":"https:\/\/truusk.store\/sv\/#website","url":"https:\/\/truusk.store\/sv\/","name":"TRUUSK - Hem, Tr\u00e4dg\u00e5rd & Fritid","description":"","publisher":{"@id":"https:\/\/truusk.store\/sv\/#organization"},"potentialAction":[{"@type":"SearchAction","target":{"@type":"EntryPoint","urlTemplate":"https:\/\/truusk.store\/sv\/?s={search_term_string}"},"query-input":{"@type":"PropertyValueSpecification","valueRequired":true,"valueName":"search_term_string"}}],"inLanguage":"sv-SE"},{"@type":"Organization","@id":"https:\/\/truusk.store\/sv\/#organization","name":"TRUUSK - Hem, Tr\u00e4dg\u00e5rd & Fritid","url":"https:\/\/truusk.store\/sv\/","logo":{"@type":"ImageObject","inLanguage":"sv-SE","@id":"https:\/\/truusk.store\/sv\/#\/schema\/logo\/image\/","url":"https:\/\/i0.wp.com\/truusk.store\/wp-content\/uploads\/2026\/03\/cropped-TRUUSK.png?fit=2032%2C917&ssl=1","contentUrl":"https:\/\/i0.wp.com\/truusk.store\/wp-content\/uploads\/2026\/03\/cropped-TRUUSK.png?fit=2032%2C917&ssl=1","width":2032,"height":917,"caption":"TRUUSK - Hem, Tr\u00e4dg\u00e5rd & Fritid"},"image":{"@id":"https:\/\/truusk.store\/sv\/#\/schema\/logo\/image\/"}}]}},"jetpack_sharing_enabled":true,"_links":{"self":[{"href":"https:\/\/truusk.store\/sv\/wp-json\/wp\/v2\/product\/49642","targetHints":{"allow":["GET"]}}],"collection":[{"href":"https:\/\/truusk.store\/sv\/wp-json\/wp\/v2\/product"}],"about":[{"href":"https:\/\/truusk.store\/sv\/wp-json\/wp\/v2\/types\/product"}],"wp:featuredmedia":[{"embeddable":true,"href":"https:\/\/truusk.store\/sv\/wp-json\/wp\/v2\/media\/49643"}],"wp:attachment":[{"href":"https:\/\/truusk.store\/sv\/wp-json\/wp\/v2\/media?parent=49642"}],"wp:term":[{"taxonomy":"product_brand","embeddable":true,"href":"https:\/\/truusk.store\/sv\/wp-json\/wp\/v2\/product_brand?post=49642"},{"taxonomy":"product_cat","embeddable":true,"href":"https:\/\/truusk.store\/sv\/wp-json\/wp\/v2\/product_cat?post=49642"},{"taxonomy":"product_tag","embeddable":true,"href":"https:\/\/truusk.store\/sv\/wp-json\/wp\/v2\/product_tag?post=49642"}],"curies":[{"name":"wp","href":"https:\/\/api.w.org\/{rel}","templated":true}]}}