{"id":49664,"date":"2024-02-29T04:30:09","date_gmt":"2024-02-29T03:30:09","guid":{"rendered":"https:\/\/truusk.store\/product\/solstol-5-vags-justerbart-ryggstod-snabbtorkande-metallram-190-x-56-x-28-cm-svart\/"},"modified":"2026-03-12T08:55:33","modified_gmt":"2026-03-12T07:55:33","slug":"truusk-solstol-justerbart-ryggstod-snabbtorkande-metallram-190-x-56-x-28-cm-svart","status":"publish","type":"product","link":"https:\/\/truusk.store\/sv\/produkt\/truusk-solstol-justerbart-ryggstod-snabbtorkande-metallram-190-x-56-x-28-cm-svart\/","title":{"rendered":"TRUUSK Solstol &#8211; Justerbart ryggst\u00f6d &#8211; Snabbtorkande &#8211; Metallram &#8211; 190 x 56 x 28 cm &#8211; Svart"},"content":{"rendered":"<p>Dr\u00f6mmer du om att alltid ha den d\u00e4r semesterk\u00e4nslan med dig? Med v\u00e5r hopf\u00e4llbara solstol \u00e4r du ett steg n\u00e4rmare. Luta dig tillbaka och njut av solen p\u00e5 stranden, campingen eller vid poolen. Det femv\u00e4gs justerbara ryggst\u00f6det g\u00f6r att du snabbt kan hitta den perfekta solningsvinkeln. Tyg\u00f6verdraget \u00e4r tillverkat av slitstark Oxford-polyester och \u00e4r b\u00e5de andningsbart och snabbtorkande &#8211; perfekt f\u00f6r ett h\u00e4rligt sommaruppeh\u00e5ll.<\/p>\n<h3>Beskrivning:<\/h3>\n<ul>\n<li>Strandstol f\u00f6r ren komfort i din egen tr\u00e4dg\u00e5rd eller vid poolen<\/li>\n<li>V\u00e4lj din perfekta solningsvinkel fr\u00e5n fem olika ryggpositioner<\/li>\n<li>Slitstark, snabbtorkande och andas Oxford polyester<\/li>\n<li>Robust, vattens\u00e4ker pulverlackerat st\u00e5l<\/li>\n<li>L\u00e4tt och hopf\u00e4llbar f\u00f6r enkel transport<\/li>\n<li>Ingen montering kr\u00e4vs<\/li>\n<\/ul>\n<h3>Teknisk data:<\/h3>\n<ul>\n<li>Svart f\u00e4rg<\/li>\n<li>Material: St\u00e5l, Oxford-tyg<\/li>\n<li>M\u00e5tt: 188L x 56W x 28H cm<\/li>\n<li>Vikta m\u00e5tt: 70L x 57W x 13H cm<\/li>\n<li>Lastkapacitet: 120 kg<\/li>\n<\/ul>\n<h3>Leveransens omfattning:<\/h3>\n<ul>\n<li>1 x solstol<\/li>\n<li>1 x Instruktioner<\/li>\n<\/ul>\n","protected":false},"excerpt":{"rendered":"<p>Dr\u00f6mmer du om att alltid ha den d\u00e4r semesterk\u00e4nslan med dig? Med v\u00e5r hopf\u00e4llbara solstol \u00e4r du ett steg n\u00e4rmare&#8230;.<\/p>\n","protected":false},"featured_media":49665,"template":"","meta":[],"product_brand":[],"product_cat":[451,435,450],"product_tag":[],"class_list":{"0":"post-49664","1":"product","2":"type-product","3":"status-publish","4":"has-post-thumbnail","6":"product_cat-solstolar","7":"product_cat-tradgard-och-terrass","8":"product_cat-tradgardsmobler","10":"first","11":"instock","12":"sale","13":"taxable","14":"shipping-taxable","15":"purchasable","16":"product-type-simple"},"yoast_head":"<!-- This site is optimized with the Yoast SEO plugin v25.4 - https:\/\/yoast.com\/wordpress\/plugins\/seo\/ -->\n<title>TRUUSK Solstol - Justerbart ryggst\u00f6d - Snabbtorkande - Metallram - 190 x 56 x 28 cm - Svart - TRUUSK - Hem, Tr\u00e4dg\u00e5rd &amp; Fritid<\/title>\n<meta name=\"robots\" content=\"index, follow, max-snippet:-1, max-image-preview:large, max-video-preview:-1\" \/>\n<link rel=\"canonical\" href=\"https:\/\/truusk.store\/sv\/produkt\/truusk-solstol-justerbart-ryggstod-snabbtorkande-metallram-190-x-56-x-28-cm-svart\/\" \/>\n<meta property=\"og:locale\" content=\"sv_SE\" \/>\n<meta property=\"og:type\" content=\"article\" \/>\n<meta property=\"og:title\" content=\"TRUUSK Solstol - Justerbart ryggst\u00f6d - Snabbtorkande - Metallram - 190 x 56 x 28 cm - Svart - TRUUSK - Hem, Tr\u00e4dg\u00e5rd &amp; Fritid\" \/>\n<meta property=\"og:description\" content=\"Dr\u00f6mmer du om att alltid ha den d\u00e4r semesterk\u00e4nslan med dig? Med v\u00e5r hopf\u00e4llbara solstol \u00e4r du ett steg n\u00e4rmare....\" \/>\n<meta property=\"og:url\" content=\"https:\/\/truusk.store\/sv\/produkt\/truusk-solstol-justerbart-ryggstod-snabbtorkande-metallram-190-x-56-x-28-cm-svart\/\" \/>\n<meta property=\"og:site_name\" content=\"TRUUSK - Hem, Tr\u00e4dg\u00e5rd &amp; Fritid\" \/>\n<meta property=\"article:modified_time\" content=\"2026-03-12T07:55:33+00:00\" \/>\n<meta property=\"og:image\" content=\"https:\/\/i0.wp.com\/truusk.se\/wp-content\/uploads\/2024\/02\/solstol-5-vags-justerbart-ryggstod-snabbtorkande-metallram-190-x-56-x-28-cm-svart.webp?fit=800%2C800&ssl=1\" \/>\n\t<meta property=\"og:image:width\" content=\"800\" \/>\n\t<meta property=\"og:image:height\" content=\"800\" \/>\n\t<meta property=\"og:image:type\" content=\"image\/webp\" \/>\n<meta name=\"twitter:card\" content=\"summary_large_image\" \/>\n<meta name=\"twitter:label1\" content=\"Ber\u00e4knad l\u00e4stid\" \/>\n\t<meta name=\"twitter:data1\" content=\"1 minut\" \/>\n<!-- \/ Yoast SEO plugin. -->","yoast_head_json":{"title":"TRUUSK Solstol - Justerbart ryggst\u00f6d - Snabbtorkande - Metallram - 190 x 56 x 28 cm - Svart - TRUUSK - Hem, Tr\u00e4dg\u00e5rd &amp; Fritid","robots":{"index":"index","follow":"follow","max-snippet":"max-snippet:-1","max-image-preview":"max-image-preview:large","max-video-preview":"max-video-preview:-1"},"canonical":"https:\/\/truusk.store\/sv\/produkt\/truusk-solstol-justerbart-ryggstod-snabbtorkande-metallram-190-x-56-x-28-cm-svart\/","og_locale":"sv_SE","og_type":"article","og_title":"TRUUSK Solstol - Justerbart ryggst\u00f6d - Snabbtorkande - Metallram - 190 x 56 x 28 cm - Svart - TRUUSK - Hem, Tr\u00e4dg\u00e5rd &amp; Fritid","og_description":"Dr\u00f6mmer du om att alltid ha den d\u00e4r semesterk\u00e4nslan med dig? Med v\u00e5r hopf\u00e4llbara solstol \u00e4r du ett steg n\u00e4rmare....","og_url":"https:\/\/truusk.store\/sv\/produkt\/truusk-solstol-justerbart-ryggstod-snabbtorkande-metallram-190-x-56-x-28-cm-svart\/","og_site_name":"TRUUSK - Hem, Tr\u00e4dg\u00e5rd &amp; Fritid","article_modified_time":"2026-03-12T07:55:33+00:00","og_image":[{"width":800,"height":800,"url":"https:\/\/i0.wp.com\/truusk.se\/wp-content\/uploads\/2024\/02\/solstol-5-vags-justerbart-ryggstod-snabbtorkande-metallram-190-x-56-x-28-cm-svart.webp?fit=800%2C800&ssl=1","type":"image\/webp"}],"twitter_card":"summary_large_image","twitter_misc":{"Ber\u00e4knad l\u00e4stid":"1 minut"},"schema":{"@context":"https:\/\/schema.org","@graph":[{"@type":"WebPage","@id":"https:\/\/truusk.store\/sv\/produkt\/truusk-solstol-justerbart-ryggstod-snabbtorkande-metallram-190-x-56-x-28-cm-svart\/","url":"https:\/\/truusk.store\/sv\/produkt\/truusk-solstol-justerbart-ryggstod-snabbtorkande-metallram-190-x-56-x-28-cm-svart\/","name":"TRUUSK Solstol - Justerbart ryggst\u00f6d - Snabbtorkande - Metallram - 190 x 56 x 28 cm - Svart - TRUUSK - Hem, Tr\u00e4dg\u00e5rd &amp; Fritid","isPartOf":{"@id":"https:\/\/truusk.store\/sv\/#website"},"primaryImageOfPage":{"@id":"https:\/\/truusk.store\/sv\/produkt\/truusk-solstol-justerbart-ryggstod-snabbtorkande-metallram-190-x-56-x-28-cm-svart\/#primaryimage"},"image":{"@id":"https:\/\/truusk.store\/sv\/produkt\/truusk-solstol-justerbart-ryggstod-snabbtorkande-metallram-190-x-56-x-28-cm-svart\/#primaryimage"},"thumbnailUrl":"https:\/\/i0.wp.com\/truusk.store\/wp-content\/uploads\/2024\/02\/solstol-5-vags-justerbart-ryggstod-snabbtorkande-metallram-190-x-56-x-28-cm-svart.webp?fit=800%2C800&ssl=1","datePublished":"2024-02-29T03:30:09+00:00","dateModified":"2026-03-12T07:55:33+00:00","breadcrumb":{"@id":"https:\/\/truusk.store\/sv\/produkt\/truusk-solstol-justerbart-ryggstod-snabbtorkande-metallram-190-x-56-x-28-cm-svart\/#breadcrumb"},"inLanguage":"sv-SE","potentialAction":[{"@type":"ReadAction","target":["https:\/\/truusk.store\/sv\/produkt\/truusk-solstol-justerbart-ryggstod-snabbtorkande-metallram-190-x-56-x-28-cm-svart\/"]}]},{"@type":"ImageObject","inLanguage":"sv-SE","@id":"https:\/\/truusk.store\/sv\/produkt\/truusk-solstol-justerbart-ryggstod-snabbtorkande-metallram-190-x-56-x-28-cm-svart\/#primaryimage","url":"https:\/\/i0.wp.com\/truusk.store\/wp-content\/uploads\/2024\/02\/solstol-5-vags-justerbart-ryggstod-snabbtorkande-metallram-190-x-56-x-28-cm-svart.webp?fit=800%2C800&ssl=1","contentUrl":"https:\/\/i0.wp.com\/truusk.store\/wp-content\/uploads\/2024\/02\/solstol-5-vags-justerbart-ryggstod-snabbtorkande-metallram-190-x-56-x-28-cm-svart.webp?fit=800%2C800&ssl=1","width":800,"height":800,"caption":"Solstol, 5-v\u00e4gs Justerbart Ryggst\u00f6d, Snabbtorkande, Metallram, 190 X 56 X 28 Cm, Svart 1"},{"@type":"BreadcrumbList","@id":"https:\/\/truusk.store\/sv\/produkt\/truusk-solstol-justerbart-ryggstod-snabbtorkande-metallram-190-x-56-x-28-cm-svart\/#breadcrumb","itemListElement":[{"@type":"ListItem","position":1,"name":"Home","item":"https:\/\/truusk.store\/sv\/"},{"@type":"ListItem","position":2,"name":"Shop","item":"https:\/\/truusk.store\/shop\/"},{"@type":"ListItem","position":3,"name":"TRUUSK Solstol &#8211; Justerbart ryggst\u00f6d &#8211; Snabbtorkande &#8211; Metallram &#8211; 190 x 56 x 28 cm &#8211; Svart"}]},{"@type":"WebSite","@id":"https:\/\/truusk.store\/sv\/#website","url":"https:\/\/truusk.store\/sv\/","name":"TRUUSK - Hem, Tr\u00e4dg\u00e5rd & Fritid","description":"","publisher":{"@id":"https:\/\/truusk.store\/sv\/#organization"},"potentialAction":[{"@type":"SearchAction","target":{"@type":"EntryPoint","urlTemplate":"https:\/\/truusk.store\/sv\/?s={search_term_string}"},"query-input":{"@type":"PropertyValueSpecification","valueRequired":true,"valueName":"search_term_string"}}],"inLanguage":"sv-SE"},{"@type":"Organization","@id":"https:\/\/truusk.store\/sv\/#organization","name":"TRUUSK - Hem, Tr\u00e4dg\u00e5rd & Fritid","url":"https:\/\/truusk.store\/sv\/","logo":{"@type":"ImageObject","inLanguage":"sv-SE","@id":"https:\/\/truusk.store\/sv\/#\/schema\/logo\/image\/","url":"https:\/\/i0.wp.com\/truusk.store\/wp-content\/uploads\/2026\/03\/cropped-TRUUSK.png?fit=2032%2C917&ssl=1","contentUrl":"https:\/\/i0.wp.com\/truusk.store\/wp-content\/uploads\/2026\/03\/cropped-TRUUSK.png?fit=2032%2C917&ssl=1","width":2032,"height":917,"caption":"TRUUSK - Hem, Tr\u00e4dg\u00e5rd & Fritid"},"image":{"@id":"https:\/\/truusk.store\/sv\/#\/schema\/logo\/image\/"}}]}},"jetpack_sharing_enabled":true,"_links":{"self":[{"href":"https:\/\/truusk.store\/sv\/wp-json\/wp\/v2\/product\/49664","targetHints":{"allow":["GET"]}}],"collection":[{"href":"https:\/\/truusk.store\/sv\/wp-json\/wp\/v2\/product"}],"about":[{"href":"https:\/\/truusk.store\/sv\/wp-json\/wp\/v2\/types\/product"}],"wp:featuredmedia":[{"embeddable":true,"href":"https:\/\/truusk.store\/sv\/wp-json\/wp\/v2\/media\/49665"}],"wp:attachment":[{"href":"https:\/\/truusk.store\/sv\/wp-json\/wp\/v2\/media?parent=49664"}],"wp:term":[{"taxonomy":"product_brand","embeddable":true,"href":"https:\/\/truusk.store\/sv\/wp-json\/wp\/v2\/product_brand?post=49664"},{"taxonomy":"product_cat","embeddable":true,"href":"https:\/\/truusk.store\/sv\/wp-json\/wp\/v2\/product_cat?post=49664"},{"taxonomy":"product_tag","embeddable":true,"href":"https:\/\/truusk.store\/sv\/wp-json\/wp\/v2\/product_tag?post=49664"}],"curies":[{"name":"wp","href":"https:\/\/api.w.org\/{rel}","templated":true}]}}