{"id":49686,"date":"2024-02-29T04:50:07","date_gmt":"2024-02-29T03:50:07","guid":{"rendered":"https:\/\/truusk.store\/product\/gazebo-tradgardstalt-3-x-3-m-paviljong-vaderbestandig-hopfallbar-395cm-x-295cm-x-255cm-svart\/"},"modified":"2026-03-12T09:35:26","modified_gmt":"2026-03-12T08:35:26","slug":"truusk-paviljong-tradgardstalt-3x3m-vaderbestandig-hopfallbar-395x295x255cm-svart","status":"publish","type":"product","link":"https:\/\/truusk.store\/sv\/produkt\/truusk-paviljong-tradgardstalt-3x3m-vaderbestandig-hopfallbar-395x295x255cm-svart\/","title":{"rendered":"TRUUSK Paviljong Tr\u00e4dg\u00e5rdst\u00e4lt 3x3m &#8211; V\u00e4derbest\u00e4ndig &#8211; Hopf\u00e4llbar &#8211; 395x295x255cm &#8211; Svart"},"content":{"rendered":"<p>Letar du efter ett h\u00f6gkvalitativt partyt\u00e4lt f\u00f6r din utefest som \u00e4r stabilt och snyggt? D\u00e5 har du kommit till r\u00e4tt plats med v\u00e5rt partyt\u00e4lt. Tack vare den pulverlackerade metallramen \u00e4r partyt\u00e4ltet extremt robust, stabilt och v\u00e4derbest\u00e4ndigt. Den \u00e4r idealisk f\u00f6r din tr\u00e4dg\u00e5rd och de praktiska sidov\u00e4ggarna ger skydd mot irriterande insekter.<\/p>\n<h3>Beskrivning:<\/h3>\n<ul>\n<li>H\u00f6gkvalitativ paviljong i elegant design<\/li>\n<li>Ger perfekt skugga f\u00f6r tr\u00e4dg\u00e5rdar och fester<\/li>\n<li>Stabil ram av pulverlackerad metall, robust och stabil<\/li>\n<li>Tak av vattent\u00e4t polyeten (PE)<\/li>\n<li>4 sidov\u00e4ggar av myggn\u00e4t med ytterligare sydda kanter, varav 2 med dragkedja<\/li>\n<li>8 pinnar f\u00f6r f\u00f6rankring i marken och 4 grenlinor f\u00f6r extra stabilitet<\/li>\n<li>Enkel konstruktion<\/li>\n<\/ul>\n<h3>Teknisk data:<\/h3>\n<ul>\n<li>F\u00e4rg: M\u00f6rkgr\u00e5+svart<\/li>\n<li>Material: metall, polyeten (PE)<\/li>\n<li>\u00d6vergripande m\u00e5tt: 395L x 295W x 255H cm<\/li>\n<li>Frig\u00e5ngsh\u00f6jd: 200 cm<\/li>\n<\/ul>\n<h3>Leveransens omfattning:<\/h3>\n<ul>\n<li>1 x paviljong inklusive sidopaneler<\/li>\n<li>8 x pinnar<\/li>\n<li>4 x F\u00e4stlinor<\/li>\n<li>1 x Monteringsanvisning<\/li>\n<\/ul>\n","protected":false},"excerpt":{"rendered":"<p>Letar du efter ett h\u00f6gkvalitativt partyt\u00e4lt f\u00f6r din utefest som \u00e4r stabilt och snyggt? D\u00e5 har du kommit till r\u00e4tt&#8230;<\/p>\n","protected":false},"featured_media":49687,"template":"","meta":[],"product_brand":[],"product_cat":[477,435,476],"product_tag":[],"class_list":{"0":"post-49686","1":"product","2":"type-product","3":"status-publish","4":"has-post-thumbnail","6":"product_cat-paviljonger-partytalt","7":"product_cat-tradgard-och-terrass","8":"product_cat-tradgardspaviljonger","10":"first","11":"instock","12":"sale","13":"taxable","14":"shipping-taxable","15":"purchasable","16":"product-type-simple"},"yoast_head":"<!-- This site is optimized with the Yoast SEO plugin v25.4 - https:\/\/yoast.com\/wordpress\/plugins\/seo\/ -->\n<title>TRUUSK Paviljong Tr\u00e4dg\u00e5rdst\u00e4lt 3x3m - V\u00e4derbest\u00e4ndig - Hopf\u00e4llbar - 395x295x255cm - Svart - TRUUSK - Hem, Tr\u00e4dg\u00e5rd &amp; Fritid<\/title>\n<meta name=\"robots\" content=\"index, follow, max-snippet:-1, max-image-preview:large, max-video-preview:-1\" \/>\n<link rel=\"canonical\" href=\"https:\/\/truusk.store\/sv\/produkt\/truusk-paviljong-tradgardstalt-3x3m-vaderbestandig-hopfallbar-395x295x255cm-svart\/\" \/>\n<meta property=\"og:locale\" content=\"sv_SE\" \/>\n<meta property=\"og:type\" content=\"article\" \/>\n<meta property=\"og:title\" content=\"TRUUSK Paviljong Tr\u00e4dg\u00e5rdst\u00e4lt 3x3m - V\u00e4derbest\u00e4ndig - Hopf\u00e4llbar - 395x295x255cm - Svart - TRUUSK - Hem, Tr\u00e4dg\u00e5rd &amp; Fritid\" \/>\n<meta property=\"og:description\" content=\"Letar du efter ett h\u00f6gkvalitativt partyt\u00e4lt f\u00f6r din utefest som \u00e4r stabilt och snyggt? D\u00e5 har du kommit till r\u00e4tt...\" \/>\n<meta property=\"og:url\" content=\"https:\/\/truusk.store\/sv\/produkt\/truusk-paviljong-tradgardstalt-3x3m-vaderbestandig-hopfallbar-395x295x255cm-svart\/\" \/>\n<meta property=\"og:site_name\" content=\"TRUUSK - Hem, Tr\u00e4dg\u00e5rd &amp; Fritid\" \/>\n<meta property=\"article:modified_time\" content=\"2026-03-12T08:35:26+00:00\" \/>\n<meta property=\"og:image\" content=\"https:\/\/i0.wp.com\/truusk.se\/wp-content\/uploads\/2024\/02\/gazebo-tradgardstalt-3-x-3-m-paviljong-vaderbestandig-hopfallbar-395cm-x-295cm-x-255cm-svart.webp?fit=800%2C800&ssl=1\" \/>\n\t<meta property=\"og:image:width\" content=\"800\" \/>\n\t<meta property=\"og:image:height\" content=\"800\" \/>\n\t<meta property=\"og:image:type\" content=\"image\/webp\" \/>\n<meta name=\"twitter:card\" content=\"summary_large_image\" \/>\n<meta name=\"twitter:label1\" content=\"Ber\u00e4knad l\u00e4stid\" \/>\n\t<meta name=\"twitter:data1\" content=\"1 minut\" \/>\n<!-- \/ Yoast SEO plugin. -->","yoast_head_json":{"title":"TRUUSK Paviljong Tr\u00e4dg\u00e5rdst\u00e4lt 3x3m - V\u00e4derbest\u00e4ndig - Hopf\u00e4llbar - 395x295x255cm - Svart - TRUUSK - Hem, Tr\u00e4dg\u00e5rd &amp; Fritid","robots":{"index":"index","follow":"follow","max-snippet":"max-snippet:-1","max-image-preview":"max-image-preview:large","max-video-preview":"max-video-preview:-1"},"canonical":"https:\/\/truusk.store\/sv\/produkt\/truusk-paviljong-tradgardstalt-3x3m-vaderbestandig-hopfallbar-395x295x255cm-svart\/","og_locale":"sv_SE","og_type":"article","og_title":"TRUUSK Paviljong Tr\u00e4dg\u00e5rdst\u00e4lt 3x3m - V\u00e4derbest\u00e4ndig - Hopf\u00e4llbar - 395x295x255cm - Svart - TRUUSK - Hem, Tr\u00e4dg\u00e5rd &amp; Fritid","og_description":"Letar du efter ett h\u00f6gkvalitativt partyt\u00e4lt f\u00f6r din utefest som \u00e4r stabilt och snyggt? D\u00e5 har du kommit till r\u00e4tt...","og_url":"https:\/\/truusk.store\/sv\/produkt\/truusk-paviljong-tradgardstalt-3x3m-vaderbestandig-hopfallbar-395x295x255cm-svart\/","og_site_name":"TRUUSK - Hem, Tr\u00e4dg\u00e5rd &amp; Fritid","article_modified_time":"2026-03-12T08:35:26+00:00","og_image":[{"width":800,"height":800,"url":"https:\/\/i0.wp.com\/truusk.se\/wp-content\/uploads\/2024\/02\/gazebo-tradgardstalt-3-x-3-m-paviljong-vaderbestandig-hopfallbar-395cm-x-295cm-x-255cm-svart.webp?fit=800%2C800&ssl=1","type":"image\/webp"}],"twitter_card":"summary_large_image","twitter_misc":{"Ber\u00e4knad l\u00e4stid":"1 minut"},"schema":{"@context":"https:\/\/schema.org","@graph":[{"@type":"WebPage","@id":"https:\/\/truusk.store\/sv\/produkt\/truusk-paviljong-tradgardstalt-3x3m-vaderbestandig-hopfallbar-395x295x255cm-svart\/","url":"https:\/\/truusk.store\/sv\/produkt\/truusk-paviljong-tradgardstalt-3x3m-vaderbestandig-hopfallbar-395x295x255cm-svart\/","name":"TRUUSK Paviljong Tr\u00e4dg\u00e5rdst\u00e4lt 3x3m - V\u00e4derbest\u00e4ndig - Hopf\u00e4llbar - 395x295x255cm - Svart - TRUUSK - Hem, Tr\u00e4dg\u00e5rd &amp; Fritid","isPartOf":{"@id":"https:\/\/truusk.store\/sv\/#website"},"primaryImageOfPage":{"@id":"https:\/\/truusk.store\/sv\/produkt\/truusk-paviljong-tradgardstalt-3x3m-vaderbestandig-hopfallbar-395x295x255cm-svart\/#primaryimage"},"image":{"@id":"https:\/\/truusk.store\/sv\/produkt\/truusk-paviljong-tradgardstalt-3x3m-vaderbestandig-hopfallbar-395x295x255cm-svart\/#primaryimage"},"thumbnailUrl":"https:\/\/i0.wp.com\/truusk.store\/wp-content\/uploads\/2024\/02\/gazebo-tradgardstalt-3-x-3-m-paviljong-vaderbestandig-hopfallbar-395cm-x-295cm-x-255cm-svart.webp?fit=800%2C800&ssl=1","datePublished":"2024-02-29T03:50:07+00:00","dateModified":"2026-03-12T08:35:26+00:00","breadcrumb":{"@id":"https:\/\/truusk.store\/sv\/produkt\/truusk-paviljong-tradgardstalt-3x3m-vaderbestandig-hopfallbar-395x295x255cm-svart\/#breadcrumb"},"inLanguage":"sv-SE","potentialAction":[{"@type":"ReadAction","target":["https:\/\/truusk.store\/sv\/produkt\/truusk-paviljong-tradgardstalt-3x3m-vaderbestandig-hopfallbar-395x295x255cm-svart\/"]}]},{"@type":"ImageObject","inLanguage":"sv-SE","@id":"https:\/\/truusk.store\/sv\/produkt\/truusk-paviljong-tradgardstalt-3x3m-vaderbestandig-hopfallbar-395x295x255cm-svart\/#primaryimage","url":"https:\/\/i0.wp.com\/truusk.store\/wp-content\/uploads\/2024\/02\/gazebo-tradgardstalt-3-x-3-m-paviljong-vaderbestandig-hopfallbar-395cm-x-295cm-x-255cm-svart.webp?fit=800%2C800&ssl=1","contentUrl":"https:\/\/i0.wp.com\/truusk.store\/wp-content\/uploads\/2024\/02\/gazebo-tradgardstalt-3-x-3-m-paviljong-vaderbestandig-hopfallbar-395cm-x-295cm-x-255cm-svart.webp?fit=800%2C800&ssl=1","width":800,"height":800,"caption":"Gazebo Tr\u00e4dg\u00e5rdst\u00e4lt 3 X 3 M Paviljong, V\u00e4derbest\u00e4ndig, Hopf\u00e4llbar, 395cm X 295cm X 255cm, Svart 1"},{"@type":"BreadcrumbList","@id":"https:\/\/truusk.store\/sv\/produkt\/truusk-paviljong-tradgardstalt-3x3m-vaderbestandig-hopfallbar-395x295x255cm-svart\/#breadcrumb","itemListElement":[{"@type":"ListItem","position":1,"name":"Home","item":"https:\/\/truusk.store\/sv\/"},{"@type":"ListItem","position":2,"name":"Shop","item":"https:\/\/truusk.store\/shop\/"},{"@type":"ListItem","position":3,"name":"TRUUSK Paviljong Tr\u00e4dg\u00e5rdst\u00e4lt 3x3m &#8211; V\u00e4derbest\u00e4ndig &#8211; Hopf\u00e4llbar &#8211; 395x295x255cm &#8211; Svart"}]},{"@type":"WebSite","@id":"https:\/\/truusk.store\/sv\/#website","url":"https:\/\/truusk.store\/sv\/","name":"TRUUSK - Hem, Tr\u00e4dg\u00e5rd & Fritid","description":"","publisher":{"@id":"https:\/\/truusk.store\/sv\/#organization"},"potentialAction":[{"@type":"SearchAction","target":{"@type":"EntryPoint","urlTemplate":"https:\/\/truusk.store\/sv\/?s={search_term_string}"},"query-input":{"@type":"PropertyValueSpecification","valueRequired":true,"valueName":"search_term_string"}}],"inLanguage":"sv-SE"},{"@type":"Organization","@id":"https:\/\/truusk.store\/sv\/#organization","name":"TRUUSK - Hem, Tr\u00e4dg\u00e5rd & Fritid","url":"https:\/\/truusk.store\/sv\/","logo":{"@type":"ImageObject","inLanguage":"sv-SE","@id":"https:\/\/truusk.store\/sv\/#\/schema\/logo\/image\/","url":"https:\/\/i0.wp.com\/truusk.store\/wp-content\/uploads\/2026\/03\/cropped-TRUUSK.png?fit=2032%2C917&ssl=1","contentUrl":"https:\/\/i0.wp.com\/truusk.store\/wp-content\/uploads\/2026\/03\/cropped-TRUUSK.png?fit=2032%2C917&ssl=1","width":2032,"height":917,"caption":"TRUUSK - Hem, Tr\u00e4dg\u00e5rd & Fritid"},"image":{"@id":"https:\/\/truusk.store\/sv\/#\/schema\/logo\/image\/"}}]}},"jetpack_sharing_enabled":true,"_links":{"self":[{"href":"https:\/\/truusk.store\/sv\/wp-json\/wp\/v2\/product\/49686","targetHints":{"allow":["GET"]}}],"collection":[{"href":"https:\/\/truusk.store\/sv\/wp-json\/wp\/v2\/product"}],"about":[{"href":"https:\/\/truusk.store\/sv\/wp-json\/wp\/v2\/types\/product"}],"wp:featuredmedia":[{"embeddable":true,"href":"https:\/\/truusk.store\/sv\/wp-json\/wp\/v2\/media\/49687"}],"wp:attachment":[{"href":"https:\/\/truusk.store\/sv\/wp-json\/wp\/v2\/media?parent=49686"}],"wp:term":[{"taxonomy":"product_brand","embeddable":true,"href":"https:\/\/truusk.store\/sv\/wp-json\/wp\/v2\/product_brand?post=49686"},{"taxonomy":"product_cat","embeddable":true,"href":"https:\/\/truusk.store\/sv\/wp-json\/wp\/v2\/product_cat?post=49686"},{"taxonomy":"product_tag","embeddable":true,"href":"https:\/\/truusk.store\/sv\/wp-json\/wp\/v2\/product_tag?post=49686"}],"curies":[{"name":"wp","href":"https:\/\/api.w.org\/{rel}","templated":true}]}}