{"id":49697,"date":"2024-02-29T05:00:10","date_gmt":"2024-02-29T04:00:10","guid":{"rendered":"https:\/\/truusk.store\/product\/pop-up-pavilion-hopfallbar-paviljong-inklusive-stjarna-vaderbestandig-240-x-240-x-250-cm-vit\/"},"modified":"2026-03-12T09:20:26","modified_gmt":"2026-03-12T08:20:26","slug":"truusk-hopfallbar-paviljong-inklusive-stjarna-vaderbestandig-240-x-240-x-250-cm-vit","status":"publish","type":"product","link":"https:\/\/truusk.store\/sv\/produkt\/truusk-hopfallbar-paviljong-inklusive-stjarna-vaderbestandig-240-x-240-x-250-cm-vit\/","title":{"rendered":"TRUUSK Hopf\u00e4llbar Paviljong &#8211; Inklusive Stj\u00e4rna &#8211; V\u00e4derbest\u00e4ndig &#8211; 240 x 240 x 250 cm &#8211; Vit"},"content":{"rendered":"<p>s popup-lusthus med sidov\u00e4ggar \u00e4r idealiskt f\u00f6r campingturer, grillar eller f\u00f6r att skydda dina tr\u00e4dg\u00e5rdsm\u00f6bler. Den s\u00e4tts upp p\u00e5 n\u00e5gra minuter och kommer med en b\u00e4rv\u00e4ska f\u00f6r enkel transport. Den snabba utf\u00e4llningen ger UV50+-skydd. Piggar och draglinor stabiliserar paviljongen p\u00e5 mjuk mark och de \u00f6vre dr\u00e4neringsh\u00e5len dr\u00e4nerar regnvatten. Det skyddar inte bara mot solbr\u00e4nna utan lindrar \u00e4ven andra sommarproblem.<\/p>\n<h3>Beskrivning:<\/h3>\n<ul>\n<li>Popup-designen g\u00f6r det enkelt att s\u00e4tta upp och ta ner<\/li>\n<li>Tv\u00e5 v\u00e4ggar ger skydd mot v\u00e4der och vind och skapar avskildhet &#8211; de \u00e4r avtagbara<\/li>\n<li>PVC-f\u00f6nster \u00e4r idealiska f\u00f6r evenemang eller catering<\/li>\n<li>Trestegs justerbar st\u00e5lram f\u00f6r stabilitet<\/li>\n<li>Guylinor och pinnar ing\u00e5r f\u00f6r extra st\u00f6d och stabilitet.<\/li>\n<li>B\u00e4rv\u00e4ska ing\u00e5r ocks\u00e5<\/li>\n<li>Montering kr\u00e4vs<\/li>\n<\/ul>\n<h3>Teknisk data:<\/h3>\n<ul>\n<li>F\u00e4rg vit<\/li>\n<li>Material: St\u00e5l, Oxford<\/li>\n<li>Kapellm\u00e5tt: 240L x 240W x 250H cm<\/li>\n<li>Avst\u00e5nd mellan kolonner: 289L x 289W cm<\/li>\n<li>Takfotsh\u00f6jd: 190H cm<\/li>\n<li>M\u00e5tt vikta: 115L x 17W x 17H cm<\/li>\n<li>F\u00f6nsterstorlek: 178L x 100W cm<\/li>\n<li>L\u00e4mna ALDRIG ditt skydd utan uppsikt<\/li>\n<li>demontera den innan en stor storm sl\u00e5r till. Anv\u00e4nd alltid de medf\u00f6ljande pinnarna och linorna<\/li>\n<\/ul>\n<h3>Leveransens omfattning:<\/h3>\n<ul>\n<li>1 x hopf\u00e4llbart lusthus<\/li>\n<li>4 x Guy Rope<\/li>\n<li>8 x markspetsar<\/li>\n<li>1 x B\u00e4rv\u00e4ska<\/li>\n<li>1 x manuell<\/li>\n<\/ul>\n","protected":false},"excerpt":{"rendered":"<p>s popup-lusthus med sidov\u00e4ggar \u00e4r idealiskt f\u00f6r campingturer, grillar eller f\u00f6r att skydda dina tr\u00e4dg\u00e5rdsm\u00f6bler. Den s\u00e4tts upp p\u00e5 n\u00e5gra&#8230;<\/p>\n","protected":false},"featured_media":49698,"template":"","meta":[],"product_brand":[],"product_cat":[477,435,476],"product_tag":[],"class_list":{"0":"post-49697","1":"product","2":"type-product","3":"status-publish","4":"has-post-thumbnail","6":"product_cat-paviljonger-partytalt","7":"product_cat-tradgard-och-terrass","8":"product_cat-tradgardspaviljonger","10":"first","11":"instock","12":"sale","13":"taxable","14":"shipping-taxable","15":"purchasable","16":"product-type-simple"},"yoast_head":"<!-- This site is optimized with the Yoast SEO plugin v25.4 - https:\/\/yoast.com\/wordpress\/plugins\/seo\/ -->\n<title>TRUUSK Hopf\u00e4llbar Paviljong - Inklusive Stj\u00e4rna - V\u00e4derbest\u00e4ndig - 240 x 240 x 250 cm - Vit - TRUUSK - Hem, Tr\u00e4dg\u00e5rd &amp; Fritid<\/title>\n<meta name=\"robots\" content=\"index, follow, max-snippet:-1, max-image-preview:large, max-video-preview:-1\" \/>\n<link rel=\"canonical\" href=\"https:\/\/truusk.store\/sv\/produkt\/truusk-hopfallbar-paviljong-inklusive-stjarna-vaderbestandig-240-x-240-x-250-cm-vit\/\" \/>\n<meta property=\"og:locale\" content=\"sv_SE\" \/>\n<meta property=\"og:type\" content=\"article\" \/>\n<meta property=\"og:title\" content=\"TRUUSK Hopf\u00e4llbar Paviljong - Inklusive Stj\u00e4rna - V\u00e4derbest\u00e4ndig - 240 x 240 x 250 cm - Vit - TRUUSK - Hem, Tr\u00e4dg\u00e5rd &amp; Fritid\" \/>\n<meta property=\"og:description\" content=\"s popup-lusthus med sidov\u00e4ggar \u00e4r idealiskt f\u00f6r campingturer, grillar eller f\u00f6r att skydda dina tr\u00e4dg\u00e5rdsm\u00f6bler. Den s\u00e4tts upp p\u00e5 n\u00e5gra...\" \/>\n<meta property=\"og:url\" content=\"https:\/\/truusk.store\/sv\/produkt\/truusk-hopfallbar-paviljong-inklusive-stjarna-vaderbestandig-240-x-240-x-250-cm-vit\/\" \/>\n<meta property=\"og:site_name\" content=\"TRUUSK - Hem, Tr\u00e4dg\u00e5rd &amp; Fritid\" \/>\n<meta property=\"article:modified_time\" content=\"2026-03-12T08:20:26+00:00\" \/>\n<meta property=\"og:image\" content=\"https:\/\/i0.wp.com\/truusk.se\/wp-content\/uploads\/2024\/02\/pop-up-pavilion-hopfallbar-paviljong-inklusive-stjarna-vaderbestandig-240-x-240-x-250-cm-vit.webp?fit=800%2C800&ssl=1\" \/>\n\t<meta property=\"og:image:width\" content=\"800\" \/>\n\t<meta property=\"og:image:height\" content=\"800\" \/>\n\t<meta property=\"og:image:type\" content=\"image\/webp\" \/>\n<meta name=\"twitter:card\" content=\"summary_large_image\" \/>\n<meta name=\"twitter:label1\" content=\"Ber\u00e4knad l\u00e4stid\" \/>\n\t<meta name=\"twitter:data1\" content=\"1 minut\" \/>\n<!-- \/ Yoast SEO plugin. -->","yoast_head_json":{"title":"TRUUSK Hopf\u00e4llbar Paviljong - Inklusive Stj\u00e4rna - V\u00e4derbest\u00e4ndig - 240 x 240 x 250 cm - Vit - TRUUSK - Hem, Tr\u00e4dg\u00e5rd &amp; Fritid","robots":{"index":"index","follow":"follow","max-snippet":"max-snippet:-1","max-image-preview":"max-image-preview:large","max-video-preview":"max-video-preview:-1"},"canonical":"https:\/\/truusk.store\/sv\/produkt\/truusk-hopfallbar-paviljong-inklusive-stjarna-vaderbestandig-240-x-240-x-250-cm-vit\/","og_locale":"sv_SE","og_type":"article","og_title":"TRUUSK Hopf\u00e4llbar Paviljong - Inklusive Stj\u00e4rna - V\u00e4derbest\u00e4ndig - 240 x 240 x 250 cm - Vit - TRUUSK - Hem, Tr\u00e4dg\u00e5rd &amp; Fritid","og_description":"s popup-lusthus med sidov\u00e4ggar \u00e4r idealiskt f\u00f6r campingturer, grillar eller f\u00f6r att skydda dina tr\u00e4dg\u00e5rdsm\u00f6bler. Den s\u00e4tts upp p\u00e5 n\u00e5gra...","og_url":"https:\/\/truusk.store\/sv\/produkt\/truusk-hopfallbar-paviljong-inklusive-stjarna-vaderbestandig-240-x-240-x-250-cm-vit\/","og_site_name":"TRUUSK - Hem, Tr\u00e4dg\u00e5rd &amp; Fritid","article_modified_time":"2026-03-12T08:20:26+00:00","og_image":[{"width":800,"height":800,"url":"https:\/\/i0.wp.com\/truusk.se\/wp-content\/uploads\/2024\/02\/pop-up-pavilion-hopfallbar-paviljong-inklusive-stjarna-vaderbestandig-240-x-240-x-250-cm-vit.webp?fit=800%2C800&ssl=1","type":"image\/webp"}],"twitter_card":"summary_large_image","twitter_misc":{"Ber\u00e4knad l\u00e4stid":"1 minut"},"schema":{"@context":"https:\/\/schema.org","@graph":[{"@type":"WebPage","@id":"https:\/\/truusk.store\/sv\/produkt\/truusk-hopfallbar-paviljong-inklusive-stjarna-vaderbestandig-240-x-240-x-250-cm-vit\/","url":"https:\/\/truusk.store\/sv\/produkt\/truusk-hopfallbar-paviljong-inklusive-stjarna-vaderbestandig-240-x-240-x-250-cm-vit\/","name":"TRUUSK Hopf\u00e4llbar Paviljong - Inklusive Stj\u00e4rna - V\u00e4derbest\u00e4ndig - 240 x 240 x 250 cm - Vit - TRUUSK - Hem, Tr\u00e4dg\u00e5rd &amp; Fritid","isPartOf":{"@id":"https:\/\/truusk.store\/sv\/#website"},"primaryImageOfPage":{"@id":"https:\/\/truusk.store\/sv\/produkt\/truusk-hopfallbar-paviljong-inklusive-stjarna-vaderbestandig-240-x-240-x-250-cm-vit\/#primaryimage"},"image":{"@id":"https:\/\/truusk.store\/sv\/produkt\/truusk-hopfallbar-paviljong-inklusive-stjarna-vaderbestandig-240-x-240-x-250-cm-vit\/#primaryimage"},"thumbnailUrl":"https:\/\/i0.wp.com\/truusk.store\/wp-content\/uploads\/2024\/02\/pop-up-pavilion-hopfallbar-paviljong-inklusive-stjarna-vaderbestandig-240-x-240-x-250-cm-vit.webp?fit=800%2C800&ssl=1","datePublished":"2024-02-29T04:00:10+00:00","dateModified":"2026-03-12T08:20:26+00:00","breadcrumb":{"@id":"https:\/\/truusk.store\/sv\/produkt\/truusk-hopfallbar-paviljong-inklusive-stjarna-vaderbestandig-240-x-240-x-250-cm-vit\/#breadcrumb"},"inLanguage":"sv-SE","potentialAction":[{"@type":"ReadAction","target":["https:\/\/truusk.store\/sv\/produkt\/truusk-hopfallbar-paviljong-inklusive-stjarna-vaderbestandig-240-x-240-x-250-cm-vit\/"]}]},{"@type":"ImageObject","inLanguage":"sv-SE","@id":"https:\/\/truusk.store\/sv\/produkt\/truusk-hopfallbar-paviljong-inklusive-stjarna-vaderbestandig-240-x-240-x-250-cm-vit\/#primaryimage","url":"https:\/\/i0.wp.com\/truusk.store\/wp-content\/uploads\/2024\/02\/pop-up-pavilion-hopfallbar-paviljong-inklusive-stjarna-vaderbestandig-240-x-240-x-250-cm-vit.webp?fit=800%2C800&ssl=1","contentUrl":"https:\/\/i0.wp.com\/truusk.store\/wp-content\/uploads\/2024\/02\/pop-up-pavilion-hopfallbar-paviljong-inklusive-stjarna-vaderbestandig-240-x-240-x-250-cm-vit.webp?fit=800%2C800&ssl=1","width":800,"height":800,"caption":"Pop Up Pavilion Hopf\u00e4llbar Paviljong, Inklusive Stj\u00e4rna, V\u00e4derbest\u00e4ndig, 240 X 240 X 250 Cm, Vit 1"},{"@type":"BreadcrumbList","@id":"https:\/\/truusk.store\/sv\/produkt\/truusk-hopfallbar-paviljong-inklusive-stjarna-vaderbestandig-240-x-240-x-250-cm-vit\/#breadcrumb","itemListElement":[{"@type":"ListItem","position":1,"name":"Home","item":"https:\/\/truusk.store\/sv\/"},{"@type":"ListItem","position":2,"name":"Shop","item":"https:\/\/truusk.store\/shop\/"},{"@type":"ListItem","position":3,"name":"TRUUSK Hopf\u00e4llbar Paviljong &#8211; Inklusive Stj\u00e4rna &#8211; V\u00e4derbest\u00e4ndig &#8211; 240 x 240 x 250 cm &#8211; Vit"}]},{"@type":"WebSite","@id":"https:\/\/truusk.store\/sv\/#website","url":"https:\/\/truusk.store\/sv\/","name":"TRUUSK - Hem, Tr\u00e4dg\u00e5rd & Fritid","description":"","publisher":{"@id":"https:\/\/truusk.store\/sv\/#organization"},"potentialAction":[{"@type":"SearchAction","target":{"@type":"EntryPoint","urlTemplate":"https:\/\/truusk.store\/sv\/?s={search_term_string}"},"query-input":{"@type":"PropertyValueSpecification","valueRequired":true,"valueName":"search_term_string"}}],"inLanguage":"sv-SE"},{"@type":"Organization","@id":"https:\/\/truusk.store\/sv\/#organization","name":"TRUUSK - Hem, Tr\u00e4dg\u00e5rd & Fritid","url":"https:\/\/truusk.store\/sv\/","logo":{"@type":"ImageObject","inLanguage":"sv-SE","@id":"https:\/\/truusk.store\/sv\/#\/schema\/logo\/image\/","url":"https:\/\/i0.wp.com\/truusk.store\/wp-content\/uploads\/2026\/03\/cropped-TRUUSK.png?fit=2032%2C917&ssl=1","contentUrl":"https:\/\/i0.wp.com\/truusk.store\/wp-content\/uploads\/2026\/03\/cropped-TRUUSK.png?fit=2032%2C917&ssl=1","width":2032,"height":917,"caption":"TRUUSK - Hem, Tr\u00e4dg\u00e5rd & Fritid"},"image":{"@id":"https:\/\/truusk.store\/sv\/#\/schema\/logo\/image\/"}}]}},"jetpack_sharing_enabled":true,"_links":{"self":[{"href":"https:\/\/truusk.store\/sv\/wp-json\/wp\/v2\/product\/49697","targetHints":{"allow":["GET"]}}],"collection":[{"href":"https:\/\/truusk.store\/sv\/wp-json\/wp\/v2\/product"}],"about":[{"href":"https:\/\/truusk.store\/sv\/wp-json\/wp\/v2\/types\/product"}],"wp:featuredmedia":[{"embeddable":true,"href":"https:\/\/truusk.store\/sv\/wp-json\/wp\/v2\/media\/49698"}],"wp:attachment":[{"href":"https:\/\/truusk.store\/sv\/wp-json\/wp\/v2\/media?parent=49697"}],"wp:term":[{"taxonomy":"product_brand","embeddable":true,"href":"https:\/\/truusk.store\/sv\/wp-json\/wp\/v2\/product_brand?post=49697"},{"taxonomy":"product_cat","embeddable":true,"href":"https:\/\/truusk.store\/sv\/wp-json\/wp\/v2\/product_cat?post=49697"},{"taxonomy":"product_tag","embeddable":true,"href":"https:\/\/truusk.store\/sv\/wp-json\/wp\/v2\/product_tag?post=49697"}],"curies":[{"name":"wp","href":"https:\/\/api.w.org\/{rel}","templated":true}]}}