{"id":49730,"date":"2024-02-29T05:30:10","date_gmt":"2024-02-29T04:30:10","guid":{"rendered":"https:\/\/truusk.store\/product\/utfallbart-matbord-utdragbart-matbord-matbord-mobilt-modern-design-180cm-x-85cm-x-75cm-brunt\/"},"modified":"2026-03-12T09:36:45","modified_gmt":"2026-03-12T08:36:45","slug":"truusk-utfallbart-matbord-utdragbart-mobilt-modern-design-180cm-x-85cm-x-75cm-brunt","status":"publish","type":"product","link":"https:\/\/truusk.store\/sv\/produkt\/truusk-utfallbart-matbord-utdragbart-mobilt-modern-design-180cm-x-85cm-x-75cm-brunt\/","title":{"rendered":"TRUUSK Utf\u00e4llbart Matbord &#8211; Utdragbart &#8211; Mobilt &#8211; Modern Design &#8211; 180cm X 85cm X 75cm &#8211; Brunt"},"content":{"rendered":"<p>Om du vill vara flexibel med din inredning eller vill anv\u00e4nda sm\u00e5 utrymmen effektivt hittar du det du s\u00f6ker med v\u00e5rt moderna bord. Enkel design m\u00f6ter en varm tr\u00e4look. Ditt matbord passar in i en m\u00e4ngd olika livsmilj\u00f6er och k\u00e4nns som hemma n\u00e4stan var som helst. Tack vare sin utrymmesbesparande design \u00e4r den ocks\u00e5 s\u00e4rskilt m\u00e5ngsidig. Den tv\u00e5delade skivan p\u00e5 ditt matbord kan f\u00f6rl\u00e4ngas flexibelt.<\/p>\n<h3>Beskrivning:<\/h3>\n<ul>\n<li>Detta matbord \u00e4r mellan 160 cm och 180 cm l\u00e5ngt och rymmer upp till 6 personer<\/li>\n<li>Det kan enkelt reduceras till storleken p\u00e5 ett k\u00f6ksbord<\/li>\n<li>Separera bordsskivan fr\u00e5n bordet och dra ut den helt<\/li>\n<li>l\u00e4gg sedan till flera paneler ovanp\u00e5 skenorna<\/li>\n<li>Tallrikarna kan f\u00f6rvaras under bordet n\u00e4r de inte anv\u00e4nds<\/li>\n<li>St\u00e5lskenorna glider l\u00e4tt ut, vilket g\u00f6r att en person enkelt kan f\u00f6rl\u00e4nga bordet<\/li>\n<li>Tillverkad av tr\u00e4material, d\u00e4rf\u00f6r l\u00e4tt att reng\u00f6ra<\/li>\n<li>Montering kr\u00e4vs<\/li>\n<\/ul>\n<h3>Teknisk data:<\/h3>\n<ul>\n<li>F\u00e4rg vit<\/li>\n<li>Material: sp\u00e5nskiva, st\u00e5l<\/li>\n<li>\u00d6vergripande m\u00e5tt: Ovikt: 180L x 85W x 75H cm, Vikt: 60L x 85W x 75H cm<\/li>\n<li>Viktkapacitet: 60 kg<\/li>\n<\/ul>\n<h3>Leveransens omfattning:<\/h3>\n<ul>\n<li>1 x bord<\/li>\n<li>1 x Instruktioner<\/li>\n<\/ul>\n","protected":false},"excerpt":{"rendered":"<p>Om du vill vara flexibel med din inredning eller vill anv\u00e4nda sm\u00e5 utrymmen effektivt hittar du det du s\u00f6ker med&#8230;<\/p>\n","protected":false},"featured_media":49731,"template":"","meta":[],"product_brand":[],"product_cat":[485,509,501],"product_tag":[],"class_list":{"0":"post-49730","1":"product","2":"type-product","3":"status-publish","4":"has-post-thumbnail","6":"product_cat-hus-bo","7":"product_cat-matbord","8":"product_cat-tabeller","10":"first","11":"instock","12":"sale","13":"taxable","14":"shipping-taxable","15":"purchasable","16":"product-type-simple"},"yoast_head":"<!-- This site is optimized with the Yoast SEO plugin v25.4 - https:\/\/yoast.com\/wordpress\/plugins\/seo\/ -->\n<title>TRUUSK Utf\u00e4llbart Matbord - Utdragbart - Mobilt - Modern Design - 180cm X 85cm X 75cm - Brunt - TRUUSK - Hem, Tr\u00e4dg\u00e5rd &amp; Fritid<\/title>\n<meta name=\"robots\" content=\"index, follow, max-snippet:-1, max-image-preview:large, max-video-preview:-1\" \/>\n<link rel=\"canonical\" href=\"https:\/\/truusk.store\/sv\/produkt\/truusk-utfallbart-matbord-utdragbart-mobilt-modern-design-180cm-x-85cm-x-75cm-brunt\/\" \/>\n<meta property=\"og:locale\" content=\"sv_SE\" \/>\n<meta property=\"og:type\" content=\"article\" \/>\n<meta property=\"og:title\" content=\"TRUUSK Utf\u00e4llbart Matbord - Utdragbart - Mobilt - Modern Design - 180cm X 85cm X 75cm - Brunt - TRUUSK - Hem, Tr\u00e4dg\u00e5rd &amp; Fritid\" \/>\n<meta property=\"og:description\" content=\"Om du vill vara flexibel med din inredning eller vill anv\u00e4nda sm\u00e5 utrymmen effektivt hittar du det du s\u00f6ker med...\" \/>\n<meta property=\"og:url\" content=\"https:\/\/truusk.store\/sv\/produkt\/truusk-utfallbart-matbord-utdragbart-mobilt-modern-design-180cm-x-85cm-x-75cm-brunt\/\" \/>\n<meta property=\"og:site_name\" content=\"TRUUSK - Hem, Tr\u00e4dg\u00e5rd &amp; Fritid\" \/>\n<meta property=\"article:modified_time\" content=\"2026-03-12T08:36:45+00:00\" \/>\n<meta property=\"og:image\" content=\"https:\/\/i0.wp.com\/truusk.se\/wp-content\/uploads\/2024\/02\/utfallbart-matbord-utdragbart-matbord-matbord-mobilt-modern-design-180cm-x-85cm-x-75cm-brunt.webp?fit=800%2C800&ssl=1\" \/>\n\t<meta property=\"og:image:width\" content=\"800\" \/>\n\t<meta property=\"og:image:height\" content=\"800\" \/>\n\t<meta property=\"og:image:type\" content=\"image\/webp\" \/>\n<meta name=\"twitter:card\" content=\"summary_large_image\" \/>\n<meta name=\"twitter:label1\" content=\"Ber\u00e4knad l\u00e4stid\" \/>\n\t<meta name=\"twitter:data1\" content=\"1 minut\" \/>\n<!-- \/ Yoast SEO plugin. -->","yoast_head_json":{"title":"TRUUSK Utf\u00e4llbart Matbord - Utdragbart - Mobilt - Modern Design - 180cm X 85cm X 75cm - Brunt - TRUUSK - Hem, Tr\u00e4dg\u00e5rd &amp; Fritid","robots":{"index":"index","follow":"follow","max-snippet":"max-snippet:-1","max-image-preview":"max-image-preview:large","max-video-preview":"max-video-preview:-1"},"canonical":"https:\/\/truusk.store\/sv\/produkt\/truusk-utfallbart-matbord-utdragbart-mobilt-modern-design-180cm-x-85cm-x-75cm-brunt\/","og_locale":"sv_SE","og_type":"article","og_title":"TRUUSK Utf\u00e4llbart Matbord - Utdragbart - Mobilt - Modern Design - 180cm X 85cm X 75cm - Brunt - TRUUSK - Hem, Tr\u00e4dg\u00e5rd &amp; Fritid","og_description":"Om du vill vara flexibel med din inredning eller vill anv\u00e4nda sm\u00e5 utrymmen effektivt hittar du det du s\u00f6ker med...","og_url":"https:\/\/truusk.store\/sv\/produkt\/truusk-utfallbart-matbord-utdragbart-mobilt-modern-design-180cm-x-85cm-x-75cm-brunt\/","og_site_name":"TRUUSK - Hem, Tr\u00e4dg\u00e5rd &amp; Fritid","article_modified_time":"2026-03-12T08:36:45+00:00","og_image":[{"width":800,"height":800,"url":"https:\/\/i0.wp.com\/truusk.se\/wp-content\/uploads\/2024\/02\/utfallbart-matbord-utdragbart-matbord-matbord-mobilt-modern-design-180cm-x-85cm-x-75cm-brunt.webp?fit=800%2C800&ssl=1","type":"image\/webp"}],"twitter_card":"summary_large_image","twitter_misc":{"Ber\u00e4knad l\u00e4stid":"1 minut"},"schema":{"@context":"https:\/\/schema.org","@graph":[{"@type":"WebPage","@id":"https:\/\/truusk.store\/sv\/produkt\/truusk-utfallbart-matbord-utdragbart-mobilt-modern-design-180cm-x-85cm-x-75cm-brunt\/","url":"https:\/\/truusk.store\/sv\/produkt\/truusk-utfallbart-matbord-utdragbart-mobilt-modern-design-180cm-x-85cm-x-75cm-brunt\/","name":"TRUUSK Utf\u00e4llbart Matbord - Utdragbart - Mobilt - Modern Design - 180cm X 85cm X 75cm - Brunt - TRUUSK - Hem, Tr\u00e4dg\u00e5rd &amp; Fritid","isPartOf":{"@id":"https:\/\/truusk.store\/sv\/#website"},"primaryImageOfPage":{"@id":"https:\/\/truusk.store\/sv\/produkt\/truusk-utfallbart-matbord-utdragbart-mobilt-modern-design-180cm-x-85cm-x-75cm-brunt\/#primaryimage"},"image":{"@id":"https:\/\/truusk.store\/sv\/produkt\/truusk-utfallbart-matbord-utdragbart-mobilt-modern-design-180cm-x-85cm-x-75cm-brunt\/#primaryimage"},"thumbnailUrl":"https:\/\/i0.wp.com\/truusk.store\/wp-content\/uploads\/2024\/02\/utfallbart-matbord-utdragbart-matbord-matbord-mobilt-modern-design-180cm-x-85cm-x-75cm-brunt.webp?fit=800%2C800&ssl=1","datePublished":"2024-02-29T04:30:10+00:00","dateModified":"2026-03-12T08:36:45+00:00","breadcrumb":{"@id":"https:\/\/truusk.store\/sv\/produkt\/truusk-utfallbart-matbord-utdragbart-mobilt-modern-design-180cm-x-85cm-x-75cm-brunt\/#breadcrumb"},"inLanguage":"sv-SE","potentialAction":[{"@type":"ReadAction","target":["https:\/\/truusk.store\/sv\/produkt\/truusk-utfallbart-matbord-utdragbart-mobilt-modern-design-180cm-x-85cm-x-75cm-brunt\/"]}]},{"@type":"ImageObject","inLanguage":"sv-SE","@id":"https:\/\/truusk.store\/sv\/produkt\/truusk-utfallbart-matbord-utdragbart-mobilt-modern-design-180cm-x-85cm-x-75cm-brunt\/#primaryimage","url":"https:\/\/i0.wp.com\/truusk.store\/wp-content\/uploads\/2024\/02\/utfallbart-matbord-utdragbart-matbord-matbord-mobilt-modern-design-180cm-x-85cm-x-75cm-brunt.webp?fit=800%2C800&ssl=1","contentUrl":"https:\/\/i0.wp.com\/truusk.store\/wp-content\/uploads\/2024\/02\/utfallbart-matbord-utdragbart-matbord-matbord-mobilt-modern-design-180cm-x-85cm-x-75cm-brunt.webp?fit=800%2C800&ssl=1","width":800,"height":800,"caption":"Utf\u00e4llbart Matbord Utdragbart Matbord Matbord, Mobilt, Modern Design, 180cm X 85cm X 75cm, Brunt 1"},{"@type":"BreadcrumbList","@id":"https:\/\/truusk.store\/sv\/produkt\/truusk-utfallbart-matbord-utdragbart-mobilt-modern-design-180cm-x-85cm-x-75cm-brunt\/#breadcrumb","itemListElement":[{"@type":"ListItem","position":1,"name":"Home","item":"https:\/\/truusk.store\/sv\/"},{"@type":"ListItem","position":2,"name":"Shop","item":"https:\/\/truusk.store\/shop\/"},{"@type":"ListItem","position":3,"name":"TRUUSK Utf\u00e4llbart Matbord &#8211; Utdragbart &#8211; Mobilt &#8211; Modern Design &#8211; 180cm X 85cm X 75cm &#8211; Brunt"}]},{"@type":"WebSite","@id":"https:\/\/truusk.store\/sv\/#website","url":"https:\/\/truusk.store\/sv\/","name":"TRUUSK - Hem, Tr\u00e4dg\u00e5rd & Fritid","description":"","publisher":{"@id":"https:\/\/truusk.store\/sv\/#organization"},"potentialAction":[{"@type":"SearchAction","target":{"@type":"EntryPoint","urlTemplate":"https:\/\/truusk.store\/sv\/?s={search_term_string}"},"query-input":{"@type":"PropertyValueSpecification","valueRequired":true,"valueName":"search_term_string"}}],"inLanguage":"sv-SE"},{"@type":"Organization","@id":"https:\/\/truusk.store\/sv\/#organization","name":"TRUUSK - Hem, Tr\u00e4dg\u00e5rd & Fritid","url":"https:\/\/truusk.store\/sv\/","logo":{"@type":"ImageObject","inLanguage":"sv-SE","@id":"https:\/\/truusk.store\/sv\/#\/schema\/logo\/image\/","url":"https:\/\/i0.wp.com\/truusk.store\/wp-content\/uploads\/2026\/03\/cropped-TRUUSK.png?fit=2032%2C917&ssl=1","contentUrl":"https:\/\/i0.wp.com\/truusk.store\/wp-content\/uploads\/2026\/03\/cropped-TRUUSK.png?fit=2032%2C917&ssl=1","width":2032,"height":917,"caption":"TRUUSK - Hem, Tr\u00e4dg\u00e5rd & Fritid"},"image":{"@id":"https:\/\/truusk.store\/sv\/#\/schema\/logo\/image\/"}}]}},"jetpack_sharing_enabled":true,"_links":{"self":[{"href":"https:\/\/truusk.store\/sv\/wp-json\/wp\/v2\/product\/49730","targetHints":{"allow":["GET"]}}],"collection":[{"href":"https:\/\/truusk.store\/sv\/wp-json\/wp\/v2\/product"}],"about":[{"href":"https:\/\/truusk.store\/sv\/wp-json\/wp\/v2\/types\/product"}],"wp:featuredmedia":[{"embeddable":true,"href":"https:\/\/truusk.store\/sv\/wp-json\/wp\/v2\/media\/49731"}],"wp:attachment":[{"href":"https:\/\/truusk.store\/sv\/wp-json\/wp\/v2\/media?parent=49730"}],"wp:term":[{"taxonomy":"product_brand","embeddable":true,"href":"https:\/\/truusk.store\/sv\/wp-json\/wp\/v2\/product_brand?post=49730"},{"taxonomy":"product_cat","embeddable":true,"href":"https:\/\/truusk.store\/sv\/wp-json\/wp\/v2\/product_cat?post=49730"},{"taxonomy":"product_tag","embeddable":true,"href":"https:\/\/truusk.store\/sv\/wp-json\/wp\/v2\/product_tag?post=49730"}],"curies":[{"name":"wp","href":"https:\/\/api.w.org\/{rel}","templated":true}]}}