{"id":49752,"date":"2024-02-29T05:50:09","date_gmt":"2024-02-29T04:50:09","guid":{"rendered":"https:\/\/truusk.store\/product\/skoskap-skostall-skoforvaring-3-fack-18-par-skor-72-cm-x-26-cm-x-112-cm-vit-brun\/"},"modified":"2026-03-12T09:37:25","modified_gmt":"2026-03-12T08:37:25","slug":"truusk-skoskap-forvaring-for-18-par-skor-3-fack-72-cm-x-26-cm-x-112-cm-vit-och-brun","status":"publish","type":"product","link":"https:\/\/truusk.store\/sv\/produkt\/truusk-skoskap-forvaring-for-18-par-skor-3-fack-72-cm-x-26-cm-x-112-cm-vit-och-brun\/","title":{"rendered":"TRUUSK Skosk\u00e5p &#8211; F\u00f6rvaring f\u00f6r 18 par skor &#8211; 3 fack &#8211; 72 cm x 26 cm x 112 cm &#8211; Vit och Brun"},"content":{"rendered":"<p>V\u00e5rt skosk\u00e5p med sina tre stora klaffar \u00e4r den perfekta f\u00f6rvaringsplatsen f\u00f6r dina skor. Den k\u00e4nnetecknas s\u00e4rskilt av sin stora kapacitet och ger, beroende p\u00e5 formen och storleken p\u00e5 skorna, plats f\u00f6r 10 till 18 par. Avdelarna, som delar upp varje flik i tv\u00e5 fack, kan justeras i tv\u00e5 l\u00e4gen s\u00e5 att det finns tillr\u00e4ckligt med plats f\u00f6r dina skor. Den vita skotipparen \u00e4r mycket l\u00e4ttsk\u00f6tt och h\u00e5llbar tack vare sin vattenavvisande yta.<\/p>\n<h3>Beskrivning:<\/h3>\n<ul>\n<li>Vacker och m\u00e5ngsidig design f\u00f6r hem och kontor<\/li>\n<li>Stabil konstruktion av tr\u00e4material l\u00e4mplig f\u00f6r dagligt bruk<\/li>\n<li>Tre l\u00e5dor med vardera tre hyllplan f\u00f6r \u00f6versk\u00e5dlig f\u00f6rvaring<\/li>\n<li>Rymmer upp till 18 par skor i standardstorlek<\/li>\n<li>Tippskydd och plastf\u00f6tter ger extra s\u00e4kerhet<\/li>\n<li>Stort f\u00f6rvaringsutrymme f\u00f6r dekorationer och tillbeh\u00f6r<\/li>\n<li>Montering kr\u00e4vs<\/li>\n<li>OBSERVERA: Ej l\u00e4mplig f\u00f6r skostorlekar \u00f6ver 8 UK<\/li>\n<\/ul>\n<h3>Teknisk data:<\/h3>\n<ul>\n<li>F\u00e4rg: Vit+Naturlig<\/li>\n<li>Material: sp\u00e5nskiva<\/li>\n<li>\u00d6vergripande m\u00e5tt: 72L x 26W x 112H cm<\/li>\n<li>Innerm\u00e5tt p\u00e5 l\u00e5dan: 57L x 22W x 31H cm<\/li>\n<li>Toppplattans storlek: 72L x 26W x 1,5H cm<\/li>\n<li>Lagringskapacitet: 18 par<\/li>\n<\/ul>\n<h3>Leveransens omfattning:<\/h3>\n<ul>\n<li>1 x Skosk\u00e5p<\/li>\n<li>1 x Instruktioner<\/li>\n<\/ul>\n","protected":false},"excerpt":{"rendered":"<p>V\u00e5rt skosk\u00e5p med sina tre stora klaffar \u00e4r den perfekta f\u00f6rvaringsplatsen f\u00f6r dina skor. Den k\u00e4nnetecknas s\u00e4rskilt av sin stora&#8230;<\/p>\n","protected":false},"featured_media":49753,"template":"","meta":[],"product_brand":[],"product_cat":[485,528,530],"product_tag":[],"class_list":{"0":"post-49752","1":"product","2":"type-product","3":"status-publish","4":"has-post-thumbnail","6":"product_cat-hus-bo","7":"product_cat-skap-byraer","8":"product_cat-skoskap","10":"first","11":"instock","12":"sale","13":"taxable","14":"shipping-taxable","15":"purchasable","16":"product-type-simple"},"yoast_head":"<!-- This site is optimized with the Yoast SEO plugin v25.4 - https:\/\/yoast.com\/wordpress\/plugins\/seo\/ -->\n<title>TRUUSK Skosk\u00e5p - F\u00f6rvaring f\u00f6r 18 par skor - 3 fack - 72 cm x 26 cm x 112 cm - Vit och Brun - TRUUSK - Hem, Tr\u00e4dg\u00e5rd &amp; Fritid<\/title>\n<meta name=\"robots\" content=\"index, follow, max-snippet:-1, max-image-preview:large, max-video-preview:-1\" \/>\n<link rel=\"canonical\" href=\"https:\/\/truusk.store\/sv\/produkt\/truusk-skoskap-forvaring-for-18-par-skor-3-fack-72-cm-x-26-cm-x-112-cm-vit-och-brun\/\" \/>\n<meta property=\"og:locale\" content=\"sv_SE\" \/>\n<meta property=\"og:type\" content=\"article\" \/>\n<meta property=\"og:title\" content=\"TRUUSK Skosk\u00e5p - F\u00f6rvaring f\u00f6r 18 par skor - 3 fack - 72 cm x 26 cm x 112 cm - Vit och Brun - TRUUSK - Hem, Tr\u00e4dg\u00e5rd &amp; Fritid\" \/>\n<meta property=\"og:description\" content=\"V\u00e5rt skosk\u00e5p med sina tre stora klaffar \u00e4r den perfekta f\u00f6rvaringsplatsen f\u00f6r dina skor. Den k\u00e4nnetecknas s\u00e4rskilt av sin stora...\" \/>\n<meta property=\"og:url\" content=\"https:\/\/truusk.store\/sv\/produkt\/truusk-skoskap-forvaring-for-18-par-skor-3-fack-72-cm-x-26-cm-x-112-cm-vit-och-brun\/\" \/>\n<meta property=\"og:site_name\" content=\"TRUUSK - Hem, Tr\u00e4dg\u00e5rd &amp; Fritid\" \/>\n<meta property=\"article:modified_time\" content=\"2026-03-12T08:37:25+00:00\" \/>\n<meta property=\"og:image\" content=\"https:\/\/i0.wp.com\/truusk.se\/wp-content\/uploads\/2024\/02\/skoskap-skostall-skoforvaring-3-fack-18-par-skor-72-cm-x-26-cm-x-112-cm-vit-brun.webp?fit=800%2C800&ssl=1\" \/>\n\t<meta property=\"og:image:width\" content=\"800\" \/>\n\t<meta property=\"og:image:height\" content=\"800\" \/>\n\t<meta property=\"og:image:type\" content=\"image\/webp\" \/>\n<meta name=\"twitter:card\" content=\"summary_large_image\" \/>\n<meta name=\"twitter:label1\" content=\"Ber\u00e4knad l\u00e4stid\" \/>\n\t<meta name=\"twitter:data1\" content=\"1 minut\" \/>\n<!-- \/ Yoast SEO plugin. -->","yoast_head_json":{"title":"TRUUSK Skosk\u00e5p - F\u00f6rvaring f\u00f6r 18 par skor - 3 fack - 72 cm x 26 cm x 112 cm - Vit och Brun - TRUUSK - Hem, Tr\u00e4dg\u00e5rd &amp; Fritid","robots":{"index":"index","follow":"follow","max-snippet":"max-snippet:-1","max-image-preview":"max-image-preview:large","max-video-preview":"max-video-preview:-1"},"canonical":"https:\/\/truusk.store\/sv\/produkt\/truusk-skoskap-forvaring-for-18-par-skor-3-fack-72-cm-x-26-cm-x-112-cm-vit-och-brun\/","og_locale":"sv_SE","og_type":"article","og_title":"TRUUSK Skosk\u00e5p - F\u00f6rvaring f\u00f6r 18 par skor - 3 fack - 72 cm x 26 cm x 112 cm - Vit och Brun - TRUUSK - Hem, Tr\u00e4dg\u00e5rd &amp; Fritid","og_description":"V\u00e5rt skosk\u00e5p med sina tre stora klaffar \u00e4r den perfekta f\u00f6rvaringsplatsen f\u00f6r dina skor. Den k\u00e4nnetecknas s\u00e4rskilt av sin stora...","og_url":"https:\/\/truusk.store\/sv\/produkt\/truusk-skoskap-forvaring-for-18-par-skor-3-fack-72-cm-x-26-cm-x-112-cm-vit-och-brun\/","og_site_name":"TRUUSK - Hem, Tr\u00e4dg\u00e5rd &amp; Fritid","article_modified_time":"2026-03-12T08:37:25+00:00","og_image":[{"width":800,"height":800,"url":"https:\/\/i0.wp.com\/truusk.se\/wp-content\/uploads\/2024\/02\/skoskap-skostall-skoforvaring-3-fack-18-par-skor-72-cm-x-26-cm-x-112-cm-vit-brun.webp?fit=800%2C800&ssl=1","type":"image\/webp"}],"twitter_card":"summary_large_image","twitter_misc":{"Ber\u00e4knad l\u00e4stid":"1 minut"},"schema":{"@context":"https:\/\/schema.org","@graph":[{"@type":"WebPage","@id":"https:\/\/truusk.store\/sv\/produkt\/truusk-skoskap-forvaring-for-18-par-skor-3-fack-72-cm-x-26-cm-x-112-cm-vit-och-brun\/","url":"https:\/\/truusk.store\/sv\/produkt\/truusk-skoskap-forvaring-for-18-par-skor-3-fack-72-cm-x-26-cm-x-112-cm-vit-och-brun\/","name":"TRUUSK Skosk\u00e5p - F\u00f6rvaring f\u00f6r 18 par skor - 3 fack - 72 cm x 26 cm x 112 cm - Vit och Brun - TRUUSK - Hem, Tr\u00e4dg\u00e5rd &amp; Fritid","isPartOf":{"@id":"https:\/\/truusk.store\/sv\/#website"},"primaryImageOfPage":{"@id":"https:\/\/truusk.store\/sv\/produkt\/truusk-skoskap-forvaring-for-18-par-skor-3-fack-72-cm-x-26-cm-x-112-cm-vit-och-brun\/#primaryimage"},"image":{"@id":"https:\/\/truusk.store\/sv\/produkt\/truusk-skoskap-forvaring-for-18-par-skor-3-fack-72-cm-x-26-cm-x-112-cm-vit-och-brun\/#primaryimage"},"thumbnailUrl":"https:\/\/i0.wp.com\/truusk.store\/wp-content\/uploads\/2024\/02\/skoskap-skostall-skoforvaring-3-fack-18-par-skor-72-cm-x-26-cm-x-112-cm-vit-brun.webp?fit=800%2C800&ssl=1","datePublished":"2024-02-29T04:50:09+00:00","dateModified":"2026-03-12T08:37:25+00:00","breadcrumb":{"@id":"https:\/\/truusk.store\/sv\/produkt\/truusk-skoskap-forvaring-for-18-par-skor-3-fack-72-cm-x-26-cm-x-112-cm-vit-och-brun\/#breadcrumb"},"inLanguage":"sv-SE","potentialAction":[{"@type":"ReadAction","target":["https:\/\/truusk.store\/sv\/produkt\/truusk-skoskap-forvaring-for-18-par-skor-3-fack-72-cm-x-26-cm-x-112-cm-vit-och-brun\/"]}]},{"@type":"ImageObject","inLanguage":"sv-SE","@id":"https:\/\/truusk.store\/sv\/produkt\/truusk-skoskap-forvaring-for-18-par-skor-3-fack-72-cm-x-26-cm-x-112-cm-vit-och-brun\/#primaryimage","url":"https:\/\/i0.wp.com\/truusk.store\/wp-content\/uploads\/2024\/02\/skoskap-skostall-skoforvaring-3-fack-18-par-skor-72-cm-x-26-cm-x-112-cm-vit-brun.webp?fit=800%2C800&ssl=1","contentUrl":"https:\/\/i0.wp.com\/truusk.store\/wp-content\/uploads\/2024\/02\/skoskap-skostall-skoforvaring-3-fack-18-par-skor-72-cm-x-26-cm-x-112-cm-vit-brun.webp?fit=800%2C800&ssl=1","width":800,"height":800,"caption":"Skosk\u00e5p, Skost\u00e4ll, Skof\u00f6rvaring, 3 Fack, 18 Par Skor, 72 Cm X 26 Cm X 112 Cm, Vit + Brun 1"},{"@type":"BreadcrumbList","@id":"https:\/\/truusk.store\/sv\/produkt\/truusk-skoskap-forvaring-for-18-par-skor-3-fack-72-cm-x-26-cm-x-112-cm-vit-och-brun\/#breadcrumb","itemListElement":[{"@type":"ListItem","position":1,"name":"Home","item":"https:\/\/truusk.store\/sv\/"},{"@type":"ListItem","position":2,"name":"Shop","item":"https:\/\/truusk.store\/shop\/"},{"@type":"ListItem","position":3,"name":"TRUUSK Skosk\u00e5p &#8211; F\u00f6rvaring f\u00f6r 18 par skor &#8211; 3 fack &#8211; 72 cm x 26 cm x 112 cm &#8211; Vit och Brun"}]},{"@type":"WebSite","@id":"https:\/\/truusk.store\/sv\/#website","url":"https:\/\/truusk.store\/sv\/","name":"TRUUSK - Hem, Tr\u00e4dg\u00e5rd & Fritid","description":"","publisher":{"@id":"https:\/\/truusk.store\/sv\/#organization"},"potentialAction":[{"@type":"SearchAction","target":{"@type":"EntryPoint","urlTemplate":"https:\/\/truusk.store\/sv\/?s={search_term_string}"},"query-input":{"@type":"PropertyValueSpecification","valueRequired":true,"valueName":"search_term_string"}}],"inLanguage":"sv-SE"},{"@type":"Organization","@id":"https:\/\/truusk.store\/sv\/#organization","name":"TRUUSK - Hem, Tr\u00e4dg\u00e5rd & Fritid","url":"https:\/\/truusk.store\/sv\/","logo":{"@type":"ImageObject","inLanguage":"sv-SE","@id":"https:\/\/truusk.store\/sv\/#\/schema\/logo\/image\/","url":"https:\/\/i0.wp.com\/truusk.store\/wp-content\/uploads\/2026\/03\/cropped-TRUUSK.png?fit=2032%2C917&ssl=1","contentUrl":"https:\/\/i0.wp.com\/truusk.store\/wp-content\/uploads\/2026\/03\/cropped-TRUUSK.png?fit=2032%2C917&ssl=1","width":2032,"height":917,"caption":"TRUUSK - Hem, Tr\u00e4dg\u00e5rd & Fritid"},"image":{"@id":"https:\/\/truusk.store\/sv\/#\/schema\/logo\/image\/"}}]}},"jetpack_sharing_enabled":true,"_links":{"self":[{"href":"https:\/\/truusk.store\/sv\/wp-json\/wp\/v2\/product\/49752","targetHints":{"allow":["GET"]}}],"collection":[{"href":"https:\/\/truusk.store\/sv\/wp-json\/wp\/v2\/product"}],"about":[{"href":"https:\/\/truusk.store\/sv\/wp-json\/wp\/v2\/types\/product"}],"wp:featuredmedia":[{"embeddable":true,"href":"https:\/\/truusk.store\/sv\/wp-json\/wp\/v2\/media\/49753"}],"wp:attachment":[{"href":"https:\/\/truusk.store\/sv\/wp-json\/wp\/v2\/media?parent=49752"}],"wp:term":[{"taxonomy":"product_brand","embeddable":true,"href":"https:\/\/truusk.store\/sv\/wp-json\/wp\/v2\/product_brand?post=49752"},{"taxonomy":"product_cat","embeddable":true,"href":"https:\/\/truusk.store\/sv\/wp-json\/wp\/v2\/product_cat?post=49752"},{"taxonomy":"product_tag","embeddable":true,"href":"https:\/\/truusk.store\/sv\/wp-json\/wp\/v2\/product_tag?post=49752"}],"curies":[{"name":"wp","href":"https:\/\/api.w.org\/{rel}","templated":true}]}}