{"id":49759,"date":"2024-02-29T06:00:09","date_gmt":"2024-02-29T05:00:09","guid":{"rendered":"https:\/\/truusk.store\/product\/byra-skank-byra-byra-hogblank-4-lador-55-cm-x-33-cm-x-80-cm-vit\/"},"modified":"2026-03-12T09:36:44","modified_gmt":"2026-03-12T08:36:44","slug":"truusk-skank-med-4-hogblanka-lador-vit-55-cm-x-33-cm-x-80-cm-forvaringsmobel-modern-design","status":"publish","type":"product","link":"https:\/\/truusk.store\/sv\/produkt\/truusk-skank-med-4-hogblanka-lador-vit-55-cm-x-33-cm-x-80-cm-forvaringsmobel-modern-design\/","title":{"rendered":"TRUUSK Sk\u00e4nk med 4 h\u00f6gblanka l\u00e5dor &#8211; Vit &#8211; 55 cm x 33 cm x 80 cm &#8211; F\u00f6rvaringsm\u00f6bel &#8211; Modern design"},"content":{"rendered":"<p>Snygg, rymlig och enkel, denna byr\u00e5 \u00e4r den idealiska l\u00f6sningen f\u00f6r att f\u00f6rvara och organisera dina kl\u00e4der. Med fyra l\u00e5dor ger den gott om plats f\u00f6r en m\u00e4ngd olika kl\u00e4der och andra f\u00f6rem\u00e5l. Den blanka ytan representerar stil &#8211; f\u00e4rgen \u00e4r m\u00e5ngsidig och kan enkelt kombineras med andra f\u00e4rger. Eftersom det inte finns n\u00e5gra handtag \u00e4r varje l\u00e5da l\u00e4tt att \u00f6ppna och st\u00e4nga.<\/p>\n<h3>Beskrivning:<\/h3>\n<ul>\n<li>Fyra l\u00e5dor: f\u00f6rvaringsutrymme f\u00f6r kl\u00e4der med mera. Metallskenor f\u00f6r smidig \u00f6ppning och st\u00e4ngning av l\u00e5dorna<\/li>\n<li>Design utan handtag och h\u00f6gblank finish f\u00f6r ett enkelt och modernt utseende<\/li>\n<li>Vadderad d\u00e4mpande skena f\u00f6r skonsam st\u00e4ngning och f\u00f6r att f\u00f6rhindra bl\u00e5m\u00e4rken i fingrar<\/li>\n<li>Robust tr\u00e4material: l\u00e4mplig f\u00f6r dagligt bruk<\/li>\n<li>Inkluderar tippskydd: s\u00e4kert i hem med barn och husdjur<\/li>\n<li>Max belastning 30 kg<\/li>\n<li>Montering kr\u00e4vs<\/li>\n<\/ul>\n<h3>Teknisk data:<\/h3>\n<ul>\n<li>F\u00e4rg vit<\/li>\n<li>Material: MDF-skiva, sp\u00e5nskiva<\/li>\n<li>\u00d6vergripande m\u00e5tt: 55W x 33D x 80H cm<\/li>\n<li>L\u00e5dans inre m\u00e5tt: 47L x 23,5W x 8H cm (varje)<\/li>\n<li>Lastkapacitet: 30 kg (totalt), 5 kg (varje l\u00e5da)<\/li>\n<\/ul>\n<h3>Leveransens omfattning:<\/h3>\n<ul>\n<li>1 x byr\u00e5<\/li>\n<li>1 x Monteringsanvisning<\/li>\n<\/ul>\n","protected":false},"excerpt":{"rendered":"<p>Snygg, rymlig och enkel, denna byr\u00e5 \u00e4r den idealiska l\u00f6sningen f\u00f6r att f\u00f6rvara och organisera dina kl\u00e4der. Med fyra l\u00e5dor&#8230;<\/p>\n","protected":false},"featured_media":49760,"template":"","meta":[],"product_brand":[],"product_cat":[531,485,528],"product_tag":[],"class_list":{"0":"post-49759","1":"product","2":"type-product","3":"status-publish","4":"has-post-thumbnail","6":"product_cat-byraer","7":"product_cat-hus-bo","8":"product_cat-skap-byraer","10":"first","11":"instock","12":"sale","13":"taxable","14":"shipping-taxable","15":"purchasable","16":"product-type-simple"},"yoast_head":"<!-- This site is optimized with the Yoast SEO plugin v25.4 - https:\/\/yoast.com\/wordpress\/plugins\/seo\/ -->\n<title>TRUUSK Sk\u00e4nk med 4 h\u00f6gblanka l\u00e5dor - Vit - 55 cm x 33 cm x 80 cm - F\u00f6rvaringsm\u00f6bel - Modern design - TRUUSK - Hem, Tr\u00e4dg\u00e5rd &amp; Fritid<\/title>\n<meta name=\"robots\" content=\"index, follow, max-snippet:-1, max-image-preview:large, max-video-preview:-1\" \/>\n<link rel=\"canonical\" href=\"https:\/\/truusk.store\/sv\/produkt\/truusk-skank-med-4-hogblanka-lador-vit-55-cm-x-33-cm-x-80-cm-forvaringsmobel-modern-design\/\" \/>\n<meta property=\"og:locale\" content=\"sv_SE\" \/>\n<meta property=\"og:type\" content=\"article\" \/>\n<meta property=\"og:title\" content=\"TRUUSK Sk\u00e4nk med 4 h\u00f6gblanka l\u00e5dor - Vit - 55 cm x 33 cm x 80 cm - F\u00f6rvaringsm\u00f6bel - Modern design - TRUUSK - Hem, Tr\u00e4dg\u00e5rd &amp; Fritid\" \/>\n<meta property=\"og:description\" content=\"Snygg, rymlig och enkel, denna byr\u00e5 \u00e4r den idealiska l\u00f6sningen f\u00f6r att f\u00f6rvara och organisera dina kl\u00e4der. Med fyra l\u00e5dor...\" \/>\n<meta property=\"og:url\" content=\"https:\/\/truusk.store\/sv\/produkt\/truusk-skank-med-4-hogblanka-lador-vit-55-cm-x-33-cm-x-80-cm-forvaringsmobel-modern-design\/\" \/>\n<meta property=\"og:site_name\" content=\"TRUUSK - Hem, Tr\u00e4dg\u00e5rd &amp; Fritid\" \/>\n<meta property=\"article:modified_time\" content=\"2026-03-12T08:36:44+00:00\" \/>\n<meta property=\"og:image\" content=\"https:\/\/i0.wp.com\/truusk.se\/wp-content\/uploads\/2024\/02\/byra-skank-byra-byra-hogblank-4-lador-55-cm-x-33-cm-x-80-cm-vit.webp?fit=800%2C800&ssl=1\" \/>\n\t<meta property=\"og:image:width\" content=\"800\" \/>\n\t<meta property=\"og:image:height\" content=\"800\" \/>\n\t<meta property=\"og:image:type\" content=\"image\/webp\" \/>\n<meta name=\"twitter:card\" content=\"summary_large_image\" \/>\n<meta name=\"twitter:label1\" content=\"Ber\u00e4knad l\u00e4stid\" \/>\n\t<meta name=\"twitter:data1\" content=\"1 minut\" \/>\n<!-- \/ Yoast SEO plugin. -->","yoast_head_json":{"title":"TRUUSK Sk\u00e4nk med 4 h\u00f6gblanka l\u00e5dor - Vit - 55 cm x 33 cm x 80 cm - F\u00f6rvaringsm\u00f6bel - Modern design - TRUUSK - Hem, Tr\u00e4dg\u00e5rd &amp; Fritid","robots":{"index":"index","follow":"follow","max-snippet":"max-snippet:-1","max-image-preview":"max-image-preview:large","max-video-preview":"max-video-preview:-1"},"canonical":"https:\/\/truusk.store\/sv\/produkt\/truusk-skank-med-4-hogblanka-lador-vit-55-cm-x-33-cm-x-80-cm-forvaringsmobel-modern-design\/","og_locale":"sv_SE","og_type":"article","og_title":"TRUUSK Sk\u00e4nk med 4 h\u00f6gblanka l\u00e5dor - Vit - 55 cm x 33 cm x 80 cm - F\u00f6rvaringsm\u00f6bel - Modern design - TRUUSK - Hem, Tr\u00e4dg\u00e5rd &amp; Fritid","og_description":"Snygg, rymlig och enkel, denna byr\u00e5 \u00e4r den idealiska l\u00f6sningen f\u00f6r att f\u00f6rvara och organisera dina kl\u00e4der. Med fyra l\u00e5dor...","og_url":"https:\/\/truusk.store\/sv\/produkt\/truusk-skank-med-4-hogblanka-lador-vit-55-cm-x-33-cm-x-80-cm-forvaringsmobel-modern-design\/","og_site_name":"TRUUSK - Hem, Tr\u00e4dg\u00e5rd &amp; Fritid","article_modified_time":"2026-03-12T08:36:44+00:00","og_image":[{"width":800,"height":800,"url":"https:\/\/i0.wp.com\/truusk.se\/wp-content\/uploads\/2024\/02\/byra-skank-byra-byra-hogblank-4-lador-55-cm-x-33-cm-x-80-cm-vit.webp?fit=800%2C800&ssl=1","type":"image\/webp"}],"twitter_card":"summary_large_image","twitter_misc":{"Ber\u00e4knad l\u00e4stid":"1 minut"},"schema":{"@context":"https:\/\/schema.org","@graph":[{"@type":"WebPage","@id":"https:\/\/truusk.store\/sv\/produkt\/truusk-skank-med-4-hogblanka-lador-vit-55-cm-x-33-cm-x-80-cm-forvaringsmobel-modern-design\/","url":"https:\/\/truusk.store\/sv\/produkt\/truusk-skank-med-4-hogblanka-lador-vit-55-cm-x-33-cm-x-80-cm-forvaringsmobel-modern-design\/","name":"TRUUSK Sk\u00e4nk med 4 h\u00f6gblanka l\u00e5dor - Vit - 55 cm x 33 cm x 80 cm - F\u00f6rvaringsm\u00f6bel - Modern design - TRUUSK - Hem, Tr\u00e4dg\u00e5rd &amp; Fritid","isPartOf":{"@id":"https:\/\/truusk.store\/sv\/#website"},"primaryImageOfPage":{"@id":"https:\/\/truusk.store\/sv\/produkt\/truusk-skank-med-4-hogblanka-lador-vit-55-cm-x-33-cm-x-80-cm-forvaringsmobel-modern-design\/#primaryimage"},"image":{"@id":"https:\/\/truusk.store\/sv\/produkt\/truusk-skank-med-4-hogblanka-lador-vit-55-cm-x-33-cm-x-80-cm-forvaringsmobel-modern-design\/#primaryimage"},"thumbnailUrl":"https:\/\/i0.wp.com\/truusk.store\/wp-content\/uploads\/2024\/02\/byra-skank-byra-byra-hogblank-4-lador-55-cm-x-33-cm-x-80-cm-vit.webp?fit=800%2C800&ssl=1","datePublished":"2024-02-29T05:00:09+00:00","dateModified":"2026-03-12T08:36:44+00:00","breadcrumb":{"@id":"https:\/\/truusk.store\/sv\/produkt\/truusk-skank-med-4-hogblanka-lador-vit-55-cm-x-33-cm-x-80-cm-forvaringsmobel-modern-design\/#breadcrumb"},"inLanguage":"sv-SE","potentialAction":[{"@type":"ReadAction","target":["https:\/\/truusk.store\/sv\/produkt\/truusk-skank-med-4-hogblanka-lador-vit-55-cm-x-33-cm-x-80-cm-forvaringsmobel-modern-design\/"]}]},{"@type":"ImageObject","inLanguage":"sv-SE","@id":"https:\/\/truusk.store\/sv\/produkt\/truusk-skank-med-4-hogblanka-lador-vit-55-cm-x-33-cm-x-80-cm-forvaringsmobel-modern-design\/#primaryimage","url":"https:\/\/i0.wp.com\/truusk.store\/wp-content\/uploads\/2024\/02\/byra-skank-byra-byra-hogblank-4-lador-55-cm-x-33-cm-x-80-cm-vit.webp?fit=800%2C800&ssl=1","contentUrl":"https:\/\/i0.wp.com\/truusk.store\/wp-content\/uploads\/2024\/02\/byra-skank-byra-byra-hogblank-4-lador-55-cm-x-33-cm-x-80-cm-vit.webp?fit=800%2C800&ssl=1","width":800,"height":800,"caption":"Byr\u00e5 Sk\u00e4nk Byr\u00e5 Byr\u00e5, H\u00f6gblank, 4 L\u00e5dor, 55 Cm X 33 Cm X 80 Cm, Vit 1"},{"@type":"BreadcrumbList","@id":"https:\/\/truusk.store\/sv\/produkt\/truusk-skank-med-4-hogblanka-lador-vit-55-cm-x-33-cm-x-80-cm-forvaringsmobel-modern-design\/#breadcrumb","itemListElement":[{"@type":"ListItem","position":1,"name":"Home","item":"https:\/\/truusk.store\/sv\/"},{"@type":"ListItem","position":2,"name":"Shop","item":"https:\/\/truusk.store\/shop\/"},{"@type":"ListItem","position":3,"name":"TRUUSK Sk\u00e4nk med 4 h\u00f6gblanka l\u00e5dor &#8211; Vit &#8211; 55 cm x 33 cm x 80 cm &#8211; F\u00f6rvaringsm\u00f6bel &#8211; Modern design"}]},{"@type":"WebSite","@id":"https:\/\/truusk.store\/sv\/#website","url":"https:\/\/truusk.store\/sv\/","name":"TRUUSK - Hem, Tr\u00e4dg\u00e5rd & Fritid","description":"","publisher":{"@id":"https:\/\/truusk.store\/sv\/#organization"},"potentialAction":[{"@type":"SearchAction","target":{"@type":"EntryPoint","urlTemplate":"https:\/\/truusk.store\/sv\/?s={search_term_string}"},"query-input":{"@type":"PropertyValueSpecification","valueRequired":true,"valueName":"search_term_string"}}],"inLanguage":"sv-SE"},{"@type":"Organization","@id":"https:\/\/truusk.store\/sv\/#organization","name":"TRUUSK - Hem, Tr\u00e4dg\u00e5rd & Fritid","url":"https:\/\/truusk.store\/sv\/","logo":{"@type":"ImageObject","inLanguage":"sv-SE","@id":"https:\/\/truusk.store\/sv\/#\/schema\/logo\/image\/","url":"https:\/\/i0.wp.com\/truusk.store\/wp-content\/uploads\/2026\/03\/cropped-TRUUSK.png?fit=2032%2C917&ssl=1","contentUrl":"https:\/\/i0.wp.com\/truusk.store\/wp-content\/uploads\/2026\/03\/cropped-TRUUSK.png?fit=2032%2C917&ssl=1","width":2032,"height":917,"caption":"TRUUSK - Hem, Tr\u00e4dg\u00e5rd & Fritid"},"image":{"@id":"https:\/\/truusk.store\/sv\/#\/schema\/logo\/image\/"}}]}},"jetpack_sharing_enabled":true,"_links":{"self":[{"href":"https:\/\/truusk.store\/sv\/wp-json\/wp\/v2\/product\/49759","targetHints":{"allow":["GET"]}}],"collection":[{"href":"https:\/\/truusk.store\/sv\/wp-json\/wp\/v2\/product"}],"about":[{"href":"https:\/\/truusk.store\/sv\/wp-json\/wp\/v2\/types\/product"}],"wp:featuredmedia":[{"embeddable":true,"href":"https:\/\/truusk.store\/sv\/wp-json\/wp\/v2\/media\/49760"}],"wp:attachment":[{"href":"https:\/\/truusk.store\/sv\/wp-json\/wp\/v2\/media?parent=49759"}],"wp:term":[{"taxonomy":"product_brand","embeddable":true,"href":"https:\/\/truusk.store\/sv\/wp-json\/wp\/v2\/product_brand?post=49759"},{"taxonomy":"product_cat","embeddable":true,"href":"https:\/\/truusk.store\/sv\/wp-json\/wp\/v2\/product_cat?post=49759"},{"taxonomy":"product_tag","embeddable":true,"href":"https:\/\/truusk.store\/sv\/wp-json\/wp\/v2\/product_tag?post=49759"}],"curies":[{"name":"wp","href":"https:\/\/api.w.org\/{rel}","templated":true}]}}