{"id":49802,"date":"2024-02-29T06:40:10","date_gmt":"2024-02-29T05:40:10","guid":{"rendered":"https:\/\/truusk.store\/product\/sangskap-med-4-hjul-3-hyllplan-35-x-295-x-655-cm-gra-vit\/"},"modified":"2026-03-12T09:36:41","modified_gmt":"2026-03-12T08:36:41","slug":"truusk-sangskap-4-hjul-3-hyllplan-35x295x655-cm-gra-vit","status":"publish","type":"product","link":"https:\/\/truusk.store\/sv\/produkt\/truusk-sangskap-4-hjul-3-hyllplan-35x295x655-cm-gra-vit\/","title":{"rendered":"TRUUSK S\u00e4ngsk\u00e5p &#8211; 4 Hjul &#8211; 3 Hyllplan &#8211; 35&#215;29,5&#215;65,5 cm &#8211; Gr\u00e5\/vit"},"content":{"rendered":"<p>Uppt\u00e4ck det moderna s\u00e4ngbordet med hyllor! Dess minimalistiska design och eleganta vita och gr\u00e5a toner ger ditt rum ett unikt utseende. Med 4 hjul \u00e4r den mobil och kan flyttas utan anstr\u00e4ngning. De tv\u00e5 parkeringsbromsarna s\u00e4kerst\u00e4ller ett stabilt grepp. Ett flexibelt blickf\u00e5ng f\u00f6r ditt hem!<\/p>\n<h3>Beskrivning:<\/h3>\n<ul>\n<li>Modern design med eleganta f\u00e4rger i gr\u00e5tt och vitt<\/li>\n<li>ger ditt sovrum en stilren atmosf\u00e4r<\/li>\n<li>3 hyllor ger gott om f\u00f6rvaringsutrymme f\u00f6r b\u00f6cker, drycker och mer<\/li>\n<li>h\u00e5lla ditt sovrum snyggt och organiserat<\/li>\n<li>4 360 hjul och 2 parkeringsbromsar m\u00f6jligg\u00f6r enkel transport<\/li>\n<li>g\u00f6r det l\u00e4ttare att st\u00e4lla om s\u00e4ngbordet efter dina \u00f6nskem\u00e5l<\/li>\n<li>Solid och stabil konstruktion av tr\u00e4material<\/li>\n<li>s\u00e4kerst\u00e4ller p\u00e5litlig och l\u00e5ngvarig anv\u00e4ndning<\/li>\n<li>Montering kr\u00e4vs<\/li>\n<li>med l\u00e4ttf\u00f6rst\u00e5eliga instruktioner f\u00f6r okomplicerad installation<\/li>\n<\/ul>\n<h3>Teknisk data:<\/h3>\n<ul>\n<li>F\u00e4rg: Gr\u00e5+vit<\/li>\n<li>Material: sp\u00e5nskiva<\/li>\n<li>\u00d6vergripande m\u00e5tt: 35L x 29,5W x 65,5H cm<\/li>\n<li>Mellersta hyllstorlek: 19,5L x 29,5W x 1,5H cm<\/li>\n<li>H\u00f6jd p\u00e5 nedre hylla: 36 cm<\/li>\n<li>Bordsskivans lastkapacitet: 10 kg<\/li>\n<li>Hyllkapacitet: 10 kg<\/li>\n<\/ul>\n<h3>Leveransens omfattning:<\/h3>\n<ul>\n<li>1 x S\u00e4ngbord<\/li>\n<li>1 x Instruktioner<\/li>\n<\/ul>\n","protected":false},"excerpt":{"rendered":"<p>Uppt\u00e4ck det moderna s\u00e4ngbordet med hyllor! Dess minimalistiska design och eleganta vita och gr\u00e5a toner ger ditt rum ett unikt&#8230;<\/p>\n","protected":false},"featured_media":49803,"template":"","meta":[],"product_brand":[],"product_cat":[485,506,501],"product_tag":[],"class_list":{"0":"post-49802","1":"product","2":"type-product","3":"status-publish","4":"has-post-thumbnail","6":"product_cat-hus-bo","7":"product_cat-nattduksbord","8":"product_cat-tabeller","10":"first","11":"instock","12":"sale","13":"taxable","14":"shipping-taxable","15":"purchasable","16":"product-type-simple"},"yoast_head":"<!-- This site is optimized with the Yoast SEO plugin v25.4 - https:\/\/yoast.com\/wordpress\/plugins\/seo\/ -->\n<title>TRUUSK S\u00e4ngsk\u00e5p - 4 Hjul - 3 Hyllplan - 35x29,5x65,5 cm - Gr\u00e5\/vit - TRUUSK - Hem, Tr\u00e4dg\u00e5rd &amp; Fritid<\/title>\n<meta name=\"robots\" content=\"index, follow, max-snippet:-1, max-image-preview:large, max-video-preview:-1\" \/>\n<link rel=\"canonical\" href=\"https:\/\/truusk.store\/sv\/produkt\/truusk-sangskap-4-hjul-3-hyllplan-35x295x655-cm-gra-vit\/\" \/>\n<meta property=\"og:locale\" content=\"sv_SE\" \/>\n<meta property=\"og:type\" content=\"article\" \/>\n<meta property=\"og:title\" content=\"TRUUSK S\u00e4ngsk\u00e5p - 4 Hjul - 3 Hyllplan - 35x29,5x65,5 cm - Gr\u00e5\/vit - TRUUSK - Hem, Tr\u00e4dg\u00e5rd &amp; Fritid\" \/>\n<meta property=\"og:description\" content=\"Uppt\u00e4ck det moderna s\u00e4ngbordet med hyllor! Dess minimalistiska design och eleganta vita och gr\u00e5a toner ger ditt rum ett unikt...\" \/>\n<meta property=\"og:url\" content=\"https:\/\/truusk.store\/sv\/produkt\/truusk-sangskap-4-hjul-3-hyllplan-35x295x655-cm-gra-vit\/\" \/>\n<meta property=\"og:site_name\" content=\"TRUUSK - Hem, Tr\u00e4dg\u00e5rd &amp; Fritid\" \/>\n<meta property=\"article:modified_time\" content=\"2026-03-12T08:36:41+00:00\" \/>\n<meta property=\"og:image\" content=\"https:\/\/i0.wp.com\/truusk.se\/wp-content\/uploads\/2024\/02\/sangskap-med-4-hjul-3-hyllplan-35-x-295-x-655-cm-gra-vit.webp?fit=800%2C800&ssl=1\" \/>\n\t<meta property=\"og:image:width\" content=\"800\" \/>\n\t<meta property=\"og:image:height\" content=\"800\" \/>\n\t<meta property=\"og:image:type\" content=\"image\/webp\" \/>\n<meta name=\"twitter:card\" content=\"summary_large_image\" \/>\n<meta name=\"twitter:label1\" content=\"Ber\u00e4knad l\u00e4stid\" \/>\n\t<meta name=\"twitter:data1\" content=\"1 minut\" \/>\n<!-- \/ Yoast SEO plugin. -->","yoast_head_json":{"title":"TRUUSK S\u00e4ngsk\u00e5p - 4 Hjul - 3 Hyllplan - 35x29,5x65,5 cm - Gr\u00e5\/vit - TRUUSK - Hem, Tr\u00e4dg\u00e5rd &amp; Fritid","robots":{"index":"index","follow":"follow","max-snippet":"max-snippet:-1","max-image-preview":"max-image-preview:large","max-video-preview":"max-video-preview:-1"},"canonical":"https:\/\/truusk.store\/sv\/produkt\/truusk-sangskap-4-hjul-3-hyllplan-35x295x655-cm-gra-vit\/","og_locale":"sv_SE","og_type":"article","og_title":"TRUUSK S\u00e4ngsk\u00e5p - 4 Hjul - 3 Hyllplan - 35x29,5x65,5 cm - Gr\u00e5\/vit - TRUUSK - Hem, Tr\u00e4dg\u00e5rd &amp; Fritid","og_description":"Uppt\u00e4ck det moderna s\u00e4ngbordet med hyllor! Dess minimalistiska design och eleganta vita och gr\u00e5a toner ger ditt rum ett unikt...","og_url":"https:\/\/truusk.store\/sv\/produkt\/truusk-sangskap-4-hjul-3-hyllplan-35x295x655-cm-gra-vit\/","og_site_name":"TRUUSK - Hem, Tr\u00e4dg\u00e5rd &amp; Fritid","article_modified_time":"2026-03-12T08:36:41+00:00","og_image":[{"width":800,"height":800,"url":"https:\/\/i0.wp.com\/truusk.se\/wp-content\/uploads\/2024\/02\/sangskap-med-4-hjul-3-hyllplan-35-x-295-x-655-cm-gra-vit.webp?fit=800%2C800&ssl=1","type":"image\/webp"}],"twitter_card":"summary_large_image","twitter_misc":{"Ber\u00e4knad l\u00e4stid":"1 minut"},"schema":{"@context":"https:\/\/schema.org","@graph":[{"@type":"WebPage","@id":"https:\/\/truusk.store\/sv\/produkt\/truusk-sangskap-4-hjul-3-hyllplan-35x295x655-cm-gra-vit\/","url":"https:\/\/truusk.store\/sv\/produkt\/truusk-sangskap-4-hjul-3-hyllplan-35x295x655-cm-gra-vit\/","name":"TRUUSK S\u00e4ngsk\u00e5p - 4 Hjul - 3 Hyllplan - 35x29,5x65,5 cm - Gr\u00e5\/vit - TRUUSK - Hem, Tr\u00e4dg\u00e5rd &amp; Fritid","isPartOf":{"@id":"https:\/\/truusk.store\/sv\/#website"},"primaryImageOfPage":{"@id":"https:\/\/truusk.store\/sv\/produkt\/truusk-sangskap-4-hjul-3-hyllplan-35x295x655-cm-gra-vit\/#primaryimage"},"image":{"@id":"https:\/\/truusk.store\/sv\/produkt\/truusk-sangskap-4-hjul-3-hyllplan-35x295x655-cm-gra-vit\/#primaryimage"},"thumbnailUrl":"https:\/\/i0.wp.com\/truusk.store\/wp-content\/uploads\/2024\/02\/sangskap-med-4-hjul-3-hyllplan-35-x-295-x-655-cm-gra-vit.webp?fit=800%2C800&ssl=1","datePublished":"2024-02-29T05:40:10+00:00","dateModified":"2026-03-12T08:36:41+00:00","breadcrumb":{"@id":"https:\/\/truusk.store\/sv\/produkt\/truusk-sangskap-4-hjul-3-hyllplan-35x295x655-cm-gra-vit\/#breadcrumb"},"inLanguage":"sv-SE","potentialAction":[{"@type":"ReadAction","target":["https:\/\/truusk.store\/sv\/produkt\/truusk-sangskap-4-hjul-3-hyllplan-35x295x655-cm-gra-vit\/"]}]},{"@type":"ImageObject","inLanguage":"sv-SE","@id":"https:\/\/truusk.store\/sv\/produkt\/truusk-sangskap-4-hjul-3-hyllplan-35x295x655-cm-gra-vit\/#primaryimage","url":"https:\/\/i0.wp.com\/truusk.store\/wp-content\/uploads\/2024\/02\/sangskap-med-4-hjul-3-hyllplan-35-x-295-x-655-cm-gra-vit.webp?fit=800%2C800&ssl=1","contentUrl":"https:\/\/i0.wp.com\/truusk.store\/wp-content\/uploads\/2024\/02\/sangskap-med-4-hjul-3-hyllplan-35-x-295-x-655-cm-gra-vit.webp?fit=800%2C800&ssl=1","width":800,"height":800,"caption":"S\u00e4ngsk\u00e5p, Med 4 Hjul, 3 Hyllplan, 35 X 29,5 X 65,5 Cm, Gr\u00e5\/vit 1"},{"@type":"BreadcrumbList","@id":"https:\/\/truusk.store\/sv\/produkt\/truusk-sangskap-4-hjul-3-hyllplan-35x295x655-cm-gra-vit\/#breadcrumb","itemListElement":[{"@type":"ListItem","position":1,"name":"Home","item":"https:\/\/truusk.store\/sv\/"},{"@type":"ListItem","position":2,"name":"Shop","item":"https:\/\/truusk.store\/shop\/"},{"@type":"ListItem","position":3,"name":"TRUUSK S\u00e4ngsk\u00e5p &#8211; 4 Hjul &#8211; 3 Hyllplan &#8211; 35&#215;29,5&#215;65,5 cm &#8211; Gr\u00e5\/vit"}]},{"@type":"WebSite","@id":"https:\/\/truusk.store\/sv\/#website","url":"https:\/\/truusk.store\/sv\/","name":"TRUUSK - Hem, Tr\u00e4dg\u00e5rd & Fritid","description":"","publisher":{"@id":"https:\/\/truusk.store\/sv\/#organization"},"potentialAction":[{"@type":"SearchAction","target":{"@type":"EntryPoint","urlTemplate":"https:\/\/truusk.store\/sv\/?s={search_term_string}"},"query-input":{"@type":"PropertyValueSpecification","valueRequired":true,"valueName":"search_term_string"}}],"inLanguage":"sv-SE"},{"@type":"Organization","@id":"https:\/\/truusk.store\/sv\/#organization","name":"TRUUSK - Hem, Tr\u00e4dg\u00e5rd & Fritid","url":"https:\/\/truusk.store\/sv\/","logo":{"@type":"ImageObject","inLanguage":"sv-SE","@id":"https:\/\/truusk.store\/sv\/#\/schema\/logo\/image\/","url":"https:\/\/i0.wp.com\/truusk.store\/wp-content\/uploads\/2026\/03\/cropped-TRUUSK.png?fit=2032%2C917&ssl=1","contentUrl":"https:\/\/i0.wp.com\/truusk.store\/wp-content\/uploads\/2026\/03\/cropped-TRUUSK.png?fit=2032%2C917&ssl=1","width":2032,"height":917,"caption":"TRUUSK - Hem, Tr\u00e4dg\u00e5rd & Fritid"},"image":{"@id":"https:\/\/truusk.store\/sv\/#\/schema\/logo\/image\/"}}]}},"jetpack_sharing_enabled":true,"_links":{"self":[{"href":"https:\/\/truusk.store\/sv\/wp-json\/wp\/v2\/product\/49802","targetHints":{"allow":["GET"]}}],"collection":[{"href":"https:\/\/truusk.store\/sv\/wp-json\/wp\/v2\/product"}],"about":[{"href":"https:\/\/truusk.store\/sv\/wp-json\/wp\/v2\/types\/product"}],"wp:featuredmedia":[{"embeddable":true,"href":"https:\/\/truusk.store\/sv\/wp-json\/wp\/v2\/media\/49803"}],"wp:attachment":[{"href":"https:\/\/truusk.store\/sv\/wp-json\/wp\/v2\/media?parent=49802"}],"wp:term":[{"taxonomy":"product_brand","embeddable":true,"href":"https:\/\/truusk.store\/sv\/wp-json\/wp\/v2\/product_brand?post=49802"},{"taxonomy":"product_cat","embeddable":true,"href":"https:\/\/truusk.store\/sv\/wp-json\/wp\/v2\/product_cat?post=49802"},{"taxonomy":"product_tag","embeddable":true,"href":"https:\/\/truusk.store\/sv\/wp-json\/wp\/v2\/product_tag?post=49802"}],"curies":[{"name":"wp","href":"https:\/\/api.w.org\/{rel}","templated":true}]}}