{"id":49812,"date":"2024-02-29T06:50:07","date_gmt":"2024-02-29T05:50:07","guid":{"rendered":"https:\/\/truusk.store\/product\/utfallbart-matbord-utdragbart-matbord-mobilt-modern-design-120-cm-x-80-cm-x-73-cm-teak-vit\/"},"modified":"2026-03-12T09:36:39","modified_gmt":"2026-03-12T08:36:39","slug":"truusk-utfallbart-matbord-utdragbart-mobilt-design-120-cm-x-80-cm-x-73-cm-teak-vit","status":"publish","type":"product","link":"https:\/\/truusk.store\/sv\/produkt\/truusk-utfallbart-matbord-utdragbart-mobilt-design-120-cm-x-80-cm-x-73-cm-teak-vit\/","title":{"rendered":"TRUUSK Utf\u00e4llbart Matbord &#8211; Utdragbart &#8211; Mobilt Design &#8211; 120 cm x 80 cm x 73 cm &#8211; Teak + Vit"},"content":{"rendered":"<p>Vill du vara flexibel med din inredning eller vill utnyttja sm\u00e5 utrymmen effektivt hittar du det du s\u00f6ker med v\u00e5rt moderna matbord. Enkel design m\u00f6ter en varm f\u00e4rgkombination av brunt tr\u00e4look och elegant vitt. Ditt matbord passar in i en m\u00e4ngd olika livsmilj\u00f6er och k\u00e4nns som hemma n\u00e4stan var som helst. Tack vare sin utrymmesbesparande design \u00e4r den ocks\u00e5 s\u00e4rskilt m\u00e5ngsidig. Den tv\u00e5delade skivan p\u00e5 ditt matbord kan f\u00f6rl\u00e4ngas flexibelt.<\/p>\n<h3>Beskrivning:<\/h3>\n<ul>\n<li>Perfekt f\u00f6r mindre utrymmen eller n\u00e4r flexibilitet kr\u00e4vs<\/li>\n<li>M\u00e5ngsidig 2-v\u00e4gs f\u00e4llbar design, platsbesparande och anpassningsbar<\/li>\n<li>Perfekt som hopf\u00e4llbart bord f\u00f6r k\u00f6ket, vardagsrummet eller balkongen<\/li>\n<li>H\u00f6gkvalitativ sp\u00e5nskiva, l\u00e4tt att reng\u00f6ra<\/li>\n<li>Alltid mobil tack vare mjukt l\u00f6pande hjul<\/li>\n<\/ul>\n<h3>Teknisk data:<\/h3>\n<ul>\n<li>F\u00e4rger: Teak+Vit<\/li>\n<li>Material: sp\u00e5nskiva<\/li>\n<li>\u00d6ppna m\u00e5tt: 120L x 80W x 73H \/ 80L x 67,5W x 73H cm<\/li>\n<li>Vikstorlek: 80L x 15W x 73H cm<\/li>\n<li>Hjuldiameter: 5,5 cm<\/li>\n<li>Max rekommenderad: 20 kg<\/li>\n<\/ul>\n<h3>Leveransens omfattning:<\/h3>\n<ul>\n<li>1 x hopf\u00e4llbart bord;<\/li>\n<\/ul>\n","protected":false},"excerpt":{"rendered":"<p>Vill du vara flexibel med din inredning eller vill utnyttja sm\u00e5 utrymmen effektivt hittar du det du s\u00f6ker med v\u00e5rt&#8230;<\/p>\n","protected":false},"featured_media":49813,"template":"","meta":[],"product_brand":[],"product_cat":[485,509,501],"product_tag":[],"class_list":{"0":"post-49812","1":"product","2":"type-product","3":"status-publish","4":"has-post-thumbnail","6":"product_cat-hus-bo","7":"product_cat-matbord","8":"product_cat-tabeller","10":"first","11":"instock","12":"sale","13":"taxable","14":"shipping-taxable","15":"purchasable","16":"product-type-simple"},"yoast_head":"<!-- This site is optimized with the Yoast SEO plugin v25.4 - https:\/\/yoast.com\/wordpress\/plugins\/seo\/ -->\n<title>TRUUSK Utf\u00e4llbart Matbord - Utdragbart - Mobilt Design - 120 cm x 80 cm x 73 cm - Teak + Vit - TRUUSK - Hem, Tr\u00e4dg\u00e5rd &amp; Fritid<\/title>\n<meta name=\"robots\" content=\"index, follow, max-snippet:-1, max-image-preview:large, max-video-preview:-1\" \/>\n<link rel=\"canonical\" href=\"https:\/\/truusk.store\/sv\/produkt\/truusk-utfallbart-matbord-utdragbart-mobilt-design-120-cm-x-80-cm-x-73-cm-teak-vit\/\" \/>\n<meta property=\"og:locale\" content=\"sv_SE\" \/>\n<meta property=\"og:type\" content=\"article\" \/>\n<meta property=\"og:title\" content=\"TRUUSK Utf\u00e4llbart Matbord - Utdragbart - Mobilt Design - 120 cm x 80 cm x 73 cm - Teak + Vit - TRUUSK - Hem, Tr\u00e4dg\u00e5rd &amp; Fritid\" \/>\n<meta property=\"og:description\" content=\"Vill du vara flexibel med din inredning eller vill utnyttja sm\u00e5 utrymmen effektivt hittar du det du s\u00f6ker med v\u00e5rt...\" \/>\n<meta property=\"og:url\" content=\"https:\/\/truusk.store\/sv\/produkt\/truusk-utfallbart-matbord-utdragbart-mobilt-design-120-cm-x-80-cm-x-73-cm-teak-vit\/\" \/>\n<meta property=\"og:site_name\" content=\"TRUUSK - Hem, Tr\u00e4dg\u00e5rd &amp; Fritid\" \/>\n<meta property=\"article:modified_time\" content=\"2026-03-12T08:36:39+00:00\" \/>\n<meta property=\"og:image\" content=\"https:\/\/i0.wp.com\/truusk.se\/wp-content\/uploads\/2024\/02\/utfallbart-matbord-utdragbart-matbord-mobilt-modern-design-120-cm-x-80-cm-x-73-cm-teak-vit.webp?fit=800%2C800&ssl=1\" \/>\n\t<meta property=\"og:image:width\" content=\"800\" \/>\n\t<meta property=\"og:image:height\" content=\"800\" \/>\n\t<meta property=\"og:image:type\" content=\"image\/webp\" \/>\n<meta name=\"twitter:card\" content=\"summary_large_image\" \/>\n<meta name=\"twitter:label1\" content=\"Ber\u00e4knad l\u00e4stid\" \/>\n\t<meta name=\"twitter:data1\" content=\"1 minut\" \/>\n<!-- \/ Yoast SEO plugin. -->","yoast_head_json":{"title":"TRUUSK Utf\u00e4llbart Matbord - Utdragbart - Mobilt Design - 120 cm x 80 cm x 73 cm - Teak + Vit - TRUUSK - Hem, Tr\u00e4dg\u00e5rd &amp; Fritid","robots":{"index":"index","follow":"follow","max-snippet":"max-snippet:-1","max-image-preview":"max-image-preview:large","max-video-preview":"max-video-preview:-1"},"canonical":"https:\/\/truusk.store\/sv\/produkt\/truusk-utfallbart-matbord-utdragbart-mobilt-design-120-cm-x-80-cm-x-73-cm-teak-vit\/","og_locale":"sv_SE","og_type":"article","og_title":"TRUUSK Utf\u00e4llbart Matbord - Utdragbart - Mobilt Design - 120 cm x 80 cm x 73 cm - Teak + Vit - TRUUSK - Hem, Tr\u00e4dg\u00e5rd &amp; Fritid","og_description":"Vill du vara flexibel med din inredning eller vill utnyttja sm\u00e5 utrymmen effektivt hittar du det du s\u00f6ker med v\u00e5rt...","og_url":"https:\/\/truusk.store\/sv\/produkt\/truusk-utfallbart-matbord-utdragbart-mobilt-design-120-cm-x-80-cm-x-73-cm-teak-vit\/","og_site_name":"TRUUSK - Hem, Tr\u00e4dg\u00e5rd &amp; Fritid","article_modified_time":"2026-03-12T08:36:39+00:00","og_image":[{"width":800,"height":800,"url":"https:\/\/i0.wp.com\/truusk.se\/wp-content\/uploads\/2024\/02\/utfallbart-matbord-utdragbart-matbord-mobilt-modern-design-120-cm-x-80-cm-x-73-cm-teak-vit.webp?fit=800%2C800&ssl=1","type":"image\/webp"}],"twitter_card":"summary_large_image","twitter_misc":{"Ber\u00e4knad l\u00e4stid":"1 minut"},"schema":{"@context":"https:\/\/schema.org","@graph":[{"@type":"WebPage","@id":"https:\/\/truusk.store\/sv\/produkt\/truusk-utfallbart-matbord-utdragbart-mobilt-design-120-cm-x-80-cm-x-73-cm-teak-vit\/","url":"https:\/\/truusk.store\/sv\/produkt\/truusk-utfallbart-matbord-utdragbart-mobilt-design-120-cm-x-80-cm-x-73-cm-teak-vit\/","name":"TRUUSK Utf\u00e4llbart Matbord - Utdragbart - Mobilt Design - 120 cm x 80 cm x 73 cm - Teak + Vit - TRUUSK - Hem, Tr\u00e4dg\u00e5rd &amp; Fritid","isPartOf":{"@id":"https:\/\/truusk.store\/sv\/#website"},"primaryImageOfPage":{"@id":"https:\/\/truusk.store\/sv\/produkt\/truusk-utfallbart-matbord-utdragbart-mobilt-design-120-cm-x-80-cm-x-73-cm-teak-vit\/#primaryimage"},"image":{"@id":"https:\/\/truusk.store\/sv\/produkt\/truusk-utfallbart-matbord-utdragbart-mobilt-design-120-cm-x-80-cm-x-73-cm-teak-vit\/#primaryimage"},"thumbnailUrl":"https:\/\/i0.wp.com\/truusk.store\/wp-content\/uploads\/2024\/02\/utfallbart-matbord-utdragbart-matbord-mobilt-modern-design-120-cm-x-80-cm-x-73-cm-teak-vit.webp?fit=800%2C800&ssl=1","datePublished":"2024-02-29T05:50:07+00:00","dateModified":"2026-03-12T08:36:39+00:00","breadcrumb":{"@id":"https:\/\/truusk.store\/sv\/produkt\/truusk-utfallbart-matbord-utdragbart-mobilt-design-120-cm-x-80-cm-x-73-cm-teak-vit\/#breadcrumb"},"inLanguage":"sv-SE","potentialAction":[{"@type":"ReadAction","target":["https:\/\/truusk.store\/sv\/produkt\/truusk-utfallbart-matbord-utdragbart-mobilt-design-120-cm-x-80-cm-x-73-cm-teak-vit\/"]}]},{"@type":"ImageObject","inLanguage":"sv-SE","@id":"https:\/\/truusk.store\/sv\/produkt\/truusk-utfallbart-matbord-utdragbart-mobilt-design-120-cm-x-80-cm-x-73-cm-teak-vit\/#primaryimage","url":"https:\/\/i0.wp.com\/truusk.store\/wp-content\/uploads\/2024\/02\/utfallbart-matbord-utdragbart-matbord-mobilt-modern-design-120-cm-x-80-cm-x-73-cm-teak-vit.webp?fit=800%2C800&ssl=1","contentUrl":"https:\/\/i0.wp.com\/truusk.store\/wp-content\/uploads\/2024\/02\/utfallbart-matbord-utdragbart-matbord-mobilt-modern-design-120-cm-x-80-cm-x-73-cm-teak-vit.webp?fit=800%2C800&ssl=1","width":800,"height":800,"caption":"Utf\u00e4llbart Matbord Utdragbart Matbord, Mobilt, Modern Design, 120 Cm X 80 Cm X 73 Cm, Teak + Vit 1"},{"@type":"BreadcrumbList","@id":"https:\/\/truusk.store\/sv\/produkt\/truusk-utfallbart-matbord-utdragbart-mobilt-design-120-cm-x-80-cm-x-73-cm-teak-vit\/#breadcrumb","itemListElement":[{"@type":"ListItem","position":1,"name":"Home","item":"https:\/\/truusk.store\/sv\/"},{"@type":"ListItem","position":2,"name":"Shop","item":"https:\/\/truusk.store\/shop\/"},{"@type":"ListItem","position":3,"name":"TRUUSK Utf\u00e4llbart Matbord &#8211; Utdragbart &#8211; Mobilt Design &#8211; 120 cm x 80 cm x 73 cm &#8211; Teak + Vit"}]},{"@type":"WebSite","@id":"https:\/\/truusk.store\/sv\/#website","url":"https:\/\/truusk.store\/sv\/","name":"TRUUSK - Hem, Tr\u00e4dg\u00e5rd & Fritid","description":"","publisher":{"@id":"https:\/\/truusk.store\/sv\/#organization"},"potentialAction":[{"@type":"SearchAction","target":{"@type":"EntryPoint","urlTemplate":"https:\/\/truusk.store\/sv\/?s={search_term_string}"},"query-input":{"@type":"PropertyValueSpecification","valueRequired":true,"valueName":"search_term_string"}}],"inLanguage":"sv-SE"},{"@type":"Organization","@id":"https:\/\/truusk.store\/sv\/#organization","name":"TRUUSK - Hem, Tr\u00e4dg\u00e5rd & Fritid","url":"https:\/\/truusk.store\/sv\/","logo":{"@type":"ImageObject","inLanguage":"sv-SE","@id":"https:\/\/truusk.store\/sv\/#\/schema\/logo\/image\/","url":"https:\/\/i0.wp.com\/truusk.store\/wp-content\/uploads\/2026\/03\/cropped-TRUUSK.png?fit=2032%2C917&ssl=1","contentUrl":"https:\/\/i0.wp.com\/truusk.store\/wp-content\/uploads\/2026\/03\/cropped-TRUUSK.png?fit=2032%2C917&ssl=1","width":2032,"height":917,"caption":"TRUUSK - Hem, Tr\u00e4dg\u00e5rd & Fritid"},"image":{"@id":"https:\/\/truusk.store\/sv\/#\/schema\/logo\/image\/"}}]}},"jetpack_sharing_enabled":true,"_links":{"self":[{"href":"https:\/\/truusk.store\/sv\/wp-json\/wp\/v2\/product\/49812","targetHints":{"allow":["GET"]}}],"collection":[{"href":"https:\/\/truusk.store\/sv\/wp-json\/wp\/v2\/product"}],"about":[{"href":"https:\/\/truusk.store\/sv\/wp-json\/wp\/v2\/types\/product"}],"wp:featuredmedia":[{"embeddable":true,"href":"https:\/\/truusk.store\/sv\/wp-json\/wp\/v2\/media\/49813"}],"wp:attachment":[{"href":"https:\/\/truusk.store\/sv\/wp-json\/wp\/v2\/media?parent=49812"}],"wp:term":[{"taxonomy":"product_brand","embeddable":true,"href":"https:\/\/truusk.store\/sv\/wp-json\/wp\/v2\/product_brand?post=49812"},{"taxonomy":"product_cat","embeddable":true,"href":"https:\/\/truusk.store\/sv\/wp-json\/wp\/v2\/product_cat?post=49812"},{"taxonomy":"product_tag","embeddable":true,"href":"https:\/\/truusk.store\/sv\/wp-json\/wp\/v2\/product_tag?post=49812"}],"curies":[{"name":"wp","href":"https:\/\/api.w.org\/{rel}","templated":true}]}}