{"id":49841,"date":"2024-02-29T07:20:09","date_gmt":"2024-02-29T06:20:09","guid":{"rendered":"https:\/\/truusk.store\/product\/2-i-1-gymflakt-piedestalflakt-32-cm-x-32-cm-x-1068-cm-svart\/"},"modified":"2026-03-12T09:10:42","modified_gmt":"2026-03-12T08:10:42","slug":"truusk-2-i-1-golvflakt-och-piedestalflakt-32-cm-x-32-cm-x-1068-cm-svart","status":"publish","type":"product","link":"https:\/\/truusk.store\/sv\/produkt\/truusk-2-i-1-golvflakt-och-piedestalflakt-32-cm-x-32-cm-x-1068-cm-svart\/","title":{"rendered":"TRUUSK 2-i-1 Golvfl\u00e4kt och Piedestalfl\u00e4kt &#8211; 32 cm x 32 cm x 106,8 cm &#8211; Svart"},"content":{"rendered":"<p>Denna 2 i 1 oscillerande jonisatorfl\u00e4kt m\u00f6jligg\u00f6r optimal ventilation och luftfr\u00e4schning i ett omr\u00e5de som du v\u00e4ljer. Den \u00e4r tyst och utrustad med en fj\u00e4rrkontroll. Den har 3 l\u00e4gen och 3 justerbara hastigheter och kommer att vara avg\u00f6rande under de varma sommarm\u00e5naderna.<\/p>\n<h3>Beskrivning:<\/h3>\n<ul>\n<li>Oscillerande kolonnfl\u00e4kt jonisator 2 i 1, med fj\u00e4rrkontroll (inkl. batteri CR2025)<\/li>\n<li>Tyst och kompakt pelarfl\u00e4kt som tar liten golvyta<\/li>\n<li>Joniseringsfunktion f\u00f6r att rena luften<\/li>\n<li>Intuitiv, enkel man\u00f6vrering: via fj\u00e4rrkontroll eller direkt via den ber\u00f6ringsk\u00e4nsliga kontrollpanelen p\u00e5 enheten<\/li>\n<li>Kolumnfl\u00e4kt med LED temperaturdisplay &#8211; 3 fl\u00e4kthastigheter: l\u00e5g\/medel\/h\u00f6g<\/li>\n<li>Timerfunktion max 8 timmar (automatisk avst\u00e4ngning f\u00f6r att spara energi)<\/li>\n<li>L\u00e5gljud fl\u00e4kttorn med oscillationsfunktion (60) f\u00f6r att t\u00e4cka ett stort ventilerat omr\u00e5de<\/li>\n<li>Kraftfull (60 W) och tyst (ca 60 dB) f\u00f6r optimal komfort dag och natt<\/li>\n<li>Utrustad med ett handtag f\u00f6r att enkelt flytta den vid behov<\/li>\n<\/ul>\n<h3>Teknisk data:<\/h3>\n<ul>\n<li>Svart f\u00e4rg<\/li>\n<li>Material: ABS<\/li>\n<li>\u00d6vergripande m\u00e5tt: 32 x 106,8H cm<\/li>\n<li>Basstorlek: 32 cm<\/li>\n<li>Str\u00f6mkabell\u00e4ngd: 1,5 m<\/li>\n<li>Sp\u00e4nning: 220-240V\/50Hz<\/li>\n<li>Effekt: 60W<\/li>\n<\/ul>\n<h3>Leveransens omfattning:<\/h3>\n<ul>\n<li>1 x Gymnastik Fan<\/li>\n<li>1 x Instruktioner<\/li>\n<\/ul>\n","protected":false},"excerpt":{"rendered":"<p>Denna 2 i 1 oscillerande jonisatorfl\u00e4kt m\u00f6jligg\u00f6r optimal ventilation och luftfr\u00e4schning i ett omr\u00e5de som du v\u00e4ljer. Den \u00e4r tyst&#8230;<\/p>\n","protected":false},"featured_media":49842,"template":"","meta":[],"product_brand":[],"product_cat":[697,671,696],"product_tag":[],"class_list":{"0":"post-49841","1":"product","2":"type-product","3":"status-publish","4":"has-post-thumbnail","6":"product_cat-flaktar-och-luftkonditioneringsapparater","7":"product_cat-jarnaffar","8":"product_cat-luftkonditionering-och-flaktar","10":"first","11":"instock","12":"sale","13":"taxable","14":"shipping-taxable","15":"purchasable","16":"product-type-simple"},"yoast_head":"<!-- This site is optimized with the Yoast SEO plugin v25.4 - https:\/\/yoast.com\/wordpress\/plugins\/seo\/ -->\n<title>TRUUSK 2-i-1 Golvfl\u00e4kt och Piedestalfl\u00e4kt - 32 cm x 32 cm x 106,8 cm - Svart - TRUUSK - Hem, Tr\u00e4dg\u00e5rd &amp; Fritid<\/title>\n<meta name=\"robots\" content=\"index, follow, max-snippet:-1, max-image-preview:large, max-video-preview:-1\" \/>\n<link rel=\"canonical\" href=\"https:\/\/truusk.store\/sv\/produkt\/truusk-2-i-1-golvflakt-och-piedestalflakt-32-cm-x-32-cm-x-1068-cm-svart\/\" \/>\n<meta property=\"og:locale\" content=\"sv_SE\" \/>\n<meta property=\"og:type\" content=\"article\" \/>\n<meta property=\"og:title\" content=\"TRUUSK 2-i-1 Golvfl\u00e4kt och Piedestalfl\u00e4kt - 32 cm x 32 cm x 106,8 cm - Svart - TRUUSK - Hem, Tr\u00e4dg\u00e5rd &amp; Fritid\" \/>\n<meta property=\"og:description\" content=\"Denna 2 i 1 oscillerande jonisatorfl\u00e4kt m\u00f6jligg\u00f6r optimal ventilation och luftfr\u00e4schning i ett omr\u00e5de som du v\u00e4ljer. Den \u00e4r tyst...\" \/>\n<meta property=\"og:url\" content=\"https:\/\/truusk.store\/sv\/produkt\/truusk-2-i-1-golvflakt-och-piedestalflakt-32-cm-x-32-cm-x-1068-cm-svart\/\" \/>\n<meta property=\"og:site_name\" content=\"TRUUSK - Hem, Tr\u00e4dg\u00e5rd &amp; Fritid\" \/>\n<meta property=\"article:modified_time\" content=\"2026-03-12T08:10:42+00:00\" \/>\n<meta property=\"og:image\" content=\"https:\/\/i0.wp.com\/truusk.se\/wp-content\/uploads\/2024\/02\/2-i-1-gymflakt-piedestalflakt-32-cm-x-32-cm-x-1068-cm-svart.webp?fit=800%2C800&ssl=1\" \/>\n\t<meta property=\"og:image:width\" content=\"800\" \/>\n\t<meta property=\"og:image:height\" content=\"800\" \/>\n\t<meta property=\"og:image:type\" content=\"image\/webp\" \/>\n<meta name=\"twitter:card\" content=\"summary_large_image\" \/>\n<meta name=\"twitter:label1\" content=\"Ber\u00e4knad l\u00e4stid\" \/>\n\t<meta name=\"twitter:data1\" content=\"1 minut\" \/>\n<!-- \/ Yoast SEO plugin. -->","yoast_head_json":{"title":"TRUUSK 2-i-1 Golvfl\u00e4kt och Piedestalfl\u00e4kt - 32 cm x 32 cm x 106,8 cm - Svart - TRUUSK - Hem, Tr\u00e4dg\u00e5rd &amp; Fritid","robots":{"index":"index","follow":"follow","max-snippet":"max-snippet:-1","max-image-preview":"max-image-preview:large","max-video-preview":"max-video-preview:-1"},"canonical":"https:\/\/truusk.store\/sv\/produkt\/truusk-2-i-1-golvflakt-och-piedestalflakt-32-cm-x-32-cm-x-1068-cm-svart\/","og_locale":"sv_SE","og_type":"article","og_title":"TRUUSK 2-i-1 Golvfl\u00e4kt och Piedestalfl\u00e4kt - 32 cm x 32 cm x 106,8 cm - Svart - TRUUSK - Hem, Tr\u00e4dg\u00e5rd &amp; Fritid","og_description":"Denna 2 i 1 oscillerande jonisatorfl\u00e4kt m\u00f6jligg\u00f6r optimal ventilation och luftfr\u00e4schning i ett omr\u00e5de som du v\u00e4ljer. Den \u00e4r tyst...","og_url":"https:\/\/truusk.store\/sv\/produkt\/truusk-2-i-1-golvflakt-och-piedestalflakt-32-cm-x-32-cm-x-1068-cm-svart\/","og_site_name":"TRUUSK - Hem, Tr\u00e4dg\u00e5rd &amp; Fritid","article_modified_time":"2026-03-12T08:10:42+00:00","og_image":[{"width":800,"height":800,"url":"https:\/\/i0.wp.com\/truusk.se\/wp-content\/uploads\/2024\/02\/2-i-1-gymflakt-piedestalflakt-32-cm-x-32-cm-x-1068-cm-svart.webp?fit=800%2C800&ssl=1","type":"image\/webp"}],"twitter_card":"summary_large_image","twitter_misc":{"Ber\u00e4knad l\u00e4stid":"1 minut"},"schema":{"@context":"https:\/\/schema.org","@graph":[{"@type":"WebPage","@id":"https:\/\/truusk.store\/sv\/produkt\/truusk-2-i-1-golvflakt-och-piedestalflakt-32-cm-x-32-cm-x-1068-cm-svart\/","url":"https:\/\/truusk.store\/sv\/produkt\/truusk-2-i-1-golvflakt-och-piedestalflakt-32-cm-x-32-cm-x-1068-cm-svart\/","name":"TRUUSK 2-i-1 Golvfl\u00e4kt och Piedestalfl\u00e4kt - 32 cm x 32 cm x 106,8 cm - Svart - TRUUSK - Hem, Tr\u00e4dg\u00e5rd &amp; Fritid","isPartOf":{"@id":"https:\/\/truusk.store\/sv\/#website"},"primaryImageOfPage":{"@id":"https:\/\/truusk.store\/sv\/produkt\/truusk-2-i-1-golvflakt-och-piedestalflakt-32-cm-x-32-cm-x-1068-cm-svart\/#primaryimage"},"image":{"@id":"https:\/\/truusk.store\/sv\/produkt\/truusk-2-i-1-golvflakt-och-piedestalflakt-32-cm-x-32-cm-x-1068-cm-svart\/#primaryimage"},"thumbnailUrl":"https:\/\/i0.wp.com\/truusk.store\/wp-content\/uploads\/2024\/02\/2-i-1-gymflakt-piedestalflakt-32-cm-x-32-cm-x-1068-cm-svart.webp?fit=800%2C800&ssl=1","datePublished":"2024-02-29T06:20:09+00:00","dateModified":"2026-03-12T08:10:42+00:00","breadcrumb":{"@id":"https:\/\/truusk.store\/sv\/produkt\/truusk-2-i-1-golvflakt-och-piedestalflakt-32-cm-x-32-cm-x-1068-cm-svart\/#breadcrumb"},"inLanguage":"sv-SE","potentialAction":[{"@type":"ReadAction","target":["https:\/\/truusk.store\/sv\/produkt\/truusk-2-i-1-golvflakt-och-piedestalflakt-32-cm-x-32-cm-x-1068-cm-svart\/"]}]},{"@type":"ImageObject","inLanguage":"sv-SE","@id":"https:\/\/truusk.store\/sv\/produkt\/truusk-2-i-1-golvflakt-och-piedestalflakt-32-cm-x-32-cm-x-1068-cm-svart\/#primaryimage","url":"https:\/\/i0.wp.com\/truusk.store\/wp-content\/uploads\/2024\/02\/2-i-1-gymflakt-piedestalflakt-32-cm-x-32-cm-x-1068-cm-svart.webp?fit=800%2C800&ssl=1","contentUrl":"https:\/\/i0.wp.com\/truusk.store\/wp-content\/uploads\/2024\/02\/2-i-1-gymflakt-piedestalflakt-32-cm-x-32-cm-x-1068-cm-svart.webp?fit=800%2C800&ssl=1","width":800,"height":800,"caption":"2-i-1 Gymfl\u00e4kt, Piedestalfl\u00e4kt, 32 Cm X 32 Cm X 106,8 Cm, Svart 1"},{"@type":"BreadcrumbList","@id":"https:\/\/truusk.store\/sv\/produkt\/truusk-2-i-1-golvflakt-och-piedestalflakt-32-cm-x-32-cm-x-1068-cm-svart\/#breadcrumb","itemListElement":[{"@type":"ListItem","position":1,"name":"Home","item":"https:\/\/truusk.store\/sv\/"},{"@type":"ListItem","position":2,"name":"Shop","item":"https:\/\/truusk.store\/shop\/"},{"@type":"ListItem","position":3,"name":"TRUUSK 2-i-1 Golvfl\u00e4kt och Piedestalfl\u00e4kt &#8211; 32 cm x 32 cm x 106,8 cm &#8211; Svart"}]},{"@type":"WebSite","@id":"https:\/\/truusk.store\/sv\/#website","url":"https:\/\/truusk.store\/sv\/","name":"TRUUSK - Hem, Tr\u00e4dg\u00e5rd & Fritid","description":"","publisher":{"@id":"https:\/\/truusk.store\/sv\/#organization"},"potentialAction":[{"@type":"SearchAction","target":{"@type":"EntryPoint","urlTemplate":"https:\/\/truusk.store\/sv\/?s={search_term_string}"},"query-input":{"@type":"PropertyValueSpecification","valueRequired":true,"valueName":"search_term_string"}}],"inLanguage":"sv-SE"},{"@type":"Organization","@id":"https:\/\/truusk.store\/sv\/#organization","name":"TRUUSK - Hem, Tr\u00e4dg\u00e5rd & Fritid","url":"https:\/\/truusk.store\/sv\/","logo":{"@type":"ImageObject","inLanguage":"sv-SE","@id":"https:\/\/truusk.store\/sv\/#\/schema\/logo\/image\/","url":"https:\/\/i0.wp.com\/truusk.store\/wp-content\/uploads\/2026\/03\/cropped-TRUUSK.png?fit=2032%2C917&ssl=1","contentUrl":"https:\/\/i0.wp.com\/truusk.store\/wp-content\/uploads\/2026\/03\/cropped-TRUUSK.png?fit=2032%2C917&ssl=1","width":2032,"height":917,"caption":"TRUUSK - Hem, Tr\u00e4dg\u00e5rd & Fritid"},"image":{"@id":"https:\/\/truusk.store\/sv\/#\/schema\/logo\/image\/"}}]}},"jetpack_sharing_enabled":true,"_links":{"self":[{"href":"https:\/\/truusk.store\/sv\/wp-json\/wp\/v2\/product\/49841","targetHints":{"allow":["GET"]}}],"collection":[{"href":"https:\/\/truusk.store\/sv\/wp-json\/wp\/v2\/product"}],"about":[{"href":"https:\/\/truusk.store\/sv\/wp-json\/wp\/v2\/types\/product"}],"wp:featuredmedia":[{"embeddable":true,"href":"https:\/\/truusk.store\/sv\/wp-json\/wp\/v2\/media\/49842"}],"wp:attachment":[{"href":"https:\/\/truusk.store\/sv\/wp-json\/wp\/v2\/media?parent=49841"}],"wp:term":[{"taxonomy":"product_brand","embeddable":true,"href":"https:\/\/truusk.store\/sv\/wp-json\/wp\/v2\/product_brand?post=49841"},{"taxonomy":"product_cat","embeddable":true,"href":"https:\/\/truusk.store\/sv\/wp-json\/wp\/v2\/product_cat?post=49841"},{"taxonomy":"product_tag","embeddable":true,"href":"https:\/\/truusk.store\/sv\/wp-json\/wp\/v2\/product_tag?post=49841"}],"curies":[{"name":"wp","href":"https:\/\/api.w.org\/{rel}","templated":true}]}}