{"id":49881,"date":"2024-02-29T08:00:09","date_gmt":"2024-02-29T07:00:09","guid":{"rendered":"https:\/\/truusk.store\/product\/utomhusserveringsvagn-2-vaningar-bromsar-polyrattan-metallram-50-x-66h-cm-gul\/"},"modified":"2026-03-12T09:34:27","modified_gmt":"2026-03-12T08:34:27","slug":"truusk-utomhusvagn-2-vaningar-bromsar-polyrattan-och-metallram-50-x-66h-cm-gul","status":"publish","type":"product","link":"https:\/\/truusk.store\/sv\/produkt\/truusk-utomhusvagn-2-vaningar-bromsar-polyrattan-och-metallram-50-x-66h-cm-gul\/","title":{"rendered":"TRUUSK Utomhusvagn 2 V\u00e5ningar &#8211; Bromsar &#8211; Polyrattan och Metallram &#8211; 50 x 66H cm &#8211; Gul"},"content":{"rendered":"<p>Planerar du en social sammankomst i tr\u00e4dg\u00e5rden? G\u00f6r din g\u00e4stfrihet mobil med denna eleganta, runda serveringsvagn. Med tv\u00e5 niv\u00e5er erbjuder den gott om plats f\u00f6r mat, dryck, handdukar och spel, perfekt f\u00f6r alla typer av fester. Tack vare de fyra mjuktg\u00e5ende hjulen \u00e4r vagnen l\u00e4tt att flytta och kan enkelt fixeras vid behov s\u00e5 att den inte rullar iv\u00e4g. Snart vill du inte vara utan denna lilla hj\u00e4lpare!<\/p>\n<h3>Beskrivning:<\/h3>\n<ul>\n<li>Tv\u00e5 plan med en metallplatta ger gott om plats f\u00f6r drinkar, snacks och mycket mer.<\/li>\n<li>Pulverlackerad metallram med v\u00e4derbest\u00e4ndig polyrottingbekl\u00e4dnad garanterar l\u00e5ng livsl\u00e4ngd<\/li>\n<li>Kompakt serveringsvagn med elegant design, perfekt f\u00f6r poolfester, grillar och andra utomhusevenemang<\/li>\n<li>Tv\u00e5 praktiska handtag f\u00f6r enkel f\u00f6rflyttning<\/li>\n<li>Fyra hjul och tv\u00e5 bromsar f\u00f6r att fixa bilen<\/li>\n<li>Montering kr\u00e4vs<\/li>\n<\/ul>\n<h3>Teknisk data:<\/h3>\n<ul>\n<li>F\u00e4rg: Gul, Svart<\/li>\n<li>Material: st\u00e5l, PE-rotting<\/li>\n<li>\u00d6vergripande m\u00e5tt: 50 x 66H cm<\/li>\n<li>Yta p\u00e5 f\u00f6rsta niv\u00e5n: 45 x 8H cm<\/li>\n<li>Yta p\u00e5 den andra niv\u00e5n: 50 x 11H cm<\/li>\n<li>Lastkapacitet: 30 kg<\/li>\n<\/ul>\n<h3>Leveransens omfattning:<\/h3>\n<ul>\n<li>1 x Rotting Serveringsvagn<\/li>\n<li>1 x manuell<\/li>\n<\/ul>\n","protected":false},"excerpt":{"rendered":"<p>Planerar du en social sammankomst i tr\u00e4dg\u00e5rden? G\u00f6r din g\u00e4stfrihet mobil med denna eleganta, runda serveringsvagn. Med tv\u00e5 niv\u00e5er erbjuder&#8230;<\/p>\n","protected":false},"featured_media":49882,"template":"","meta":[],"product_brand":[],"product_cat":[485,503,501],"product_tag":[],"class_list":{"0":"post-49881","1":"product","2":"type-product","3":"status-publish","4":"has-post-thumbnail","6":"product_cat-hus-bo","7":"product_cat-serveringsvagn","8":"product_cat-tabeller","10":"first","11":"instock","12":"sale","13":"taxable","14":"shipping-taxable","15":"purchasable","16":"product-type-simple"},"yoast_head":"<!-- This site is optimized with the Yoast SEO plugin v25.4 - https:\/\/yoast.com\/wordpress\/plugins\/seo\/ -->\n<title>TRUUSK Utomhusvagn 2 V\u00e5ningar - Bromsar - Polyrattan och Metallram - 50 x 66H cm - Gul - TRUUSK - Hem, Tr\u00e4dg\u00e5rd &amp; Fritid<\/title>\n<meta name=\"robots\" content=\"index, follow, max-snippet:-1, max-image-preview:large, max-video-preview:-1\" \/>\n<link rel=\"canonical\" href=\"https:\/\/truusk.store\/sv\/produkt\/truusk-utomhusvagn-2-vaningar-bromsar-polyrattan-och-metallram-50-x-66h-cm-gul\/\" \/>\n<meta property=\"og:locale\" content=\"sv_SE\" \/>\n<meta property=\"og:type\" content=\"article\" \/>\n<meta property=\"og:title\" content=\"TRUUSK Utomhusvagn 2 V\u00e5ningar - Bromsar - Polyrattan och Metallram - 50 x 66H cm - Gul - TRUUSK - Hem, Tr\u00e4dg\u00e5rd &amp; Fritid\" \/>\n<meta property=\"og:description\" content=\"Planerar du en social sammankomst i tr\u00e4dg\u00e5rden? G\u00f6r din g\u00e4stfrihet mobil med denna eleganta, runda serveringsvagn. Med tv\u00e5 niv\u00e5er erbjuder...\" \/>\n<meta property=\"og:url\" content=\"https:\/\/truusk.store\/sv\/produkt\/truusk-utomhusvagn-2-vaningar-bromsar-polyrattan-och-metallram-50-x-66h-cm-gul\/\" \/>\n<meta property=\"og:site_name\" content=\"TRUUSK - Hem, Tr\u00e4dg\u00e5rd &amp; Fritid\" \/>\n<meta property=\"article:modified_time\" content=\"2026-03-12T08:34:27+00:00\" \/>\n<meta property=\"og:image\" content=\"https:\/\/i0.wp.com\/truusk.se\/wp-content\/uploads\/2024\/02\/utomhusserveringsvagn-2-vaningar-bromsar-polyrattan-metallram-50-x-66h-cm-gul.webp?fit=800%2C800&ssl=1\" \/>\n\t<meta property=\"og:image:width\" content=\"800\" \/>\n\t<meta property=\"og:image:height\" content=\"800\" \/>\n\t<meta property=\"og:image:type\" content=\"image\/webp\" \/>\n<meta name=\"twitter:card\" content=\"summary_large_image\" \/>\n<meta name=\"twitter:label1\" content=\"Ber\u00e4knad l\u00e4stid\" \/>\n\t<meta name=\"twitter:data1\" content=\"1 minut\" \/>\n<!-- \/ Yoast SEO plugin. -->","yoast_head_json":{"title":"TRUUSK Utomhusvagn 2 V\u00e5ningar - Bromsar - Polyrattan och Metallram - 50 x 66H cm - Gul - TRUUSK - Hem, Tr\u00e4dg\u00e5rd &amp; Fritid","robots":{"index":"index","follow":"follow","max-snippet":"max-snippet:-1","max-image-preview":"max-image-preview:large","max-video-preview":"max-video-preview:-1"},"canonical":"https:\/\/truusk.store\/sv\/produkt\/truusk-utomhusvagn-2-vaningar-bromsar-polyrattan-och-metallram-50-x-66h-cm-gul\/","og_locale":"sv_SE","og_type":"article","og_title":"TRUUSK Utomhusvagn 2 V\u00e5ningar - Bromsar - Polyrattan och Metallram - 50 x 66H cm - Gul - TRUUSK - Hem, Tr\u00e4dg\u00e5rd &amp; Fritid","og_description":"Planerar du en social sammankomst i tr\u00e4dg\u00e5rden? G\u00f6r din g\u00e4stfrihet mobil med denna eleganta, runda serveringsvagn. Med tv\u00e5 niv\u00e5er erbjuder...","og_url":"https:\/\/truusk.store\/sv\/produkt\/truusk-utomhusvagn-2-vaningar-bromsar-polyrattan-och-metallram-50-x-66h-cm-gul\/","og_site_name":"TRUUSK - Hem, Tr\u00e4dg\u00e5rd &amp; Fritid","article_modified_time":"2026-03-12T08:34:27+00:00","og_image":[{"width":800,"height":800,"url":"https:\/\/i0.wp.com\/truusk.se\/wp-content\/uploads\/2024\/02\/utomhusserveringsvagn-2-vaningar-bromsar-polyrattan-metallram-50-x-66h-cm-gul.webp?fit=800%2C800&ssl=1","type":"image\/webp"}],"twitter_card":"summary_large_image","twitter_misc":{"Ber\u00e4knad l\u00e4stid":"1 minut"},"schema":{"@context":"https:\/\/schema.org","@graph":[{"@type":"WebPage","@id":"https:\/\/truusk.store\/sv\/produkt\/truusk-utomhusvagn-2-vaningar-bromsar-polyrattan-och-metallram-50-x-66h-cm-gul\/","url":"https:\/\/truusk.store\/sv\/produkt\/truusk-utomhusvagn-2-vaningar-bromsar-polyrattan-och-metallram-50-x-66h-cm-gul\/","name":"TRUUSK Utomhusvagn 2 V\u00e5ningar - Bromsar - Polyrattan och Metallram - 50 x 66H cm - Gul - TRUUSK - Hem, Tr\u00e4dg\u00e5rd &amp; Fritid","isPartOf":{"@id":"https:\/\/truusk.store\/sv\/#website"},"primaryImageOfPage":{"@id":"https:\/\/truusk.store\/sv\/produkt\/truusk-utomhusvagn-2-vaningar-bromsar-polyrattan-och-metallram-50-x-66h-cm-gul\/#primaryimage"},"image":{"@id":"https:\/\/truusk.store\/sv\/produkt\/truusk-utomhusvagn-2-vaningar-bromsar-polyrattan-och-metallram-50-x-66h-cm-gul\/#primaryimage"},"thumbnailUrl":"https:\/\/i0.wp.com\/truusk.store\/wp-content\/uploads\/2024\/02\/utomhusserveringsvagn-2-vaningar-bromsar-polyrattan-metallram-50-x-66h-cm-gul.webp?fit=800%2C800&ssl=1","datePublished":"2024-02-29T07:00:09+00:00","dateModified":"2026-03-12T08:34:27+00:00","breadcrumb":{"@id":"https:\/\/truusk.store\/sv\/produkt\/truusk-utomhusvagn-2-vaningar-bromsar-polyrattan-och-metallram-50-x-66h-cm-gul\/#breadcrumb"},"inLanguage":"sv-SE","potentialAction":[{"@type":"ReadAction","target":["https:\/\/truusk.store\/sv\/produkt\/truusk-utomhusvagn-2-vaningar-bromsar-polyrattan-och-metallram-50-x-66h-cm-gul\/"]}]},{"@type":"ImageObject","inLanguage":"sv-SE","@id":"https:\/\/truusk.store\/sv\/produkt\/truusk-utomhusvagn-2-vaningar-bromsar-polyrattan-och-metallram-50-x-66h-cm-gul\/#primaryimage","url":"https:\/\/i0.wp.com\/truusk.store\/wp-content\/uploads\/2024\/02\/utomhusserveringsvagn-2-vaningar-bromsar-polyrattan-metallram-50-x-66h-cm-gul.webp?fit=800%2C800&ssl=1","contentUrl":"https:\/\/i0.wp.com\/truusk.store\/wp-content\/uploads\/2024\/02\/utomhusserveringsvagn-2-vaningar-bromsar-polyrattan-metallram-50-x-66h-cm-gul.webp?fit=800%2C800&ssl=1","width":800,"height":800,"caption":"Utomhusserveringsvagn, 2 V\u00e5ningar, Bromsar, Polyrattan, Metallram, 50 X 66H Cm, Gul 1"},{"@type":"BreadcrumbList","@id":"https:\/\/truusk.store\/sv\/produkt\/truusk-utomhusvagn-2-vaningar-bromsar-polyrattan-och-metallram-50-x-66h-cm-gul\/#breadcrumb","itemListElement":[{"@type":"ListItem","position":1,"name":"Home","item":"https:\/\/truusk.store\/sv\/"},{"@type":"ListItem","position":2,"name":"Shop","item":"https:\/\/truusk.store\/shop\/"},{"@type":"ListItem","position":3,"name":"TRUUSK Utomhusvagn 2 V\u00e5ningar &#8211; Bromsar &#8211; Polyrattan och Metallram &#8211; 50 x 66H cm &#8211; Gul"}]},{"@type":"WebSite","@id":"https:\/\/truusk.store\/sv\/#website","url":"https:\/\/truusk.store\/sv\/","name":"TRUUSK - Hem, Tr\u00e4dg\u00e5rd & Fritid","description":"","publisher":{"@id":"https:\/\/truusk.store\/sv\/#organization"},"potentialAction":[{"@type":"SearchAction","target":{"@type":"EntryPoint","urlTemplate":"https:\/\/truusk.store\/sv\/?s={search_term_string}"},"query-input":{"@type":"PropertyValueSpecification","valueRequired":true,"valueName":"search_term_string"}}],"inLanguage":"sv-SE"},{"@type":"Organization","@id":"https:\/\/truusk.store\/sv\/#organization","name":"TRUUSK - Hem, Tr\u00e4dg\u00e5rd & Fritid","url":"https:\/\/truusk.store\/sv\/","logo":{"@type":"ImageObject","inLanguage":"sv-SE","@id":"https:\/\/truusk.store\/sv\/#\/schema\/logo\/image\/","url":"https:\/\/i0.wp.com\/truusk.store\/wp-content\/uploads\/2026\/03\/cropped-TRUUSK.png?fit=2032%2C917&ssl=1","contentUrl":"https:\/\/i0.wp.com\/truusk.store\/wp-content\/uploads\/2026\/03\/cropped-TRUUSK.png?fit=2032%2C917&ssl=1","width":2032,"height":917,"caption":"TRUUSK - Hem, Tr\u00e4dg\u00e5rd & Fritid"},"image":{"@id":"https:\/\/truusk.store\/sv\/#\/schema\/logo\/image\/"}}]}},"jetpack_sharing_enabled":true,"_links":{"self":[{"href":"https:\/\/truusk.store\/sv\/wp-json\/wp\/v2\/product\/49881","targetHints":{"allow":["GET"]}}],"collection":[{"href":"https:\/\/truusk.store\/sv\/wp-json\/wp\/v2\/product"}],"about":[{"href":"https:\/\/truusk.store\/sv\/wp-json\/wp\/v2\/types\/product"}],"wp:featuredmedia":[{"embeddable":true,"href":"https:\/\/truusk.store\/sv\/wp-json\/wp\/v2\/media\/49882"}],"wp:attachment":[{"href":"https:\/\/truusk.store\/sv\/wp-json\/wp\/v2\/media?parent=49881"}],"wp:term":[{"taxonomy":"product_brand","embeddable":true,"href":"https:\/\/truusk.store\/sv\/wp-json\/wp\/v2\/product_brand?post=49881"},{"taxonomy":"product_cat","embeddable":true,"href":"https:\/\/truusk.store\/sv\/wp-json\/wp\/v2\/product_cat?post=49881"},{"taxonomy":"product_tag","embeddable":true,"href":"https:\/\/truusk.store\/sv\/wp-json\/wp\/v2\/product_tag?post=49881"}],"curies":[{"name":"wp","href":"https:\/\/api.w.org\/{rel}","templated":true}]}}