{"id":49917,"date":"2024-02-29T08:40:10","date_gmt":"2024-02-29T07:40:10","guid":{"rendered":"https:\/\/truusk.store\/product\/smadjursbur-gnagbur-grantra-inklusive-tillbehor-och-drickskalar-100-x-50-x-50-cm-natur\/"},"modified":"2026-03-12T09:38:22","modified_gmt":"2026-03-12T08:38:22","slug":"truusk-smadjursbur-i-grantra-inklusive-tillbehor-och-drickskalar-100-x-50-x-50-cm-natur","status":"publish","type":"product","link":"https:\/\/truusk.store\/sv\/produkt\/truusk-smadjursbur-i-grantra-inklusive-tillbehor-och-drickskalar-100-x-50-x-50-cm-natur\/","title":{"rendered":"TRUUSK Sm\u00e5djursbur i Grantr\u00e4 &#8211; Inklusive Tillbeh\u00f6r och Dricksk\u00e5lar &#8211; 100 x 50 x 50 cm &#8211; Natur"},"content":{"rendered":"<p>Musekfig \u00e4r ett perfekt hem f\u00f6r din fyrbenta v\u00e4n. Med sin design i flera niv\u00e5er som inkluderar en stege, tv\u00e5 gungbr\u00e4dor, en skur och flera plattformar, erbjuder gnagarburen gott om utrymme att utforska. Utrustad med viktiga tillbeh\u00f6r som en vattendispenser, m\u00f6ter den din hamsters dagliga behov. P\u00e5 v\u00e4nster sida kan en balja med flis f\u00e4stas f\u00f6r gr\u00e4vning.<\/p>\n<h3>Beskrivning:<\/h3>\n<ul>\n<li>Flerniv\u00e5design med staplade plattformar och en stege f\u00f6r att ut\u00f6ka aktivitetsomr\u00e5det<\/li>\n<li>Inkluderar en vattendispenser f\u00f6r hamsterns dagliga behov<\/li>\n<li>Inkluderar en gungbr\u00e4da, litet hus med mera f\u00f6r tr\u00e4ning och g\u00f6mning<\/li>\n<li>Tillverkad av kraftig gran<\/li>\n<li>Framsidan av gnagarhuset ger utsikt \u00f6ver interi\u00f6ren<\/li>\n<li>G\u00e5ngj\u00e4rnsf\u00f6rsedd topp p\u00e5 liten djurhydda f\u00f6r enkel \u00e5tkomst och interaktion<\/li>\n<li>L\u00e4mplig f\u00f6r sm\u00e5 djur<\/li>\n<\/ul>\n<h3>Teknisk data:<\/h3>\n<ul>\n<li>F\u00e4rg: Naturlig<\/li>\n<li>Material: gran<\/li>\n<li>\u00d6vergripande m\u00e5tt: 100L x 50W x 50H cm<\/li>\n<li>Huvudhusets m\u00e5tt: V\u00e4nster: 30,5L x 46W x 45H cm. H\u00f6ger: 63L x 46W x 45H cm<\/li>\n<li>V\u00e4nster plattform: 10W x 9,5D cm. H\u00f6jd (ovan mark): 10,5 cm. 18,5 cm. 25 cm<\/li>\n<li>H\u00f6ger plattform: Stor: 45W x 29D x 16H cm. Liten: 16W x 9,5D cm, H\u00f6jd (fr\u00e5n golv): 25cm. 29 cm. 34 cm<\/li>\n<li>Melland\u00f6rr: 9cm<\/li>\n<li>\u00d6vre d\u00f6rr: 100L x 50W cm<\/li>\n<li>H\u00f6jd: 15L x 13W x 13,5H cm<\/li>\n<li>Stege: 30L x 8W cm<\/li>\n<li>Bricka: 63L x 48W x 4H cm<\/li>\n<li>Rocker: 20L x 8W x 4H cm<\/li>\n<li>Vattenflaska: 80 ml<\/li>\n<\/ul>\n<h3>Leveransens omfattning:<\/h3>\n<ul>\n<li>1 x hamsterbur<\/li>\n<li>1 x vattenflaska<\/li>\n<li>2 x rocker<\/li>\n<li>1 x bruksanvisning<\/li>\n<\/ul>\n","protected":false},"excerpt":{"rendered":"<p>Musekfig \u00e4r ett perfekt hem f\u00f6r din fyrbenta v\u00e4n. Med sin design i flera niv\u00e5er som inkluderar en stege, tv\u00e5&#8230;<\/p>\n","protected":false},"featured_media":49918,"template":"","meta":[],"product_brand":[],"product_cat":[573,599,597],"product_tag":[],"class_list":{"0":"post-49917","1":"product","2":"type-product","3":"status-publish","4":"has-post-thumbnail","6":"product_cat-husdjursmaterial","7":"product_cat-sma-djurburar","8":"product_cat-sma-djurtillbehor","10":"first","11":"instock","12":"sale","13":"taxable","14":"shipping-taxable","15":"purchasable","16":"product-type-simple"},"yoast_head":"<!-- This site is optimized with the Yoast SEO plugin v25.4 - https:\/\/yoast.com\/wordpress\/plugins\/seo\/ -->\n<title>TRUUSK Sm\u00e5djursbur i Grantr\u00e4 - Inklusive Tillbeh\u00f6r och Dricksk\u00e5lar - 100 x 50 x 50 cm - Natur - TRUUSK - Hem, Tr\u00e4dg\u00e5rd &amp; Fritid<\/title>\n<meta name=\"robots\" content=\"index, follow, max-snippet:-1, max-image-preview:large, max-video-preview:-1\" \/>\n<link rel=\"canonical\" href=\"https:\/\/truusk.store\/sv\/produkt\/truusk-smadjursbur-i-grantra-inklusive-tillbehor-och-drickskalar-100-x-50-x-50-cm-natur\/\" \/>\n<meta property=\"og:locale\" content=\"sv_SE\" \/>\n<meta property=\"og:type\" content=\"article\" \/>\n<meta property=\"og:title\" content=\"TRUUSK Sm\u00e5djursbur i Grantr\u00e4 - Inklusive Tillbeh\u00f6r och Dricksk\u00e5lar - 100 x 50 x 50 cm - Natur - TRUUSK - Hem, Tr\u00e4dg\u00e5rd &amp; Fritid\" \/>\n<meta property=\"og:description\" content=\"Musekfig \u00e4r ett perfekt hem f\u00f6r din fyrbenta v\u00e4n. Med sin design i flera niv\u00e5er som inkluderar en stege, tv\u00e5...\" \/>\n<meta property=\"og:url\" content=\"https:\/\/truusk.store\/sv\/produkt\/truusk-smadjursbur-i-grantra-inklusive-tillbehor-och-drickskalar-100-x-50-x-50-cm-natur\/\" \/>\n<meta property=\"og:site_name\" content=\"TRUUSK - Hem, Tr\u00e4dg\u00e5rd &amp; Fritid\" \/>\n<meta property=\"article:modified_time\" content=\"2026-03-12T08:38:22+00:00\" \/>\n<meta property=\"og:image\" content=\"https:\/\/i0.wp.com\/truusk.se\/wp-content\/uploads\/2024\/02\/smadjursbur-gnagbur-grantra-inklusive-tillbehor-och-drickskalar-100-x-50-x-50-cm-natur.webp?fit=800%2C800&ssl=1\" \/>\n\t<meta property=\"og:image:width\" content=\"800\" \/>\n\t<meta property=\"og:image:height\" content=\"800\" \/>\n\t<meta property=\"og:image:type\" content=\"image\/webp\" \/>\n<meta name=\"twitter:card\" content=\"summary_large_image\" \/>\n<meta name=\"twitter:label1\" content=\"Ber\u00e4knad l\u00e4stid\" \/>\n\t<meta name=\"twitter:data1\" content=\"1 minut\" \/>\n<!-- \/ Yoast SEO plugin. -->","yoast_head_json":{"title":"TRUUSK Sm\u00e5djursbur i Grantr\u00e4 - Inklusive Tillbeh\u00f6r och Dricksk\u00e5lar - 100 x 50 x 50 cm - Natur - TRUUSK - Hem, Tr\u00e4dg\u00e5rd &amp; Fritid","robots":{"index":"index","follow":"follow","max-snippet":"max-snippet:-1","max-image-preview":"max-image-preview:large","max-video-preview":"max-video-preview:-1"},"canonical":"https:\/\/truusk.store\/sv\/produkt\/truusk-smadjursbur-i-grantra-inklusive-tillbehor-och-drickskalar-100-x-50-x-50-cm-natur\/","og_locale":"sv_SE","og_type":"article","og_title":"TRUUSK Sm\u00e5djursbur i Grantr\u00e4 - Inklusive Tillbeh\u00f6r och Dricksk\u00e5lar - 100 x 50 x 50 cm - Natur - TRUUSK - Hem, Tr\u00e4dg\u00e5rd &amp; Fritid","og_description":"Musekfig \u00e4r ett perfekt hem f\u00f6r din fyrbenta v\u00e4n. Med sin design i flera niv\u00e5er som inkluderar en stege, tv\u00e5...","og_url":"https:\/\/truusk.store\/sv\/produkt\/truusk-smadjursbur-i-grantra-inklusive-tillbehor-och-drickskalar-100-x-50-x-50-cm-natur\/","og_site_name":"TRUUSK - Hem, Tr\u00e4dg\u00e5rd &amp; Fritid","article_modified_time":"2026-03-12T08:38:22+00:00","og_image":[{"width":800,"height":800,"url":"https:\/\/i0.wp.com\/truusk.se\/wp-content\/uploads\/2024\/02\/smadjursbur-gnagbur-grantra-inklusive-tillbehor-och-drickskalar-100-x-50-x-50-cm-natur.webp?fit=800%2C800&ssl=1","type":"image\/webp"}],"twitter_card":"summary_large_image","twitter_misc":{"Ber\u00e4knad l\u00e4stid":"1 minut"},"schema":{"@context":"https:\/\/schema.org","@graph":[{"@type":"WebPage","@id":"https:\/\/truusk.store\/sv\/produkt\/truusk-smadjursbur-i-grantra-inklusive-tillbehor-och-drickskalar-100-x-50-x-50-cm-natur\/","url":"https:\/\/truusk.store\/sv\/produkt\/truusk-smadjursbur-i-grantra-inklusive-tillbehor-och-drickskalar-100-x-50-x-50-cm-natur\/","name":"TRUUSK Sm\u00e5djursbur i Grantr\u00e4 - Inklusive Tillbeh\u00f6r och Dricksk\u00e5lar - 100 x 50 x 50 cm - Natur - TRUUSK - Hem, Tr\u00e4dg\u00e5rd &amp; Fritid","isPartOf":{"@id":"https:\/\/truusk.store\/sv\/#website"},"primaryImageOfPage":{"@id":"https:\/\/truusk.store\/sv\/produkt\/truusk-smadjursbur-i-grantra-inklusive-tillbehor-och-drickskalar-100-x-50-x-50-cm-natur\/#primaryimage"},"image":{"@id":"https:\/\/truusk.store\/sv\/produkt\/truusk-smadjursbur-i-grantra-inklusive-tillbehor-och-drickskalar-100-x-50-x-50-cm-natur\/#primaryimage"},"thumbnailUrl":"https:\/\/i0.wp.com\/truusk.store\/wp-content\/uploads\/2024\/02\/smadjursbur-gnagbur-grantra-inklusive-tillbehor-och-drickskalar-100-x-50-x-50-cm-natur.webp?fit=800%2C800&ssl=1","datePublished":"2024-02-29T07:40:10+00:00","dateModified":"2026-03-12T08:38:22+00:00","breadcrumb":{"@id":"https:\/\/truusk.store\/sv\/produkt\/truusk-smadjursbur-i-grantra-inklusive-tillbehor-och-drickskalar-100-x-50-x-50-cm-natur\/#breadcrumb"},"inLanguage":"sv-SE","potentialAction":[{"@type":"ReadAction","target":["https:\/\/truusk.store\/sv\/produkt\/truusk-smadjursbur-i-grantra-inklusive-tillbehor-och-drickskalar-100-x-50-x-50-cm-natur\/"]}]},{"@type":"ImageObject","inLanguage":"sv-SE","@id":"https:\/\/truusk.store\/sv\/produkt\/truusk-smadjursbur-i-grantra-inklusive-tillbehor-och-drickskalar-100-x-50-x-50-cm-natur\/#primaryimage","url":"https:\/\/i0.wp.com\/truusk.store\/wp-content\/uploads\/2024\/02\/smadjursbur-gnagbur-grantra-inklusive-tillbehor-och-drickskalar-100-x-50-x-50-cm-natur.webp?fit=800%2C800&ssl=1","contentUrl":"https:\/\/i0.wp.com\/truusk.store\/wp-content\/uploads\/2024\/02\/smadjursbur-gnagbur-grantra-inklusive-tillbehor-och-drickskalar-100-x-50-x-50-cm-natur.webp?fit=800%2C800&ssl=1","width":800,"height":800,"caption":"Sm\u00e5djursbur, Gnagbur, Grantr\u00e4, Inklusive Tillbeh\u00f6r Och Dricksk\u00e5lar, 100 X 50 X 50 Cm, Natur 1"},{"@type":"BreadcrumbList","@id":"https:\/\/truusk.store\/sv\/produkt\/truusk-smadjursbur-i-grantra-inklusive-tillbehor-och-drickskalar-100-x-50-x-50-cm-natur\/#breadcrumb","itemListElement":[{"@type":"ListItem","position":1,"name":"Home","item":"https:\/\/truusk.store\/sv\/"},{"@type":"ListItem","position":2,"name":"Shop","item":"https:\/\/truusk.store\/shop\/"},{"@type":"ListItem","position":3,"name":"TRUUSK Sm\u00e5djursbur i Grantr\u00e4 &#8211; Inklusive Tillbeh\u00f6r och Dricksk\u00e5lar &#8211; 100 x 50 x 50 cm &#8211; Natur"}]},{"@type":"WebSite","@id":"https:\/\/truusk.store\/sv\/#website","url":"https:\/\/truusk.store\/sv\/","name":"TRUUSK - Hem, Tr\u00e4dg\u00e5rd & Fritid","description":"","publisher":{"@id":"https:\/\/truusk.store\/sv\/#organization"},"potentialAction":[{"@type":"SearchAction","target":{"@type":"EntryPoint","urlTemplate":"https:\/\/truusk.store\/sv\/?s={search_term_string}"},"query-input":{"@type":"PropertyValueSpecification","valueRequired":true,"valueName":"search_term_string"}}],"inLanguage":"sv-SE"},{"@type":"Organization","@id":"https:\/\/truusk.store\/sv\/#organization","name":"TRUUSK - Hem, Tr\u00e4dg\u00e5rd & Fritid","url":"https:\/\/truusk.store\/sv\/","logo":{"@type":"ImageObject","inLanguage":"sv-SE","@id":"https:\/\/truusk.store\/sv\/#\/schema\/logo\/image\/","url":"https:\/\/i0.wp.com\/truusk.store\/wp-content\/uploads\/2026\/03\/cropped-TRUUSK.png?fit=2032%2C917&ssl=1","contentUrl":"https:\/\/i0.wp.com\/truusk.store\/wp-content\/uploads\/2026\/03\/cropped-TRUUSK.png?fit=2032%2C917&ssl=1","width":2032,"height":917,"caption":"TRUUSK - Hem, Tr\u00e4dg\u00e5rd & Fritid"},"image":{"@id":"https:\/\/truusk.store\/sv\/#\/schema\/logo\/image\/"}}]}},"jetpack_sharing_enabled":true,"_links":{"self":[{"href":"https:\/\/truusk.store\/sv\/wp-json\/wp\/v2\/product\/49917","targetHints":{"allow":["GET"]}}],"collection":[{"href":"https:\/\/truusk.store\/sv\/wp-json\/wp\/v2\/product"}],"about":[{"href":"https:\/\/truusk.store\/sv\/wp-json\/wp\/v2\/types\/product"}],"wp:featuredmedia":[{"embeddable":true,"href":"https:\/\/truusk.store\/sv\/wp-json\/wp\/v2\/media\/49918"}],"wp:attachment":[{"href":"https:\/\/truusk.store\/sv\/wp-json\/wp\/v2\/media?parent=49917"}],"wp:term":[{"taxonomy":"product_brand","embeddable":true,"href":"https:\/\/truusk.store\/sv\/wp-json\/wp\/v2\/product_brand?post=49917"},{"taxonomy":"product_cat","embeddable":true,"href":"https:\/\/truusk.store\/sv\/wp-json\/wp\/v2\/product_cat?post=49917"},{"taxonomy":"product_tag","embeddable":true,"href":"https:\/\/truusk.store\/sv\/wp-json\/wp\/v2\/product_tag?post=49917"}],"curies":[{"name":"wp","href":"https:\/\/api.w.org\/{rel}","templated":true}]}}