{"id":49978,"date":"2024-02-29T09:40:09","date_gmt":"2024-02-29T08:40:09","guid":{"rendered":"https:\/\/truusk.store\/product\/tradgardsbord-utomhusbord-utomhus-loungebord-vaderbestandigt-190-x-90-x-74-cm-svart\/"},"modified":"2026-03-12T09:12:38","modified_gmt":"2026-03-12T08:12:38","slug":"truusk-tradgardsbord-utomhus-loungebord-vaderbestandigt-190-x-90-x-74-cm-svart","status":"publish","type":"product","link":"https:\/\/truusk.store\/sv\/produkt\/truusk-tradgardsbord-utomhus-loungebord-vaderbestandigt-190-x-90-x-74-cm-svart\/","title":{"rendered":"TRUUSK Tr\u00e4dg\u00e5rdsbord Utomhus Loungebord &#8211; V\u00e4derbest\u00e4ndigt &#8211; 190 x 90 x 74 cm &#8211; Svart"},"content":{"rendered":"<p>Servera middag och sitta \u00e5tta personer med . Oavsett om det \u00e4r p\u00e5 uteplatsen, verandan, poolen eller annan plats utomhus \u00e4r detta uteplatsbord redo att anv\u00e4ndas. Oroa dig inte f\u00f6r spilld mj\u00f6lk. Den \u00e4r gjord av HDPE, ett material som kombinerar den rustika stilen av tr\u00e4 med en vattent\u00e4t design och en avtorkningsbar yta. V\u00e5rt tr\u00e4dg\u00e5rdsbord \u00e4r perfekt f\u00f6r middag, drinkar, afternoon tea eller kaffe p\u00e5 balkongen.<\/p>\n<h3>Beskrivning:<\/h3>\n<ul>\n<li>Terrassbord f\u00f6r \u00e5tta personer<\/li>\n<li>HDPE med vattent\u00e4t, avtorkningsbar yta<\/li>\n<li>Naturligt rustikt utseende med en tr\u00e4liknande yta<\/li>\n<li>L\u00e4tt, stabil aluminiumram f\u00f6r utomhusbruk<\/li>\n<li>Justerbara halkskyddsf\u00f6tter p\u00e5 uteplatsbordet f\u00f6r s\u00e4kert fotf\u00e4ste<\/li>\n<li>Montering kr\u00e4vs<\/li>\n<\/ul>\n<h3>Teknisk data:<\/h3>\n<ul>\n<li>Svart f\u00e4rg<\/li>\n<li>Material: aluminium, plast<\/li>\n<li>Totalstorlek: 190L x 90W x 74H cm<\/li>\n<li>Tjocklek p\u00e5 varje spj\u00e4l: 1,2 cm<\/li>\n<li>Lastkapacitet: 50 kg<\/li>\n<\/ul>\n<h3>Leveransens omfattning:<\/h3>\n<ul>\n<li>1 x tr\u00e4dg\u00e5rdsbord<\/li>\n<li>1 x Instruktioner<\/li>\n<\/ul>\n","protected":false},"excerpt":{"rendered":"<p>Servera middag och sitta \u00e5tta personer med . Oavsett om det \u00e4r p\u00e5 uteplatsen, verandan, poolen eller annan plats utomhus&#8230;<\/p>\n","protected":false},"featured_media":49979,"template":"","meta":[],"product_brand":[],"product_cat":[435,457,450],"product_tag":[],"class_list":{"0":"post-49978","1":"product","2":"type-product","3":"status-publish","4":"has-post-thumbnail","6":"product_cat-tradgard-och-terrass","7":"product_cat-tradgardsbord","8":"product_cat-tradgardsmobler","10":"first","11":"instock","12":"sale","13":"taxable","14":"shipping-taxable","15":"purchasable","16":"product-type-simple"},"yoast_head":"<!-- This site is optimized with the Yoast SEO plugin v25.4 - https:\/\/yoast.com\/wordpress\/plugins\/seo\/ -->\n<title>TRUUSK Tr\u00e4dg\u00e5rdsbord Utomhus Loungebord - V\u00e4derbest\u00e4ndigt - 190 x 90 x 74 cm - Svart - TRUUSK - Hem, Tr\u00e4dg\u00e5rd &amp; Fritid<\/title>\n<meta name=\"robots\" content=\"index, follow, max-snippet:-1, max-image-preview:large, max-video-preview:-1\" \/>\n<link rel=\"canonical\" href=\"https:\/\/truusk.store\/sv\/produkt\/truusk-tradgardsbord-utomhus-loungebord-vaderbestandigt-190-x-90-x-74-cm-svart\/\" \/>\n<meta property=\"og:locale\" content=\"sv_SE\" \/>\n<meta property=\"og:type\" content=\"article\" \/>\n<meta property=\"og:title\" content=\"TRUUSK Tr\u00e4dg\u00e5rdsbord Utomhus Loungebord - V\u00e4derbest\u00e4ndigt - 190 x 90 x 74 cm - Svart - TRUUSK - Hem, Tr\u00e4dg\u00e5rd &amp; Fritid\" \/>\n<meta property=\"og:description\" content=\"Servera middag och sitta \u00e5tta personer med . Oavsett om det \u00e4r p\u00e5 uteplatsen, verandan, poolen eller annan plats utomhus...\" \/>\n<meta property=\"og:url\" content=\"https:\/\/truusk.store\/sv\/produkt\/truusk-tradgardsbord-utomhus-loungebord-vaderbestandigt-190-x-90-x-74-cm-svart\/\" \/>\n<meta property=\"og:site_name\" content=\"TRUUSK - Hem, Tr\u00e4dg\u00e5rd &amp; Fritid\" \/>\n<meta property=\"article:modified_time\" content=\"2026-03-12T08:12:38+00:00\" \/>\n<meta property=\"og:image\" content=\"https:\/\/i0.wp.com\/truusk.se\/wp-content\/uploads\/2024\/02\/tradgardsbord-utomhusbord-utomhus-loungebord-vaderbestandigt-190-x-90-x-74-cm-svart.webp?fit=800%2C800&ssl=1\" \/>\n\t<meta property=\"og:image:width\" content=\"800\" \/>\n\t<meta property=\"og:image:height\" content=\"800\" \/>\n\t<meta property=\"og:image:type\" content=\"image\/webp\" \/>\n<meta name=\"twitter:card\" content=\"summary_large_image\" \/>\n<meta name=\"twitter:label1\" content=\"Ber\u00e4knad l\u00e4stid\" \/>\n\t<meta name=\"twitter:data1\" content=\"1 minut\" \/>\n<!-- \/ Yoast SEO plugin. -->","yoast_head_json":{"title":"TRUUSK Tr\u00e4dg\u00e5rdsbord Utomhus Loungebord - V\u00e4derbest\u00e4ndigt - 190 x 90 x 74 cm - Svart - TRUUSK - Hem, Tr\u00e4dg\u00e5rd &amp; Fritid","robots":{"index":"index","follow":"follow","max-snippet":"max-snippet:-1","max-image-preview":"max-image-preview:large","max-video-preview":"max-video-preview:-1"},"canonical":"https:\/\/truusk.store\/sv\/produkt\/truusk-tradgardsbord-utomhus-loungebord-vaderbestandigt-190-x-90-x-74-cm-svart\/","og_locale":"sv_SE","og_type":"article","og_title":"TRUUSK Tr\u00e4dg\u00e5rdsbord Utomhus Loungebord - V\u00e4derbest\u00e4ndigt - 190 x 90 x 74 cm - Svart - TRUUSK - Hem, Tr\u00e4dg\u00e5rd &amp; Fritid","og_description":"Servera middag och sitta \u00e5tta personer med . Oavsett om det \u00e4r p\u00e5 uteplatsen, verandan, poolen eller annan plats utomhus...","og_url":"https:\/\/truusk.store\/sv\/produkt\/truusk-tradgardsbord-utomhus-loungebord-vaderbestandigt-190-x-90-x-74-cm-svart\/","og_site_name":"TRUUSK - Hem, Tr\u00e4dg\u00e5rd &amp; Fritid","article_modified_time":"2026-03-12T08:12:38+00:00","og_image":[{"width":800,"height":800,"url":"https:\/\/i0.wp.com\/truusk.se\/wp-content\/uploads\/2024\/02\/tradgardsbord-utomhusbord-utomhus-loungebord-vaderbestandigt-190-x-90-x-74-cm-svart.webp?fit=800%2C800&ssl=1","type":"image\/webp"}],"twitter_card":"summary_large_image","twitter_misc":{"Ber\u00e4knad l\u00e4stid":"1 minut"},"schema":{"@context":"https:\/\/schema.org","@graph":[{"@type":"WebPage","@id":"https:\/\/truusk.store\/sv\/produkt\/truusk-tradgardsbord-utomhus-loungebord-vaderbestandigt-190-x-90-x-74-cm-svart\/","url":"https:\/\/truusk.store\/sv\/produkt\/truusk-tradgardsbord-utomhus-loungebord-vaderbestandigt-190-x-90-x-74-cm-svart\/","name":"TRUUSK Tr\u00e4dg\u00e5rdsbord Utomhus Loungebord - V\u00e4derbest\u00e4ndigt - 190 x 90 x 74 cm - Svart - TRUUSK - Hem, Tr\u00e4dg\u00e5rd &amp; Fritid","isPartOf":{"@id":"https:\/\/truusk.store\/sv\/#website"},"primaryImageOfPage":{"@id":"https:\/\/truusk.store\/sv\/produkt\/truusk-tradgardsbord-utomhus-loungebord-vaderbestandigt-190-x-90-x-74-cm-svart\/#primaryimage"},"image":{"@id":"https:\/\/truusk.store\/sv\/produkt\/truusk-tradgardsbord-utomhus-loungebord-vaderbestandigt-190-x-90-x-74-cm-svart\/#primaryimage"},"thumbnailUrl":"https:\/\/i0.wp.com\/truusk.store\/wp-content\/uploads\/2024\/02\/tradgardsbord-utomhusbord-utomhus-loungebord-vaderbestandigt-190-x-90-x-74-cm-svart.webp?fit=800%2C800&ssl=1","datePublished":"2024-02-29T08:40:09+00:00","dateModified":"2026-03-12T08:12:38+00:00","breadcrumb":{"@id":"https:\/\/truusk.store\/sv\/produkt\/truusk-tradgardsbord-utomhus-loungebord-vaderbestandigt-190-x-90-x-74-cm-svart\/#breadcrumb"},"inLanguage":"sv-SE","potentialAction":[{"@type":"ReadAction","target":["https:\/\/truusk.store\/sv\/produkt\/truusk-tradgardsbord-utomhus-loungebord-vaderbestandigt-190-x-90-x-74-cm-svart\/"]}]},{"@type":"ImageObject","inLanguage":"sv-SE","@id":"https:\/\/truusk.store\/sv\/produkt\/truusk-tradgardsbord-utomhus-loungebord-vaderbestandigt-190-x-90-x-74-cm-svart\/#primaryimage","url":"https:\/\/i0.wp.com\/truusk.store\/wp-content\/uploads\/2024\/02\/tradgardsbord-utomhusbord-utomhus-loungebord-vaderbestandigt-190-x-90-x-74-cm-svart.webp?fit=800%2C800&ssl=1","contentUrl":"https:\/\/i0.wp.com\/truusk.store\/wp-content\/uploads\/2024\/02\/tradgardsbord-utomhusbord-utomhus-loungebord-vaderbestandigt-190-x-90-x-74-cm-svart.webp?fit=800%2C800&ssl=1","width":800,"height":800,"caption":"Tr\u00e4dg\u00e5rdsbord Utomhusbord Utomhus Loungebord, V\u00e4derbest\u00e4ndigt, 190 X 90 X 74 Cm, Svart 1"},{"@type":"BreadcrumbList","@id":"https:\/\/truusk.store\/sv\/produkt\/truusk-tradgardsbord-utomhus-loungebord-vaderbestandigt-190-x-90-x-74-cm-svart\/#breadcrumb","itemListElement":[{"@type":"ListItem","position":1,"name":"Home","item":"https:\/\/truusk.store\/sv\/"},{"@type":"ListItem","position":2,"name":"Shop","item":"https:\/\/truusk.store\/shop\/"},{"@type":"ListItem","position":3,"name":"TRUUSK Tr\u00e4dg\u00e5rdsbord Utomhus Loungebord &#8211; V\u00e4derbest\u00e4ndigt &#8211; 190 x 90 x 74 cm &#8211; Svart"}]},{"@type":"WebSite","@id":"https:\/\/truusk.store\/sv\/#website","url":"https:\/\/truusk.store\/sv\/","name":"TRUUSK - Hem, Tr\u00e4dg\u00e5rd & Fritid","description":"","publisher":{"@id":"https:\/\/truusk.store\/sv\/#organization"},"potentialAction":[{"@type":"SearchAction","target":{"@type":"EntryPoint","urlTemplate":"https:\/\/truusk.store\/sv\/?s={search_term_string}"},"query-input":{"@type":"PropertyValueSpecification","valueRequired":true,"valueName":"search_term_string"}}],"inLanguage":"sv-SE"},{"@type":"Organization","@id":"https:\/\/truusk.store\/sv\/#organization","name":"TRUUSK - Hem, Tr\u00e4dg\u00e5rd & Fritid","url":"https:\/\/truusk.store\/sv\/","logo":{"@type":"ImageObject","inLanguage":"sv-SE","@id":"https:\/\/truusk.store\/sv\/#\/schema\/logo\/image\/","url":"https:\/\/i0.wp.com\/truusk.store\/wp-content\/uploads\/2026\/03\/cropped-TRUUSK.png?fit=2032%2C917&ssl=1","contentUrl":"https:\/\/i0.wp.com\/truusk.store\/wp-content\/uploads\/2026\/03\/cropped-TRUUSK.png?fit=2032%2C917&ssl=1","width":2032,"height":917,"caption":"TRUUSK - Hem, Tr\u00e4dg\u00e5rd & Fritid"},"image":{"@id":"https:\/\/truusk.store\/sv\/#\/schema\/logo\/image\/"}}]}},"jetpack_sharing_enabled":true,"_links":{"self":[{"href":"https:\/\/truusk.store\/sv\/wp-json\/wp\/v2\/product\/49978","targetHints":{"allow":["GET"]}}],"collection":[{"href":"https:\/\/truusk.store\/sv\/wp-json\/wp\/v2\/product"}],"about":[{"href":"https:\/\/truusk.store\/sv\/wp-json\/wp\/v2\/types\/product"}],"wp:featuredmedia":[{"embeddable":true,"href":"https:\/\/truusk.store\/sv\/wp-json\/wp\/v2\/media\/49979"}],"wp:attachment":[{"href":"https:\/\/truusk.store\/sv\/wp-json\/wp\/v2\/media?parent=49978"}],"wp:term":[{"taxonomy":"product_brand","embeddable":true,"href":"https:\/\/truusk.store\/sv\/wp-json\/wp\/v2\/product_brand?post=49978"},{"taxonomy":"product_cat","embeddable":true,"href":"https:\/\/truusk.store\/sv\/wp-json\/wp\/v2\/product_cat?post=49978"},{"taxonomy":"product_tag","embeddable":true,"href":"https:\/\/truusk.store\/sv\/wp-json\/wp\/v2\/product_tag?post=49978"}],"curies":[{"name":"wp","href":"https:\/\/api.w.org\/{rel}","templated":true}]}}