{"id":49999,"date":"2024-02-29T10:00:10","date_gmt":"2024-02-29T09:00:10","guid":{"rendered":"https:\/\/truusk.store\/product\/kontorsstol-skrivbordsstol-chefsstol-justerbar-i-hojdled-vippfunktion-6-cm-x-75-cm-x-120-cm-gra\/"},"modified":"2026-03-12T09:38:18","modified_gmt":"2026-03-12T08:38:18","slug":"truusk-kontorsstol-skrivbordsstol-chefsstol-justerbar-i-hojdled-vippfunktion-gra-6-cm-x-75-cm-x-120-cm","status":"publish","type":"product","link":"https:\/\/truusk.store\/sv\/produkt\/truusk-kontorsstol-skrivbordsstol-chefsstol-justerbar-i-hojdled-vippfunktion-gra-6-cm-x-75-cm-x-120-cm\/","title":{"rendered":"TRUUSK Kontorsstol &#8211; Skrivbordsstol &#8211; Chefsstol &#8211; Justerbar i h\u00f6jdled &#8211; Vippfunktion &#8211; Gr\u00e5 &#8211; 6 cm x 75 cm x 120 cm"},"content":{"rendered":"<p>Det ergonomiskt vadderade ryggst\u00f6det och s\u00e4tet f\u00f6rhindrar sp\u00e4nningar i rygg och nacke och det andningsbara tyg\u00f6verdraget s\u00e4kerst\u00e4ller en bekv\u00e4m sittupplevelse. Det v\u00e4lformade ryggst\u00f6det p\u00e5 PC-stolen med vippmekanism \u00e4r stegl\u00f6st h\u00f6j- och s\u00e4nkbart och passar alla kroppsstorlekar upp till 135 kg. Smidigt l\u00f6pande hjul och en 360-graders vridbar sits p\u00e5 arbetsstolen s\u00e4kerst\u00e4ller r\u00f6rlighet p\u00e5 kontoret och g\u00f6r samarbetet \u00e4nnu bekv\u00e4mare.<\/p>\n<h3>Beskrivning:<\/h3>\n<ul>\n<li>H\u00f6gt, ergonomiskt format ryggst\u00f6d<\/li>\n<li>H\u00f6gkvalitativt linne-look f\u00f6r extra komfort<\/li>\n<li>Bekv\u00e4ma armst\u00f6d och skrivbordsstolens smidiga gungmekanism f\u00f6r avkoppling d\u00e4remellan<\/li>\n<li>Tjockt vadderad sits och ryggst\u00f6d p\u00e5 skrivbordsstolen<\/li>\n<li>H\u00f6jdjusterbar och b\u00e4rande upp till 135 kg: l\u00e4mplig f\u00f6r olika kroppsstorlekar<\/li>\n<li>5 mjukt l\u00f6pande universalhjul och 360 vridbart s\u00e4te p\u00e5 kontorsstolen f\u00f6r mer flexibilitet<\/li>\n<li>Modern design, h\u00f6g kvalitet: perfekt f\u00f6r dagligt kontorsbruk eller hemma<\/li>\n<li>Snabb och enkel installation<\/li>\n<\/ul>\n<h3>Teknisk data:<\/h3>\n<ul>\n<li>Material: skum, polyester, plast<\/li>\n<li>F\u00e4rg gr\u00e5<\/li>\n<li>\u00d6vergripande m\u00e5tt: 66L x 75W x 110120H cm<\/li>\n<li>Sittm\u00e5tt: 51W x 53D cm<\/li>\n<li>Sitth\u00f6jd: 45-56 cm<\/li>\n<li>Max lastkapacitet: 135 kg<\/li>\n<\/ul>\n<h3>Leveransens omfattning:<\/h3>\n<ul>\n<li>1 x Kontorsstol<\/li>\n<li>1 x Monteringsanvisning<\/li>\n<\/ul>\n","protected":false},"excerpt":{"rendered":"<p>Det ergonomiskt vadderade ryggst\u00f6det och s\u00e4tet f\u00f6rhindrar sp\u00e4nningar i rygg och nacke och det andningsbara tyg\u00f6verdraget s\u00e4kerst\u00e4ller en bekv\u00e4m sittupplevelse&#8230;.<\/p>\n","protected":false},"featured_media":50000,"template":"","meta":[],"product_brand":[],"product_cat":[485,516,515],"product_tag":[],"class_list":{"0":"post-49999","1":"product","2":"type-product","3":"status-publish","4":"has-post-thumbnail","6":"product_cat-hus-bo","7":"product_cat-kontorsstolar","8":"product_cat-stolar","10":"first","11":"instock","12":"sale","13":"taxable","14":"shipping-taxable","15":"purchasable","16":"product-type-simple"},"yoast_head":"<!-- This site is optimized with the Yoast SEO plugin v25.4 - https:\/\/yoast.com\/wordpress\/plugins\/seo\/ -->\n<title>TRUUSK Kontorsstol - Skrivbordsstol - Chefsstol - Justerbar i h\u00f6jdled - Vippfunktion - Gr\u00e5 - 6 cm x 75 cm x 120 cm - TRUUSK - Hem, Tr\u00e4dg\u00e5rd &amp; Fritid<\/title>\n<meta name=\"robots\" content=\"index, follow, max-snippet:-1, max-image-preview:large, max-video-preview:-1\" \/>\n<link rel=\"canonical\" href=\"https:\/\/truusk.store\/sv\/produkt\/truusk-kontorsstol-skrivbordsstol-chefsstol-justerbar-i-hojdled-vippfunktion-gra-6-cm-x-75-cm-x-120-cm\/\" \/>\n<meta property=\"og:locale\" content=\"sv_SE\" \/>\n<meta property=\"og:type\" content=\"article\" \/>\n<meta property=\"og:title\" content=\"TRUUSK Kontorsstol - Skrivbordsstol - Chefsstol - Justerbar i h\u00f6jdled - Vippfunktion - Gr\u00e5 - 6 cm x 75 cm x 120 cm - TRUUSK - Hem, Tr\u00e4dg\u00e5rd &amp; Fritid\" \/>\n<meta property=\"og:description\" content=\"Det ergonomiskt vadderade ryggst\u00f6det och s\u00e4tet f\u00f6rhindrar sp\u00e4nningar i rygg och nacke och det andningsbara tyg\u00f6verdraget s\u00e4kerst\u00e4ller en bekv\u00e4m sittupplevelse....\" \/>\n<meta property=\"og:url\" content=\"https:\/\/truusk.store\/sv\/produkt\/truusk-kontorsstol-skrivbordsstol-chefsstol-justerbar-i-hojdled-vippfunktion-gra-6-cm-x-75-cm-x-120-cm\/\" \/>\n<meta property=\"og:site_name\" content=\"TRUUSK - Hem, Tr\u00e4dg\u00e5rd &amp; Fritid\" \/>\n<meta property=\"article:modified_time\" content=\"2026-03-12T08:38:18+00:00\" \/>\n<meta property=\"og:image\" content=\"https:\/\/i0.wp.com\/truusk.se\/wp-content\/uploads\/2024\/02\/kontorsstol-skrivbordsstol-chefsstol-justerbar-i-hojdled-vippfunktion-6-cm-x-75-cm-x-120-cm-gra.webp?fit=800%2C800&ssl=1\" \/>\n\t<meta property=\"og:image:width\" content=\"800\" \/>\n\t<meta property=\"og:image:height\" content=\"800\" \/>\n\t<meta property=\"og:image:type\" content=\"image\/webp\" \/>\n<meta name=\"twitter:card\" content=\"summary_large_image\" \/>\n<meta name=\"twitter:label1\" content=\"Ber\u00e4knad l\u00e4stid\" \/>\n\t<meta name=\"twitter:data1\" content=\"1 minut\" \/>\n<!-- \/ Yoast SEO plugin. -->","yoast_head_json":{"title":"TRUUSK Kontorsstol - Skrivbordsstol - Chefsstol - Justerbar i h\u00f6jdled - Vippfunktion - Gr\u00e5 - 6 cm x 75 cm x 120 cm - TRUUSK - Hem, Tr\u00e4dg\u00e5rd &amp; Fritid","robots":{"index":"index","follow":"follow","max-snippet":"max-snippet:-1","max-image-preview":"max-image-preview:large","max-video-preview":"max-video-preview:-1"},"canonical":"https:\/\/truusk.store\/sv\/produkt\/truusk-kontorsstol-skrivbordsstol-chefsstol-justerbar-i-hojdled-vippfunktion-gra-6-cm-x-75-cm-x-120-cm\/","og_locale":"sv_SE","og_type":"article","og_title":"TRUUSK Kontorsstol - Skrivbordsstol - Chefsstol - Justerbar i h\u00f6jdled - Vippfunktion - Gr\u00e5 - 6 cm x 75 cm x 120 cm - TRUUSK - Hem, Tr\u00e4dg\u00e5rd &amp; Fritid","og_description":"Det ergonomiskt vadderade ryggst\u00f6det och s\u00e4tet f\u00f6rhindrar sp\u00e4nningar i rygg och nacke och det andningsbara tyg\u00f6verdraget s\u00e4kerst\u00e4ller en bekv\u00e4m sittupplevelse....","og_url":"https:\/\/truusk.store\/sv\/produkt\/truusk-kontorsstol-skrivbordsstol-chefsstol-justerbar-i-hojdled-vippfunktion-gra-6-cm-x-75-cm-x-120-cm\/","og_site_name":"TRUUSK - Hem, Tr\u00e4dg\u00e5rd &amp; Fritid","article_modified_time":"2026-03-12T08:38:18+00:00","og_image":[{"width":800,"height":800,"url":"https:\/\/i0.wp.com\/truusk.se\/wp-content\/uploads\/2024\/02\/kontorsstol-skrivbordsstol-chefsstol-justerbar-i-hojdled-vippfunktion-6-cm-x-75-cm-x-120-cm-gra.webp?fit=800%2C800&ssl=1","type":"image\/webp"}],"twitter_card":"summary_large_image","twitter_misc":{"Ber\u00e4knad l\u00e4stid":"1 minut"},"schema":{"@context":"https:\/\/schema.org","@graph":[{"@type":"WebPage","@id":"https:\/\/truusk.store\/sv\/produkt\/truusk-kontorsstol-skrivbordsstol-chefsstol-justerbar-i-hojdled-vippfunktion-gra-6-cm-x-75-cm-x-120-cm\/","url":"https:\/\/truusk.store\/sv\/produkt\/truusk-kontorsstol-skrivbordsstol-chefsstol-justerbar-i-hojdled-vippfunktion-gra-6-cm-x-75-cm-x-120-cm\/","name":"TRUUSK Kontorsstol - Skrivbordsstol - Chefsstol - Justerbar i h\u00f6jdled - Vippfunktion - Gr\u00e5 - 6 cm x 75 cm x 120 cm - TRUUSK - Hem, Tr\u00e4dg\u00e5rd &amp; Fritid","isPartOf":{"@id":"https:\/\/truusk.store\/sv\/#website"},"primaryImageOfPage":{"@id":"https:\/\/truusk.store\/sv\/produkt\/truusk-kontorsstol-skrivbordsstol-chefsstol-justerbar-i-hojdled-vippfunktion-gra-6-cm-x-75-cm-x-120-cm\/#primaryimage"},"image":{"@id":"https:\/\/truusk.store\/sv\/produkt\/truusk-kontorsstol-skrivbordsstol-chefsstol-justerbar-i-hojdled-vippfunktion-gra-6-cm-x-75-cm-x-120-cm\/#primaryimage"},"thumbnailUrl":"https:\/\/i0.wp.com\/truusk.store\/wp-content\/uploads\/2024\/02\/kontorsstol-skrivbordsstol-chefsstol-justerbar-i-hojdled-vippfunktion-6-cm-x-75-cm-x-120-cm-gra.webp?fit=800%2C800&ssl=1","datePublished":"2024-02-29T09:00:10+00:00","dateModified":"2026-03-12T08:38:18+00:00","breadcrumb":{"@id":"https:\/\/truusk.store\/sv\/produkt\/truusk-kontorsstol-skrivbordsstol-chefsstol-justerbar-i-hojdled-vippfunktion-gra-6-cm-x-75-cm-x-120-cm\/#breadcrumb"},"inLanguage":"sv-SE","potentialAction":[{"@type":"ReadAction","target":["https:\/\/truusk.store\/sv\/produkt\/truusk-kontorsstol-skrivbordsstol-chefsstol-justerbar-i-hojdled-vippfunktion-gra-6-cm-x-75-cm-x-120-cm\/"]}]},{"@type":"ImageObject","inLanguage":"sv-SE","@id":"https:\/\/truusk.store\/sv\/produkt\/truusk-kontorsstol-skrivbordsstol-chefsstol-justerbar-i-hojdled-vippfunktion-gra-6-cm-x-75-cm-x-120-cm\/#primaryimage","url":"https:\/\/i0.wp.com\/truusk.store\/wp-content\/uploads\/2024\/02\/kontorsstol-skrivbordsstol-chefsstol-justerbar-i-hojdled-vippfunktion-6-cm-x-75-cm-x-120-cm-gra.webp?fit=800%2C800&ssl=1","contentUrl":"https:\/\/i0.wp.com\/truusk.store\/wp-content\/uploads\/2024\/02\/kontorsstol-skrivbordsstol-chefsstol-justerbar-i-hojdled-vippfunktion-6-cm-x-75-cm-x-120-cm-gra.webp?fit=800%2C800&ssl=1","width":800,"height":800,"caption":"Kontorsstol, Skrivbordsstol, Chefsstol, Justerbar I H\u00f6jdled, Vippfunktion, 6 Cm X 75 Cm X 120 Cm, Gr\u00e5 1"},{"@type":"BreadcrumbList","@id":"https:\/\/truusk.store\/sv\/produkt\/truusk-kontorsstol-skrivbordsstol-chefsstol-justerbar-i-hojdled-vippfunktion-gra-6-cm-x-75-cm-x-120-cm\/#breadcrumb","itemListElement":[{"@type":"ListItem","position":1,"name":"Home","item":"https:\/\/truusk.store\/sv\/"},{"@type":"ListItem","position":2,"name":"Shop","item":"https:\/\/truusk.store\/shop\/"},{"@type":"ListItem","position":3,"name":"TRUUSK Kontorsstol &#8211; Skrivbordsstol &#8211; Chefsstol &#8211; Justerbar i h\u00f6jdled &#8211; Vippfunktion &#8211; Gr\u00e5 &#8211; 6 cm x 75 cm x 120 cm"}]},{"@type":"WebSite","@id":"https:\/\/truusk.store\/sv\/#website","url":"https:\/\/truusk.store\/sv\/","name":"TRUUSK - Hem, Tr\u00e4dg\u00e5rd & Fritid","description":"","publisher":{"@id":"https:\/\/truusk.store\/sv\/#organization"},"potentialAction":[{"@type":"SearchAction","target":{"@type":"EntryPoint","urlTemplate":"https:\/\/truusk.store\/sv\/?s={search_term_string}"},"query-input":{"@type":"PropertyValueSpecification","valueRequired":true,"valueName":"search_term_string"}}],"inLanguage":"sv-SE"},{"@type":"Organization","@id":"https:\/\/truusk.store\/sv\/#organization","name":"TRUUSK - Hem, Tr\u00e4dg\u00e5rd & Fritid","url":"https:\/\/truusk.store\/sv\/","logo":{"@type":"ImageObject","inLanguage":"sv-SE","@id":"https:\/\/truusk.store\/sv\/#\/schema\/logo\/image\/","url":"https:\/\/i0.wp.com\/truusk.store\/wp-content\/uploads\/2026\/03\/cropped-TRUUSK.png?fit=2032%2C917&ssl=1","contentUrl":"https:\/\/i0.wp.com\/truusk.store\/wp-content\/uploads\/2026\/03\/cropped-TRUUSK.png?fit=2032%2C917&ssl=1","width":2032,"height":917,"caption":"TRUUSK - Hem, Tr\u00e4dg\u00e5rd & Fritid"},"image":{"@id":"https:\/\/truusk.store\/sv\/#\/schema\/logo\/image\/"}}]}},"jetpack_sharing_enabled":true,"_links":{"self":[{"href":"https:\/\/truusk.store\/sv\/wp-json\/wp\/v2\/product\/49999","targetHints":{"allow":["GET"]}}],"collection":[{"href":"https:\/\/truusk.store\/sv\/wp-json\/wp\/v2\/product"}],"about":[{"href":"https:\/\/truusk.store\/sv\/wp-json\/wp\/v2\/types\/product"}],"wp:featuredmedia":[{"embeddable":true,"href":"https:\/\/truusk.store\/sv\/wp-json\/wp\/v2\/media\/50000"}],"wp:attachment":[{"href":"https:\/\/truusk.store\/sv\/wp-json\/wp\/v2\/media?parent=49999"}],"wp:term":[{"taxonomy":"product_brand","embeddable":true,"href":"https:\/\/truusk.store\/sv\/wp-json\/wp\/v2\/product_brand?post=49999"},{"taxonomy":"product_cat","embeddable":true,"href":"https:\/\/truusk.store\/sv\/wp-json\/wp\/v2\/product_cat?post=49999"},{"taxonomy":"product_tag","embeddable":true,"href":"https:\/\/truusk.store\/sv\/wp-json\/wp\/v2\/product_tag?post=49999"}],"curies":[{"name":"wp","href":"https:\/\/api.w.org\/{rel}","templated":true}]}}