{"id":50010,"date":"2024-02-29T10:10:09","date_gmt":"2024-02-29T09:10:09","guid":{"rendered":"https:\/\/truusk.store\/product\/tradgardspaviljong-partytalt-paviljong-tradgardstalt-talttalt-klicksystem-90-g-m-pe-presenning-stal-vit-27-x-27-m\/"},"modified":"2026-03-12T09:24:18","modified_gmt":"2026-03-12T08:24:18","slug":"truusk-tradgardspaviljong-partytalt-med-klicksystem-pe-presenning-stalkonstruktion-vit-27-x-27-m","status":"publish","type":"product","link":"https:\/\/truusk.store\/sv\/produkt\/truusk-tradgardspaviljong-partytalt-med-klicksystem-pe-presenning-stalkonstruktion-vit-27-x-27-m\/","title":{"rendered":"TRUUSK Tr\u00e4dg\u00e5rdspaviljong &#8211; Partyt\u00e4lt Med Klicksystem &#8211; PE Presenning &#8211; St\u00e5lkonstruktion &#8211; Vit &#8211; 2,7 x 2,7 m"},"content":{"rendered":"<p>Njut av en h\u00e4ftig paus med v\u00e5r h\u00f6gkvalitativa tr\u00e4dg\u00e5rdspaviljong! Oavsett om du \u00e4r i tr\u00e4dg\u00e5rden, p\u00e5 campingen eller p\u00e5 en picknick &#8211; v\u00e5r paviljong erbjuder dig otroligt mycket skydd och komfort. Den robusta, pulverlackerade metallramen garanterar maximal stabilitet, medan det vattenavvisande taket skyddar dig fr\u00e5n sol och regn. V\u00e5r paviljong \u00e4r l\u00e4tt och l\u00e4tt att transportera och g\u00e5r \u00e4ven snabbt att s\u00e4tta upp och ta ner. Skapa en mysig relaxh\u00f6rna!<\/p>\n<h3>Beskrivning:<\/h3>\n<ul>\n<li>Klassisk paviljong av h\u00f6g kvalitet erbjuder behaglig skugga i tr\u00e4dg\u00e5rden eller vid evenemang<\/li>\n<li>Idealisk skuggig plats f\u00f6r festivaler, fester eller loppmarknader<\/li>\n<li>Kraftig ram av pulverlackerad metall: Robust och stabil, f\u00f6r l\u00e5ngvarigt skydd<\/li>\n<li>Tak av vattenavvisande polyeten (PE) skyddar p\u00e5litligt mot regn<\/li>\n<li>8 pinnar f\u00f6r s\u00e4ker f\u00f6rankring i marken och 4 f\u00e4stlinor ger extra stabilitet, \u00e4ven i bl\u00e5sigt v\u00e4der<\/li>\n<li>L\u00e4tt att transportera tack vare sin l\u00e5ga vikt, f\u00f6r flexibel anv\u00e4ndning p\u00e5 olika platser<\/li>\n<li>Snabb och enkel installation tack vare klicksystemet, vilket sparar tid och anstr\u00e4ngning<\/li>\n<li>OBSERVERA: Anv\u00e4nd inte i h\u00e5rt v\u00e4der eller stormar!<\/li>\n<\/ul>\n<h3>Teknisk data:<\/h3>\n<ul>\n<li>Material: st\u00e5l, polyeten (PE)<\/li>\n<li>F\u00e4rg vit<\/li>\n<li>\u00d6vergripande m\u00e5tt: 270L x 270W x 254H cm<\/li>\n<li>Frig\u00e5ngsh\u00f6jd: 200 cm<\/li>\n<li>Ram (tak): 18 mm<\/li>\n<li>Ram (st\u00f6d): 24 mm<\/li>\n<\/ul>\n<h3>Leveransens omfattning:<\/h3>\n<ul>\n<li>1 x lusthus (inkl. ram, koppling, PE-presenning, 8 x pinnar, 4 x f\u00e4strep)<\/li>\n<li>1 x Monteringsanvisning<\/li>\n<\/ul>\n","protected":false},"excerpt":{"rendered":"<p>Njut av en h\u00e4ftig paus med v\u00e5r h\u00f6gkvalitativa tr\u00e4dg\u00e5rdspaviljong! Oavsett om du \u00e4r i tr\u00e4dg\u00e5rden, p\u00e5 campingen eller p\u00e5 en&#8230;<\/p>\n","protected":false},"featured_media":50011,"template":"","meta":[],"product_brand":[],"product_cat":[477,435,476],"product_tag":[],"class_list":{"0":"post-50010","1":"product","2":"type-product","3":"status-publish","4":"has-post-thumbnail","6":"product_cat-paviljonger-partytalt","7":"product_cat-tradgard-och-terrass","8":"product_cat-tradgardspaviljonger","10":"first","11":"instock","12":"sale","13":"taxable","14":"shipping-taxable","15":"purchasable","16":"product-type-simple"},"yoast_head":"<!-- This site is optimized with the Yoast SEO plugin v25.4 - https:\/\/yoast.com\/wordpress\/plugins\/seo\/ -->\n<title>TRUUSK Tr\u00e4dg\u00e5rdspaviljong - Partyt\u00e4lt Med Klicksystem - PE Presenning - St\u00e5lkonstruktion - Vit - 2,7 x 2,7 m - TRUUSK - Hem, Tr\u00e4dg\u00e5rd &amp; Fritid<\/title>\n<meta name=\"robots\" content=\"index, follow, max-snippet:-1, max-image-preview:large, max-video-preview:-1\" \/>\n<link rel=\"canonical\" href=\"https:\/\/truusk.store\/sv\/produkt\/truusk-tradgardspaviljong-partytalt-med-klicksystem-pe-presenning-stalkonstruktion-vit-27-x-27-m\/\" \/>\n<meta property=\"og:locale\" content=\"sv_SE\" \/>\n<meta property=\"og:type\" content=\"article\" \/>\n<meta property=\"og:title\" content=\"TRUUSK Tr\u00e4dg\u00e5rdspaviljong - Partyt\u00e4lt Med Klicksystem - PE Presenning - St\u00e5lkonstruktion - Vit - 2,7 x 2,7 m - TRUUSK - Hem, Tr\u00e4dg\u00e5rd &amp; Fritid\" \/>\n<meta property=\"og:description\" content=\"Njut av en h\u00e4ftig paus med v\u00e5r h\u00f6gkvalitativa tr\u00e4dg\u00e5rdspaviljong! Oavsett om du \u00e4r i tr\u00e4dg\u00e5rden, p\u00e5 campingen eller p\u00e5 en...\" \/>\n<meta property=\"og:url\" content=\"https:\/\/truusk.store\/sv\/produkt\/truusk-tradgardspaviljong-partytalt-med-klicksystem-pe-presenning-stalkonstruktion-vit-27-x-27-m\/\" \/>\n<meta property=\"og:site_name\" content=\"TRUUSK - Hem, Tr\u00e4dg\u00e5rd &amp; Fritid\" \/>\n<meta property=\"article:modified_time\" content=\"2026-03-12T08:24:18+00:00\" \/>\n<meta property=\"og:image\" content=\"https:\/\/i0.wp.com\/truusk.se\/wp-content\/uploads\/2024\/02\/tradgardspaviljong-partytalt-paviljong-tradgardstalt-talttalt-klicksystem-90-g-m-pe-presenning-stal-vit-27-x-27-m.webp?fit=800%2C800&ssl=1\" \/>\n\t<meta property=\"og:image:width\" content=\"800\" \/>\n\t<meta property=\"og:image:height\" content=\"800\" \/>\n\t<meta property=\"og:image:type\" content=\"image\/webp\" \/>\n<meta name=\"twitter:card\" content=\"summary_large_image\" \/>\n<meta name=\"twitter:label1\" content=\"Ber\u00e4knad l\u00e4stid\" \/>\n\t<meta name=\"twitter:data1\" content=\"1 minut\" \/>\n<!-- \/ Yoast SEO plugin. -->","yoast_head_json":{"title":"TRUUSK Tr\u00e4dg\u00e5rdspaviljong - Partyt\u00e4lt Med Klicksystem - PE Presenning - St\u00e5lkonstruktion - Vit - 2,7 x 2,7 m - TRUUSK - Hem, Tr\u00e4dg\u00e5rd &amp; Fritid","robots":{"index":"index","follow":"follow","max-snippet":"max-snippet:-1","max-image-preview":"max-image-preview:large","max-video-preview":"max-video-preview:-1"},"canonical":"https:\/\/truusk.store\/sv\/produkt\/truusk-tradgardspaviljong-partytalt-med-klicksystem-pe-presenning-stalkonstruktion-vit-27-x-27-m\/","og_locale":"sv_SE","og_type":"article","og_title":"TRUUSK Tr\u00e4dg\u00e5rdspaviljong - Partyt\u00e4lt Med Klicksystem - PE Presenning - St\u00e5lkonstruktion - Vit - 2,7 x 2,7 m - TRUUSK - Hem, Tr\u00e4dg\u00e5rd &amp; Fritid","og_description":"Njut av en h\u00e4ftig paus med v\u00e5r h\u00f6gkvalitativa tr\u00e4dg\u00e5rdspaviljong! Oavsett om du \u00e4r i tr\u00e4dg\u00e5rden, p\u00e5 campingen eller p\u00e5 en...","og_url":"https:\/\/truusk.store\/sv\/produkt\/truusk-tradgardspaviljong-partytalt-med-klicksystem-pe-presenning-stalkonstruktion-vit-27-x-27-m\/","og_site_name":"TRUUSK - Hem, Tr\u00e4dg\u00e5rd &amp; Fritid","article_modified_time":"2026-03-12T08:24:18+00:00","og_image":[{"width":800,"height":800,"url":"https:\/\/i0.wp.com\/truusk.se\/wp-content\/uploads\/2024\/02\/tradgardspaviljong-partytalt-paviljong-tradgardstalt-talttalt-klicksystem-90-g-m-pe-presenning-stal-vit-27-x-27-m.webp?fit=800%2C800&ssl=1","type":"image\/webp"}],"twitter_card":"summary_large_image","twitter_misc":{"Ber\u00e4knad l\u00e4stid":"1 minut"},"schema":{"@context":"https:\/\/schema.org","@graph":[{"@type":"WebPage","@id":"https:\/\/truusk.store\/sv\/produkt\/truusk-tradgardspaviljong-partytalt-med-klicksystem-pe-presenning-stalkonstruktion-vit-27-x-27-m\/","url":"https:\/\/truusk.store\/sv\/produkt\/truusk-tradgardspaviljong-partytalt-med-klicksystem-pe-presenning-stalkonstruktion-vit-27-x-27-m\/","name":"TRUUSK Tr\u00e4dg\u00e5rdspaviljong - Partyt\u00e4lt Med Klicksystem - PE Presenning - St\u00e5lkonstruktion - Vit - 2,7 x 2,7 m - TRUUSK - Hem, Tr\u00e4dg\u00e5rd &amp; Fritid","isPartOf":{"@id":"https:\/\/truusk.store\/sv\/#website"},"primaryImageOfPage":{"@id":"https:\/\/truusk.store\/sv\/produkt\/truusk-tradgardspaviljong-partytalt-med-klicksystem-pe-presenning-stalkonstruktion-vit-27-x-27-m\/#primaryimage"},"image":{"@id":"https:\/\/truusk.store\/sv\/produkt\/truusk-tradgardspaviljong-partytalt-med-klicksystem-pe-presenning-stalkonstruktion-vit-27-x-27-m\/#primaryimage"},"thumbnailUrl":"https:\/\/i0.wp.com\/truusk.store\/wp-content\/uploads\/2024\/02\/tradgardspaviljong-partytalt-paviljong-tradgardstalt-talttalt-klicksystem-90-g-m-pe-presenning-stal-vit-27-x-27-m.webp?fit=800%2C800&ssl=1","datePublished":"2024-02-29T09:10:09+00:00","dateModified":"2026-03-12T08:24:18+00:00","breadcrumb":{"@id":"https:\/\/truusk.store\/sv\/produkt\/truusk-tradgardspaviljong-partytalt-med-klicksystem-pe-presenning-stalkonstruktion-vit-27-x-27-m\/#breadcrumb"},"inLanguage":"sv-SE","potentialAction":[{"@type":"ReadAction","target":["https:\/\/truusk.store\/sv\/produkt\/truusk-tradgardspaviljong-partytalt-med-klicksystem-pe-presenning-stalkonstruktion-vit-27-x-27-m\/"]}]},{"@type":"ImageObject","inLanguage":"sv-SE","@id":"https:\/\/truusk.store\/sv\/produkt\/truusk-tradgardspaviljong-partytalt-med-klicksystem-pe-presenning-stalkonstruktion-vit-27-x-27-m\/#primaryimage","url":"https:\/\/i0.wp.com\/truusk.store\/wp-content\/uploads\/2024\/02\/tradgardspaviljong-partytalt-paviljong-tradgardstalt-talttalt-klicksystem-90-g-m-pe-presenning-stal-vit-27-x-27-m.webp?fit=800%2C800&ssl=1","contentUrl":"https:\/\/i0.wp.com\/truusk.store\/wp-content\/uploads\/2024\/02\/tradgardspaviljong-partytalt-paviljong-tradgardstalt-talttalt-klicksystem-90-g-m-pe-presenning-stal-vit-27-x-27-m.webp?fit=800%2C800&ssl=1","width":800,"height":800,"caption":"Tr\u00e4dg\u00e5rdspaviljong Partyt\u00e4lt Paviljong Tr\u00e4dg\u00e5rdst\u00e4lt T\u00e4ltt\u00e4lt Klicksystem 90 G\/m PE Presenning St\u00e5l Vit 2,7 X 2,7 M 1"},{"@type":"BreadcrumbList","@id":"https:\/\/truusk.store\/sv\/produkt\/truusk-tradgardspaviljong-partytalt-med-klicksystem-pe-presenning-stalkonstruktion-vit-27-x-27-m\/#breadcrumb","itemListElement":[{"@type":"ListItem","position":1,"name":"Home","item":"https:\/\/truusk.store\/sv\/"},{"@type":"ListItem","position":2,"name":"Shop","item":"https:\/\/truusk.store\/shop\/"},{"@type":"ListItem","position":3,"name":"TRUUSK Tr\u00e4dg\u00e5rdspaviljong &#8211; Partyt\u00e4lt Med Klicksystem &#8211; PE Presenning &#8211; St\u00e5lkonstruktion &#8211; Vit &#8211; 2,7 x 2,7 m"}]},{"@type":"WebSite","@id":"https:\/\/truusk.store\/sv\/#website","url":"https:\/\/truusk.store\/sv\/","name":"TRUUSK - Hem, Tr\u00e4dg\u00e5rd & Fritid","description":"","publisher":{"@id":"https:\/\/truusk.store\/sv\/#organization"},"potentialAction":[{"@type":"SearchAction","target":{"@type":"EntryPoint","urlTemplate":"https:\/\/truusk.store\/sv\/?s={search_term_string}"},"query-input":{"@type":"PropertyValueSpecification","valueRequired":true,"valueName":"search_term_string"}}],"inLanguage":"sv-SE"},{"@type":"Organization","@id":"https:\/\/truusk.store\/sv\/#organization","name":"TRUUSK - Hem, Tr\u00e4dg\u00e5rd & Fritid","url":"https:\/\/truusk.store\/sv\/","logo":{"@type":"ImageObject","inLanguage":"sv-SE","@id":"https:\/\/truusk.store\/sv\/#\/schema\/logo\/image\/","url":"https:\/\/i0.wp.com\/truusk.store\/wp-content\/uploads\/2026\/03\/cropped-TRUUSK.png?fit=2032%2C917&ssl=1","contentUrl":"https:\/\/i0.wp.com\/truusk.store\/wp-content\/uploads\/2026\/03\/cropped-TRUUSK.png?fit=2032%2C917&ssl=1","width":2032,"height":917,"caption":"TRUUSK - Hem, Tr\u00e4dg\u00e5rd & Fritid"},"image":{"@id":"https:\/\/truusk.store\/sv\/#\/schema\/logo\/image\/"}}]}},"jetpack_sharing_enabled":true,"_links":{"self":[{"href":"https:\/\/truusk.store\/sv\/wp-json\/wp\/v2\/product\/50010","targetHints":{"allow":["GET"]}}],"collection":[{"href":"https:\/\/truusk.store\/sv\/wp-json\/wp\/v2\/product"}],"about":[{"href":"https:\/\/truusk.store\/sv\/wp-json\/wp\/v2\/types\/product"}],"wp:featuredmedia":[{"embeddable":true,"href":"https:\/\/truusk.store\/sv\/wp-json\/wp\/v2\/media\/50011"}],"wp:attachment":[{"href":"https:\/\/truusk.store\/sv\/wp-json\/wp\/v2\/media?parent=50010"}],"wp:term":[{"taxonomy":"product_brand","embeddable":true,"href":"https:\/\/truusk.store\/sv\/wp-json\/wp\/v2\/product_brand?post=50010"},{"taxonomy":"product_cat","embeddable":true,"href":"https:\/\/truusk.store\/sv\/wp-json\/wp\/v2\/product_cat?post=50010"},{"taxonomy":"product_tag","embeddable":true,"href":"https:\/\/truusk.store\/sv\/wp-json\/wp\/v2\/product_tag?post=50010"}],"curies":[{"name":"wp","href":"https:\/\/api.w.org\/{rel}","templated":true}]}}