{"id":50032,"date":"2024-02-29T10:30:07","date_gmt":"2024-02-29T09:30:07","guid":{"rendered":"https:\/\/truusk.store\/product\/sidomarkis-sidorullgardin-utdragbar-insynsskydd-aluminium-polyester-3-x-1-m-ljusgra\/"},"modified":"2026-03-12T09:35:32","modified_gmt":"2026-03-12T08:35:32","slug":"truusk-sidomarkis-sidorullgardin-utdragbar-insynsskydd-aluminium-polyester-3-x-1-m-ljusgra","status":"publish","type":"product","link":"https:\/\/truusk.store\/sv\/produkt\/truusk-sidomarkis-sidorullgardin-utdragbar-insynsskydd-aluminium-polyester-3-x-1-m-ljusgra\/","title":{"rendered":"TRUUSK Sidomarkis &#8211; Sidorullgardin &#8211; Utdragbar &#8211; Insynsskydd &#8211; Aluminium\/polyester &#8211; 3 x 1 m &#8211; Ljusgr\u00e5"},"content":{"rendered":"<p>Med denna utdragbara sidorullgardin kan du skapa en skuggig relaxh\u00f6rna p\u00e5 din uteplats p\u00e5 nolltid. Den robusta metallramen garanterar l\u00e5ngvarig stabilitet och kan enkelt f\u00e4stas p\u00e5 cement eller massivt tr\u00e4. Denna sidomarkis \u00e4r l\u00e4tt att f\u00f6rl\u00e4nga och s\u00e4kra med det praktiska handtaget och kan \u00e4ven anv\u00e4ndas som en fantastiskt praktisk insynsskyddssk\u00e4rm inomhus. Den eleganta, tidl\u00f6sa looken avrundar p\u00e5 ett smart s\u00e4tt den balanserade designen.<\/p>\n<h3>Beskrivning:<\/h3>\n<ul>\n<li>UV30+ presenning skyddar tillf\u00f6rlitligt mot vind, intensivt solljus och skadligt UV-ljus<\/li>\n<li>Utdragbar design g\u00f6r att du enkelt kan f\u00f6rl\u00e4nga och dra in sidogardinen f\u00f6r att reagera flexibelt p\u00e5 f\u00f6r\u00e4ndrade v\u00e4derf\u00f6rh\u00e5llanden<\/li>\n<li>Den robusta, pulverlackerade metallramen s\u00e4kerst\u00e4ller l\u00e5ngvarig stabilitet och tillf\u00f6rlitlighet<\/li>\n<li>M\u00f6jligheten att f\u00e4sta ramen p\u00e5 betong, cement eller tr\u00e4 s\u00e4kerst\u00e4ller optimal stabilitet och s\u00e4kerhet<\/li>\n<\/ul>\n<h3>Teknisk data:<\/h3>\n<ul>\n<li>F\u00e4rg: ljusgr\u00e5<\/li>\n<li>Material: metall, aluminium, polyester<\/li>\n<li>Totala m\u00e5tt: 300L x 100H cm<\/li>\n<li>M\u00e5tt inf\u00e4lld: 100L x 12,5W x 9H cm<\/li>\n<li>M\u00e5tt presenning: 290W x 92H cm<\/li>\n<\/ul>\n<h3>Leveransens omfattning:<\/h3>\n<ul>\n<li>1 x Sidomarkis<\/li>\n<li>expansionsskruvar<\/li>\n<li>1 x manuell<\/li>\n<\/ul>\n","protected":false},"excerpt":{"rendered":"<p>Med denna utdragbara sidorullgardin kan du skapa en skuggig relaxh\u00f6rna p\u00e5 din uteplats p\u00e5 nolltid. Den robusta metallramen garanterar l\u00e5ngvarig&#8230;<\/p>\n","protected":false},"featured_media":50033,"template":"","meta":[],"product_brand":[],"product_cat":[473,471,435],"product_tag":[],"class_list":{"0":"post-50032","1":"product","2":"type-product","3":"status-publish","4":"has-post-thumbnail","6":"product_cat-markiser","7":"product_cat-solskydd-integritetsskydd","8":"product_cat-tradgard-och-terrass","10":"first","11":"instock","12":"sale","13":"taxable","14":"shipping-taxable","15":"purchasable","16":"product-type-simple"},"yoast_head":"<!-- This site is optimized with the Yoast SEO plugin v25.4 - https:\/\/yoast.com\/wordpress\/plugins\/seo\/ -->\n<title>TRUUSK Sidomarkis - Sidorullgardin - Utdragbar - Insynsskydd - Aluminium\/polyester - 3 x 1 m - Ljusgr\u00e5 - TRUUSK - Hem, Tr\u00e4dg\u00e5rd &amp; Fritid<\/title>\n<meta name=\"robots\" content=\"index, follow, max-snippet:-1, max-image-preview:large, max-video-preview:-1\" \/>\n<link rel=\"canonical\" href=\"https:\/\/truusk.store\/sv\/produkt\/truusk-sidomarkis-sidorullgardin-utdragbar-insynsskydd-aluminium-polyester-3-x-1-m-ljusgra\/\" \/>\n<meta property=\"og:locale\" content=\"sv_SE\" \/>\n<meta property=\"og:type\" content=\"article\" \/>\n<meta property=\"og:title\" content=\"TRUUSK Sidomarkis - Sidorullgardin - Utdragbar - Insynsskydd - Aluminium\/polyester - 3 x 1 m - Ljusgr\u00e5 - TRUUSK - Hem, Tr\u00e4dg\u00e5rd &amp; Fritid\" \/>\n<meta property=\"og:description\" content=\"Med denna utdragbara sidorullgardin kan du skapa en skuggig relaxh\u00f6rna p\u00e5 din uteplats p\u00e5 nolltid. Den robusta metallramen garanterar l\u00e5ngvarig...\" \/>\n<meta property=\"og:url\" content=\"https:\/\/truusk.store\/sv\/produkt\/truusk-sidomarkis-sidorullgardin-utdragbar-insynsskydd-aluminium-polyester-3-x-1-m-ljusgra\/\" \/>\n<meta property=\"og:site_name\" content=\"TRUUSK - Hem, Tr\u00e4dg\u00e5rd &amp; Fritid\" \/>\n<meta property=\"article:modified_time\" content=\"2026-03-12T08:35:32+00:00\" \/>\n<meta property=\"og:image\" content=\"https:\/\/i0.wp.com\/truusk.se\/wp-content\/uploads\/2024\/02\/sidomarkis-sidorullgardin-utdragbar-insynsskydd-aluminium-polyester-3-x-1-m-ljusgra.webp?fit=800%2C800&ssl=1\" \/>\n\t<meta property=\"og:image:width\" content=\"800\" \/>\n\t<meta property=\"og:image:height\" content=\"800\" \/>\n\t<meta property=\"og:image:type\" content=\"image\/webp\" \/>\n<meta name=\"twitter:card\" content=\"summary_large_image\" \/>\n<meta name=\"twitter:label1\" content=\"Ber\u00e4knad l\u00e4stid\" \/>\n\t<meta name=\"twitter:data1\" content=\"1 minut\" \/>\n<!-- \/ Yoast SEO plugin. -->","yoast_head_json":{"title":"TRUUSK Sidomarkis - Sidorullgardin - Utdragbar - Insynsskydd - Aluminium\/polyester - 3 x 1 m - Ljusgr\u00e5 - TRUUSK - Hem, Tr\u00e4dg\u00e5rd &amp; Fritid","robots":{"index":"index","follow":"follow","max-snippet":"max-snippet:-1","max-image-preview":"max-image-preview:large","max-video-preview":"max-video-preview:-1"},"canonical":"https:\/\/truusk.store\/sv\/produkt\/truusk-sidomarkis-sidorullgardin-utdragbar-insynsskydd-aluminium-polyester-3-x-1-m-ljusgra\/","og_locale":"sv_SE","og_type":"article","og_title":"TRUUSK Sidomarkis - Sidorullgardin - Utdragbar - Insynsskydd - Aluminium\/polyester - 3 x 1 m - Ljusgr\u00e5 - TRUUSK - Hem, Tr\u00e4dg\u00e5rd &amp; Fritid","og_description":"Med denna utdragbara sidorullgardin kan du skapa en skuggig relaxh\u00f6rna p\u00e5 din uteplats p\u00e5 nolltid. Den robusta metallramen garanterar l\u00e5ngvarig...","og_url":"https:\/\/truusk.store\/sv\/produkt\/truusk-sidomarkis-sidorullgardin-utdragbar-insynsskydd-aluminium-polyester-3-x-1-m-ljusgra\/","og_site_name":"TRUUSK - Hem, Tr\u00e4dg\u00e5rd &amp; Fritid","article_modified_time":"2026-03-12T08:35:32+00:00","og_image":[{"width":800,"height":800,"url":"https:\/\/i0.wp.com\/truusk.se\/wp-content\/uploads\/2024\/02\/sidomarkis-sidorullgardin-utdragbar-insynsskydd-aluminium-polyester-3-x-1-m-ljusgra.webp?fit=800%2C800&ssl=1","type":"image\/webp"}],"twitter_card":"summary_large_image","twitter_misc":{"Ber\u00e4knad l\u00e4stid":"1 minut"},"schema":{"@context":"https:\/\/schema.org","@graph":[{"@type":"WebPage","@id":"https:\/\/truusk.store\/sv\/produkt\/truusk-sidomarkis-sidorullgardin-utdragbar-insynsskydd-aluminium-polyester-3-x-1-m-ljusgra\/","url":"https:\/\/truusk.store\/sv\/produkt\/truusk-sidomarkis-sidorullgardin-utdragbar-insynsskydd-aluminium-polyester-3-x-1-m-ljusgra\/","name":"TRUUSK Sidomarkis - Sidorullgardin - Utdragbar - Insynsskydd - Aluminium\/polyester - 3 x 1 m - Ljusgr\u00e5 - TRUUSK - Hem, Tr\u00e4dg\u00e5rd &amp; Fritid","isPartOf":{"@id":"https:\/\/truusk.store\/sv\/#website"},"primaryImageOfPage":{"@id":"https:\/\/truusk.store\/sv\/produkt\/truusk-sidomarkis-sidorullgardin-utdragbar-insynsskydd-aluminium-polyester-3-x-1-m-ljusgra\/#primaryimage"},"image":{"@id":"https:\/\/truusk.store\/sv\/produkt\/truusk-sidomarkis-sidorullgardin-utdragbar-insynsskydd-aluminium-polyester-3-x-1-m-ljusgra\/#primaryimage"},"thumbnailUrl":"https:\/\/i0.wp.com\/truusk.store\/wp-content\/uploads\/2024\/02\/sidomarkis-sidorullgardin-utdragbar-insynsskydd-aluminium-polyester-3-x-1-m-ljusgra.webp?fit=800%2C800&ssl=1","datePublished":"2024-02-29T09:30:07+00:00","dateModified":"2026-03-12T08:35:32+00:00","breadcrumb":{"@id":"https:\/\/truusk.store\/sv\/produkt\/truusk-sidomarkis-sidorullgardin-utdragbar-insynsskydd-aluminium-polyester-3-x-1-m-ljusgra\/#breadcrumb"},"inLanguage":"sv-SE","potentialAction":[{"@type":"ReadAction","target":["https:\/\/truusk.store\/sv\/produkt\/truusk-sidomarkis-sidorullgardin-utdragbar-insynsskydd-aluminium-polyester-3-x-1-m-ljusgra\/"]}]},{"@type":"ImageObject","inLanguage":"sv-SE","@id":"https:\/\/truusk.store\/sv\/produkt\/truusk-sidomarkis-sidorullgardin-utdragbar-insynsskydd-aluminium-polyester-3-x-1-m-ljusgra\/#primaryimage","url":"https:\/\/i0.wp.com\/truusk.store\/wp-content\/uploads\/2024\/02\/sidomarkis-sidorullgardin-utdragbar-insynsskydd-aluminium-polyester-3-x-1-m-ljusgra.webp?fit=800%2C800&ssl=1","contentUrl":"https:\/\/i0.wp.com\/truusk.store\/wp-content\/uploads\/2024\/02\/sidomarkis-sidorullgardin-utdragbar-insynsskydd-aluminium-polyester-3-x-1-m-ljusgra.webp?fit=800%2C800&ssl=1","width":800,"height":800,"caption":"Sidomarkis, Sidorullgardin, Utdragbar, Insynsskydd, Aluminium\/polyester, 3 X 1 M, Ljusgr\u00e5 1"},{"@type":"BreadcrumbList","@id":"https:\/\/truusk.store\/sv\/produkt\/truusk-sidomarkis-sidorullgardin-utdragbar-insynsskydd-aluminium-polyester-3-x-1-m-ljusgra\/#breadcrumb","itemListElement":[{"@type":"ListItem","position":1,"name":"Home","item":"https:\/\/truusk.store\/sv\/"},{"@type":"ListItem","position":2,"name":"Shop","item":"https:\/\/truusk.store\/shop\/"},{"@type":"ListItem","position":3,"name":"TRUUSK Sidomarkis &#8211; Sidorullgardin &#8211; Utdragbar &#8211; Insynsskydd &#8211; Aluminium\/polyester &#8211; 3 x 1 m &#8211; Ljusgr\u00e5"}]},{"@type":"WebSite","@id":"https:\/\/truusk.store\/sv\/#website","url":"https:\/\/truusk.store\/sv\/","name":"TRUUSK - Hem, Tr\u00e4dg\u00e5rd & Fritid","description":"","publisher":{"@id":"https:\/\/truusk.store\/sv\/#organization"},"potentialAction":[{"@type":"SearchAction","target":{"@type":"EntryPoint","urlTemplate":"https:\/\/truusk.store\/sv\/?s={search_term_string}"},"query-input":{"@type":"PropertyValueSpecification","valueRequired":true,"valueName":"search_term_string"}}],"inLanguage":"sv-SE"},{"@type":"Organization","@id":"https:\/\/truusk.store\/sv\/#organization","name":"TRUUSK - Hem, Tr\u00e4dg\u00e5rd & Fritid","url":"https:\/\/truusk.store\/sv\/","logo":{"@type":"ImageObject","inLanguage":"sv-SE","@id":"https:\/\/truusk.store\/sv\/#\/schema\/logo\/image\/","url":"https:\/\/i0.wp.com\/truusk.store\/wp-content\/uploads\/2026\/03\/cropped-TRUUSK.png?fit=2032%2C917&ssl=1","contentUrl":"https:\/\/i0.wp.com\/truusk.store\/wp-content\/uploads\/2026\/03\/cropped-TRUUSK.png?fit=2032%2C917&ssl=1","width":2032,"height":917,"caption":"TRUUSK - Hem, Tr\u00e4dg\u00e5rd & Fritid"},"image":{"@id":"https:\/\/truusk.store\/sv\/#\/schema\/logo\/image\/"}}]}},"jetpack_sharing_enabled":true,"_links":{"self":[{"href":"https:\/\/truusk.store\/sv\/wp-json\/wp\/v2\/product\/50032","targetHints":{"allow":["GET"]}}],"collection":[{"href":"https:\/\/truusk.store\/sv\/wp-json\/wp\/v2\/product"}],"about":[{"href":"https:\/\/truusk.store\/sv\/wp-json\/wp\/v2\/types\/product"}],"wp:featuredmedia":[{"embeddable":true,"href":"https:\/\/truusk.store\/sv\/wp-json\/wp\/v2\/media\/50033"}],"wp:attachment":[{"href":"https:\/\/truusk.store\/sv\/wp-json\/wp\/v2\/media?parent=50032"}],"wp:term":[{"taxonomy":"product_brand","embeddable":true,"href":"https:\/\/truusk.store\/sv\/wp-json\/wp\/v2\/product_brand?post=50032"},{"taxonomy":"product_cat","embeddable":true,"href":"https:\/\/truusk.store\/sv\/wp-json\/wp\/v2\/product_cat?post=50032"},{"taxonomy":"product_tag","embeddable":true,"href":"https:\/\/truusk.store\/sv\/wp-json\/wp\/v2\/product_tag?post=50032"}],"curies":[{"name":"wp","href":"https:\/\/api.w.org\/{rel}","templated":true}]}}