{"id":50054,"date":"2024-02-29T10:50:09","date_gmt":"2024-02-29T09:50:09","guid":{"rendered":"https:\/\/truusk.store\/product\/tradgardsbank-vagnhjulsdesign-for-2-personer-naturligt-tra-morkbrun-1055-x-56-x-79-cm-natur\/"},"modified":"2026-03-12T09:38:12","modified_gmt":"2026-03-12T08:38:12","slug":"truusk-tradgardsbank-i-vagnhjulsdesign-naturligt-tra-for-2-personer-morkbrun-1055-x-56-x-79-cm-natur","status":"publish","type":"product","link":"https:\/\/truusk.store\/sv\/produkt\/truusk-tradgardsbank-i-vagnhjulsdesign-naturligt-tra-for-2-personer-morkbrun-1055-x-56-x-79-cm-natur\/","title":{"rendered":"TRUUSK Tr\u00e4dg\u00e5rdsb\u00e4nk i Vagnhjulsdesign &#8211; Naturligt Tr\u00e4 &#8211; F\u00f6r 2 Personer &#8211; M\u00f6rkbrun &#8211; 105,5 x 56 x 79 cm &#8211; Natur"},"content":{"rendered":"<p>Komplettera din uteplats eller tr\u00e4dg\u00e5rd med denna rustika tr\u00e4dg\u00e5rdsb\u00e4nk d\u00e4r du kan sitta och vila medan du njuter av ditt favoritutrymme utomhus. Denna b\u00e4nk \u00e4r tillverkad av massivt gran och \u00e4r robust konstruerad f\u00f6r att l\u00e5ta upp till tv\u00e5 personer koppla av i solen eller skuggan. De tv\u00e5 armst\u00f6den har en unik vagnshjulsdesign som ger utrymme f\u00f6r dina armar och kommer s\u00e4kerligen att g\u00f6ra denna b\u00e4nk till ett samtals\u00e4mne.<\/p>\n<h3>Beskrivning:<\/h3>\n<ul>\n<li>Tr\u00e4dg\u00e5rdsb\u00e4nk i lantlig stil, perfekt f\u00f6r uteplatser, tr\u00e4dg\u00e5rdar och allm\u00e4nna utomhusomr\u00e5den<\/li>\n<li>Designh\u00f6jdpunkt: vagnshjul bildar ben och armst\u00f6d<\/li>\n<li>Massivt grantr\u00e4 f\u00f6r ett autentiskt utseende och h\u00e5llbarhet<\/li>\n<li>Gott om plats att vila tack vare det stora ryggst\u00f6det och sitsen<\/li>\n<li>Kan b\u00e4ra upp till 240 kg<\/li>\n<\/ul>\n<h3>Teknisk data:<\/h3>\n<ul>\n<li>Material: gran<\/li>\n<li>F\u00e4rg: naturligt tr\u00e4<\/li>\n<li>\u00d6vergripande m\u00e5tt: L105,5 x B56 x H79 cm<\/li>\n<li>Sitsstorlek: L96 x B37 cm<\/li>\n<li>Sitth\u00f6jd: 39 cm<\/li>\n<li>Ryggst\u00f6dsm\u00e5tt: B96 x H28 cm<\/li>\n<li>Diameter per hjul: 56 cm<\/li>\n<li>Max lastkapacitet: 240 kg<\/li>\n<\/ul>\n<h3>Leveransens omfattning:<\/h3>\n<ul>\n<li>1 x Tr\u00e4dg\u00e5rdsb\u00e4nk<\/li>\n<li>1 x Monteringsanvisning<\/li>\n<\/ul>\n","protected":false},"excerpt":{"rendered":"<p>Komplettera din uteplats eller tr\u00e4dg\u00e5rd med denna rustika tr\u00e4dg\u00e5rdsb\u00e4nk d\u00e4r du kan sitta och vila medan du njuter av ditt&#8230;<\/p>\n","protected":false},"featured_media":50055,"template":"","meta":[],"product_brand":[],"product_cat":[435,454,450],"product_tag":[],"class_list":{"0":"post-50054","1":"product","2":"type-product","3":"status-publish","4":"has-post-thumbnail","6":"product_cat-tradgard-och-terrass","7":"product_cat-tradgardsbankar","8":"product_cat-tradgardsmobler","10":"first","11":"instock","12":"sale","13":"taxable","14":"shipping-taxable","15":"purchasable","16":"product-type-simple"},"yoast_head":"<!-- This site is optimized with the Yoast SEO plugin v25.4 - https:\/\/yoast.com\/wordpress\/plugins\/seo\/ -->\n<title>TRUUSK Tr\u00e4dg\u00e5rdsb\u00e4nk i Vagnhjulsdesign - Naturligt Tr\u00e4 - F\u00f6r 2 Personer - M\u00f6rkbrun - 105,5 x 56 x 79 cm - Natur - TRUUSK - Hem, Tr\u00e4dg\u00e5rd &amp; Fritid<\/title>\n<meta name=\"robots\" content=\"index, follow, max-snippet:-1, max-image-preview:large, max-video-preview:-1\" \/>\n<link rel=\"canonical\" href=\"https:\/\/truusk.store\/sv\/produkt\/truusk-tradgardsbank-i-vagnhjulsdesign-naturligt-tra-for-2-personer-morkbrun-1055-x-56-x-79-cm-natur\/\" \/>\n<meta property=\"og:locale\" content=\"sv_SE\" \/>\n<meta property=\"og:type\" content=\"article\" \/>\n<meta property=\"og:title\" content=\"TRUUSK Tr\u00e4dg\u00e5rdsb\u00e4nk i Vagnhjulsdesign - Naturligt Tr\u00e4 - F\u00f6r 2 Personer - M\u00f6rkbrun - 105,5 x 56 x 79 cm - Natur - TRUUSK - Hem, Tr\u00e4dg\u00e5rd &amp; Fritid\" \/>\n<meta property=\"og:description\" content=\"Komplettera din uteplats eller tr\u00e4dg\u00e5rd med denna rustika tr\u00e4dg\u00e5rdsb\u00e4nk d\u00e4r du kan sitta och vila medan du njuter av ditt...\" \/>\n<meta property=\"og:url\" content=\"https:\/\/truusk.store\/sv\/produkt\/truusk-tradgardsbank-i-vagnhjulsdesign-naturligt-tra-for-2-personer-morkbrun-1055-x-56-x-79-cm-natur\/\" \/>\n<meta property=\"og:site_name\" content=\"TRUUSK - Hem, Tr\u00e4dg\u00e5rd &amp; Fritid\" \/>\n<meta property=\"article:modified_time\" content=\"2026-03-12T08:38:12+00:00\" \/>\n<meta property=\"og:image\" content=\"https:\/\/i0.wp.com\/truusk.se\/wp-content\/uploads\/2024\/02\/tradgardsbank-vagnhjulsdesign-for-2-personer-naturligt-tra-morkbrun-1055-x-56-x-79-cm-natur.webp?fit=800%2C800&ssl=1\" \/>\n\t<meta property=\"og:image:width\" content=\"800\" \/>\n\t<meta property=\"og:image:height\" content=\"800\" \/>\n\t<meta property=\"og:image:type\" content=\"image\/webp\" \/>\n<meta name=\"twitter:card\" content=\"summary_large_image\" \/>\n<meta name=\"twitter:label1\" content=\"Ber\u00e4knad l\u00e4stid\" \/>\n\t<meta name=\"twitter:data1\" content=\"1 minut\" \/>\n<!-- \/ Yoast SEO plugin. -->","yoast_head_json":{"title":"TRUUSK Tr\u00e4dg\u00e5rdsb\u00e4nk i Vagnhjulsdesign - Naturligt Tr\u00e4 - F\u00f6r 2 Personer - M\u00f6rkbrun - 105,5 x 56 x 79 cm - Natur - TRUUSK - Hem, Tr\u00e4dg\u00e5rd &amp; Fritid","robots":{"index":"index","follow":"follow","max-snippet":"max-snippet:-1","max-image-preview":"max-image-preview:large","max-video-preview":"max-video-preview:-1"},"canonical":"https:\/\/truusk.store\/sv\/produkt\/truusk-tradgardsbank-i-vagnhjulsdesign-naturligt-tra-for-2-personer-morkbrun-1055-x-56-x-79-cm-natur\/","og_locale":"sv_SE","og_type":"article","og_title":"TRUUSK Tr\u00e4dg\u00e5rdsb\u00e4nk i Vagnhjulsdesign - Naturligt Tr\u00e4 - F\u00f6r 2 Personer - M\u00f6rkbrun - 105,5 x 56 x 79 cm - Natur - TRUUSK - Hem, Tr\u00e4dg\u00e5rd &amp; Fritid","og_description":"Komplettera din uteplats eller tr\u00e4dg\u00e5rd med denna rustika tr\u00e4dg\u00e5rdsb\u00e4nk d\u00e4r du kan sitta och vila medan du njuter av ditt...","og_url":"https:\/\/truusk.store\/sv\/produkt\/truusk-tradgardsbank-i-vagnhjulsdesign-naturligt-tra-for-2-personer-morkbrun-1055-x-56-x-79-cm-natur\/","og_site_name":"TRUUSK - Hem, Tr\u00e4dg\u00e5rd &amp; Fritid","article_modified_time":"2026-03-12T08:38:12+00:00","og_image":[{"width":800,"height":800,"url":"https:\/\/i0.wp.com\/truusk.se\/wp-content\/uploads\/2024\/02\/tradgardsbank-vagnhjulsdesign-for-2-personer-naturligt-tra-morkbrun-1055-x-56-x-79-cm-natur.webp?fit=800%2C800&ssl=1","type":"image\/webp"}],"twitter_card":"summary_large_image","twitter_misc":{"Ber\u00e4knad l\u00e4stid":"1 minut"},"schema":{"@context":"https:\/\/schema.org","@graph":[{"@type":"WebPage","@id":"https:\/\/truusk.store\/sv\/produkt\/truusk-tradgardsbank-i-vagnhjulsdesign-naturligt-tra-for-2-personer-morkbrun-1055-x-56-x-79-cm-natur\/","url":"https:\/\/truusk.store\/sv\/produkt\/truusk-tradgardsbank-i-vagnhjulsdesign-naturligt-tra-for-2-personer-morkbrun-1055-x-56-x-79-cm-natur\/","name":"TRUUSK Tr\u00e4dg\u00e5rdsb\u00e4nk i Vagnhjulsdesign - Naturligt Tr\u00e4 - F\u00f6r 2 Personer - M\u00f6rkbrun - 105,5 x 56 x 79 cm - Natur - TRUUSK - Hem, Tr\u00e4dg\u00e5rd &amp; Fritid","isPartOf":{"@id":"https:\/\/truusk.store\/sv\/#website"},"primaryImageOfPage":{"@id":"https:\/\/truusk.store\/sv\/produkt\/truusk-tradgardsbank-i-vagnhjulsdesign-naturligt-tra-for-2-personer-morkbrun-1055-x-56-x-79-cm-natur\/#primaryimage"},"image":{"@id":"https:\/\/truusk.store\/sv\/produkt\/truusk-tradgardsbank-i-vagnhjulsdesign-naturligt-tra-for-2-personer-morkbrun-1055-x-56-x-79-cm-natur\/#primaryimage"},"thumbnailUrl":"https:\/\/i0.wp.com\/truusk.store\/wp-content\/uploads\/2024\/02\/tradgardsbank-vagnhjulsdesign-for-2-personer-naturligt-tra-morkbrun-1055-x-56-x-79-cm-natur.webp?fit=800%2C800&ssl=1","datePublished":"2024-02-29T09:50:09+00:00","dateModified":"2026-03-12T08:38:12+00:00","breadcrumb":{"@id":"https:\/\/truusk.store\/sv\/produkt\/truusk-tradgardsbank-i-vagnhjulsdesign-naturligt-tra-for-2-personer-morkbrun-1055-x-56-x-79-cm-natur\/#breadcrumb"},"inLanguage":"sv-SE","potentialAction":[{"@type":"ReadAction","target":["https:\/\/truusk.store\/sv\/produkt\/truusk-tradgardsbank-i-vagnhjulsdesign-naturligt-tra-for-2-personer-morkbrun-1055-x-56-x-79-cm-natur\/"]}]},{"@type":"ImageObject","inLanguage":"sv-SE","@id":"https:\/\/truusk.store\/sv\/produkt\/truusk-tradgardsbank-i-vagnhjulsdesign-naturligt-tra-for-2-personer-morkbrun-1055-x-56-x-79-cm-natur\/#primaryimage","url":"https:\/\/i0.wp.com\/truusk.store\/wp-content\/uploads\/2024\/02\/tradgardsbank-vagnhjulsdesign-for-2-personer-naturligt-tra-morkbrun-1055-x-56-x-79-cm-natur.webp?fit=800%2C800&ssl=1","contentUrl":"https:\/\/i0.wp.com\/truusk.store\/wp-content\/uploads\/2024\/02\/tradgardsbank-vagnhjulsdesign-for-2-personer-naturligt-tra-morkbrun-1055-x-56-x-79-cm-natur.webp?fit=800%2C800&ssl=1","width":800,"height":800,"caption":"Tr\u00e4dg\u00e5rdsb\u00e4nk, Vagnhjulsdesign, F\u00f6r 2 Personer, Naturligt Tr\u00e4, M\u00f6rkbrun, 105,5 X 56 X 79 Cm, Natur 1"},{"@type":"BreadcrumbList","@id":"https:\/\/truusk.store\/sv\/produkt\/truusk-tradgardsbank-i-vagnhjulsdesign-naturligt-tra-for-2-personer-morkbrun-1055-x-56-x-79-cm-natur\/#breadcrumb","itemListElement":[{"@type":"ListItem","position":1,"name":"Home","item":"https:\/\/truusk.store\/sv\/"},{"@type":"ListItem","position":2,"name":"Shop","item":"https:\/\/truusk.store\/shop\/"},{"@type":"ListItem","position":3,"name":"TRUUSK Tr\u00e4dg\u00e5rdsb\u00e4nk i Vagnhjulsdesign &#8211; Naturligt Tr\u00e4 &#8211; F\u00f6r 2 Personer &#8211; M\u00f6rkbrun &#8211; 105,5 x 56 x 79 cm &#8211; Natur"}]},{"@type":"WebSite","@id":"https:\/\/truusk.store\/sv\/#website","url":"https:\/\/truusk.store\/sv\/","name":"TRUUSK - Hem, Tr\u00e4dg\u00e5rd & Fritid","description":"","publisher":{"@id":"https:\/\/truusk.store\/sv\/#organization"},"potentialAction":[{"@type":"SearchAction","target":{"@type":"EntryPoint","urlTemplate":"https:\/\/truusk.store\/sv\/?s={search_term_string}"},"query-input":{"@type":"PropertyValueSpecification","valueRequired":true,"valueName":"search_term_string"}}],"inLanguage":"sv-SE"},{"@type":"Organization","@id":"https:\/\/truusk.store\/sv\/#organization","name":"TRUUSK - Hem, Tr\u00e4dg\u00e5rd & Fritid","url":"https:\/\/truusk.store\/sv\/","logo":{"@type":"ImageObject","inLanguage":"sv-SE","@id":"https:\/\/truusk.store\/sv\/#\/schema\/logo\/image\/","url":"https:\/\/i0.wp.com\/truusk.store\/wp-content\/uploads\/2026\/03\/cropped-TRUUSK.png?fit=2032%2C917&ssl=1","contentUrl":"https:\/\/i0.wp.com\/truusk.store\/wp-content\/uploads\/2026\/03\/cropped-TRUUSK.png?fit=2032%2C917&ssl=1","width":2032,"height":917,"caption":"TRUUSK - Hem, Tr\u00e4dg\u00e5rd & Fritid"},"image":{"@id":"https:\/\/truusk.store\/sv\/#\/schema\/logo\/image\/"}}]}},"jetpack_sharing_enabled":true,"_links":{"self":[{"href":"https:\/\/truusk.store\/sv\/wp-json\/wp\/v2\/product\/50054","targetHints":{"allow":["GET"]}}],"collection":[{"href":"https:\/\/truusk.store\/sv\/wp-json\/wp\/v2\/product"}],"about":[{"href":"https:\/\/truusk.store\/sv\/wp-json\/wp\/v2\/types\/product"}],"wp:featuredmedia":[{"embeddable":true,"href":"https:\/\/truusk.store\/sv\/wp-json\/wp\/v2\/media\/50055"}],"wp:attachment":[{"href":"https:\/\/truusk.store\/sv\/wp-json\/wp\/v2\/media?parent=50054"}],"wp:term":[{"taxonomy":"product_brand","embeddable":true,"href":"https:\/\/truusk.store\/sv\/wp-json\/wp\/v2\/product_brand?post=50054"},{"taxonomy":"product_cat","embeddable":true,"href":"https:\/\/truusk.store\/sv\/wp-json\/wp\/v2\/product_cat?post=50054"},{"taxonomy":"product_tag","embeddable":true,"href":"https:\/\/truusk.store\/sv\/wp-json\/wp\/v2\/product_tag?post=50054"}],"curies":[{"name":"wp","href":"https:\/\/api.w.org\/{rel}","templated":true}]}}