{"id":50098,"date":"2024-02-29T11:30:09","date_gmt":"2024-02-29T10:30:09","guid":{"rendered":"https:\/\/truusk.store\/product\/hundsang-hundsoffa-husdjurssoffa-eukolyptustra-98-x-67-x-25-cm-gron\/"},"modified":"2026-03-12T09:27:40","modified_gmt":"2026-03-12T08:27:40","slug":"truusk-hundbadd-hundsoffa-i-eukalyptustra-98-x-67-x-25-cm-gron","status":"publish","type":"product","link":"https:\/\/truusk.store\/sv\/produkt\/truusk-hundbadd-hundsoffa-i-eukalyptustra-98-x-67-x-25-cm-gron\/","title":{"rendered":"TRUUSK Hundb\u00e4dd &#8211; Hundsoffa i Eukalyptustr\u00e4 &#8211; 98 x 67 x 25 cm &#8211; Gr\u00f6n"},"content":{"rendered":"<p>Sk\u00e4m bort ditt husdjur med en mysig plats att sova och vila p\u00e5 med denna eleganta husdjurss\u00e4ng! Den har en upph\u00f6jd bas som till\u00e5ter fri luftcirkulation samtidigt som den \u00e4r idealisk f\u00f6r att h\u00e5lla ditt husdjur borta fr\u00e5n fukt. Den har ocks\u00e5 en mjuk kudde f\u00f6r extra komfort som enkelt kan tas bort och reng\u00f6ras. Ge din hund en mysig och bekv\u00e4m hundstol!<\/p>\n<h3>Beskrivning:<\/h3>\n<ul>\n<li>Elegant och modern kattsoffa<\/li>\n<li>Det erbjuder din fyrbenta v\u00e4n en mysig och bekv\u00e4m plats att koppla av<\/li>\n<li>Den \u00e4r utrustad med en vadderad kudde som ger ditt husdjur maximal komfort<\/li>\n<li>Hundsoffkudden kan tas bort f\u00f6r enkel reng\u00f6ring<\/li>\n<li>Hundstolens ben av furu f\u00f6r mer stabilitet och h\u00e5llbarhet<\/li>\n<li>L\u00e4mplig f\u00f6r stora hundar som v\u00e4ger upp till 30 kg och en kroppsl\u00e4ngd p\u00e5 upp till 60 cm<\/li>\n<li>Enkel montering kr\u00e4vs<\/li>\n<\/ul>\n<h3>Teknisk data:<\/h3>\n<ul>\n<li>F\u00e4rg: gr\u00f6n<\/li>\n<li>Material: polyester, MDF<\/li>\n<li>\u00d6vergripande m\u00e5tt: 98L x 67W x 25H cm<\/li>\n<li>Sitsm\u00e5tt: 86L x 59W x 14H cm<\/li>\n<li>Ryggst\u00f6dsm\u00e5tt: 7W x 15,5H cm<\/li>\n<li>Armst\u00f6dsm\u00e5tt: 7W x 15,5H cm<\/li>\n<li>Kuddens m\u00e5tt: 86L x 59W x 4,5H cm<\/li>\n<li>Foth\u00f6jd: 8 cm<\/li>\n<\/ul>\n<h3>Leveransens omfattning:<\/h3>\n<ul>\n<li>1 x Pet Soffa<\/li>\n<li>1 x manuell<\/li>\n<\/ul>\n","protected":false},"excerpt":{"rendered":"<p>Sk\u00e4m bort ditt husdjur med en mysig plats att sova och vila p\u00e5 med denna eleganta husdjurss\u00e4ng! Den har en&#8230;<\/p>\n","protected":false},"featured_media":50099,"template":"","meta":[],"product_brand":[],"product_cat":[576,574,573],"product_tag":[],"class_list":{"0":"post-50098","1":"product","2":"type-product","3":"status-publish","4":"has-post-thumbnail","6":"product_cat-hundsangar-hundsoffor","7":"product_cat-hundtillbehor","8":"product_cat-husdjursmaterial","10":"first","11":"instock","12":"sale","13":"taxable","14":"shipping-taxable","15":"purchasable","16":"product-type-simple"},"yoast_head":"<!-- This site is optimized with the Yoast SEO plugin v25.4 - https:\/\/yoast.com\/wordpress\/plugins\/seo\/ -->\n<title>TRUUSK Hundb\u00e4dd - Hundsoffa i Eukalyptustr\u00e4 - 98 x 67 x 25 cm - Gr\u00f6n - TRUUSK - Hem, Tr\u00e4dg\u00e5rd &amp; Fritid<\/title>\n<meta name=\"robots\" content=\"index, follow, max-snippet:-1, max-image-preview:large, max-video-preview:-1\" \/>\n<link rel=\"canonical\" href=\"https:\/\/truusk.store\/sv\/produkt\/truusk-hundbadd-hundsoffa-i-eukalyptustra-98-x-67-x-25-cm-gron\/\" \/>\n<meta property=\"og:locale\" content=\"sv_SE\" \/>\n<meta property=\"og:type\" content=\"article\" \/>\n<meta property=\"og:title\" content=\"TRUUSK Hundb\u00e4dd - Hundsoffa i Eukalyptustr\u00e4 - 98 x 67 x 25 cm - Gr\u00f6n - TRUUSK - Hem, Tr\u00e4dg\u00e5rd &amp; Fritid\" \/>\n<meta property=\"og:description\" content=\"Sk\u00e4m bort ditt husdjur med en mysig plats att sova och vila p\u00e5 med denna eleganta husdjurss\u00e4ng! Den har en...\" \/>\n<meta property=\"og:url\" content=\"https:\/\/truusk.store\/sv\/produkt\/truusk-hundbadd-hundsoffa-i-eukalyptustra-98-x-67-x-25-cm-gron\/\" \/>\n<meta property=\"og:site_name\" content=\"TRUUSK - Hem, Tr\u00e4dg\u00e5rd &amp; Fritid\" \/>\n<meta property=\"article:modified_time\" content=\"2026-03-12T08:27:40+00:00\" \/>\n<meta property=\"og:image\" content=\"https:\/\/i0.wp.com\/truusk.se\/wp-content\/uploads\/2024\/02\/hundsang-hundsoffa-husdjurssoffa-eukolyptustra-98-x-67-x-25-cm-gron.webp?fit=800%2C800&ssl=1\" \/>\n\t<meta property=\"og:image:width\" content=\"800\" \/>\n\t<meta property=\"og:image:height\" content=\"800\" \/>\n\t<meta property=\"og:image:type\" content=\"image\/webp\" \/>\n<meta name=\"twitter:card\" content=\"summary_large_image\" \/>\n<meta name=\"twitter:label1\" content=\"Ber\u00e4knad l\u00e4stid\" \/>\n\t<meta name=\"twitter:data1\" content=\"1 minut\" \/>\n<!-- \/ Yoast SEO plugin. -->","yoast_head_json":{"title":"TRUUSK Hundb\u00e4dd - Hundsoffa i Eukalyptustr\u00e4 - 98 x 67 x 25 cm - Gr\u00f6n - TRUUSK - Hem, Tr\u00e4dg\u00e5rd &amp; Fritid","robots":{"index":"index","follow":"follow","max-snippet":"max-snippet:-1","max-image-preview":"max-image-preview:large","max-video-preview":"max-video-preview:-1"},"canonical":"https:\/\/truusk.store\/sv\/produkt\/truusk-hundbadd-hundsoffa-i-eukalyptustra-98-x-67-x-25-cm-gron\/","og_locale":"sv_SE","og_type":"article","og_title":"TRUUSK Hundb\u00e4dd - Hundsoffa i Eukalyptustr\u00e4 - 98 x 67 x 25 cm - Gr\u00f6n - TRUUSK - Hem, Tr\u00e4dg\u00e5rd &amp; Fritid","og_description":"Sk\u00e4m bort ditt husdjur med en mysig plats att sova och vila p\u00e5 med denna eleganta husdjurss\u00e4ng! Den har en...","og_url":"https:\/\/truusk.store\/sv\/produkt\/truusk-hundbadd-hundsoffa-i-eukalyptustra-98-x-67-x-25-cm-gron\/","og_site_name":"TRUUSK - Hem, Tr\u00e4dg\u00e5rd &amp; Fritid","article_modified_time":"2026-03-12T08:27:40+00:00","og_image":[{"width":800,"height":800,"url":"https:\/\/i0.wp.com\/truusk.se\/wp-content\/uploads\/2024\/02\/hundsang-hundsoffa-husdjurssoffa-eukolyptustra-98-x-67-x-25-cm-gron.webp?fit=800%2C800&ssl=1","type":"image\/webp"}],"twitter_card":"summary_large_image","twitter_misc":{"Ber\u00e4knad l\u00e4stid":"1 minut"},"schema":{"@context":"https:\/\/schema.org","@graph":[{"@type":"WebPage","@id":"https:\/\/truusk.store\/sv\/produkt\/truusk-hundbadd-hundsoffa-i-eukalyptustra-98-x-67-x-25-cm-gron\/","url":"https:\/\/truusk.store\/sv\/produkt\/truusk-hundbadd-hundsoffa-i-eukalyptustra-98-x-67-x-25-cm-gron\/","name":"TRUUSK Hundb\u00e4dd - Hundsoffa i Eukalyptustr\u00e4 - 98 x 67 x 25 cm - Gr\u00f6n - TRUUSK - Hem, Tr\u00e4dg\u00e5rd &amp; Fritid","isPartOf":{"@id":"https:\/\/truusk.store\/sv\/#website"},"primaryImageOfPage":{"@id":"https:\/\/truusk.store\/sv\/produkt\/truusk-hundbadd-hundsoffa-i-eukalyptustra-98-x-67-x-25-cm-gron\/#primaryimage"},"image":{"@id":"https:\/\/truusk.store\/sv\/produkt\/truusk-hundbadd-hundsoffa-i-eukalyptustra-98-x-67-x-25-cm-gron\/#primaryimage"},"thumbnailUrl":"https:\/\/i0.wp.com\/truusk.store\/wp-content\/uploads\/2024\/02\/hundsang-hundsoffa-husdjurssoffa-eukolyptustra-98-x-67-x-25-cm-gron.webp?fit=800%2C800&ssl=1","datePublished":"2024-02-29T10:30:09+00:00","dateModified":"2026-03-12T08:27:40+00:00","breadcrumb":{"@id":"https:\/\/truusk.store\/sv\/produkt\/truusk-hundbadd-hundsoffa-i-eukalyptustra-98-x-67-x-25-cm-gron\/#breadcrumb"},"inLanguage":"sv-SE","potentialAction":[{"@type":"ReadAction","target":["https:\/\/truusk.store\/sv\/produkt\/truusk-hundbadd-hundsoffa-i-eukalyptustra-98-x-67-x-25-cm-gron\/"]}]},{"@type":"ImageObject","inLanguage":"sv-SE","@id":"https:\/\/truusk.store\/sv\/produkt\/truusk-hundbadd-hundsoffa-i-eukalyptustra-98-x-67-x-25-cm-gron\/#primaryimage","url":"https:\/\/i0.wp.com\/truusk.store\/wp-content\/uploads\/2024\/02\/hundsang-hundsoffa-husdjurssoffa-eukolyptustra-98-x-67-x-25-cm-gron.webp?fit=800%2C800&ssl=1","contentUrl":"https:\/\/i0.wp.com\/truusk.store\/wp-content\/uploads\/2024\/02\/hundsang-hundsoffa-husdjurssoffa-eukolyptustra-98-x-67-x-25-cm-gron.webp?fit=800%2C800&ssl=1","width":800,"height":800,"caption":"Hunds\u00e4ng, Hundsoffa, Husdjurssoffa, Eukolyptustr\u00e4, 98 X 67 X 25 Cm, Gr\u00f6n 1"},{"@type":"BreadcrumbList","@id":"https:\/\/truusk.store\/sv\/produkt\/truusk-hundbadd-hundsoffa-i-eukalyptustra-98-x-67-x-25-cm-gron\/#breadcrumb","itemListElement":[{"@type":"ListItem","position":1,"name":"Home","item":"https:\/\/truusk.store\/sv\/"},{"@type":"ListItem","position":2,"name":"Shop","item":"https:\/\/truusk.store\/shop\/"},{"@type":"ListItem","position":3,"name":"TRUUSK Hundb\u00e4dd &#8211; Hundsoffa i Eukalyptustr\u00e4 &#8211; 98 x 67 x 25 cm &#8211; Gr\u00f6n"}]},{"@type":"WebSite","@id":"https:\/\/truusk.store\/sv\/#website","url":"https:\/\/truusk.store\/sv\/","name":"TRUUSK - Hem, Tr\u00e4dg\u00e5rd & Fritid","description":"","publisher":{"@id":"https:\/\/truusk.store\/sv\/#organization"},"potentialAction":[{"@type":"SearchAction","target":{"@type":"EntryPoint","urlTemplate":"https:\/\/truusk.store\/sv\/?s={search_term_string}"},"query-input":{"@type":"PropertyValueSpecification","valueRequired":true,"valueName":"search_term_string"}}],"inLanguage":"sv-SE"},{"@type":"Organization","@id":"https:\/\/truusk.store\/sv\/#organization","name":"TRUUSK - Hem, Tr\u00e4dg\u00e5rd & Fritid","url":"https:\/\/truusk.store\/sv\/","logo":{"@type":"ImageObject","inLanguage":"sv-SE","@id":"https:\/\/truusk.store\/sv\/#\/schema\/logo\/image\/","url":"https:\/\/i0.wp.com\/truusk.store\/wp-content\/uploads\/2026\/03\/cropped-TRUUSK.png?fit=2032%2C917&ssl=1","contentUrl":"https:\/\/i0.wp.com\/truusk.store\/wp-content\/uploads\/2026\/03\/cropped-TRUUSK.png?fit=2032%2C917&ssl=1","width":2032,"height":917,"caption":"TRUUSK - Hem, Tr\u00e4dg\u00e5rd & Fritid"},"image":{"@id":"https:\/\/truusk.store\/sv\/#\/schema\/logo\/image\/"}}]}},"jetpack_sharing_enabled":true,"_links":{"self":[{"href":"https:\/\/truusk.store\/sv\/wp-json\/wp\/v2\/product\/50098","targetHints":{"allow":["GET"]}}],"collection":[{"href":"https:\/\/truusk.store\/sv\/wp-json\/wp\/v2\/product"}],"about":[{"href":"https:\/\/truusk.store\/sv\/wp-json\/wp\/v2\/types\/product"}],"wp:featuredmedia":[{"embeddable":true,"href":"https:\/\/truusk.store\/sv\/wp-json\/wp\/v2\/media\/50099"}],"wp:attachment":[{"href":"https:\/\/truusk.store\/sv\/wp-json\/wp\/v2\/media?parent=50098"}],"wp:term":[{"taxonomy":"product_brand","embeddable":true,"href":"https:\/\/truusk.store\/sv\/wp-json\/wp\/v2\/product_brand?post=50098"},{"taxonomy":"product_cat","embeddable":true,"href":"https:\/\/truusk.store\/sv\/wp-json\/wp\/v2\/product_cat?post=50098"},{"taxonomy":"product_tag","embeddable":true,"href":"https:\/\/truusk.store\/sv\/wp-json\/wp\/v2\/product_tag?post=50098"}],"curies":[{"name":"wp","href":"https:\/\/api.w.org\/{rel}","templated":true}]}}