{"id":50109,"date":"2024-02-29T11:40:08","date_gmt":"2024-02-29T10:40:08","guid":{"rendered":"https:\/\/truusk.store\/product\/hogbaddsplanteringsortbadd-vaderbestandig-1-spalje-183-x-985-x-95cm-natur\/"},"modified":"2026-03-12T09:37:32","modified_gmt":"2026-03-12T08:37:32","slug":"truusk-hogbaddsplanteringsortbadd-vaderbestandig-1-spalje-183-x-985-x-95cm-natur","status":"publish","type":"product","link":"https:\/\/truusk.store\/sv\/produkt\/truusk-hogbaddsplanteringsortbadd-vaderbestandig-1-spalje-183-x-985-x-95cm-natur\/","title":{"rendered":"TRUUSK H\u00f6gb\u00e4ddsplanterings\u00f6rtb\u00e4dd &#8211; V\u00e4derbest\u00e4ndig &#8211; 1 Spalj\u00e9 &#8211; 183 X 98,5 X 95cm &#8211; Natur"},"content":{"rendered":"<p>Tr\u00e4dg\u00e5rdsplantorer erbjuder plats f\u00f6r v\u00e4xter praktiskt taget var som helst. Denna upph\u00f6jda tr\u00e4dg\u00e5rdsplantor kan g\u00f6ra \u00e4nnu mer: den har ocks\u00e5 en spalj\u00e9 f\u00f6r kl\u00e4tterv\u00e4xter, h\u00e4ngande foton eller LED-lampor f\u00f6r att visa upp din tr\u00e4dg\u00e5rd. Grantr\u00e4konstruktionen \u00e4r robust nog f\u00f6r utomhusbruk. Upph\u00f6jt n\u00e4t h\u00e5ller smuts och skadedjur ute. Anv\u00e4nd planteringsmaskinen med spalj\u00e9 f\u00f6r att skapa ett m\u00e5ngsidigt och blomstrande tr\u00e4dg\u00e5rdsomr\u00e5de.<\/p>\n<h3>Beskrivning:<\/h3>\n<ul>\n<li>V\u00e4xter och vinrankor kan v\u00e4xa p\u00e5 och runt den bakre spalj\u00e9n<\/li>\n<li>Gott om plats f\u00f6r gr\u00f6nsaker, blommor, \u00f6rter och mer<\/li>\n<li>Skyddsn\u00e4ten kan st\u00e4ngas och vikas upp<\/li>\n<li>H\u00e5ller ute ogr\u00e4s och ger bra dr\u00e4nering med \u00f6ppen jord<\/li>\n<li>Tillverkad av lackerat grantr\u00e4 f\u00f6r l\u00e5ng h\u00e5llbarhet utomhus<\/li>\n<li>Montering kr\u00e4vs<\/li>\n<\/ul>\n<h3>Teknisk data:<\/h3>\n<ul>\n<li>F\u00e4rg: Naturlig<\/li>\n<li>Material: gran<\/li>\n<li>\u00d6vergripande m\u00e5tt: 183L x 98,5W x 95H cm<\/li>\n<li>Upph\u00f6jd s\u00e4ng innerm\u00e5tt: 180L x 93W x 30H cm<\/li>\n<li>Spalj\u00e9storlek: 183L x 3W x 65H cm<\/li>\n<li>Vikst\u00e4ngselm\u00e5tt: 94L x 2W x 15H cm<\/li>\n<li>91L x 2B x 15H cm<\/li>\n<\/ul>\n<h3>Leveransens omfattning:<\/h3>\n<ul>\n<li>1 x upph\u00f6jd s\u00e4ng med spalj\u00e9<\/li>\n<li>1 x Instruktioner<\/li>\n<\/ul>\n","protected":false},"excerpt":{"rendered":"<p>Tr\u00e4dg\u00e5rdsplantorer erbjuder plats f\u00f6r v\u00e4xter praktiskt taget var som helst. Denna upph\u00f6jda tr\u00e4dg\u00e5rdsplantor kan g\u00f6ra \u00e4nnu mer: den har ocks\u00e5&#8230;<\/p>\n","protected":false},"featured_media":50110,"template":"","meta":[],"product_brand":[],"product_cat":[445,435,443],"product_tag":[],"class_list":{"0":"post-50109","1":"product","2":"type-product","3":"status-publish","4":"has-post-thumbnail","6":"product_cat-kalla-ramar","7":"product_cat-tradgard-och-terrass","8":"product_cat-vaxthus-tradgardsskotsel","10":"first","11":"instock","12":"sale","13":"taxable","14":"shipping-taxable","15":"purchasable","16":"product-type-simple"},"yoast_head":"<!-- This site is optimized with the Yoast SEO plugin v25.4 - https:\/\/yoast.com\/wordpress\/plugins\/seo\/ -->\n<title>TRUUSK H\u00f6gb\u00e4ddsplanterings\u00f6rtb\u00e4dd - V\u00e4derbest\u00e4ndig - 1 Spalj\u00e9 - 183 X 98,5 X 95cm - Natur - TRUUSK - Hem, Tr\u00e4dg\u00e5rd &amp; Fritid<\/title>\n<meta name=\"robots\" content=\"index, follow, max-snippet:-1, max-image-preview:large, max-video-preview:-1\" \/>\n<link rel=\"canonical\" href=\"https:\/\/truusk.store\/sv\/produkt\/truusk-hogbaddsplanteringsortbadd-vaderbestandig-1-spalje-183-x-985-x-95cm-natur\/\" \/>\n<meta property=\"og:locale\" content=\"sv_SE\" \/>\n<meta property=\"og:type\" content=\"article\" \/>\n<meta property=\"og:title\" content=\"TRUUSK H\u00f6gb\u00e4ddsplanterings\u00f6rtb\u00e4dd - V\u00e4derbest\u00e4ndig - 1 Spalj\u00e9 - 183 X 98,5 X 95cm - Natur - TRUUSK - Hem, Tr\u00e4dg\u00e5rd &amp; Fritid\" \/>\n<meta property=\"og:description\" content=\"Tr\u00e4dg\u00e5rdsplantorer erbjuder plats f\u00f6r v\u00e4xter praktiskt taget var som helst. Denna upph\u00f6jda tr\u00e4dg\u00e5rdsplantor kan g\u00f6ra \u00e4nnu mer: den har ocks\u00e5...\" \/>\n<meta property=\"og:url\" content=\"https:\/\/truusk.store\/sv\/produkt\/truusk-hogbaddsplanteringsortbadd-vaderbestandig-1-spalje-183-x-985-x-95cm-natur\/\" \/>\n<meta property=\"og:site_name\" content=\"TRUUSK - Hem, Tr\u00e4dg\u00e5rd &amp; Fritid\" \/>\n<meta property=\"article:modified_time\" content=\"2026-03-12T08:37:32+00:00\" \/>\n<meta property=\"og:image\" content=\"https:\/\/i0.wp.com\/truusk.se\/wp-content\/uploads\/2024\/02\/hogbaddsplanteringsortbadd-vaderbestandig-1-spalje-183-x-985-x-95cm-natur.webp?fit=800%2C800&ssl=1\" \/>\n\t<meta property=\"og:image:width\" content=\"800\" \/>\n\t<meta property=\"og:image:height\" content=\"800\" \/>\n\t<meta property=\"og:image:type\" content=\"image\/webp\" \/>\n<meta name=\"twitter:card\" content=\"summary_large_image\" \/>\n<meta name=\"twitter:label1\" content=\"Ber\u00e4knad l\u00e4stid\" \/>\n\t<meta name=\"twitter:data1\" content=\"1 minut\" \/>\n<!-- \/ Yoast SEO plugin. -->","yoast_head_json":{"title":"TRUUSK H\u00f6gb\u00e4ddsplanterings\u00f6rtb\u00e4dd - V\u00e4derbest\u00e4ndig - 1 Spalj\u00e9 - 183 X 98,5 X 95cm - Natur - TRUUSK - Hem, Tr\u00e4dg\u00e5rd &amp; Fritid","robots":{"index":"index","follow":"follow","max-snippet":"max-snippet:-1","max-image-preview":"max-image-preview:large","max-video-preview":"max-video-preview:-1"},"canonical":"https:\/\/truusk.store\/sv\/produkt\/truusk-hogbaddsplanteringsortbadd-vaderbestandig-1-spalje-183-x-985-x-95cm-natur\/","og_locale":"sv_SE","og_type":"article","og_title":"TRUUSK H\u00f6gb\u00e4ddsplanterings\u00f6rtb\u00e4dd - V\u00e4derbest\u00e4ndig - 1 Spalj\u00e9 - 183 X 98,5 X 95cm - Natur - TRUUSK - Hem, Tr\u00e4dg\u00e5rd &amp; Fritid","og_description":"Tr\u00e4dg\u00e5rdsplantorer erbjuder plats f\u00f6r v\u00e4xter praktiskt taget var som helst. Denna upph\u00f6jda tr\u00e4dg\u00e5rdsplantor kan g\u00f6ra \u00e4nnu mer: den har ocks\u00e5...","og_url":"https:\/\/truusk.store\/sv\/produkt\/truusk-hogbaddsplanteringsortbadd-vaderbestandig-1-spalje-183-x-985-x-95cm-natur\/","og_site_name":"TRUUSK - Hem, Tr\u00e4dg\u00e5rd &amp; Fritid","article_modified_time":"2026-03-12T08:37:32+00:00","og_image":[{"width":800,"height":800,"url":"https:\/\/i0.wp.com\/truusk.se\/wp-content\/uploads\/2024\/02\/hogbaddsplanteringsortbadd-vaderbestandig-1-spalje-183-x-985-x-95cm-natur.webp?fit=800%2C800&ssl=1","type":"image\/webp"}],"twitter_card":"summary_large_image","twitter_misc":{"Ber\u00e4knad l\u00e4stid":"1 minut"},"schema":{"@context":"https:\/\/schema.org","@graph":[{"@type":"WebPage","@id":"https:\/\/truusk.store\/sv\/produkt\/truusk-hogbaddsplanteringsortbadd-vaderbestandig-1-spalje-183-x-985-x-95cm-natur\/","url":"https:\/\/truusk.store\/sv\/produkt\/truusk-hogbaddsplanteringsortbadd-vaderbestandig-1-spalje-183-x-985-x-95cm-natur\/","name":"TRUUSK H\u00f6gb\u00e4ddsplanterings\u00f6rtb\u00e4dd - V\u00e4derbest\u00e4ndig - 1 Spalj\u00e9 - 183 X 98,5 X 95cm - Natur - TRUUSK - Hem, Tr\u00e4dg\u00e5rd &amp; Fritid","isPartOf":{"@id":"https:\/\/truusk.store\/sv\/#website"},"primaryImageOfPage":{"@id":"https:\/\/truusk.store\/sv\/produkt\/truusk-hogbaddsplanteringsortbadd-vaderbestandig-1-spalje-183-x-985-x-95cm-natur\/#primaryimage"},"image":{"@id":"https:\/\/truusk.store\/sv\/produkt\/truusk-hogbaddsplanteringsortbadd-vaderbestandig-1-spalje-183-x-985-x-95cm-natur\/#primaryimage"},"thumbnailUrl":"https:\/\/i0.wp.com\/truusk.store\/wp-content\/uploads\/2024\/02\/hogbaddsplanteringsortbadd-vaderbestandig-1-spalje-183-x-985-x-95cm-natur.webp?fit=800%2C800&ssl=1","datePublished":"2024-02-29T10:40:08+00:00","dateModified":"2026-03-12T08:37:32+00:00","breadcrumb":{"@id":"https:\/\/truusk.store\/sv\/produkt\/truusk-hogbaddsplanteringsortbadd-vaderbestandig-1-spalje-183-x-985-x-95cm-natur\/#breadcrumb"},"inLanguage":"sv-SE","potentialAction":[{"@type":"ReadAction","target":["https:\/\/truusk.store\/sv\/produkt\/truusk-hogbaddsplanteringsortbadd-vaderbestandig-1-spalje-183-x-985-x-95cm-natur\/"]}]},{"@type":"ImageObject","inLanguage":"sv-SE","@id":"https:\/\/truusk.store\/sv\/produkt\/truusk-hogbaddsplanteringsortbadd-vaderbestandig-1-spalje-183-x-985-x-95cm-natur\/#primaryimage","url":"https:\/\/i0.wp.com\/truusk.store\/wp-content\/uploads\/2024\/02\/hogbaddsplanteringsortbadd-vaderbestandig-1-spalje-183-x-985-x-95cm-natur.webp?fit=800%2C800&ssl=1","contentUrl":"https:\/\/i0.wp.com\/truusk.store\/wp-content\/uploads\/2024\/02\/hogbaddsplanteringsortbadd-vaderbestandig-1-spalje-183-x-985-x-95cm-natur.webp?fit=800%2C800&ssl=1","width":800,"height":800,"caption":"H\u00f6gb\u00e4ddsplanterings\u00f6rtb\u00e4dd, V\u00e4derbest\u00e4ndig, 1 Spalj\u00e9, 183 X 98,5 X 95cm, Natur 1"},{"@type":"BreadcrumbList","@id":"https:\/\/truusk.store\/sv\/produkt\/truusk-hogbaddsplanteringsortbadd-vaderbestandig-1-spalje-183-x-985-x-95cm-natur\/#breadcrumb","itemListElement":[{"@type":"ListItem","position":1,"name":"Home","item":"https:\/\/truusk.store\/sv\/"},{"@type":"ListItem","position":2,"name":"Shop","item":"https:\/\/truusk.store\/shop\/"},{"@type":"ListItem","position":3,"name":"TRUUSK H\u00f6gb\u00e4ddsplanterings\u00f6rtb\u00e4dd &#8211; V\u00e4derbest\u00e4ndig &#8211; 1 Spalj\u00e9 &#8211; 183 X 98,5 X 95cm &#8211; Natur"}]},{"@type":"WebSite","@id":"https:\/\/truusk.store\/sv\/#website","url":"https:\/\/truusk.store\/sv\/","name":"TRUUSK - Hem, Tr\u00e4dg\u00e5rd & Fritid","description":"","publisher":{"@id":"https:\/\/truusk.store\/sv\/#organization"},"potentialAction":[{"@type":"SearchAction","target":{"@type":"EntryPoint","urlTemplate":"https:\/\/truusk.store\/sv\/?s={search_term_string}"},"query-input":{"@type":"PropertyValueSpecification","valueRequired":true,"valueName":"search_term_string"}}],"inLanguage":"sv-SE"},{"@type":"Organization","@id":"https:\/\/truusk.store\/sv\/#organization","name":"TRUUSK - Hem, Tr\u00e4dg\u00e5rd & Fritid","url":"https:\/\/truusk.store\/sv\/","logo":{"@type":"ImageObject","inLanguage":"sv-SE","@id":"https:\/\/truusk.store\/sv\/#\/schema\/logo\/image\/","url":"https:\/\/i0.wp.com\/truusk.store\/wp-content\/uploads\/2026\/03\/cropped-TRUUSK.png?fit=2032%2C917&ssl=1","contentUrl":"https:\/\/i0.wp.com\/truusk.store\/wp-content\/uploads\/2026\/03\/cropped-TRUUSK.png?fit=2032%2C917&ssl=1","width":2032,"height":917,"caption":"TRUUSK - Hem, Tr\u00e4dg\u00e5rd & Fritid"},"image":{"@id":"https:\/\/truusk.store\/sv\/#\/schema\/logo\/image\/"}}]}},"jetpack_sharing_enabled":true,"_links":{"self":[{"href":"https:\/\/truusk.store\/sv\/wp-json\/wp\/v2\/product\/50109","targetHints":{"allow":["GET"]}}],"collection":[{"href":"https:\/\/truusk.store\/sv\/wp-json\/wp\/v2\/product"}],"about":[{"href":"https:\/\/truusk.store\/sv\/wp-json\/wp\/v2\/types\/product"}],"wp:featuredmedia":[{"embeddable":true,"href":"https:\/\/truusk.store\/sv\/wp-json\/wp\/v2\/media\/50110"}],"wp:attachment":[{"href":"https:\/\/truusk.store\/sv\/wp-json\/wp\/v2\/media?parent=50109"}],"wp:term":[{"taxonomy":"product_brand","embeddable":true,"href":"https:\/\/truusk.store\/sv\/wp-json\/wp\/v2\/product_brand?post=50109"},{"taxonomy":"product_cat","embeddable":true,"href":"https:\/\/truusk.store\/sv\/wp-json\/wp\/v2\/product_cat?post=50109"},{"taxonomy":"product_tag","embeddable":true,"href":"https:\/\/truusk.store\/sv\/wp-json\/wp\/v2\/product_tag?post=50109"}],"curies":[{"name":"wp","href":"https:\/\/api.w.org\/{rel}","templated":true}]}}