{"id":50116,"date":"2024-02-29T11:50:08","date_gmt":"2024-02-29T10:50:08","guid":{"rendered":"https:\/\/truusk.store\/product\/tradgardsbank-vagnhjulsdesign-for-2-personer-naturligt-tra\/"},"modified":"2026-03-12T09:38:15","modified_gmt":"2026-03-12T08:38:15","slug":"truusk-tradgardsbank-vagnhjulsdesign-for-2-personer-naturligt-tra","status":"publish","type":"product","link":"https:\/\/truusk.store\/sv\/produkt\/truusk-tradgardsbank-vagnhjulsdesign-for-2-personer-naturligt-tra\/","title":{"rendered":"TRUUSK Tr\u00e4dg\u00e5rdsb\u00e4nk &#8211; Vagnhjulsdesign &#8211; F\u00f6r 2 Personer &#8211; Naturligt Tr\u00e4"},"content":{"rendered":"<p>Tillverkad av naturligt grantr\u00e4, denna k\u00e4rleksstol i tr\u00e4 har v\u00e4ldesignade hjulformade armst\u00f6d. Den kan anv\u00e4ndas i alla relaxomr\u00e5den, som tr\u00e4dg\u00e5rd, tr\u00e4dg\u00e5rd, terrass, pooler, etc. De breda s\u00e4tena och robusta designen ger plats f\u00f6r minst tv\u00e5 personer. Det bekv\u00e4ma ryggst\u00f6det \u00e4r perfekt f\u00f6r att koppla av, vila, sova och underh\u00e5lla.<\/p>\n<h3>Beskrivning:<\/h3>\n<ul>\n<li>Idealiskt utformade vagnhjulsarmst\u00f6d och f\u00f6rkolnat tr\u00e4 utseende f\u00f6r dina utomhusomr\u00e5den<\/li>\n<li>Ergonomiskt format ryggst\u00f6d<\/li>\n<li>Med inb\u00e4ddade naglar och mjuka ytor f\u00f6r optimal komfort<\/li>\n<li>Idealisk f\u00f6r tr\u00e4dg\u00e5rdar, uteplatser och andra utomhusomr\u00e5den<\/li>\n<li>Den robusta designen har en lastkapacitet p\u00e5 250 kg<\/li>\n<li>OBS: Anv\u00e4nd den inte i extrema v\u00e4derf\u00f6rh\u00e5llanden (t.ex. stark vind och kraftigt regn). Anv\u00e4nd g\u00e4rna i en torr milj\u00f6.<\/li>\n<\/ul>\n<h3>Teknisk data:<\/h3>\n<ul>\n<li>Material: gran<\/li>\n<li>M\u00e5tt: L108 x B66 x H95 cm<\/li>\n<li>Sittyta: L98 x B48 x H2,3 cm<\/li>\n<li>Sitth\u00f6jd: 43 cm<\/li>\n<li>Lastkapacitet: 250 kg<\/li>\n<li>F\u00e4rg: naturligt tr\u00e4<\/li>\n<\/ul>\n<h3>Leveransens omfattning:<\/h3>\n<ul>\n<li>1 x Tr\u00e4dg\u00e5rdsb\u00e4nk<\/li>\n<li>1 x Monteringsanvisning<\/li>\n<\/ul>\n","protected":false},"excerpt":{"rendered":"<p>Tillverkad av naturligt grantr\u00e4, denna k\u00e4rleksstol i tr\u00e4 har v\u00e4ldesignade hjulformade armst\u00f6d. Den kan anv\u00e4ndas i alla relaxomr\u00e5den, som tr\u00e4dg\u00e5rd,&#8230;<\/p>\n","protected":false},"featured_media":50117,"template":"","meta":[],"product_brand":[],"product_cat":[435,454,450],"product_tag":[],"class_list":{"0":"post-50116","1":"product","2":"type-product","3":"status-publish","4":"has-post-thumbnail","6":"product_cat-tradgard-och-terrass","7":"product_cat-tradgardsbankar","8":"product_cat-tradgardsmobler","10":"first","11":"instock","12":"sale","13":"taxable","14":"shipping-taxable","15":"purchasable","16":"product-type-simple"},"yoast_head":"<!-- This site is optimized with the Yoast SEO plugin v25.4 - https:\/\/yoast.com\/wordpress\/plugins\/seo\/ -->\n<title>TRUUSK Tr\u00e4dg\u00e5rdsb\u00e4nk - Vagnhjulsdesign - F\u00f6r 2 Personer - Naturligt Tr\u00e4 - TRUUSK - Hem, Tr\u00e4dg\u00e5rd &amp; Fritid<\/title>\n<meta name=\"robots\" content=\"index, follow, max-snippet:-1, max-image-preview:large, max-video-preview:-1\" \/>\n<link rel=\"canonical\" href=\"https:\/\/truusk.store\/sv\/produkt\/truusk-tradgardsbank-vagnhjulsdesign-for-2-personer-naturligt-tra\/\" \/>\n<meta property=\"og:locale\" content=\"sv_SE\" \/>\n<meta property=\"og:type\" content=\"article\" \/>\n<meta property=\"og:title\" content=\"TRUUSK Tr\u00e4dg\u00e5rdsb\u00e4nk - Vagnhjulsdesign - F\u00f6r 2 Personer - Naturligt Tr\u00e4 - TRUUSK - Hem, Tr\u00e4dg\u00e5rd &amp; Fritid\" \/>\n<meta property=\"og:description\" content=\"Tillverkad av naturligt grantr\u00e4, denna k\u00e4rleksstol i tr\u00e4 har v\u00e4ldesignade hjulformade armst\u00f6d. Den kan anv\u00e4ndas i alla relaxomr\u00e5den, som tr\u00e4dg\u00e5rd,...\" \/>\n<meta property=\"og:url\" content=\"https:\/\/truusk.store\/sv\/produkt\/truusk-tradgardsbank-vagnhjulsdesign-for-2-personer-naturligt-tra\/\" \/>\n<meta property=\"og:site_name\" content=\"TRUUSK - Hem, Tr\u00e4dg\u00e5rd &amp; Fritid\" \/>\n<meta property=\"article:modified_time\" content=\"2026-03-12T08:38:15+00:00\" \/>\n<meta property=\"og:image\" content=\"https:\/\/i0.wp.com\/truusk.se\/wp-content\/uploads\/2024\/02\/tradgardsbank-vagnhjulsdesign-for-2-personer-naturligt-tra-3.webp?fit=800%2C800&ssl=1\" \/>\n\t<meta property=\"og:image:width\" content=\"800\" \/>\n\t<meta property=\"og:image:height\" content=\"800\" \/>\n\t<meta property=\"og:image:type\" content=\"image\/webp\" \/>\n<meta name=\"twitter:card\" content=\"summary_large_image\" \/>\n<meta name=\"twitter:label1\" content=\"Ber\u00e4knad l\u00e4stid\" \/>\n\t<meta name=\"twitter:data1\" content=\"1 minut\" \/>\n<!-- \/ Yoast SEO plugin. -->","yoast_head_json":{"title":"TRUUSK Tr\u00e4dg\u00e5rdsb\u00e4nk - Vagnhjulsdesign - F\u00f6r 2 Personer - Naturligt Tr\u00e4 - TRUUSK - Hem, Tr\u00e4dg\u00e5rd &amp; Fritid","robots":{"index":"index","follow":"follow","max-snippet":"max-snippet:-1","max-image-preview":"max-image-preview:large","max-video-preview":"max-video-preview:-1"},"canonical":"https:\/\/truusk.store\/sv\/produkt\/truusk-tradgardsbank-vagnhjulsdesign-for-2-personer-naturligt-tra\/","og_locale":"sv_SE","og_type":"article","og_title":"TRUUSK Tr\u00e4dg\u00e5rdsb\u00e4nk - Vagnhjulsdesign - F\u00f6r 2 Personer - Naturligt Tr\u00e4 - TRUUSK - Hem, Tr\u00e4dg\u00e5rd &amp; Fritid","og_description":"Tillverkad av naturligt grantr\u00e4, denna k\u00e4rleksstol i tr\u00e4 har v\u00e4ldesignade hjulformade armst\u00f6d. Den kan anv\u00e4ndas i alla relaxomr\u00e5den, som tr\u00e4dg\u00e5rd,...","og_url":"https:\/\/truusk.store\/sv\/produkt\/truusk-tradgardsbank-vagnhjulsdesign-for-2-personer-naturligt-tra\/","og_site_name":"TRUUSK - Hem, Tr\u00e4dg\u00e5rd &amp; Fritid","article_modified_time":"2026-03-12T08:38:15+00:00","og_image":[{"width":800,"height":800,"url":"https:\/\/i0.wp.com\/truusk.se\/wp-content\/uploads\/2024\/02\/tradgardsbank-vagnhjulsdesign-for-2-personer-naturligt-tra-3.webp?fit=800%2C800&ssl=1","type":"image\/webp"}],"twitter_card":"summary_large_image","twitter_misc":{"Ber\u00e4knad l\u00e4stid":"1 minut"},"schema":{"@context":"https:\/\/schema.org","@graph":[{"@type":"WebPage","@id":"https:\/\/truusk.store\/sv\/produkt\/truusk-tradgardsbank-vagnhjulsdesign-for-2-personer-naturligt-tra\/","url":"https:\/\/truusk.store\/sv\/produkt\/truusk-tradgardsbank-vagnhjulsdesign-for-2-personer-naturligt-tra\/","name":"TRUUSK Tr\u00e4dg\u00e5rdsb\u00e4nk - Vagnhjulsdesign - F\u00f6r 2 Personer - Naturligt Tr\u00e4 - TRUUSK - Hem, Tr\u00e4dg\u00e5rd &amp; Fritid","isPartOf":{"@id":"https:\/\/truusk.store\/sv\/#website"},"primaryImageOfPage":{"@id":"https:\/\/truusk.store\/sv\/produkt\/truusk-tradgardsbank-vagnhjulsdesign-for-2-personer-naturligt-tra\/#primaryimage"},"image":{"@id":"https:\/\/truusk.store\/sv\/produkt\/truusk-tradgardsbank-vagnhjulsdesign-for-2-personer-naturligt-tra\/#primaryimage"},"thumbnailUrl":"https:\/\/i0.wp.com\/truusk.store\/wp-content\/uploads\/2024\/02\/tradgardsbank-vagnhjulsdesign-for-2-personer-naturligt-tra-3.webp?fit=800%2C800&ssl=1","datePublished":"2024-02-29T10:50:08+00:00","dateModified":"2026-03-12T08:38:15+00:00","breadcrumb":{"@id":"https:\/\/truusk.store\/sv\/produkt\/truusk-tradgardsbank-vagnhjulsdesign-for-2-personer-naturligt-tra\/#breadcrumb"},"inLanguage":"sv-SE","potentialAction":[{"@type":"ReadAction","target":["https:\/\/truusk.store\/sv\/produkt\/truusk-tradgardsbank-vagnhjulsdesign-for-2-personer-naturligt-tra\/"]}]},{"@type":"ImageObject","inLanguage":"sv-SE","@id":"https:\/\/truusk.store\/sv\/produkt\/truusk-tradgardsbank-vagnhjulsdesign-for-2-personer-naturligt-tra\/#primaryimage","url":"https:\/\/i0.wp.com\/truusk.store\/wp-content\/uploads\/2024\/02\/tradgardsbank-vagnhjulsdesign-for-2-personer-naturligt-tra-3.webp?fit=800%2C800&ssl=1","contentUrl":"https:\/\/i0.wp.com\/truusk.store\/wp-content\/uploads\/2024\/02\/tradgardsbank-vagnhjulsdesign-for-2-personer-naturligt-tra-3.webp?fit=800%2C800&ssl=1","width":800,"height":800,"caption":"Tr\u00e4dg\u00e5rdsb\u00e4nk, Vagnhjulsdesign, F\u00f6r 2 Personer, Naturligt Tr\u00e4 1"},{"@type":"BreadcrumbList","@id":"https:\/\/truusk.store\/sv\/produkt\/truusk-tradgardsbank-vagnhjulsdesign-for-2-personer-naturligt-tra\/#breadcrumb","itemListElement":[{"@type":"ListItem","position":1,"name":"Home","item":"https:\/\/truusk.store\/sv\/"},{"@type":"ListItem","position":2,"name":"Shop","item":"https:\/\/truusk.store\/shop\/"},{"@type":"ListItem","position":3,"name":"TRUUSK Tr\u00e4dg\u00e5rdsb\u00e4nk &#8211; Vagnhjulsdesign &#8211; F\u00f6r 2 Personer &#8211; Naturligt Tr\u00e4"}]},{"@type":"WebSite","@id":"https:\/\/truusk.store\/sv\/#website","url":"https:\/\/truusk.store\/sv\/","name":"TRUUSK - Hem, Tr\u00e4dg\u00e5rd & Fritid","description":"","publisher":{"@id":"https:\/\/truusk.store\/sv\/#organization"},"potentialAction":[{"@type":"SearchAction","target":{"@type":"EntryPoint","urlTemplate":"https:\/\/truusk.store\/sv\/?s={search_term_string}"},"query-input":{"@type":"PropertyValueSpecification","valueRequired":true,"valueName":"search_term_string"}}],"inLanguage":"sv-SE"},{"@type":"Organization","@id":"https:\/\/truusk.store\/sv\/#organization","name":"TRUUSK - Hem, Tr\u00e4dg\u00e5rd & Fritid","url":"https:\/\/truusk.store\/sv\/","logo":{"@type":"ImageObject","inLanguage":"sv-SE","@id":"https:\/\/truusk.store\/sv\/#\/schema\/logo\/image\/","url":"https:\/\/i0.wp.com\/truusk.store\/wp-content\/uploads\/2026\/03\/cropped-TRUUSK.png?fit=2032%2C917&ssl=1","contentUrl":"https:\/\/i0.wp.com\/truusk.store\/wp-content\/uploads\/2026\/03\/cropped-TRUUSK.png?fit=2032%2C917&ssl=1","width":2032,"height":917,"caption":"TRUUSK - Hem, Tr\u00e4dg\u00e5rd & Fritid"},"image":{"@id":"https:\/\/truusk.store\/sv\/#\/schema\/logo\/image\/"}}]}},"jetpack_sharing_enabled":true,"_links":{"self":[{"href":"https:\/\/truusk.store\/sv\/wp-json\/wp\/v2\/product\/50116","targetHints":{"allow":["GET"]}}],"collection":[{"href":"https:\/\/truusk.store\/sv\/wp-json\/wp\/v2\/product"}],"about":[{"href":"https:\/\/truusk.store\/sv\/wp-json\/wp\/v2\/types\/product"}],"wp:featuredmedia":[{"embeddable":true,"href":"https:\/\/truusk.store\/sv\/wp-json\/wp\/v2\/media\/50117"}],"wp:attachment":[{"href":"https:\/\/truusk.store\/sv\/wp-json\/wp\/v2\/media?parent=50116"}],"wp:term":[{"taxonomy":"product_brand","embeddable":true,"href":"https:\/\/truusk.store\/sv\/wp-json\/wp\/v2\/product_brand?post=50116"},{"taxonomy":"product_cat","embeddable":true,"href":"https:\/\/truusk.store\/sv\/wp-json\/wp\/v2\/product_cat?post=50116"},{"taxonomy":"product_tag","embeddable":true,"href":"https:\/\/truusk.store\/sv\/wp-json\/wp\/v2\/product_tag?post=50116"}],"curies":[{"name":"wp","href":"https:\/\/api.w.org\/{rel}","templated":true}]}}