{"id":50135,"date":"2024-02-29T12:10:09","date_gmt":"2024-02-29T11:10:09","guid":{"rendered":"https:\/\/truusk.store\/product\/sparkdyna-for-muay-thai-kickboxning-fodral-i-konstlader-04-kg-38x20x18-cm-svart-rod-vit\/"},"modified":"2026-03-12T09:36:46","modified_gmt":"2026-03-12T08:36:46","slug":"truusk-muay-thai-och-kickboxning-sparkdyna-konstlader-lattvikt-38x20x18-cm-svart-rod-vit","status":"publish","type":"product","link":"https:\/\/truusk.store\/sv\/produkt\/truusk-muay-thai-och-kickboxning-sparkdyna-konstlader-lattvikt-38x20x18-cm-svart-rod-vit\/","title":{"rendered":"TRUUSK Muay Thai och Kickboxning Sparkdyna &#8211; Konstl\u00e4der &#8211; L\u00e4ttvikt &#8211; 38x20x18 cm &#8211; Svart\/R\u00f6d\/Vit"},"content":{"rendered":"<p>Med v\u00e5r 8 cm tjocka sparkdyna kan du enkelt f\u00e5nga varje spark eller slag. Det st\u00f6td\u00e4mpande materialet skyddar inte bara dina ben och leder, utan hj\u00e4lper ocks\u00e5 effektivt din tr\u00e4ningspartner under sparktr\u00e4ning genom att \u00f6ka s\u00e4kerheten. Tack vare det f\u00f6rst\u00e4rkta handtaget och de justerbara kardborrebanden sitter stoppningen stadigt och bekv\u00e4mt. Njut av maximal r\u00f6relsefrihet tack vare den ultral\u00e4tta vikten. Muay Thai Pad \u00e4r din perfekta sparringpartner!<\/p>\n<h3>Beskrivning:<\/h3>\n<ul>\n<li>Ger stark och p\u00e5litlig st\u00f6td\u00e4mpning f\u00f6r s\u00e4ker tr\u00e4ning<\/li>\n<li>Den h\u00f6gdensitetsstoppning s\u00e4kerst\u00e4ller effektiv absorption av st\u00f6tar och slag<\/li>\n<li>Med rem och handtag f\u00f6r s\u00e4ker f\u00e4ste p\u00e5 armen<\/li>\n<li>L\u00e4tt att reng\u00f6ra och underh\u00e5lla f\u00f6r l\u00e5ngvarig anv\u00e4ndning och hygien<\/li>\n<\/ul>\n<h3>Teknisk data:<\/h3>\n<ul>\n<li>F\u00e4rg: Svart, r\u00f6d och vit<\/li>\n<li>Material: syntetiskt l\u00e4der, EPE<\/li>\n<li>\u00d6vergripande m\u00e5tt: 38L x 20W x 18H cm<\/li>\n<li>Kardborreband: 40L x 6W cm<\/li>\n<li>Vikt: 0,4 kg<\/li>\n<\/ul>\n<h3>Leveransens omfattning:<\/h3>\n<ul>\n<li>1 x sparkdyna;<\/li>\n<\/ul>\n","protected":false},"excerpt":{"rendered":"<p>Med v\u00e5r 8 cm tjocka sparkdyna kan du enkelt f\u00e5nga varje spark eller slag. Det st\u00f6td\u00e4mpande materialet skyddar inte bara&#8230;<\/p>\n","protected":false},"featured_media":50136,"template":"","meta":[],"product_brand":[],"product_cat":[667,661,647],"product_tag":[],"class_list":{"0":"post-50135","1":"product","2":"type-product","3":"status-publish","4":"has-post-thumbnail","6":"product_cat-boxningssack","7":"product_cat-kondition-styrketraning","8":"product_cat-sport-fritid","10":"first","11":"instock","12":"sale","13":"taxable","14":"shipping-taxable","15":"purchasable","16":"product-type-simple"},"yoast_head":"<!-- This site is optimized with the Yoast SEO plugin v25.4 - https:\/\/yoast.com\/wordpress\/plugins\/seo\/ -->\n<title>TRUUSK Muay Thai och Kickboxning Sparkdyna - Konstl\u00e4der - L\u00e4ttvikt - 38x20x18 cm - Svart\/R\u00f6d\/Vit - TRUUSK - Hem, Tr\u00e4dg\u00e5rd &amp; Fritid<\/title>\n<meta name=\"robots\" content=\"index, follow, max-snippet:-1, max-image-preview:large, max-video-preview:-1\" \/>\n<link rel=\"canonical\" href=\"https:\/\/truusk.store\/sv\/produkt\/truusk-muay-thai-och-kickboxning-sparkdyna-konstlader-lattvikt-38x20x18-cm-svart-rod-vit\/\" \/>\n<meta property=\"og:locale\" content=\"sv_SE\" \/>\n<meta property=\"og:type\" content=\"article\" \/>\n<meta property=\"og:title\" content=\"TRUUSK Muay Thai och Kickboxning Sparkdyna - Konstl\u00e4der - L\u00e4ttvikt - 38x20x18 cm - Svart\/R\u00f6d\/Vit - TRUUSK - Hem, Tr\u00e4dg\u00e5rd &amp; Fritid\" \/>\n<meta property=\"og:description\" content=\"Med v\u00e5r 8 cm tjocka sparkdyna kan du enkelt f\u00e5nga varje spark eller slag. Det st\u00f6td\u00e4mpande materialet skyddar inte bara...\" \/>\n<meta property=\"og:url\" content=\"https:\/\/truusk.store\/sv\/produkt\/truusk-muay-thai-och-kickboxning-sparkdyna-konstlader-lattvikt-38x20x18-cm-svart-rod-vit\/\" \/>\n<meta property=\"og:site_name\" content=\"TRUUSK - Hem, Tr\u00e4dg\u00e5rd &amp; Fritid\" \/>\n<meta property=\"article:modified_time\" content=\"2026-03-12T08:36:46+00:00\" \/>\n<meta property=\"og:image\" content=\"https:\/\/i0.wp.com\/truusk.se\/wp-content\/uploads\/2024\/02\/sparkdyna-for-muay-thai-kickboxning-fodral-i-konstlader-04-kg-38x20x18-cm-svart-rod-vit.webp?fit=800%2C800&ssl=1\" \/>\n\t<meta property=\"og:image:width\" content=\"800\" \/>\n\t<meta property=\"og:image:height\" content=\"800\" \/>\n\t<meta property=\"og:image:type\" content=\"image\/webp\" \/>\n<meta name=\"twitter:card\" content=\"summary_large_image\" \/>\n<meta name=\"twitter:label1\" content=\"Ber\u00e4knad l\u00e4stid\" \/>\n\t<meta name=\"twitter:data1\" content=\"1 minut\" \/>\n<!-- \/ Yoast SEO plugin. -->","yoast_head_json":{"title":"TRUUSK Muay Thai och Kickboxning Sparkdyna - Konstl\u00e4der - L\u00e4ttvikt - 38x20x18 cm - Svart\/R\u00f6d\/Vit - TRUUSK - Hem, Tr\u00e4dg\u00e5rd &amp; Fritid","robots":{"index":"index","follow":"follow","max-snippet":"max-snippet:-1","max-image-preview":"max-image-preview:large","max-video-preview":"max-video-preview:-1"},"canonical":"https:\/\/truusk.store\/sv\/produkt\/truusk-muay-thai-och-kickboxning-sparkdyna-konstlader-lattvikt-38x20x18-cm-svart-rod-vit\/","og_locale":"sv_SE","og_type":"article","og_title":"TRUUSK Muay Thai och Kickboxning Sparkdyna - Konstl\u00e4der - L\u00e4ttvikt - 38x20x18 cm - Svart\/R\u00f6d\/Vit - TRUUSK - Hem, Tr\u00e4dg\u00e5rd &amp; Fritid","og_description":"Med v\u00e5r 8 cm tjocka sparkdyna kan du enkelt f\u00e5nga varje spark eller slag. Det st\u00f6td\u00e4mpande materialet skyddar inte bara...","og_url":"https:\/\/truusk.store\/sv\/produkt\/truusk-muay-thai-och-kickboxning-sparkdyna-konstlader-lattvikt-38x20x18-cm-svart-rod-vit\/","og_site_name":"TRUUSK - Hem, Tr\u00e4dg\u00e5rd &amp; Fritid","article_modified_time":"2026-03-12T08:36:46+00:00","og_image":[{"width":800,"height":800,"url":"https:\/\/i0.wp.com\/truusk.se\/wp-content\/uploads\/2024\/02\/sparkdyna-for-muay-thai-kickboxning-fodral-i-konstlader-04-kg-38x20x18-cm-svart-rod-vit.webp?fit=800%2C800&ssl=1","type":"image\/webp"}],"twitter_card":"summary_large_image","twitter_misc":{"Ber\u00e4knad l\u00e4stid":"1 minut"},"schema":{"@context":"https:\/\/schema.org","@graph":[{"@type":"WebPage","@id":"https:\/\/truusk.store\/sv\/produkt\/truusk-muay-thai-och-kickboxning-sparkdyna-konstlader-lattvikt-38x20x18-cm-svart-rod-vit\/","url":"https:\/\/truusk.store\/sv\/produkt\/truusk-muay-thai-och-kickboxning-sparkdyna-konstlader-lattvikt-38x20x18-cm-svart-rod-vit\/","name":"TRUUSK Muay Thai och Kickboxning Sparkdyna - Konstl\u00e4der - L\u00e4ttvikt - 38x20x18 cm - Svart\/R\u00f6d\/Vit - TRUUSK - Hem, Tr\u00e4dg\u00e5rd &amp; Fritid","isPartOf":{"@id":"https:\/\/truusk.store\/sv\/#website"},"primaryImageOfPage":{"@id":"https:\/\/truusk.store\/sv\/produkt\/truusk-muay-thai-och-kickboxning-sparkdyna-konstlader-lattvikt-38x20x18-cm-svart-rod-vit\/#primaryimage"},"image":{"@id":"https:\/\/truusk.store\/sv\/produkt\/truusk-muay-thai-och-kickboxning-sparkdyna-konstlader-lattvikt-38x20x18-cm-svart-rod-vit\/#primaryimage"},"thumbnailUrl":"https:\/\/i0.wp.com\/truusk.store\/wp-content\/uploads\/2024\/02\/sparkdyna-for-muay-thai-kickboxning-fodral-i-konstlader-04-kg-38x20x18-cm-svart-rod-vit.webp?fit=800%2C800&ssl=1","datePublished":"2024-02-29T11:10:09+00:00","dateModified":"2026-03-12T08:36:46+00:00","breadcrumb":{"@id":"https:\/\/truusk.store\/sv\/produkt\/truusk-muay-thai-och-kickboxning-sparkdyna-konstlader-lattvikt-38x20x18-cm-svart-rod-vit\/#breadcrumb"},"inLanguage":"sv-SE","potentialAction":[{"@type":"ReadAction","target":["https:\/\/truusk.store\/sv\/produkt\/truusk-muay-thai-och-kickboxning-sparkdyna-konstlader-lattvikt-38x20x18-cm-svart-rod-vit\/"]}]},{"@type":"ImageObject","inLanguage":"sv-SE","@id":"https:\/\/truusk.store\/sv\/produkt\/truusk-muay-thai-och-kickboxning-sparkdyna-konstlader-lattvikt-38x20x18-cm-svart-rod-vit\/#primaryimage","url":"https:\/\/i0.wp.com\/truusk.store\/wp-content\/uploads\/2024\/02\/sparkdyna-for-muay-thai-kickboxning-fodral-i-konstlader-04-kg-38x20x18-cm-svart-rod-vit.webp?fit=800%2C800&ssl=1","contentUrl":"https:\/\/i0.wp.com\/truusk.store\/wp-content\/uploads\/2024\/02\/sparkdyna-for-muay-thai-kickboxning-fodral-i-konstlader-04-kg-38x20x18-cm-svart-rod-vit.webp?fit=800%2C800&ssl=1","width":800,"height":800,"caption":"Sparkdyna F\u00f6r Muay Thai, Kickboxning, Fodral I Konstl\u00e4der, 0,4 Kg, 38x20x18 Cm, Svart\/r\u00f6d\/vit 1"},{"@type":"BreadcrumbList","@id":"https:\/\/truusk.store\/sv\/produkt\/truusk-muay-thai-och-kickboxning-sparkdyna-konstlader-lattvikt-38x20x18-cm-svart-rod-vit\/#breadcrumb","itemListElement":[{"@type":"ListItem","position":1,"name":"Home","item":"https:\/\/truusk.store\/sv\/"},{"@type":"ListItem","position":2,"name":"Shop","item":"https:\/\/truusk.store\/shop\/"},{"@type":"ListItem","position":3,"name":"TRUUSK Muay Thai och Kickboxning Sparkdyna &#8211; Konstl\u00e4der &#8211; L\u00e4ttvikt &#8211; 38x20x18 cm &#8211; Svart\/R\u00f6d\/Vit"}]},{"@type":"WebSite","@id":"https:\/\/truusk.store\/sv\/#website","url":"https:\/\/truusk.store\/sv\/","name":"TRUUSK - Hem, Tr\u00e4dg\u00e5rd & Fritid","description":"","publisher":{"@id":"https:\/\/truusk.store\/sv\/#organization"},"potentialAction":[{"@type":"SearchAction","target":{"@type":"EntryPoint","urlTemplate":"https:\/\/truusk.store\/sv\/?s={search_term_string}"},"query-input":{"@type":"PropertyValueSpecification","valueRequired":true,"valueName":"search_term_string"}}],"inLanguage":"sv-SE"},{"@type":"Organization","@id":"https:\/\/truusk.store\/sv\/#organization","name":"TRUUSK - Hem, Tr\u00e4dg\u00e5rd & Fritid","url":"https:\/\/truusk.store\/sv\/","logo":{"@type":"ImageObject","inLanguage":"sv-SE","@id":"https:\/\/truusk.store\/sv\/#\/schema\/logo\/image\/","url":"https:\/\/i0.wp.com\/truusk.store\/wp-content\/uploads\/2026\/03\/cropped-TRUUSK.png?fit=2032%2C917&ssl=1","contentUrl":"https:\/\/i0.wp.com\/truusk.store\/wp-content\/uploads\/2026\/03\/cropped-TRUUSK.png?fit=2032%2C917&ssl=1","width":2032,"height":917,"caption":"TRUUSK - Hem, Tr\u00e4dg\u00e5rd & Fritid"},"image":{"@id":"https:\/\/truusk.store\/sv\/#\/schema\/logo\/image\/"}}]}},"jetpack_sharing_enabled":true,"_links":{"self":[{"href":"https:\/\/truusk.store\/sv\/wp-json\/wp\/v2\/product\/50135","targetHints":{"allow":["GET"]}}],"collection":[{"href":"https:\/\/truusk.store\/sv\/wp-json\/wp\/v2\/product"}],"about":[{"href":"https:\/\/truusk.store\/sv\/wp-json\/wp\/v2\/types\/product"}],"wp:featuredmedia":[{"embeddable":true,"href":"https:\/\/truusk.store\/sv\/wp-json\/wp\/v2\/media\/50136"}],"wp:attachment":[{"href":"https:\/\/truusk.store\/sv\/wp-json\/wp\/v2\/media?parent=50135"}],"wp:term":[{"taxonomy":"product_brand","embeddable":true,"href":"https:\/\/truusk.store\/sv\/wp-json\/wp\/v2\/product_brand?post=50135"},{"taxonomy":"product_cat","embeddable":true,"href":"https:\/\/truusk.store\/sv\/wp-json\/wp\/v2\/product_cat?post=50135"},{"taxonomy":"product_tag","embeddable":true,"href":"https:\/\/truusk.store\/sv\/wp-json\/wp\/v2\/product_tag?post=50135"}],"curies":[{"name":"wp","href":"https:\/\/api.w.org\/{rel}","templated":true}]}}