{"id":50146,"date":"2024-02-29T12:20:12","date_gmt":"2024-02-29T11:20:12","guid":{"rendered":"https:\/\/truusk.store\/product\/isbitsmaskin-isbitsmaskin-ice-maker-20kg-24h-23l-iskubsmaskin-med-32l-vattentank-svart\/"},"modified":"2026-03-12T09:36:28","modified_gmt":"2026-03-12T08:36:28","slug":"truusk-ismaskin-ice-maker-20kg-24h-23l-iskuber-32l-vattentank-svart","status":"publish","type":"product","link":"https:\/\/truusk.store\/sv\/produkt\/truusk-ismaskin-ice-maker-20kg-24h-23l-iskuber-32l-vattentank-svart\/","title":{"rendered":"TRUUSK Ismaskin Ice-Maker 20kg\/24h &#8211; 2,3L Iskuber &#8211; 3,2L Vattentank &#8211; Svart"},"content":{"rendered":"<p>Letar du efter en glassmaskin som f\u00f6rser dig med isbitar \u00e5ret runt? D\u00e5 \u00e4r denna kompakta glassmaskin precis r\u00e4tt f\u00f6r dig: Den kan producera totalt 20 kg isbitar inom 24 timmar och har ett visningsf\u00f6nster genom vilket du kan observera produktionsprocessen. Tydliga displayer ger information om n\u00f6dv\u00e4ndiga driftsteg och den praktiska sj\u00e4lvreng\u00f6ringsfunktionen h\u00e5ller alltid maskinen ren.<\/p>\n<h3>Beskrivning:<\/h3>\n<ul>\n<li>Producerar 20 kg kubiska isbitar per dag: 24 bitar var 14 till 18:e minut<\/li>\n<li>Dricksvatten kan fyllas direkt eller en hink med vatten kan anv\u00e4ndas<\/li>\n<li>Tjockleken p\u00e5 isbitarna kan justeras efter behov<\/li>\n<li>Den sj\u00e4lvreng\u00f6rande funktionen \u00e4r bekv\u00e4m och tidsbesparande<\/li>\n<li>Ett visningsf\u00f6nster i locket l\u00e5ter dig observera glasstillverkningsprocessen<\/li>\n<li>Den kompakta glassmaskinen passar till k\u00f6ket, festen, husbilen etc<\/li>\n<li>Ett avloppsh\u00e5l f\u00f6r att dr\u00e4nera vattnet<\/li>\n<li>Olika displayer som vattenbrist, vattenf\u00f6rs\u00f6rjning, istillverkning, j\u00e4rnborttagning, isfull, omgivningstemperatur \u00e4r l\u00e4tta att l\u00e4sa<\/li>\n<li>Den rosts\u00e4kra ramen garanterar en l\u00e5ng livsl\u00e4ngd<\/li>\n<li>Inkluderar 1 glasskorg och 1 glasskula<\/li>\n<li>Montering kr\u00e4vs<\/li>\n<\/ul>\n<h3>Teknisk data:<\/h3>\n<ul>\n<li>Svart f\u00e4rg<\/li>\n<li>Material: rostfritt st\u00e5l, plast, koppar<\/li>\n<li>\u00d6vergripande m\u00e5tt: 25,2L x 36W x 37,1H cm<\/li>\n<li>Isproduktion: 20 kg\/dag, 24 stycken\/14-18min<\/li>\n<li>Vattentankens volym: 3,2L<\/li>\n<li>Istankens kapacitet: 2,3L, 1,2kg<\/li>\n<li>Sp\u00e4nning: 220-240V\/50Hz<\/li>\n<li>Effekt: 230V, 130W, 205W<\/li>\n<li>Str\u00f6mkabell\u00e4ngd: 2 m<\/li>\n<li>Max ljud: 48 db(A)<\/li>\n<\/ul>\n<h3>Leveransens omfattning:<\/h3>\n<ul>\n<li>1 x ismaskin<\/li>\n<li>1 x glasskorg<\/li>\n<li>1 x glassskopa<\/li>\n<li>1 x Instruktioner<\/li>\n<\/ul>\n","protected":false},"excerpt":{"rendered":"<p>Letar du efter en glassmaskin som f\u00f6rser dig med isbitar \u00e5ret runt? D\u00e5 \u00e4r denna kompakta glassmaskin precis r\u00e4tt f\u00f6r&#8230;<\/p>\n","protected":false},"featured_media":50147,"template":"","meta":[],"product_brand":[],"product_cat":[485,498,499],"product_tag":[],"class_list":{"0":"post-50146","1":"product","2":"type-product","3":"status-publish","4":"has-post-thumbnail","6":"product_cat-hus-bo","7":"product_cat-hushallsapparater","8":"product_cat-koksutrustning","10":"first","11":"instock","12":"sale","13":"taxable","14":"shipping-taxable","15":"purchasable","16":"product-type-simple"},"yoast_head":"<!-- This site is optimized with the Yoast SEO plugin v25.4 - https:\/\/yoast.com\/wordpress\/plugins\/seo\/ -->\n<title>TRUUSK Ismaskin Ice-Maker 20kg\/24h - 2,3L Iskuber - 3,2L Vattentank - Svart - TRUUSK - Hem, Tr\u00e4dg\u00e5rd &amp; Fritid<\/title>\n<meta name=\"robots\" content=\"index, follow, max-snippet:-1, max-image-preview:large, max-video-preview:-1\" \/>\n<link rel=\"canonical\" href=\"https:\/\/truusk.store\/sv\/produkt\/truusk-ismaskin-ice-maker-20kg-24h-23l-iskuber-32l-vattentank-svart\/\" \/>\n<meta property=\"og:locale\" content=\"sv_SE\" \/>\n<meta property=\"og:type\" content=\"article\" \/>\n<meta property=\"og:title\" content=\"TRUUSK Ismaskin Ice-Maker 20kg\/24h - 2,3L Iskuber - 3,2L Vattentank - Svart - TRUUSK - Hem, Tr\u00e4dg\u00e5rd &amp; Fritid\" \/>\n<meta property=\"og:description\" content=\"Letar du efter en glassmaskin som f\u00f6rser dig med isbitar \u00e5ret runt? D\u00e5 \u00e4r denna kompakta glassmaskin precis r\u00e4tt f\u00f6r...\" \/>\n<meta property=\"og:url\" content=\"https:\/\/truusk.store\/sv\/produkt\/truusk-ismaskin-ice-maker-20kg-24h-23l-iskuber-32l-vattentank-svart\/\" \/>\n<meta property=\"og:site_name\" content=\"TRUUSK - Hem, Tr\u00e4dg\u00e5rd &amp; Fritid\" \/>\n<meta property=\"article:modified_time\" content=\"2026-03-12T08:36:28+00:00\" \/>\n<meta property=\"og:image\" content=\"https:\/\/i0.wp.com\/truusk.se\/wp-content\/uploads\/2024\/02\/isbitsmaskin-isbitsmaskin-ice-maker-20kg-24h-23l-iskubsmaskin-med-32l-vattentank-svart.webp?fit=800%2C800&ssl=1\" \/>\n\t<meta property=\"og:image:width\" content=\"800\" \/>\n\t<meta property=\"og:image:height\" content=\"800\" \/>\n\t<meta property=\"og:image:type\" content=\"image\/webp\" \/>\n<meta name=\"twitter:card\" content=\"summary_large_image\" \/>\n<meta name=\"twitter:label1\" content=\"Ber\u00e4knad l\u00e4stid\" \/>\n\t<meta name=\"twitter:data1\" content=\"1 minut\" \/>\n<!-- \/ Yoast SEO plugin. -->","yoast_head_json":{"title":"TRUUSK Ismaskin Ice-Maker 20kg\/24h - 2,3L Iskuber - 3,2L Vattentank - Svart - TRUUSK - Hem, Tr\u00e4dg\u00e5rd &amp; Fritid","robots":{"index":"index","follow":"follow","max-snippet":"max-snippet:-1","max-image-preview":"max-image-preview:large","max-video-preview":"max-video-preview:-1"},"canonical":"https:\/\/truusk.store\/sv\/produkt\/truusk-ismaskin-ice-maker-20kg-24h-23l-iskuber-32l-vattentank-svart\/","og_locale":"sv_SE","og_type":"article","og_title":"TRUUSK Ismaskin Ice-Maker 20kg\/24h - 2,3L Iskuber - 3,2L Vattentank - Svart - TRUUSK - Hem, Tr\u00e4dg\u00e5rd &amp; Fritid","og_description":"Letar du efter en glassmaskin som f\u00f6rser dig med isbitar \u00e5ret runt? D\u00e5 \u00e4r denna kompakta glassmaskin precis r\u00e4tt f\u00f6r...","og_url":"https:\/\/truusk.store\/sv\/produkt\/truusk-ismaskin-ice-maker-20kg-24h-23l-iskuber-32l-vattentank-svart\/","og_site_name":"TRUUSK - Hem, Tr\u00e4dg\u00e5rd &amp; Fritid","article_modified_time":"2026-03-12T08:36:28+00:00","og_image":[{"width":800,"height":800,"url":"https:\/\/i0.wp.com\/truusk.se\/wp-content\/uploads\/2024\/02\/isbitsmaskin-isbitsmaskin-ice-maker-20kg-24h-23l-iskubsmaskin-med-32l-vattentank-svart.webp?fit=800%2C800&ssl=1","type":"image\/webp"}],"twitter_card":"summary_large_image","twitter_misc":{"Ber\u00e4knad l\u00e4stid":"1 minut"},"schema":{"@context":"https:\/\/schema.org","@graph":[{"@type":"WebPage","@id":"https:\/\/truusk.store\/sv\/produkt\/truusk-ismaskin-ice-maker-20kg-24h-23l-iskuber-32l-vattentank-svart\/","url":"https:\/\/truusk.store\/sv\/produkt\/truusk-ismaskin-ice-maker-20kg-24h-23l-iskuber-32l-vattentank-svart\/","name":"TRUUSK Ismaskin Ice-Maker 20kg\/24h - 2,3L Iskuber - 3,2L Vattentank - Svart - TRUUSK - Hem, Tr\u00e4dg\u00e5rd &amp; Fritid","isPartOf":{"@id":"https:\/\/truusk.store\/sv\/#website"},"primaryImageOfPage":{"@id":"https:\/\/truusk.store\/sv\/produkt\/truusk-ismaskin-ice-maker-20kg-24h-23l-iskuber-32l-vattentank-svart\/#primaryimage"},"image":{"@id":"https:\/\/truusk.store\/sv\/produkt\/truusk-ismaskin-ice-maker-20kg-24h-23l-iskuber-32l-vattentank-svart\/#primaryimage"},"thumbnailUrl":"https:\/\/i0.wp.com\/truusk.store\/wp-content\/uploads\/2024\/02\/isbitsmaskin-isbitsmaskin-ice-maker-20kg-24h-23l-iskubsmaskin-med-32l-vattentank-svart.webp?fit=800%2C800&ssl=1","datePublished":"2024-02-29T11:20:12+00:00","dateModified":"2026-03-12T08:36:28+00:00","breadcrumb":{"@id":"https:\/\/truusk.store\/sv\/produkt\/truusk-ismaskin-ice-maker-20kg-24h-23l-iskuber-32l-vattentank-svart\/#breadcrumb"},"inLanguage":"sv-SE","potentialAction":[{"@type":"ReadAction","target":["https:\/\/truusk.store\/sv\/produkt\/truusk-ismaskin-ice-maker-20kg-24h-23l-iskuber-32l-vattentank-svart\/"]}]},{"@type":"ImageObject","inLanguage":"sv-SE","@id":"https:\/\/truusk.store\/sv\/produkt\/truusk-ismaskin-ice-maker-20kg-24h-23l-iskuber-32l-vattentank-svart\/#primaryimage","url":"https:\/\/i0.wp.com\/truusk.store\/wp-content\/uploads\/2024\/02\/isbitsmaskin-isbitsmaskin-ice-maker-20kg-24h-23l-iskubsmaskin-med-32l-vattentank-svart.webp?fit=800%2C800&ssl=1","contentUrl":"https:\/\/i0.wp.com\/truusk.store\/wp-content\/uploads\/2024\/02\/isbitsmaskin-isbitsmaskin-ice-maker-20kg-24h-23l-iskubsmaskin-med-32l-vattentank-svart.webp?fit=800%2C800&ssl=1","width":800,"height":800,"caption":"Isbitsmaskin Isbitsmaskin Ice-Maker 20kg\/24h 2,3L Iskubsmaskin Med 3,2L Vattentank, Svart 1"},{"@type":"BreadcrumbList","@id":"https:\/\/truusk.store\/sv\/produkt\/truusk-ismaskin-ice-maker-20kg-24h-23l-iskuber-32l-vattentank-svart\/#breadcrumb","itemListElement":[{"@type":"ListItem","position":1,"name":"Home","item":"https:\/\/truusk.store\/sv\/"},{"@type":"ListItem","position":2,"name":"Shop","item":"https:\/\/truusk.store\/shop\/"},{"@type":"ListItem","position":3,"name":"TRUUSK Ismaskin Ice-Maker 20kg\/24h &#8211; 2,3L Iskuber &#8211; 3,2L Vattentank &#8211; Svart"}]},{"@type":"WebSite","@id":"https:\/\/truusk.store\/sv\/#website","url":"https:\/\/truusk.store\/sv\/","name":"TRUUSK - Hem, Tr\u00e4dg\u00e5rd & Fritid","description":"","publisher":{"@id":"https:\/\/truusk.store\/sv\/#organization"},"potentialAction":[{"@type":"SearchAction","target":{"@type":"EntryPoint","urlTemplate":"https:\/\/truusk.store\/sv\/?s={search_term_string}"},"query-input":{"@type":"PropertyValueSpecification","valueRequired":true,"valueName":"search_term_string"}}],"inLanguage":"sv-SE"},{"@type":"Organization","@id":"https:\/\/truusk.store\/sv\/#organization","name":"TRUUSK - Hem, Tr\u00e4dg\u00e5rd & Fritid","url":"https:\/\/truusk.store\/sv\/","logo":{"@type":"ImageObject","inLanguage":"sv-SE","@id":"https:\/\/truusk.store\/sv\/#\/schema\/logo\/image\/","url":"https:\/\/i0.wp.com\/truusk.store\/wp-content\/uploads\/2026\/03\/cropped-TRUUSK.png?fit=2032%2C917&ssl=1","contentUrl":"https:\/\/i0.wp.com\/truusk.store\/wp-content\/uploads\/2026\/03\/cropped-TRUUSK.png?fit=2032%2C917&ssl=1","width":2032,"height":917,"caption":"TRUUSK - Hem, Tr\u00e4dg\u00e5rd & Fritid"},"image":{"@id":"https:\/\/truusk.store\/sv\/#\/schema\/logo\/image\/"}}]}},"jetpack_sharing_enabled":true,"_links":{"self":[{"href":"https:\/\/truusk.store\/sv\/wp-json\/wp\/v2\/product\/50146","targetHints":{"allow":["GET"]}}],"collection":[{"href":"https:\/\/truusk.store\/sv\/wp-json\/wp\/v2\/product"}],"about":[{"href":"https:\/\/truusk.store\/sv\/wp-json\/wp\/v2\/types\/product"}],"wp:featuredmedia":[{"embeddable":true,"href":"https:\/\/truusk.store\/sv\/wp-json\/wp\/v2\/media\/50147"}],"wp:attachment":[{"href":"https:\/\/truusk.store\/sv\/wp-json\/wp\/v2\/media?parent=50146"}],"wp:term":[{"taxonomy":"product_brand","embeddable":true,"href":"https:\/\/truusk.store\/sv\/wp-json\/wp\/v2\/product_brand?post=50146"},{"taxonomy":"product_cat","embeddable":true,"href":"https:\/\/truusk.store\/sv\/wp-json\/wp\/v2\/product_cat?post=50146"},{"taxonomy":"product_tag","embeddable":true,"href":"https:\/\/truusk.store\/sv\/wp-json\/wp\/v2\/product_tag?post=50146"}],"curies":[{"name":"wp","href":"https:\/\/api.w.org\/{rel}","templated":true}]}}