{"id":50208,"date":"2024-02-29T13:20:12","date_gmt":"2024-02-29T12:20:12","guid":{"rendered":"https:\/\/truusk.store\/product\/fallstol-4-niva-justerbar-andas-metallram-69-x-91-x-96-cm-svart-bla\/"},"modified":"2026-03-12T09:36:18","modified_gmt":"2026-03-12T08:36:18","slug":"truusk-fallstol-4-niva-justerbar-andas-metallram-69-x-91-x-96-cm-svart-bla","status":"publish","type":"product","link":"https:\/\/truusk.store\/sv\/produkt\/truusk-fallstol-4-niva-justerbar-andas-metallram-69-x-91-x-96-cm-svart-bla\/","title":{"rendered":"TRUUSK F\u00e4llstol &#8211; 4-niv\u00e5 Justerbar &#8211; Andas &#8211; Metallram &#8211; 69 x 91 x 96 cm &#8211; Svart\/bl\u00e5"},"content":{"rendered":"<p>Koppla av med stil var som helst med den hopf\u00e4llbara tr\u00e4dg\u00e5rdsstolen. Det h\u00f6ga ryggst\u00f6det, de sl\u00e4ta armst\u00f6den och det mjukt vadderade nackst\u00f6det erbjuder maximal komfort f\u00f6r dina friskluftsstunder. Oavsett om du \u00e4r i tr\u00e4dg\u00e5rden, p\u00e5 terrassen, vid poolen, camping eller fiske, \u00e4r denna stol det perfekta tillskottet. Med sin vikbara och l\u00e4tta design \u00e4r den idealisk f\u00f6r p\u00e5 spr\u00e5ng. Det snabbtorkande \u00f6verdraget och stoppningen g\u00f6r att denna stol \u00e4ven passar f\u00f6r regniga dagar.<\/p>\n<h3>Beskrivning:<\/h3>\n<ul>\n<li>Perfekt f\u00f6r tr\u00e4dg\u00e5rd, camping, fiske, park, musikfestival och mycket mer<\/li>\n<li>Justerbart ryggst\u00f6d f\u00f6r den mest bekv\u00e4ma sittst\u00e4llningen<\/li>\n<li>Utrymmesbesparande design f\u00f6r enkel transport och kompakt f\u00f6rvaring n\u00e4r den inte anv\u00e4nds<\/li>\n<li>Det snabbtorkande, andningsbara tyg\u00f6verdraget s\u00e4kerst\u00e4ller behaglig sittkomfort, \u00e4ven under varma dagar<\/li>\n<li>Det mjukt vadderade nackst\u00f6det ger utm\u00e4rkt st\u00f6d f\u00f6r ditt huvud och nacke<\/li>\n<li>St\u00e5lramen med pulverlackering klarar upp till 120 kg<\/li>\n<li>Enkel montering kr\u00e4vs<\/li>\n<\/ul>\n<h3>Teknisk data:<\/h3>\n<ul>\n<li>F\u00e4rg bl\u00e5<\/li>\n<li>Material: st\u00e5l, polyester, skum<\/li>\n<li>\u00d6vergripande m\u00e5tt: 69L x 91W x 96H cm<\/li>\n<li>Vikstorlek: 90L x 65W x 14H cm<\/li>\n<li>Sitsm\u00e5tt: 65W x 45D cm<\/li>\n<li>Sitth\u00f6jd: 45 cm<\/li>\n<li>Ryggst\u00f6dsm\u00e5tt: 51L x 65H cm<\/li>\n<li>Armst\u00f6dsstorlek: 8,5W x 52D cm<\/li>\n<li>Nackst\u00f6dsstorlek: 32L x 13,5W cm<\/li>\n<li>Lastkapacitet: 120 kg<\/li>\n<\/ul>\n<h3>Leveransens omfattning:<\/h3>\n<ul>\n<li>1 x hopf\u00e4llbar stol<\/li>\n<li>1 x manuell<\/li>\n<\/ul>\n","protected":false},"excerpt":{"rendered":"<p>Koppla av med stil var som helst med den hopf\u00e4llbara tr\u00e4dg\u00e5rdsstolen. Det h\u00f6ga ryggst\u00f6det, de sl\u00e4ta armst\u00f6den och det mjukt&#8230;<\/p>\n","protected":false},"featured_media":50209,"template":"","meta":[],"product_brand":[],"product_cat":[435,450,452],"product_tag":[],"class_list":{"0":"post-50208","1":"product","2":"type-product","3":"status-publish","4":"has-post-thumbnail","6":"product_cat-tradgard-och-terrass","7":"product_cat-tradgardsmobler","8":"product_cat-tradgardsstolar","10":"first","11":"instock","12":"sale","13":"taxable","14":"shipping-taxable","15":"purchasable","16":"product-type-simple"},"yoast_head":"<!-- This site is optimized with the Yoast SEO plugin v25.4 - https:\/\/yoast.com\/wordpress\/plugins\/seo\/ -->\n<title>TRUUSK F\u00e4llstol - 4-niv\u00e5 Justerbar - Andas - Metallram - 69 x 91 x 96 cm - Svart\/bl\u00e5 - TRUUSK - Hem, Tr\u00e4dg\u00e5rd &amp; Fritid<\/title>\n<meta name=\"robots\" content=\"index, follow, max-snippet:-1, max-image-preview:large, max-video-preview:-1\" \/>\n<link rel=\"canonical\" href=\"https:\/\/truusk.store\/sv\/produkt\/truusk-fallstol-4-niva-justerbar-andas-metallram-69-x-91-x-96-cm-svart-bla\/\" \/>\n<meta property=\"og:locale\" content=\"sv_SE\" \/>\n<meta property=\"og:type\" content=\"article\" \/>\n<meta property=\"og:title\" content=\"TRUUSK F\u00e4llstol - 4-niv\u00e5 Justerbar - Andas - Metallram - 69 x 91 x 96 cm - Svart\/bl\u00e5 - TRUUSK - Hem, Tr\u00e4dg\u00e5rd &amp; Fritid\" \/>\n<meta property=\"og:description\" content=\"Koppla av med stil var som helst med den hopf\u00e4llbara tr\u00e4dg\u00e5rdsstolen. Det h\u00f6ga ryggst\u00f6det, de sl\u00e4ta armst\u00f6den och det mjukt...\" \/>\n<meta property=\"og:url\" content=\"https:\/\/truusk.store\/sv\/produkt\/truusk-fallstol-4-niva-justerbar-andas-metallram-69-x-91-x-96-cm-svart-bla\/\" \/>\n<meta property=\"og:site_name\" content=\"TRUUSK - Hem, Tr\u00e4dg\u00e5rd &amp; Fritid\" \/>\n<meta property=\"article:modified_time\" content=\"2026-03-12T08:36:18+00:00\" \/>\n<meta property=\"og:image\" content=\"https:\/\/i0.wp.com\/truusk.se\/wp-content\/uploads\/2024\/02\/fallstol-4-niva-justerbar-andas-metallram-69-x-91-x-96-cm-svart-bla.webp?fit=800%2C800&ssl=1\" \/>\n\t<meta property=\"og:image:width\" content=\"800\" \/>\n\t<meta property=\"og:image:height\" content=\"800\" \/>\n\t<meta property=\"og:image:type\" content=\"image\/webp\" \/>\n<meta name=\"twitter:card\" content=\"summary_large_image\" \/>\n<meta name=\"twitter:label1\" content=\"Ber\u00e4knad l\u00e4stid\" \/>\n\t<meta name=\"twitter:data1\" content=\"1 minut\" \/>\n<!-- \/ Yoast SEO plugin. -->","yoast_head_json":{"title":"TRUUSK F\u00e4llstol - 4-niv\u00e5 Justerbar - Andas - Metallram - 69 x 91 x 96 cm - Svart\/bl\u00e5 - TRUUSK - Hem, Tr\u00e4dg\u00e5rd &amp; Fritid","robots":{"index":"index","follow":"follow","max-snippet":"max-snippet:-1","max-image-preview":"max-image-preview:large","max-video-preview":"max-video-preview:-1"},"canonical":"https:\/\/truusk.store\/sv\/produkt\/truusk-fallstol-4-niva-justerbar-andas-metallram-69-x-91-x-96-cm-svart-bla\/","og_locale":"sv_SE","og_type":"article","og_title":"TRUUSK F\u00e4llstol - 4-niv\u00e5 Justerbar - Andas - Metallram - 69 x 91 x 96 cm - Svart\/bl\u00e5 - TRUUSK - Hem, Tr\u00e4dg\u00e5rd &amp; Fritid","og_description":"Koppla av med stil var som helst med den hopf\u00e4llbara tr\u00e4dg\u00e5rdsstolen. Det h\u00f6ga ryggst\u00f6det, de sl\u00e4ta armst\u00f6den och det mjukt...","og_url":"https:\/\/truusk.store\/sv\/produkt\/truusk-fallstol-4-niva-justerbar-andas-metallram-69-x-91-x-96-cm-svart-bla\/","og_site_name":"TRUUSK - Hem, Tr\u00e4dg\u00e5rd &amp; Fritid","article_modified_time":"2026-03-12T08:36:18+00:00","og_image":[{"width":800,"height":800,"url":"https:\/\/i0.wp.com\/truusk.se\/wp-content\/uploads\/2024\/02\/fallstol-4-niva-justerbar-andas-metallram-69-x-91-x-96-cm-svart-bla.webp?fit=800%2C800&ssl=1","type":"image\/webp"}],"twitter_card":"summary_large_image","twitter_misc":{"Ber\u00e4knad l\u00e4stid":"1 minut"},"schema":{"@context":"https:\/\/schema.org","@graph":[{"@type":"WebPage","@id":"https:\/\/truusk.store\/sv\/produkt\/truusk-fallstol-4-niva-justerbar-andas-metallram-69-x-91-x-96-cm-svart-bla\/","url":"https:\/\/truusk.store\/sv\/produkt\/truusk-fallstol-4-niva-justerbar-andas-metallram-69-x-91-x-96-cm-svart-bla\/","name":"TRUUSK F\u00e4llstol - 4-niv\u00e5 Justerbar - Andas - Metallram - 69 x 91 x 96 cm - Svart\/bl\u00e5 - TRUUSK - Hem, Tr\u00e4dg\u00e5rd &amp; Fritid","isPartOf":{"@id":"https:\/\/truusk.store\/sv\/#website"},"primaryImageOfPage":{"@id":"https:\/\/truusk.store\/sv\/produkt\/truusk-fallstol-4-niva-justerbar-andas-metallram-69-x-91-x-96-cm-svart-bla\/#primaryimage"},"image":{"@id":"https:\/\/truusk.store\/sv\/produkt\/truusk-fallstol-4-niva-justerbar-andas-metallram-69-x-91-x-96-cm-svart-bla\/#primaryimage"},"thumbnailUrl":"https:\/\/i0.wp.com\/truusk.store\/wp-content\/uploads\/2024\/02\/fallstol-4-niva-justerbar-andas-metallram-69-x-91-x-96-cm-svart-bla.webp?fit=800%2C800&ssl=1","datePublished":"2024-02-29T12:20:12+00:00","dateModified":"2026-03-12T08:36:18+00:00","breadcrumb":{"@id":"https:\/\/truusk.store\/sv\/produkt\/truusk-fallstol-4-niva-justerbar-andas-metallram-69-x-91-x-96-cm-svart-bla\/#breadcrumb"},"inLanguage":"sv-SE","potentialAction":[{"@type":"ReadAction","target":["https:\/\/truusk.store\/sv\/produkt\/truusk-fallstol-4-niva-justerbar-andas-metallram-69-x-91-x-96-cm-svart-bla\/"]}]},{"@type":"ImageObject","inLanguage":"sv-SE","@id":"https:\/\/truusk.store\/sv\/produkt\/truusk-fallstol-4-niva-justerbar-andas-metallram-69-x-91-x-96-cm-svart-bla\/#primaryimage","url":"https:\/\/i0.wp.com\/truusk.store\/wp-content\/uploads\/2024\/02\/fallstol-4-niva-justerbar-andas-metallram-69-x-91-x-96-cm-svart-bla.webp?fit=800%2C800&ssl=1","contentUrl":"https:\/\/i0.wp.com\/truusk.store\/wp-content\/uploads\/2024\/02\/fallstol-4-niva-justerbar-andas-metallram-69-x-91-x-96-cm-svart-bla.webp?fit=800%2C800&ssl=1","width":800,"height":800,"caption":"F\u00e4llstol, 4-niv\u00e5 Justerbar, Andas, Metallram, 69 X 91 X 96 Cm, Svart\/bl\u00e5 1"},{"@type":"BreadcrumbList","@id":"https:\/\/truusk.store\/sv\/produkt\/truusk-fallstol-4-niva-justerbar-andas-metallram-69-x-91-x-96-cm-svart-bla\/#breadcrumb","itemListElement":[{"@type":"ListItem","position":1,"name":"Home","item":"https:\/\/truusk.store\/sv\/"},{"@type":"ListItem","position":2,"name":"Shop","item":"https:\/\/truusk.store\/shop\/"},{"@type":"ListItem","position":3,"name":"TRUUSK F\u00e4llstol &#8211; 4-niv\u00e5 Justerbar &#8211; Andas &#8211; Metallram &#8211; 69 x 91 x 96 cm &#8211; Svart\/bl\u00e5"}]},{"@type":"WebSite","@id":"https:\/\/truusk.store\/sv\/#website","url":"https:\/\/truusk.store\/sv\/","name":"TRUUSK - Hem, Tr\u00e4dg\u00e5rd & Fritid","description":"","publisher":{"@id":"https:\/\/truusk.store\/sv\/#organization"},"potentialAction":[{"@type":"SearchAction","target":{"@type":"EntryPoint","urlTemplate":"https:\/\/truusk.store\/sv\/?s={search_term_string}"},"query-input":{"@type":"PropertyValueSpecification","valueRequired":true,"valueName":"search_term_string"}}],"inLanguage":"sv-SE"},{"@type":"Organization","@id":"https:\/\/truusk.store\/sv\/#organization","name":"TRUUSK - Hem, Tr\u00e4dg\u00e5rd & Fritid","url":"https:\/\/truusk.store\/sv\/","logo":{"@type":"ImageObject","inLanguage":"sv-SE","@id":"https:\/\/truusk.store\/sv\/#\/schema\/logo\/image\/","url":"https:\/\/i0.wp.com\/truusk.store\/wp-content\/uploads\/2026\/03\/cropped-TRUUSK.png?fit=2032%2C917&ssl=1","contentUrl":"https:\/\/i0.wp.com\/truusk.store\/wp-content\/uploads\/2026\/03\/cropped-TRUUSK.png?fit=2032%2C917&ssl=1","width":2032,"height":917,"caption":"TRUUSK - Hem, Tr\u00e4dg\u00e5rd & Fritid"},"image":{"@id":"https:\/\/truusk.store\/sv\/#\/schema\/logo\/image\/"}}]}},"jetpack_sharing_enabled":true,"_links":{"self":[{"href":"https:\/\/truusk.store\/sv\/wp-json\/wp\/v2\/product\/50208","targetHints":{"allow":["GET"]}}],"collection":[{"href":"https:\/\/truusk.store\/sv\/wp-json\/wp\/v2\/product"}],"about":[{"href":"https:\/\/truusk.store\/sv\/wp-json\/wp\/v2\/types\/product"}],"wp:featuredmedia":[{"embeddable":true,"href":"https:\/\/truusk.store\/sv\/wp-json\/wp\/v2\/media\/50209"}],"wp:attachment":[{"href":"https:\/\/truusk.store\/sv\/wp-json\/wp\/v2\/media?parent=50208"}],"wp:term":[{"taxonomy":"product_brand","embeddable":true,"href":"https:\/\/truusk.store\/sv\/wp-json\/wp\/v2\/product_brand?post=50208"},{"taxonomy":"product_cat","embeddable":true,"href":"https:\/\/truusk.store\/sv\/wp-json\/wp\/v2\/product_cat?post=50208"},{"taxonomy":"product_tag","embeddable":true,"href":"https:\/\/truusk.store\/sv\/wp-json\/wp\/v2\/product_tag?post=50208"}],"curies":[{"name":"wp","href":"https:\/\/api.w.org\/{rel}","templated":true}]}}