{"id":50219,"date":"2024-02-29T13:30:11","date_gmt":"2024-02-29T12:30:11","guid":{"rendered":"https:\/\/truusk.store\/product\/3-delat-bistroset-balkongset-uteplatsset-vaderbestandig-modern-design-53-cm-x-57-cm-x-77-cm-svart-gra\/"},"modified":"2026-03-12T09:34:31","modified_gmt":"2026-03-12T08:34:31","slug":"truusk-3-delat-bistroset-balkongset-uteplatsset-vaderbestandig-modern-design-53-cm-x-57-cm-x-77-cm-svart-gra","status":"publish","type":"product","link":"https:\/\/truusk.store\/sv\/produkt\/truusk-3-delat-bistroset-balkongset-uteplatsset-vaderbestandig-modern-design-53-cm-x-57-cm-x-77-cm-svart-gra\/","title":{"rendered":"TRUUSK 3-delat Bistroset &#8211; Balkongset &#8211; Uteplatsset &#8211; V\u00e4derbest\u00e4ndig &#8211; Modern Design &#8211; 53 cm X 57 cm X 77 cm &#8211; Svart + Gr\u00e5"},"content":{"rendered":"<p>F\u00f6rsk\u00f6na din uteplats med v\u00e5rt snygga rottingbistroset! Detta set best\u00e5r av tv\u00e5 bekv\u00e4ma rottingstolar med sittdynor som du kan g\u00f6ra dig underbart bekv\u00e4m p\u00e5. Kuddarna har avtagbara kl\u00e4dslar, vilket g\u00f6r reng\u00f6ringen enkel. Vid det eleganta glasbordet kan du njuta av intima m\u00e5ltider eller koppla av med v\u00e4nner. F\u00f6rvandla din uteplats till en levande oas med komfort och stil.<\/p>\n<h3>Beskrivning:<\/h3>\n<ul>\n<li>Setet i 3 delar best\u00e5r av tv\u00e5 korgstolar och ett litet bord<\/li>\n<li>Mjuka sittdynor f\u00f6r bekv\u00e4mt sittande, avtagbart \u00f6verdrag f\u00f6r enkel reng\u00f6ring<\/li>\n<li>Tebord med h\u00e4rdat glas f\u00f6r att placera f\u00f6rfriskningar<\/li>\n<li>St\u00e5lstomme med pulverlackerad yta, inlindad i v\u00e4derbest\u00e4ndig PE-rotting<\/li>\n<li>Justerbara fotst\u00f6d s\u00e4kerst\u00e4ller r\u00e4tt balans<\/li>\n<li>Perfekt f\u00f6r uteplats, balkong, terrass och tr\u00e4dg\u00e5rd<\/li>\n<li>Monteringen tar cirka 30 minuter och kr\u00e4ver hj\u00e4lp av tv\u00e5 personer<\/li>\n<\/ul>\n<h3>Teknisk data:<\/h3>\n<ul>\n<li>F\u00e4rg: Svart, Gr\u00e5<\/li>\n<li>Material: PE-rotting, st\u00e5l, polyester, h\u00e4rdat glas<\/li>\n<li>Stolens m\u00e5tt: 53W x 57D x 77H cm<\/li>\n<li>Bordsm\u00e5tt: 40L x 40W x 50H cm<\/li>\n<li>Sitsstorlek: 47W x 45D cm<\/li>\n<li>Sitth\u00f6jd: 39 cm<\/li>\n<li>Ryggst\u00f6dsstorlek: 38W x 48H cm<\/li>\n<li>Sittdynas storlek: 47W x 45D x 5H cm<\/li>\n<li>Viktkapacitet: 120 kg (varje stol), 30 kg (bord)<\/li>\n<\/ul>\n<h3>Leveransens omfattning:<\/h3>\n<ul>\n<li>2 x stol<\/li>\n<li>1 x Soffbord<\/li>\n<li>2 x sittdynor<\/li>\n<li>1 x manuell<\/li>\n<\/ul>\n","protected":false},"excerpt":{"rendered":"<p>F\u00f6rsk\u00f6na din uteplats med v\u00e5rt snygga rottingbistroset! Detta set best\u00e5r av tv\u00e5 bekv\u00e4ma rottingstolar med sittdynor som du kan g\u00f6ra&#8230;<\/p>\n","protected":false},"featured_media":50220,"template":"","meta":[],"product_brand":[],"product_cat":[435,450,455],"product_tag":[],"class_list":{"0":"post-50219","1":"product","2":"type-product","3":"status-publish","4":"has-post-thumbnail","6":"product_cat-tradgard-och-terrass","7":"product_cat-tradgardsmobler","8":"product_cat-tradgardsmobler-i-polyrattan","10":"first","11":"instock","12":"sale","13":"taxable","14":"shipping-taxable","15":"purchasable","16":"product-type-simple"},"yoast_head":"<!-- This site is optimized with the Yoast SEO plugin v25.4 - https:\/\/yoast.com\/wordpress\/plugins\/seo\/ -->\n<title>TRUUSK 3-delat Bistroset - Balkongset - Uteplatsset - V\u00e4derbest\u00e4ndig - Modern Design - 53 cm X 57 cm X 77 cm - Svart + Gr\u00e5 - TRUUSK - Hem, Tr\u00e4dg\u00e5rd &amp; Fritid<\/title>\n<meta name=\"robots\" content=\"index, follow, max-snippet:-1, max-image-preview:large, max-video-preview:-1\" \/>\n<link rel=\"canonical\" href=\"https:\/\/truusk.store\/sv\/produkt\/truusk-3-delat-bistroset-balkongset-uteplatsset-vaderbestandig-modern-design-53-cm-x-57-cm-x-77-cm-svart-gra\/\" \/>\n<meta property=\"og:locale\" content=\"sv_SE\" \/>\n<meta property=\"og:type\" content=\"article\" \/>\n<meta property=\"og:title\" content=\"TRUUSK 3-delat Bistroset - Balkongset - Uteplatsset - V\u00e4derbest\u00e4ndig - Modern Design - 53 cm X 57 cm X 77 cm - Svart + Gr\u00e5 - TRUUSK - Hem, Tr\u00e4dg\u00e5rd &amp; Fritid\" \/>\n<meta property=\"og:description\" content=\"F\u00f6rsk\u00f6na din uteplats med v\u00e5rt snygga rottingbistroset! Detta set best\u00e5r av tv\u00e5 bekv\u00e4ma rottingstolar med sittdynor som du kan g\u00f6ra...\" \/>\n<meta property=\"og:url\" content=\"https:\/\/truusk.store\/sv\/produkt\/truusk-3-delat-bistroset-balkongset-uteplatsset-vaderbestandig-modern-design-53-cm-x-57-cm-x-77-cm-svart-gra\/\" \/>\n<meta property=\"og:site_name\" content=\"TRUUSK - Hem, Tr\u00e4dg\u00e5rd &amp; Fritid\" \/>\n<meta property=\"article:modified_time\" content=\"2026-03-12T08:34:31+00:00\" \/>\n<meta property=\"og:image\" content=\"https:\/\/i0.wp.com\/truusk.se\/wp-content\/uploads\/2024\/02\/3-delat-bistroset-balkongset-uteplatsset-vaderbestandig-modern-design-53-cm-x-57-cm-x-77-cm-svart-gra.webp?fit=800%2C800&ssl=1\" \/>\n\t<meta property=\"og:image:width\" content=\"800\" \/>\n\t<meta property=\"og:image:height\" content=\"800\" \/>\n\t<meta property=\"og:image:type\" content=\"image\/webp\" \/>\n<meta name=\"twitter:card\" content=\"summary_large_image\" \/>\n<meta name=\"twitter:label1\" content=\"Ber\u00e4knad l\u00e4stid\" \/>\n\t<meta name=\"twitter:data1\" content=\"1 minut\" \/>\n<!-- \/ Yoast SEO plugin. -->","yoast_head_json":{"title":"TRUUSK 3-delat Bistroset - Balkongset - Uteplatsset - V\u00e4derbest\u00e4ndig - Modern Design - 53 cm X 57 cm X 77 cm - Svart + Gr\u00e5 - TRUUSK - Hem, Tr\u00e4dg\u00e5rd &amp; Fritid","robots":{"index":"index","follow":"follow","max-snippet":"max-snippet:-1","max-image-preview":"max-image-preview:large","max-video-preview":"max-video-preview:-1"},"canonical":"https:\/\/truusk.store\/sv\/produkt\/truusk-3-delat-bistroset-balkongset-uteplatsset-vaderbestandig-modern-design-53-cm-x-57-cm-x-77-cm-svart-gra\/","og_locale":"sv_SE","og_type":"article","og_title":"TRUUSK 3-delat Bistroset - Balkongset - Uteplatsset - V\u00e4derbest\u00e4ndig - Modern Design - 53 cm X 57 cm X 77 cm - Svart + Gr\u00e5 - TRUUSK - Hem, Tr\u00e4dg\u00e5rd &amp; Fritid","og_description":"F\u00f6rsk\u00f6na din uteplats med v\u00e5rt snygga rottingbistroset! Detta set best\u00e5r av tv\u00e5 bekv\u00e4ma rottingstolar med sittdynor som du kan g\u00f6ra...","og_url":"https:\/\/truusk.store\/sv\/produkt\/truusk-3-delat-bistroset-balkongset-uteplatsset-vaderbestandig-modern-design-53-cm-x-57-cm-x-77-cm-svart-gra\/","og_site_name":"TRUUSK - Hem, Tr\u00e4dg\u00e5rd &amp; Fritid","article_modified_time":"2026-03-12T08:34:31+00:00","og_image":[{"width":800,"height":800,"url":"https:\/\/i0.wp.com\/truusk.se\/wp-content\/uploads\/2024\/02\/3-delat-bistroset-balkongset-uteplatsset-vaderbestandig-modern-design-53-cm-x-57-cm-x-77-cm-svart-gra.webp?fit=800%2C800&ssl=1","type":"image\/webp"}],"twitter_card":"summary_large_image","twitter_misc":{"Ber\u00e4knad l\u00e4stid":"1 minut"},"schema":{"@context":"https:\/\/schema.org","@graph":[{"@type":"WebPage","@id":"https:\/\/truusk.store\/sv\/produkt\/truusk-3-delat-bistroset-balkongset-uteplatsset-vaderbestandig-modern-design-53-cm-x-57-cm-x-77-cm-svart-gra\/","url":"https:\/\/truusk.store\/sv\/produkt\/truusk-3-delat-bistroset-balkongset-uteplatsset-vaderbestandig-modern-design-53-cm-x-57-cm-x-77-cm-svart-gra\/","name":"TRUUSK 3-delat Bistroset - Balkongset - Uteplatsset - V\u00e4derbest\u00e4ndig - Modern Design - 53 cm X 57 cm X 77 cm - Svart + Gr\u00e5 - TRUUSK - Hem, Tr\u00e4dg\u00e5rd &amp; Fritid","isPartOf":{"@id":"https:\/\/truusk.store\/sv\/#website"},"primaryImageOfPage":{"@id":"https:\/\/truusk.store\/sv\/produkt\/truusk-3-delat-bistroset-balkongset-uteplatsset-vaderbestandig-modern-design-53-cm-x-57-cm-x-77-cm-svart-gra\/#primaryimage"},"image":{"@id":"https:\/\/truusk.store\/sv\/produkt\/truusk-3-delat-bistroset-balkongset-uteplatsset-vaderbestandig-modern-design-53-cm-x-57-cm-x-77-cm-svart-gra\/#primaryimage"},"thumbnailUrl":"https:\/\/i0.wp.com\/truusk.store\/wp-content\/uploads\/2024\/02\/3-delat-bistroset-balkongset-uteplatsset-vaderbestandig-modern-design-53-cm-x-57-cm-x-77-cm-svart-gra.webp?fit=800%2C800&ssl=1","datePublished":"2024-02-29T12:30:11+00:00","dateModified":"2026-03-12T08:34:31+00:00","breadcrumb":{"@id":"https:\/\/truusk.store\/sv\/produkt\/truusk-3-delat-bistroset-balkongset-uteplatsset-vaderbestandig-modern-design-53-cm-x-57-cm-x-77-cm-svart-gra\/#breadcrumb"},"inLanguage":"sv-SE","potentialAction":[{"@type":"ReadAction","target":["https:\/\/truusk.store\/sv\/produkt\/truusk-3-delat-bistroset-balkongset-uteplatsset-vaderbestandig-modern-design-53-cm-x-57-cm-x-77-cm-svart-gra\/"]}]},{"@type":"ImageObject","inLanguage":"sv-SE","@id":"https:\/\/truusk.store\/sv\/produkt\/truusk-3-delat-bistroset-balkongset-uteplatsset-vaderbestandig-modern-design-53-cm-x-57-cm-x-77-cm-svart-gra\/#primaryimage","url":"https:\/\/i0.wp.com\/truusk.store\/wp-content\/uploads\/2024\/02\/3-delat-bistroset-balkongset-uteplatsset-vaderbestandig-modern-design-53-cm-x-57-cm-x-77-cm-svart-gra.webp?fit=800%2C800&ssl=1","contentUrl":"https:\/\/i0.wp.com\/truusk.store\/wp-content\/uploads\/2024\/02\/3-delat-bistroset-balkongset-uteplatsset-vaderbestandig-modern-design-53-cm-x-57-cm-x-77-cm-svart-gra.webp?fit=800%2C800&ssl=1","width":800,"height":800,"caption":"3-delat Bistroset, Balkongset, Uteplatsset, V\u00e4derbest\u00e4ndig, Modern Design, 53 Cm X 57 Cm X 77 Cm, Svart + Gr\u00e5 1"},{"@type":"BreadcrumbList","@id":"https:\/\/truusk.store\/sv\/produkt\/truusk-3-delat-bistroset-balkongset-uteplatsset-vaderbestandig-modern-design-53-cm-x-57-cm-x-77-cm-svart-gra\/#breadcrumb","itemListElement":[{"@type":"ListItem","position":1,"name":"Home","item":"https:\/\/truusk.store\/sv\/"},{"@type":"ListItem","position":2,"name":"Shop","item":"https:\/\/truusk.store\/shop\/"},{"@type":"ListItem","position":3,"name":"TRUUSK 3-delat Bistroset &#8211; Balkongset &#8211; Uteplatsset &#8211; V\u00e4derbest\u00e4ndig &#8211; Modern Design &#8211; 53 cm X 57 cm X 77 cm &#8211; Svart + Gr\u00e5"}]},{"@type":"WebSite","@id":"https:\/\/truusk.store\/sv\/#website","url":"https:\/\/truusk.store\/sv\/","name":"TRUUSK - Hem, Tr\u00e4dg\u00e5rd & Fritid","description":"","publisher":{"@id":"https:\/\/truusk.store\/sv\/#organization"},"potentialAction":[{"@type":"SearchAction","target":{"@type":"EntryPoint","urlTemplate":"https:\/\/truusk.store\/sv\/?s={search_term_string}"},"query-input":{"@type":"PropertyValueSpecification","valueRequired":true,"valueName":"search_term_string"}}],"inLanguage":"sv-SE"},{"@type":"Organization","@id":"https:\/\/truusk.store\/sv\/#organization","name":"TRUUSK - Hem, Tr\u00e4dg\u00e5rd & Fritid","url":"https:\/\/truusk.store\/sv\/","logo":{"@type":"ImageObject","inLanguage":"sv-SE","@id":"https:\/\/truusk.store\/sv\/#\/schema\/logo\/image\/","url":"https:\/\/i0.wp.com\/truusk.store\/wp-content\/uploads\/2026\/03\/cropped-TRUUSK.png?fit=2032%2C917&ssl=1","contentUrl":"https:\/\/i0.wp.com\/truusk.store\/wp-content\/uploads\/2026\/03\/cropped-TRUUSK.png?fit=2032%2C917&ssl=1","width":2032,"height":917,"caption":"TRUUSK - Hem, Tr\u00e4dg\u00e5rd & Fritid"},"image":{"@id":"https:\/\/truusk.store\/sv\/#\/schema\/logo\/image\/"}}]}},"jetpack_sharing_enabled":true,"_links":{"self":[{"href":"https:\/\/truusk.store\/sv\/wp-json\/wp\/v2\/product\/50219","targetHints":{"allow":["GET"]}}],"collection":[{"href":"https:\/\/truusk.store\/sv\/wp-json\/wp\/v2\/product"}],"about":[{"href":"https:\/\/truusk.store\/sv\/wp-json\/wp\/v2\/types\/product"}],"wp:featuredmedia":[{"embeddable":true,"href":"https:\/\/truusk.store\/sv\/wp-json\/wp\/v2\/media\/50220"}],"wp:attachment":[{"href":"https:\/\/truusk.store\/sv\/wp-json\/wp\/v2\/media?parent=50219"}],"wp:term":[{"taxonomy":"product_brand","embeddable":true,"href":"https:\/\/truusk.store\/sv\/wp-json\/wp\/v2\/product_brand?post=50219"},{"taxonomy":"product_cat","embeddable":true,"href":"https:\/\/truusk.store\/sv\/wp-json\/wp\/v2\/product_cat?post=50219"},{"taxonomy":"product_tag","embeddable":true,"href":"https:\/\/truusk.store\/sv\/wp-json\/wp\/v2\/product_tag?post=50219"}],"curies":[{"name":"wp","href":"https:\/\/api.w.org\/{rel}","templated":true}]}}