{"id":50230,"date":"2024-02-29T13:40:09","date_gmt":"2024-02-29T12:40:09","guid":{"rendered":"https:\/\/truusk.store\/product\/torktumlare-5-nivaer-hopfallbar-ett-klickssystem-142-cm-x-55-cm-x-1-72-cm-bla-silver\/"},"modified":"2026-03-12T09:39:20","modified_gmt":"2026-03-12T08:39:20","slug":"truusk-torktumlare-5-nivaer-hopfallbar-ett-klickssystem-142-cm-x-55-cm-x-172-cm-bla-silver","status":"publish","type":"product","link":"https:\/\/truusk.store\/sv\/produkt\/truusk-torktumlare-5-nivaer-hopfallbar-ett-klickssystem-142-cm-x-55-cm-x-172-cm-bla-silver\/","title":{"rendered":"TRUUSK Torktumlare 5 Niv\u00e5er &#8211; Hopf\u00e4llbar &#8211; Ett-klickssystem &#8211; 142 Cm X 55 Cm X 172 Cm &#8211; Bl\u00e5 + Silver"},"content":{"rendered":"<p>V\u00e4lj den hopf\u00e4llbara torktumlaren f\u00f6r den perfekta l\u00f6sningen f\u00f6r att torka dina kl\u00e4der. Den erbjuder maximal m\u00e5ngsidighet tack vare de anpassningsbara sektionerna f\u00f6r olika plagg. Med m\u00e5nga h\u00e4ngl\u00e4gen s\u00e4kerst\u00e4ller den optimal flexibilitet och \u00e4r idealisk f\u00f6r anv\u00e4ndning inomhus eller p\u00e5 balkonger med begr\u00e4nsat utrymme.<\/p>\n<h3>Beskrivning:<\/h3>\n<ul>\n<li>Idealisk f\u00f6r inomhusbruk f\u00f6r att visa kl\u00e4der, strumpor, torkning och v\u00e4dring av handdukar, samt f\u00f6rvaring av kl\u00e4der i g\u00e4strum och vindar<\/li>\n<li>Vikbar med ett klicksystem<\/li>\n<li>Med 6 PP universalhjul, varav 2 \u00e4r l\u00e5sbara<\/li>\n<li>Varuhylla med justerbar h\u00f6jd som \u00e4ven kan f\u00e4llas ihop<\/li>\n<li>L\u00e4tt, bekv\u00e4m att b\u00e4ra och transportera<\/li>\n<li>Sidost\u00e5ng med justerbar h\u00f6jd, perfekt f\u00f6r att h\u00e4nga upp skjortor<\/li>\n<li>L\u00e4tt att vika ihop och spara utrymme i f\u00f6rvaringen<\/li>\n<li>Med enkla monteringsanvisningar och manual<\/li>\n<\/ul>\n<h3>Teknisk data:<\/h3>\n<ul>\n<li>F\u00e4rg bl\u00e5<\/li>\n<li>Material: rostfritt st\u00e5l, ABS, plast<\/li>\n<li>M\u00e5tt: 142L 55W 172H cm<\/li>\n<li>Vikbara m\u00e5tt: 80L x 13W x 172H cm<\/li>\n<li>H\u00e4ngyta: 64,8 cm<\/li>\n<li>Lastkapacitet: 30 kg<\/li>\n<\/ul>\n<h3>Leveransens omfattning:<\/h3>\n<ul>\n<li>1 x Torkst\u00e4ll f\u00f6r kl\u00e4der<\/li>\n<li>1 x manuell<\/li>\n<\/ul>\n","protected":false},"excerpt":{"rendered":"<p>V\u00e4lj den hopf\u00e4llbara torktumlaren f\u00f6r den perfekta l\u00f6sningen f\u00f6r att torka dina kl\u00e4der. Den erbjuder maximal m\u00e5ngsidighet tack vare de&#8230;<\/p>\n","protected":false},"featured_media":50231,"template":"","meta":[],"product_brand":[],"product_cat":[489,485,493],"product_tag":[],"class_list":{"0":"post-50230","1":"product","2":"type-product","3":"status-publish","4":"has-post-thumbnail","6":"product_cat-badrum-sanitar","7":"product_cat-hus-bo","8":"product_cat-torkstallning","10":"first","11":"instock","12":"sale","13":"taxable","14":"shipping-taxable","15":"purchasable","16":"product-type-simple"},"yoast_head":"<!-- This site is optimized with the Yoast SEO plugin v25.4 - https:\/\/yoast.com\/wordpress\/plugins\/seo\/ -->\n<title>TRUUSK Torktumlare 5 Niv\u00e5er - Hopf\u00e4llbar - Ett-klickssystem - 142 Cm X 55 Cm X 172 Cm - Bl\u00e5 + Silver - TRUUSK - Hem, Tr\u00e4dg\u00e5rd &amp; Fritid<\/title>\n<meta name=\"robots\" content=\"index, follow, max-snippet:-1, max-image-preview:large, max-video-preview:-1\" \/>\n<link rel=\"canonical\" href=\"https:\/\/truusk.store\/sv\/produkt\/truusk-torktumlare-5-nivaer-hopfallbar-ett-klickssystem-142-cm-x-55-cm-x-172-cm-bla-silver\/\" \/>\n<meta property=\"og:locale\" content=\"sv_SE\" \/>\n<meta property=\"og:type\" content=\"article\" \/>\n<meta property=\"og:title\" content=\"TRUUSK Torktumlare 5 Niv\u00e5er - Hopf\u00e4llbar - Ett-klickssystem - 142 Cm X 55 Cm X 172 Cm - Bl\u00e5 + Silver - TRUUSK - Hem, Tr\u00e4dg\u00e5rd &amp; Fritid\" \/>\n<meta property=\"og:description\" content=\"V\u00e4lj den hopf\u00e4llbara torktumlaren f\u00f6r den perfekta l\u00f6sningen f\u00f6r att torka dina kl\u00e4der. Den erbjuder maximal m\u00e5ngsidighet tack vare de...\" \/>\n<meta property=\"og:url\" content=\"https:\/\/truusk.store\/sv\/produkt\/truusk-torktumlare-5-nivaer-hopfallbar-ett-klickssystem-142-cm-x-55-cm-x-172-cm-bla-silver\/\" \/>\n<meta property=\"og:site_name\" content=\"TRUUSK - Hem, Tr\u00e4dg\u00e5rd &amp; Fritid\" \/>\n<meta property=\"article:modified_time\" content=\"2026-03-12T08:39:20+00:00\" \/>\n<meta property=\"og:image\" content=\"https:\/\/i0.wp.com\/truusk.se\/wp-content\/uploads\/2024\/02\/torktumlare-5-nivaer-hopfallbar-ett-klickssystem-142-cm-x-55-cm-x-1-72-cm-bla-silver.webp?fit=800%2C800&ssl=1\" \/>\n\t<meta property=\"og:image:width\" content=\"800\" \/>\n\t<meta property=\"og:image:height\" content=\"800\" \/>\n\t<meta property=\"og:image:type\" content=\"image\/webp\" \/>\n<meta name=\"twitter:card\" content=\"summary_large_image\" \/>\n<meta name=\"twitter:label1\" content=\"Ber\u00e4knad l\u00e4stid\" \/>\n\t<meta name=\"twitter:data1\" content=\"1 minut\" \/>\n<!-- \/ Yoast SEO plugin. -->","yoast_head_json":{"title":"TRUUSK Torktumlare 5 Niv\u00e5er - Hopf\u00e4llbar - Ett-klickssystem - 142 Cm X 55 Cm X 172 Cm - Bl\u00e5 + Silver - TRUUSK - Hem, Tr\u00e4dg\u00e5rd &amp; Fritid","robots":{"index":"index","follow":"follow","max-snippet":"max-snippet:-1","max-image-preview":"max-image-preview:large","max-video-preview":"max-video-preview:-1"},"canonical":"https:\/\/truusk.store\/sv\/produkt\/truusk-torktumlare-5-nivaer-hopfallbar-ett-klickssystem-142-cm-x-55-cm-x-172-cm-bla-silver\/","og_locale":"sv_SE","og_type":"article","og_title":"TRUUSK Torktumlare 5 Niv\u00e5er - Hopf\u00e4llbar - Ett-klickssystem - 142 Cm X 55 Cm X 172 Cm - Bl\u00e5 + Silver - TRUUSK - Hem, Tr\u00e4dg\u00e5rd &amp; Fritid","og_description":"V\u00e4lj den hopf\u00e4llbara torktumlaren f\u00f6r den perfekta l\u00f6sningen f\u00f6r att torka dina kl\u00e4der. Den erbjuder maximal m\u00e5ngsidighet tack vare de...","og_url":"https:\/\/truusk.store\/sv\/produkt\/truusk-torktumlare-5-nivaer-hopfallbar-ett-klickssystem-142-cm-x-55-cm-x-172-cm-bla-silver\/","og_site_name":"TRUUSK - Hem, Tr\u00e4dg\u00e5rd &amp; Fritid","article_modified_time":"2026-03-12T08:39:20+00:00","og_image":[{"width":800,"height":800,"url":"https:\/\/i0.wp.com\/truusk.se\/wp-content\/uploads\/2024\/02\/torktumlare-5-nivaer-hopfallbar-ett-klickssystem-142-cm-x-55-cm-x-1-72-cm-bla-silver.webp?fit=800%2C800&ssl=1","type":"image\/webp"}],"twitter_card":"summary_large_image","twitter_misc":{"Ber\u00e4knad l\u00e4stid":"1 minut"},"schema":{"@context":"https:\/\/schema.org","@graph":[{"@type":"WebPage","@id":"https:\/\/truusk.store\/sv\/produkt\/truusk-torktumlare-5-nivaer-hopfallbar-ett-klickssystem-142-cm-x-55-cm-x-172-cm-bla-silver\/","url":"https:\/\/truusk.store\/sv\/produkt\/truusk-torktumlare-5-nivaer-hopfallbar-ett-klickssystem-142-cm-x-55-cm-x-172-cm-bla-silver\/","name":"TRUUSK Torktumlare 5 Niv\u00e5er - Hopf\u00e4llbar - Ett-klickssystem - 142 Cm X 55 Cm X 172 Cm - Bl\u00e5 + Silver - TRUUSK - Hem, Tr\u00e4dg\u00e5rd &amp; Fritid","isPartOf":{"@id":"https:\/\/truusk.store\/sv\/#website"},"primaryImageOfPage":{"@id":"https:\/\/truusk.store\/sv\/produkt\/truusk-torktumlare-5-nivaer-hopfallbar-ett-klickssystem-142-cm-x-55-cm-x-172-cm-bla-silver\/#primaryimage"},"image":{"@id":"https:\/\/truusk.store\/sv\/produkt\/truusk-torktumlare-5-nivaer-hopfallbar-ett-klickssystem-142-cm-x-55-cm-x-172-cm-bla-silver\/#primaryimage"},"thumbnailUrl":"https:\/\/i0.wp.com\/truusk.store\/wp-content\/uploads\/2024\/02\/torktumlare-5-nivaer-hopfallbar-ett-klickssystem-142-cm-x-55-cm-x-1-72-cm-bla-silver.webp?fit=800%2C800&ssl=1","datePublished":"2024-02-29T12:40:09+00:00","dateModified":"2026-03-12T08:39:20+00:00","breadcrumb":{"@id":"https:\/\/truusk.store\/sv\/produkt\/truusk-torktumlare-5-nivaer-hopfallbar-ett-klickssystem-142-cm-x-55-cm-x-172-cm-bla-silver\/#breadcrumb"},"inLanguage":"sv-SE","potentialAction":[{"@type":"ReadAction","target":["https:\/\/truusk.store\/sv\/produkt\/truusk-torktumlare-5-nivaer-hopfallbar-ett-klickssystem-142-cm-x-55-cm-x-172-cm-bla-silver\/"]}]},{"@type":"ImageObject","inLanguage":"sv-SE","@id":"https:\/\/truusk.store\/sv\/produkt\/truusk-torktumlare-5-nivaer-hopfallbar-ett-klickssystem-142-cm-x-55-cm-x-172-cm-bla-silver\/#primaryimage","url":"https:\/\/i0.wp.com\/truusk.store\/wp-content\/uploads\/2024\/02\/torktumlare-5-nivaer-hopfallbar-ett-klickssystem-142-cm-x-55-cm-x-1-72-cm-bla-silver.webp?fit=800%2C800&ssl=1","contentUrl":"https:\/\/i0.wp.com\/truusk.store\/wp-content\/uploads\/2024\/02\/torktumlare-5-nivaer-hopfallbar-ett-klickssystem-142-cm-x-55-cm-x-1-72-cm-bla-silver.webp?fit=800%2C800&ssl=1","width":800,"height":800,"caption":"Torktumlare 5 Niv\u00e5er, Hopf\u00e4llbar, Ett-klickssystem, 142 Cm X 55 Cm X 1 72 Cm, Bl\u00e5 + Silver 1"},{"@type":"BreadcrumbList","@id":"https:\/\/truusk.store\/sv\/produkt\/truusk-torktumlare-5-nivaer-hopfallbar-ett-klickssystem-142-cm-x-55-cm-x-172-cm-bla-silver\/#breadcrumb","itemListElement":[{"@type":"ListItem","position":1,"name":"Home","item":"https:\/\/truusk.store\/sv\/"},{"@type":"ListItem","position":2,"name":"Shop","item":"https:\/\/truusk.store\/shop\/"},{"@type":"ListItem","position":3,"name":"TRUUSK Torktumlare 5 Niv\u00e5er &#8211; Hopf\u00e4llbar &#8211; Ett-klickssystem &#8211; 142 Cm X 55 Cm X 172 Cm &#8211; Bl\u00e5 + Silver"}]},{"@type":"WebSite","@id":"https:\/\/truusk.store\/sv\/#website","url":"https:\/\/truusk.store\/sv\/","name":"TRUUSK - Hem, Tr\u00e4dg\u00e5rd & Fritid","description":"","publisher":{"@id":"https:\/\/truusk.store\/sv\/#organization"},"potentialAction":[{"@type":"SearchAction","target":{"@type":"EntryPoint","urlTemplate":"https:\/\/truusk.store\/sv\/?s={search_term_string}"},"query-input":{"@type":"PropertyValueSpecification","valueRequired":true,"valueName":"search_term_string"}}],"inLanguage":"sv-SE"},{"@type":"Organization","@id":"https:\/\/truusk.store\/sv\/#organization","name":"TRUUSK - Hem, Tr\u00e4dg\u00e5rd & Fritid","url":"https:\/\/truusk.store\/sv\/","logo":{"@type":"ImageObject","inLanguage":"sv-SE","@id":"https:\/\/truusk.store\/sv\/#\/schema\/logo\/image\/","url":"https:\/\/i0.wp.com\/truusk.store\/wp-content\/uploads\/2026\/03\/cropped-TRUUSK.png?fit=2032%2C917&ssl=1","contentUrl":"https:\/\/i0.wp.com\/truusk.store\/wp-content\/uploads\/2026\/03\/cropped-TRUUSK.png?fit=2032%2C917&ssl=1","width":2032,"height":917,"caption":"TRUUSK - Hem, Tr\u00e4dg\u00e5rd & Fritid"},"image":{"@id":"https:\/\/truusk.store\/sv\/#\/schema\/logo\/image\/"}}]}},"jetpack_sharing_enabled":true,"_links":{"self":[{"href":"https:\/\/truusk.store\/sv\/wp-json\/wp\/v2\/product\/50230","targetHints":{"allow":["GET"]}}],"collection":[{"href":"https:\/\/truusk.store\/sv\/wp-json\/wp\/v2\/product"}],"about":[{"href":"https:\/\/truusk.store\/sv\/wp-json\/wp\/v2\/types\/product"}],"wp:featuredmedia":[{"embeddable":true,"href":"https:\/\/truusk.store\/sv\/wp-json\/wp\/v2\/media\/50231"}],"wp:attachment":[{"href":"https:\/\/truusk.store\/sv\/wp-json\/wp\/v2\/media?parent=50230"}],"wp:term":[{"taxonomy":"product_brand","embeddable":true,"href":"https:\/\/truusk.store\/sv\/wp-json\/wp\/v2\/product_brand?post=50230"},{"taxonomy":"product_cat","embeddable":true,"href":"https:\/\/truusk.store\/sv\/wp-json\/wp\/v2\/product_cat?post=50230"},{"taxonomy":"product_tag","embeddable":true,"href":"https:\/\/truusk.store\/sv\/wp-json\/wp\/v2\/product_tag?post=50230"}],"curies":[{"name":"wp","href":"https:\/\/api.w.org\/{rel}","templated":true}]}}